{"id":3419,"date":"2013-06-13T23:59:31","date_gmt":"2013-06-13T23:59:31","guid":{"rendered":"http:\/\/www.all-for-all.de\/?page_id=3419"},"modified":"2021-09-15T20:38:49","modified_gmt":"2021-09-15T19:38:49","slug":"13-06-2013-bingham-canyon-mine-bonneville-salt-flats-salt-lake-city","status":"publish","type":"page","link":"https:\/\/www.all-for-all.de\/?page_id=3419","title":{"rendered":"13.06.2013, Bingham Canyon Mine &#8211; Bonneville Salt Flats &#8211; Salt Lake City"},"content":{"rendered":"<p>Die letzte Nacht war mit knapp 4 Stunden Schlaf extrem kurz. Erst heute Morgen haben wir so richtig realisiert dass wir nun tats\u00e4chlich endlich an unserem Reiseziel angekommen sind. Das Hampton Inn ist tiptop in Ordnung und das Fr\u00fchst\u00fcck war herrlich. Unter anderem darauf haben wir fast ein Jahr gewartet. R\u00fchreier mit Speck, Waffeln mit Ahornsirup und Honig und ein wirklich guter Kaffee. Da war das gestrige Chaos gleich gar nicht mehr so schlimm. \ud83d\ude00<\/p>\n<p>Unser erstes Ziel heute war ein WalMart Supercenter. Wir hatten eigentlich fast nichts von zu Hause mitgebracht. Duschgel, Shampoo, Sonnencreme, Rasierzeug, K\u00fchlbox, Getr\u00e4nke, Snacks und noch eine Menge anderer Kleinigkeiten mussten besorgt und zum Teil gleich ins Hotel gebracht werden. Einkaufen in einem\u00a0WalMart Supercenter&#8230; traumhaft! \ud83d\ude09<\/p>\n<p style=\"text-align: center;\"><img loading=\"lazy\" decoding=\"async\" class=\"aligncenter wp-image-3423\" title=\"Hampton Inn Layton\" src=\"https:\/\/www.all-for-all.de\/wp-content\/uploads\/2013\/06\/P1000062.jpg\" alt=\"Hampton Inn Layton\" width=\"1024\" height=\"768\" srcset=\"https:\/\/www.all-for-all.de\/wp-content\/uploads\/2013\/06\/P1000062.jpg 1024w, https:\/\/www.all-for-all.de\/wp-content\/uploads\/2013\/06\/P1000062-300x225.jpg 300w, https:\/\/www.all-for-all.de\/wp-content\/uploads\/2013\/06\/P1000062-400x300.jpg 400w\" sizes=\"auto, (max-width: 1024px) 100vw, 1024px\" \/><\/p>\n<p>Als unser Chevy endlich reisefertig war, fuhren wir zur <a title=\"Bingham Canyon Mine\" href=\"http:\/\/en.wikipedia.org\/wiki\/Bingham_Canyon_Mine\" target=\"_blank\" rel=\"noopener\">Bingham Canyon Mine<\/a>. Dort wird im \u00dcbertage-Bergbau Kupfer abgebaut.\u00a0Dabei entstand die weltweit gr\u00f6\u00dfte von Menschenhand geschaffene Bergbaugrube.<br \/>\nAls wir dort ankamen und \u00fcber den Haupteingang zum Visitor Center fahren wollten, lie\u00df man uns nicht rein. Laut dem Wachmann wurde das Visitor Center durch einen Erdrutsch zerst\u00f6rt.<br \/>\nHmpf&#8230; sehr schade. Aber davon lie\u00dfen wir uns die gute Urlaubslaune nicht verderben.<\/p>\n<p style=\"text-align: center;\"><img loading=\"lazy\" decoding=\"async\" class=\"aligncenter wp-image-3433\" title=\"Bingham Canyon Mine\" src=\"https:\/\/www.all-for-all.de\/wp-content\/uploads\/2013\/06\/P1000091.jpg\" alt=\"Bingham Canyon Mine\" width=\"1024\" height=\"768\" srcset=\"https:\/\/www.all-for-all.de\/wp-content\/uploads\/2013\/06\/P1000091.jpg 1024w, https:\/\/www.all-for-all.de\/wp-content\/uploads\/2013\/06\/P1000091-300x225.jpg 300w, https:\/\/www.all-for-all.de\/wp-content\/uploads\/2013\/06\/P1000091-400x300.jpg 400w\" sizes=\"auto, (max-width: 1024px) 100vw, 1024px\" \/><\/p>\n<p style=\"text-align: center;\"><img loading=\"lazy\" decoding=\"async\" class=\"aligncenter wp-image-3432\" title=\"Bingham Canyon Mine\" src=\"https:\/\/www.all-for-all.de\/wp-content\/uploads\/2013\/06\/P1000103.jpg\" alt=\"Bingham Canyon Mine\" width=\"1024\" height=\"768\" srcset=\"https:\/\/www.all-for-all.de\/wp-content\/uploads\/2013\/06\/P1000103.jpg 1024w, https:\/\/www.all-for-all.de\/wp-content\/uploads\/2013\/06\/P1000103-300x225.jpg 300w, https:\/\/www.all-for-all.de\/wp-content\/uploads\/2013\/06\/P1000103-400x300.jpg 400w\" sizes=\"auto, (max-width: 1024px) 100vw, 1024px\" \/><\/p>\n<p>Also ab Richtung Wendover zum Bonneville\u00a0Speedway auf den Salt Flats. Die Strecke\u00a0von\u00a0etwa 200km hat sich wirklich gelohnt. Wir sind bis zum Ende der geteerten Stra\u00dfe gefahren und haben dann getestet ob uns die Salzschicht tats\u00e4chlich tr\u00e4gt. \ud83d\ude00<\/p>\n<p>Das fahren abseits der Stra\u00dfe\u00a0hat richtig Spa\u00df gemacht. Die grelle Sonne und das blendend wei\u00dfe Salz sorgten f\u00fcr extreme Lichtverh\u00e4ltnisse.<\/p>\n<p style=\"text-align: left;\"><img loading=\"lazy\" decoding=\"async\" class=\"wp-image-3437 aligncenter\" title=\"Bonneville Speedway\" src=\"https:\/\/www.all-for-all.de\/wp-content\/uploads\/2013\/06\/P1000143.jpg\" alt=\"Bonneville Speedway\" width=\"1024\" height=\"768\" srcset=\"https:\/\/www.all-for-all.de\/wp-content\/uploads\/2013\/06\/P1000143.jpg 1024w, https:\/\/www.all-for-all.de\/wp-content\/uploads\/2013\/06\/P1000143-300x225.jpg 300w, https:\/\/www.all-for-all.de\/wp-content\/uploads\/2013\/06\/P1000143-400x300.jpg 400w\" sizes=\"auto, (max-width: 1024px) 100vw, 1024px\" \/><img loading=\"lazy\" decoding=\"async\" class=\"wp-image-3438 aligncenter\" title=\"Bonneville Speedway\" src=\"https:\/\/www.all-for-all.de\/wp-content\/uploads\/2013\/06\/P1000146.jpg\" alt=\"Bonneville Speedway\" width=\"1024\" height=\"768\" srcset=\"https:\/\/www.all-for-all.de\/wp-content\/uploads\/2013\/06\/P1000146.jpg 1024w, https:\/\/www.all-for-all.de\/wp-content\/uploads\/2013\/06\/P1000146-300x225.jpg 300w, https:\/\/www.all-for-all.de\/wp-content\/uploads\/2013\/06\/P1000146-400x300.jpg 400w\" sizes=\"auto, (max-width: 1024px) 100vw, 1024px\" \/><img loading=\"lazy\" decoding=\"async\" class=\"wp-image-3439 aligncenter\" title=\"Bonneville Speedway\" src=\"https:\/\/www.all-for-all.de\/wp-content\/uploads\/2013\/06\/P1000156.jpg\" alt=\"Bonneville Speedway\" width=\"1024\" height=\"768\" srcset=\"https:\/\/www.all-for-all.de\/wp-content\/uploads\/2013\/06\/P1000156.jpg 1024w, https:\/\/www.all-for-all.de\/wp-content\/uploads\/2013\/06\/P1000156-300x225.jpg 300w, https:\/\/www.all-for-all.de\/wp-content\/uploads\/2013\/06\/P1000156-400x300.jpg 400w\" sizes=\"auto, (max-width: 1024px) 100vw, 1024px\" \/><img loading=\"lazy\" decoding=\"async\" class=\"wp-image-3436 aligncenter\" title=\"Bonneville Speedway\" src=\"https:\/\/www.all-for-all.de\/wp-content\/uploads\/2013\/06\/P1000173.jpg\" alt=\"Bonneville Speedway\" width=\"1024\" height=\"768\" srcset=\"https:\/\/www.all-for-all.de\/wp-content\/uploads\/2013\/06\/P1000173.jpg 1024w, https:\/\/www.all-for-all.de\/wp-content\/uploads\/2013\/06\/P1000173-300x225.jpg 300w, https:\/\/www.all-for-all.de\/wp-content\/uploads\/2013\/06\/P1000173-400x300.jpg 400w\" sizes=\"auto, (max-width: 1024px) 100vw, 1024px\" \/><img loading=\"lazy\" decoding=\"async\" class=\"wp-image-3441 aligncenter\" title=\"Bonneville Speedway\" src=\"https:\/\/www.all-for-all.de\/wp-content\/uploads\/2013\/06\/P1000159.jpg\" alt=\"Bonneville Speedway\" width=\"1024\" height=\"768\" srcset=\"https:\/\/www.all-for-all.de\/wp-content\/uploads\/2013\/06\/P1000159.jpg 1024w, https:\/\/www.all-for-all.de\/wp-content\/uploads\/2013\/06\/P1000159-300x225.jpg 300w, https:\/\/www.all-for-all.de\/wp-content\/uploads\/2013\/06\/P1000159-400x300.jpg 400w\" sizes=\"auto, (max-width: 1024px) 100vw, 1024px\" \/><img loading=\"lazy\" decoding=\"async\" class=\"wp-image-3440 aligncenter\" title=\"Bonneville Speedway\" src=\"https:\/\/www.all-for-all.de\/wp-content\/uploads\/2013\/06\/P1000157.jpg\" alt=\"Bonneville Speedway\" width=\"1024\" height=\"768\" srcset=\"https:\/\/www.all-for-all.de\/wp-content\/uploads\/2013\/06\/P1000157.jpg 1024w, https:\/\/www.all-for-all.de\/wp-content\/uploads\/2013\/06\/P1000157-300x225.jpg 300w, https:\/\/www.all-for-all.de\/wp-content\/uploads\/2013\/06\/P1000157-400x300.jpg 400w\" sizes=\"auto, (max-width: 1024px) 100vw, 1024px\" \/>H\u00e4tten wir vorher gewusst dass das Salz wie Superkleber \u00fcberall am Chevy haftet, h\u00e4tten wir es\u00a0vielleicht nicht ganz so \u00fcbertrieben. \ud83d\ude00<\/p>\n<p style=\"text-align: center;\"><img loading=\"lazy\" decoding=\"async\" class=\"aligncenter wp-image-3445\" title=\"Salzkruste\" src=\"https:\/\/www.all-for-all.de\/wp-content\/uploads\/2013\/06\/P1000184.jpg\" alt=\"Salzkruste\" width=\"1024\" height=\"768\" srcset=\"https:\/\/www.all-for-all.de\/wp-content\/uploads\/2013\/06\/P1000184.jpg 1024w, https:\/\/www.all-for-all.de\/wp-content\/uploads\/2013\/06\/P1000184-300x225.jpg 300w, https:\/\/www.all-for-all.de\/wp-content\/uploads\/2013\/06\/P1000184-400x300.jpg 400w\" sizes=\"auto, (max-width: 1024px) 100vw, 1024px\" \/><\/p>\n<p style=\"text-align: left;\">Auf dem R\u00fcckweg nach Salt Lake City,\u00a0vor einem public restroom,\u00a0fanden\u00a0wir dieses Schild:\u00a0 \ud83d\ude00<\/p>\n<p style=\"text-align: left;\"><img loading=\"lazy\" decoding=\"async\" class=\"aligncenter wp-image-3448\" title=\"Watch for Snakes &amp; Scorpions\" src=\"https:\/\/www.all-for-all.de\/wp-content\/uploads\/2013\/06\/P1000193.jpg\" alt=\"Watch for Snakes &amp; Scorpions\" width=\"1024\" height=\"768\" srcset=\"https:\/\/www.all-for-all.de\/wp-content\/uploads\/2013\/06\/P1000193.jpg 1024w, https:\/\/www.all-for-all.de\/wp-content\/uploads\/2013\/06\/P1000193-300x225.jpg 300w, https:\/\/www.all-for-all.de\/wp-content\/uploads\/2013\/06\/P1000193-400x300.jpg 400w\" sizes=\"auto, (max-width: 1024px) 100vw, 1024px\" \/><\/p>\n<p style=\"text-align: left;\">Da es mitten am Nachmittag war, fuhren wir noch ganz gem\u00fctlich kreuz und quer durch die Innenstadt von Salt Lake City.<\/p>\n<p style=\"text-align: center;\"><img loading=\"lazy\" decoding=\"async\" class=\"aligncenter wp-image-3450\" title=\"Salt Lake City and County Building\" src=\"https:\/\/www.all-for-all.de\/wp-content\/uploads\/2013\/06\/P1000204.jpg\" alt=\"Salt Lake City and County Building\" width=\"1024\" height=\"768\" srcset=\"https:\/\/www.all-for-all.de\/wp-content\/uploads\/2013\/06\/P1000204.jpg 1024w, https:\/\/www.all-for-all.de\/wp-content\/uploads\/2013\/06\/P1000204-300x225.jpg 300w, https:\/\/www.all-for-all.de\/wp-content\/uploads\/2013\/06\/P1000204-400x300.jpg 400w\" sizes=\"auto, (max-width: 1024px) 100vw, 1024px\" \/><\/p>\n<p style=\"text-align: center;\"><img loading=\"lazy\" decoding=\"async\" class=\"aligncenter wp-image-3451\" title=\"Salt Lake City and County Building\" src=\"https:\/\/www.all-for-all.de\/wp-content\/uploads\/2013\/06\/P1000205.jpg\" alt=\"Salt Lake City and County Building\" width=\"1024\" height=\"768\" srcset=\"https:\/\/www.all-for-all.de\/wp-content\/uploads\/2013\/06\/P1000205.jpg 1024w, https:\/\/www.all-for-all.de\/wp-content\/uploads\/2013\/06\/P1000205-300x225.jpg 300w, https:\/\/www.all-for-all.de\/wp-content\/uploads\/2013\/06\/P1000205-400x300.jpg 400w\" sizes=\"auto, (max-width: 1024px) 100vw, 1024px\" \/><\/p>\n<p style=\"text-align: center;\"><img loading=\"lazy\" decoding=\"async\" class=\"aligncenter wp-image-3452\" title=\"Utah Indianer Denkmal\" src=\"https:\/\/www.all-for-all.de\/wp-content\/uploads\/2013\/06\/P1000208.jpg\" alt=\"Utah Indianer Denkmal\" width=\"1024\" height=\"768\" srcset=\"https:\/\/www.all-for-all.de\/wp-content\/uploads\/2013\/06\/P1000208.jpg 1024w, https:\/\/www.all-for-all.de\/wp-content\/uploads\/2013\/06\/P1000208-300x225.jpg 300w, https:\/\/www.all-for-all.de\/wp-content\/uploads\/2013\/06\/P1000208-400x300.jpg 400w\" sizes=\"auto, (max-width: 1024px) 100vw, 1024px\" \/><\/p>\n<p style=\"text-align: center;\"><img loading=\"lazy\" decoding=\"async\" class=\"aligncenter wp-image-3453\" title=\"Stadtmitte\" src=\"https:\/\/www.all-for-all.de\/wp-content\/uploads\/2013\/06\/P1000210.jpg\" alt=\"Stadtmitte\" width=\"1024\" height=\"768\" srcset=\"https:\/\/www.all-for-all.de\/wp-content\/uploads\/2013\/06\/P1000210.jpg 1024w, https:\/\/www.all-for-all.de\/wp-content\/uploads\/2013\/06\/P1000210-300x225.jpg 300w, https:\/\/www.all-for-all.de\/wp-content\/uploads\/2013\/06\/P1000210-400x300.jpg 400w\" sizes=\"auto, (max-width: 1024px) 100vw, 1024px\" \/><\/p>\n<p style=\"text-align: center;\"><img loading=\"lazy\" decoding=\"async\" class=\"aligncenter wp-image-3454\" title=\"Salt-Lake-Tempel\" src=\"https:\/\/www.all-for-all.de\/wp-content\/uploads\/2013\/06\/P1000211.jpg\" alt=\"Salt-Lake-Tempel\" width=\"1024\" height=\"768\" srcset=\"https:\/\/www.all-for-all.de\/wp-content\/uploads\/2013\/06\/P1000211.jpg 1024w, https:\/\/www.all-for-all.de\/wp-content\/uploads\/2013\/06\/P1000211-300x225.jpg 300w, https:\/\/www.all-for-all.de\/wp-content\/uploads\/2013\/06\/P1000211-400x300.jpg 400w\" sizes=\"auto, (max-width: 1024px) 100vw, 1024px\" \/><\/p>\n<p style=\"text-align: center;\"><img loading=\"lazy\" decoding=\"async\" class=\"aligncenter wp-image-3455\" title=\"Utah State Capitol\" src=\"https:\/\/www.all-for-all.de\/wp-content\/uploads\/2013\/06\/P1000212.jpg\" alt=\"Utah State Capitol\" width=\"1024\" height=\"768\" srcset=\"https:\/\/www.all-for-all.de\/wp-content\/uploads\/2013\/06\/P1000212.jpg 1024w, https:\/\/www.all-for-all.de\/wp-content\/uploads\/2013\/06\/P1000212-300x225.jpg 300w, https:\/\/www.all-for-all.de\/wp-content\/uploads\/2013\/06\/P1000212-400x300.jpg 400w\" sizes=\"auto, (max-width: 1024px) 100vw, 1024px\" \/><\/p>\n<p style=\"text-align: left;\">Unser Abendessen wurde uns heute bei Denny`s serviert. Der Classic Double Cheeseburger ist und bleibt eine sehr gute Wahl. Hmmm lecker!<\/p>\n<p style=\"text-align: left;\">Es war ein langer aber herrlicher erster Urlaubstag. Gefahrene Strecke: 521km<\/p>\n<p style=\"text-align: center;\"><img loading=\"lazy\" decoding=\"async\" class=\"aligncenter wp-image-3457\" title=\"Gesamtstrecke\" src=\"https:\/\/www.all-for-all.de\/wp-content\/uploads\/2013\/06\/Logger_04.jpg\" alt=\"Gesamtstrecke\" width=\"856\" height=\"319\" srcset=\"https:\/\/www.all-for-all.de\/wp-content\/uploads\/2013\/06\/Logger_04.jpg 856w, https:\/\/www.all-for-all.de\/wp-content\/uploads\/2013\/06\/Logger_04-300x111.jpg 300w, https:\/\/www.all-for-all.de\/wp-content\/uploads\/2013\/06\/Logger_04-500x186.jpg 500w\" sizes=\"auto, (max-width: 856px) 100vw, 856px\" \/><\/p>\n<p style=\"text-align: center;\"><img loading=\"lazy\" decoding=\"async\" class=\"aligncenter wp-image-3458\" title=\"Bingham Canyon Mine\" src=\"https:\/\/www.all-for-all.de\/wp-content\/uploads\/2013\/06\/Logger_05.jpg\" alt=\"Bingham Canyon Mine\" width=\"603\" height=\"420\" srcset=\"https:\/\/www.all-for-all.de\/wp-content\/uploads\/2013\/06\/Logger_05.jpg 603w, https:\/\/www.all-for-all.de\/wp-content\/uploads\/2013\/06\/Logger_05-300x208.jpg 300w, https:\/\/www.all-for-all.de\/wp-content\/uploads\/2013\/06\/Logger_05-430x300.jpg 430w\" sizes=\"auto, (max-width: 603px) 100vw, 603px\" \/><\/p>\n<p style=\"text-align: center;\"><img loading=\"lazy\" decoding=\"async\" class=\"aligncenter wp-image-3461\" title=\"Bonneville Speed Way\" src=\"https:\/\/www.all-for-all.de\/wp-content\/uploads\/2013\/06\/Logger_06.jpg\" alt=\"Bonneville Speed Way\" width=\"1021\" height=\"469\" srcset=\"https:\/\/www.all-for-all.de\/wp-content\/uploads\/2013\/06\/Logger_06.jpg 1021w, https:\/\/www.all-for-all.de\/wp-content\/uploads\/2013\/06\/Logger_06-300x137.jpg 300w, https:\/\/www.all-for-all.de\/wp-content\/uploads\/2013\/06\/Logger_06-500x229.jpg 500w\" sizes=\"auto, (max-width: 1021px) 100vw, 1021px\" \/><\/p>\n<p style=\"text-align: center;\"><img loading=\"lazy\" decoding=\"async\" class=\"aligncenter wp-image-3460\" title=\"Bonneville Speed Way\" src=\"https:\/\/www.all-for-all.de\/wp-content\/uploads\/2013\/06\/Logger_07.jpg\" alt=\"Bonneville Speed Way\" width=\"771\" height=\"579\" srcset=\"https:\/\/www.all-for-all.de\/wp-content\/uploads\/2013\/06\/Logger_07.jpg 771w, https:\/\/www.all-for-all.de\/wp-content\/uploads\/2013\/06\/Logger_07-300x225.jpg 300w, https:\/\/www.all-for-all.de\/wp-content\/uploads\/2013\/06\/Logger_07-399x300.jpg 399w\" sizes=\"auto, (max-width: 771px) 100vw, 771px\" \/><\/p>\n<p style=\"text-align: left;\">Egal wo wir\u00a0mit unserem Auto anhalten&#8230;\u00a0wir hinterlassen kleine Salz-H\u00e4ufchen.<br \/>\n\ud83d\ude00<\/p>\n<p style=\"text-align: left;\">Viele Gr\u00fc\u00dfe<br \/>\nJoa<\/p>\n<p>Zur\u00fcck zu: <a title=\"12.06.2013, Anreise M\u00fcnchen \u2013 Chicago \u2013 Salt Lake City\" href=\"https:\/\/www.all-for-all.de\/?page_id=3382\">12.06.2013, Anreise M\u00fcnchen \u2013 Chicago \u2013 Salt Lake City<\/a><br \/>\nWeiter zu: <a title=\"14.06.2013, Fahrt nach Moab \u2013 Arches National Park\" href=\"https:\/\/www.all-for-all.de\/?page_id=3467\">14.06.2013, Fahrt nach Moab \u2013 Arches National Park<\/a><\/p>\n","protected":false},"excerpt":{"rendered":"<p>Die letzte Nacht war mit knapp 4 Stunden Schlaf extrem kurz. Erst heute Morgen haben wir so richtig realisiert dass wir nun tats\u00e4chlich endlich an unserem Reiseziel angekommen sind. Das Hampton Inn ist tiptop in Ordnung und das Fr\u00fchst\u00fcck war &hellip; <a href=\"https:\/\/www.all-for-all.de\/?page_id=3419\">Weiterlesen <span class=\"meta-nav\">&rarr;<\/span><\/a><\/p>\n","protected":false},"author":2,"featured_media":0,"parent":0,"menu_order":0,"comment_status":"closed","ping_status":"open","template":"","meta":{"footnotes":""},"class_list":["post-3419","page","type-page","status-publish","hentry"],"jetpack_sharing_enabled":true,"_links":{"self":[{"href":"https:\/\/www.all-for-all.de\/index.php?rest_route=\/wp\/v2\/pages\/3419","targetHints":{"allow":["GET"]}}],"collection":[{"href":"https:\/\/www.all-for-all.de\/index.php?rest_route=\/wp\/v2\/pages"}],"about":[{"href":"https:\/\/www.all-for-all.de\/index.php?rest_route=\/wp\/v2\/types\/page"}],"author":[{"embeddable":true,"href":"https:\/\/www.all-for-all.de\/index.php?rest_route=\/wp\/v2\/users\/2"}],"replies":[{"embeddable":true,"href":"https:\/\/www.all-for-all.de\/index.php?rest_route=%2Fwp%2Fv2%2Fcomments&post=3419"}],"version-history":[{"count":1,"href":"https:\/\/www.all-for-all.de\/index.php?rest_route=\/wp\/v2\/pages\/3419\/revisions"}],"predecessor-version":[{"id":5003,"href":"https:\/\/www.all-for-all.de\/index.php?rest_route=\/wp\/v2\/pages\/3419\/revisions\/5003"}],"wp:attachment":[{"href":"https:\/\/www.all-for-all.de\/index.php?rest_route=%2Fwp%2Fv2%2Fmedia&parent=3419"}],"curies":[{"name":"wp","href":"https:\/\/api.w.org\/{rel}","templated":true}]}}