{"id":3382,"date":"2013-06-12T23:59:44","date_gmt":"2013-06-12T23:59:44","guid":{"rendered":"http:\/\/www.all-for-all.de\/?page_id=3382"},"modified":"2014-12-22T15:52:50","modified_gmt":"2014-12-22T14:52:50","slug":"12-06-2013-anreise-munchen-chicago-salt-lake-city","status":"publish","type":"page","link":"https:\/\/www.all-for-all.de\/?page_id=3382","title":{"rendered":"12.06.2013, Anreise M\u00fcnchen &#8211; Chicago &#8211; Salt Lake City"},"content":{"rendered":"<p>Salt Lake City in Utah, Ortszeit 02:30 Uhr&#8230; eigentlich ist bereits der 13.06. &#8230;<br \/>\nWir sind mit ca. 4h Versp\u00e4tung angekommen. Aber wenigstens sind wir hier.\u00a0Es sah gestern Nachmittag in Chicago zeitweise so aus als ob wir diese Nacht dort verbringen w\u00fcrden.<br \/>\nAber der Reihe nach:<br \/>\nWie geplant fuhren wir um 05:30 Uhr mit unserem Mietwagen in Richtung M\u00fcnchen ab. Der Opel Vectra war f\u00fcr die Fahrt v\u00f6llig ausreichend und wir kamen ohne Stau oder sonstige Verz\u00f6gerungen am Flughafen an.<\/p>\n<p style=\"text-align: center;\"><img loading=\"lazy\" decoding=\"async\" class=\"aligncenter  wp-image-3388\" title=\"Opel Vectra\" src=\"https:\/\/www.all-for-all.de\/wp-content\/uploads\/2013\/06\/P10000221.jpg\" alt=\"Opel Vectra\" width=\"1024\" height=\"768\" srcset=\"https:\/\/www.all-for-all.de\/wp-content\/uploads\/2013\/06\/P10000221.jpg 1024w, https:\/\/www.all-for-all.de\/wp-content\/uploads\/2013\/06\/P10000221-300x225.jpg 300w, https:\/\/www.all-for-all.de\/wp-content\/uploads\/2013\/06\/P10000221-400x300.jpg 400w\" sizes=\"auto, (max-width: 1024px) 100vw, 1024px\" \/><\/p>\n<p>Bereits um 08:30 Uhr war der Wagen wieder in den H\u00e4nden von Europcar, die Koffer waren aufgegeben und wir sa\u00dfen im Terminal 2 bei einem prima Fr\u00fchst\u00fcck. Knapp 2 Stunden vor Abflug passierten wir die Sicherheitskontrollen und setzten uns an das entsprechende Gate.<br \/>\nAbsolut p\u00fcnktlich um 12:20 Uhr startete die Boeing 737-300 Richtung Chicago. Die Maschine hat ihre besten Tage hinter sich&#8230; Die Sitze durchgesessen, alles ramponiert, Flecken \u00fcberall. Immerhin hatten wir &#8222;In-seat Entertainment&#8220;. Allerdings muss das der Prototyp aus den 80ern gewesen sein. Winzige, nicht neigbare Bildschirme und alle Filme liefen gleichzeitig an. Wenn man also feststellte, dass einem seine Wahl nicht gefiel, dann musste man warten bis die Filme alle zu Ende waren und von vorn begannen.<br \/>\nObendrein musste das System w\u00e4hrend des Flugs mehrfach neu gebootet werden.<br \/>\nDas ganze\u00a0Ding geh\u00f6rt ins Museum&#8230; oder besser noch auf den Schrottplatz. Vor vielleicht 15 Jahren noch eine tolle Sache. Heute eine Zumutung&#8230;<\/p>\n<p>Aber ich will nicht zu sehr meckern. Wir kamen sicher und sogar 25 Minuten fr\u00fcher wie geplant in Chicago an.<br \/>\nDie Immigration war der Hammer! Obwohl wir ganz hinten im Flugzeug sa\u00dfen und somit\u00a0sehr sp\u00e4t\u00a0aussteigen konnten, war die Wartehalle fast leer. Wir kamen sofort dran und hatten 15 Minuten nach der Landung die begehrten Stempel in unseren Reisep\u00e4ssen! Unser beiden Koffer waren auch recht schnell vom Flie\u00dfband und der Zoll war nur eine rein formale Angelegenheit.<br \/>\nAlso Koffer f\u00fcr die Weiterreise nach Salt Lake City wieder aufs Band gelegt und gem\u00fctlich in das entsprechende Terminal gelaufen. So schnell ging das noch nie!<br \/>\nAuf den Informationstafeln war unser Flug &#8222;On time&#8220; und alles <span style=\"text-decoration: underline;\">schien<\/span> perfekt.<\/p>\n<p style=\"text-align: center;\"><img loading=\"lazy\" decoding=\"async\" class=\"aligncenter  wp-image-3394\" title=\"Landung Chicago\" src=\"https:\/\/www.all-for-all.de\/wp-content\/uploads\/2013\/06\/P1000035.jpg\" alt=\"Landung Chicago\" width=\"1024\" height=\"768\" srcset=\"https:\/\/www.all-for-all.de\/wp-content\/uploads\/2013\/06\/P1000035.jpg 1024w, https:\/\/www.all-for-all.de\/wp-content\/uploads\/2013\/06\/P1000035-300x225.jpg 300w, https:\/\/www.all-for-all.de\/wp-content\/uploads\/2013\/06\/P1000035-400x300.jpg 400w\" sizes=\"auto, (max-width: 1024px) 100vw, 1024px\" \/><\/p>\n<p style=\"text-align: center;\"><img loading=\"lazy\" decoding=\"async\" class=\"aligncenter  wp-image-3393\" title=\"Landung Chicago\" src=\"https:\/\/www.all-for-all.de\/wp-content\/uploads\/2013\/06\/P1000044.jpg\" alt=\"Landung Chicago\" width=\"1024\" height=\"768\" srcset=\"https:\/\/www.all-for-all.de\/wp-content\/uploads\/2013\/06\/P1000044.jpg 1024w, https:\/\/www.all-for-all.de\/wp-content\/uploads\/2013\/06\/P1000044-300x225.jpg 300w, https:\/\/www.all-for-all.de\/wp-content\/uploads\/2013\/06\/P1000044-400x300.jpg 400w\" sizes=\"auto, (max-width: 1024px) 100vw, 1024px\" \/><\/p>\n<p>W\u00e4hrend wir auf den\u00a0Weiterflug warteten, wurde es drau\u00dfen immer dunkler. Dicke schwarze Wolken zogen auf und man konnte am Horizont Blitze zucken sehen. Irgendwann war das Gewitter direkt \u00fcber dem Flughafen. Selbst durch die dicken Scheiben konnte man es donnern h\u00f6ren. Je sp\u00e4ter es wurde umso chaotischer wurden die Flugzeiten auf den Anzeigetafeln.\u00a0Bis auf unseren Flug nach Salt Lake City \u00e4nderten sich ausnahmslos alle Flugzeiten. Erst als bereits unser Boarding stattfinden sollte (unsere Maschine stand bereits am\u00a0Gate), wurde unser Flug zun\u00e4chst 45 Minuten nach hinten verschoben. Die Dame am Schalter sagte dies so auch per Lautsprecher durch.<br \/>\nZum Gl\u00fcck traute ich der Sache nicht&#8230; schei\u00dfe\u00a0was f\u00fcr ein Gl\u00fcck!!!<br \/>\nIch checkte alle paar Minuten die Anzeigetafel und merkte wie immer mehr Fl\u00fcge komplett annulliert wurden. Unser Flug jedoch wurde nochmals eine ganze Stunde nach hinten verlegt.\u00a0Etwa 30 Minuten vor diesem Termin waren auf der gro\u00dfen Anzeigetafel ca. 50 annullierte Fl\u00fcge und nur noch\u00a0knapp 10 die stattfinden sollten. Die Warteschlange am Customer Service Desk war gesch\u00e4tzte 150m lang. Die verlief eigentlich durch das komplette Terminal.<br \/>\nPl\u00f6tzlich stand dann auch bei unserem Flug &#8222;cancelled&#8220;. Da ich damit gerechnet hatte, stand ich direkt an dem Schalter unseres Gates und habe mir die Dame dort geschnappt.\u00a0Sie konnte uns dann sofort, zwar auf getrennten Sitzpl\u00e4tzen,\u00a0auf den n\u00e4chsten Flug um 20:57 Uhr umbuchen. Diese Dame hat dann noch zwei weitere Passagiere bearbeitet und dann den Schalter geschlossen. Alle anderen mussten sich in die endlos lange Warteschlange des Customer Service Desk anstellen.<br \/>\nDas h\u00e4tte ich nicht gemacht&#8230; auf keinen Fall. Raus&#8230; Hotel nehmen&#8230; am n\u00e4chsten Tag weiter.<br \/>\nAls unser boarding mit etwas Versp\u00e4tung begann, war das eine Gewitter zwar weg aber daf\u00fcr zog bereits das n\u00e4chste auf. Da es schon dunkel war, konnte man die immer n\u00e4her kommenden Blitze gut sehen.<br \/>\nAls wir dann endlich anrollten, mussten wir eine andere Startbahn nehmen weil wir sonst direkt in das Gewitter geflogen w\u00e4ren. Wir rollten fast 45 Minuten meiner Meinung nach planlos quer \u00fcber den Flughafen bis\u00a0wir endlich und tats\u00e4chlich abhoben. Wahnsinn!\u00a0Wir hatten nicht mehr daran geglaubt&#8230;<\/p>\n<p>Bis wir unsere Koffer und unseren Mietwagen hatten und endlich hier im Hampton Inn in Layton\u00a0ankamen ist es nun wie ganz oben beschrieben 02:30 Uhr. Inklusive der Zeitverschiebung von 8 Stunden sind wir also 29 Stunden unterwegs gewesen.<br \/>\nWir sind zwar v\u00f6llig erschlagen aber endlos froh hier zu sein. Jetzt ist ganz dringend etwas Schlaf n\u00f6tig&#8230;<\/p>\n<p style=\"text-align: center;\"><img loading=\"lazy\" decoding=\"async\" class=\"aligncenter  wp-image-3399\" title=\"Chevrolet Equinox\" src=\"https:\/\/www.all-for-all.de\/wp-content\/uploads\/2013\/06\/P1000050.jpg\" alt=\"Chevrolet Equinox\" width=\"1024\" height=\"768\" srcset=\"https:\/\/www.all-for-all.de\/wp-content\/uploads\/2013\/06\/P1000050.jpg 1024w, https:\/\/www.all-for-all.de\/wp-content\/uploads\/2013\/06\/P1000050-300x225.jpg 300w, https:\/\/www.all-for-all.de\/wp-content\/uploads\/2013\/06\/P1000050-400x300.jpg 400w\" sizes=\"auto, (max-width: 1024px) 100vw, 1024px\" \/><\/p>\n<p>Viele Gr\u00fc\u00dfe<br \/>\nJoa<\/p>\n<p>P.S.: Der GPS-Logger hat aus irgendeinem Grund bei Gr\u00f6nland aufgeh\u00f6rt aufzuzeichnen. Keine Ahnung warum&#8230; ist mir auch v\u00f6llig egal momentan. \ud83d\ude00<\/p>\n<p style=\"text-align: center;\"><img loading=\"lazy\" decoding=\"async\" class=\"aligncenter  wp-image-3402\" title=\"M\u00fcnchen - Chicago\" src=\"https:\/\/www.all-for-all.de\/wp-content\/uploads\/2013\/06\/Logger_011-1024x469.jpg\" alt=\"M\u00fcnchen - Chicago\" width=\"584\" height=\"267\" srcset=\"https:\/\/www.all-for-all.de\/wp-content\/uploads\/2013\/06\/Logger_011-1024x469.jpg 1024w, https:\/\/www.all-for-all.de\/wp-content\/uploads\/2013\/06\/Logger_011-300x137.jpg 300w, https:\/\/www.all-for-all.de\/wp-content\/uploads\/2013\/06\/Logger_011-500x229.jpg 500w, https:\/\/www.all-for-all.de\/wp-content\/uploads\/2013\/06\/Logger_011.jpg 1091w\" sizes=\"auto, (max-width: 584px) 100vw, 584px\" \/><\/p>\n<p style=\"text-align: center;\"><img loading=\"lazy\" decoding=\"async\" class=\"aligncenter  wp-image-3416\" title=\"Spazierfahrt auf dem Flughafen O&#96;Hare\" src=\"https:\/\/www.all-for-all.de\/wp-content\/uploads\/2013\/06\/Logger_03.jpg\" alt=\"Spazierfahrt auf dem Flughafen O&#96;Hare\" width=\"934\" height=\"505\" srcset=\"https:\/\/www.all-for-all.de\/wp-content\/uploads\/2013\/06\/Logger_03.jpg 934w, https:\/\/www.all-for-all.de\/wp-content\/uploads\/2013\/06\/Logger_03-300x162.jpg 300w, https:\/\/www.all-for-all.de\/wp-content\/uploads\/2013\/06\/Logger_03-500x270.jpg 500w\" sizes=\"auto, (max-width: 934px) 100vw, 934px\" \/><\/p>\n<p style=\"text-align: center;\"><img loading=\"lazy\" decoding=\"async\" class=\" wp-image-3405 aligncenter\" title=\"Landung in Salt Lake City und Fahrt nach Layton\" src=\"https:\/\/www.all-for-all.de\/wp-content\/uploads\/2013\/06\/Logger_02_2013.jpg\" alt=\"Landung in Salt Lake City und Fahrt nach Layton\" width=\"682\" height=\"607\" srcset=\"https:\/\/www.all-for-all.de\/wp-content\/uploads\/2013\/06\/Logger_02_2013.jpg 682w, https:\/\/www.all-for-all.de\/wp-content\/uploads\/2013\/06\/Logger_02_2013-300x267.jpg 300w, https:\/\/www.all-for-all.de\/wp-content\/uploads\/2013\/06\/Logger_02_2013-337x300.jpg 337w\" sizes=\"auto, (max-width: 682px) 100vw, 682px\" \/><\/p>\n<p style=\"text-align: left;\">Viele Gr\u00fc\u00dfe<br \/>\nJoa<\/p>\n<p>Zur\u00fcck zu: <a href=\"https:\/\/www.all-for-all.de\/?page_id=2091\">Von Salt Lake City nach Denver + Florida<\/a><br \/>\nWeiter zu: <a title=\"13.06.2013, Bingham Canyon Mine - Bonneville Salt Flats - Salt Lake City\" href=\"https:\/\/www.all-for-all.de\/?page_id=3419\">13.06.2013, Bingham Canyon Mine &#8211; Bonneville Salt Flats &#8211; Salt Lake City<\/a><\/p>\n","protected":false},"excerpt":{"rendered":"<p>Salt Lake City in Utah, Ortszeit 02:30 Uhr&#8230; eigentlich ist bereits der 13.06. &#8230; Wir sind mit ca. 4h Versp\u00e4tung angekommen. Aber wenigstens sind wir hier.\u00a0Es sah gestern Nachmittag in Chicago zeitweise so aus als ob wir diese Nacht dort &hellip; <a href=\"https:\/\/www.all-for-all.de\/?page_id=3382\">Weiterlesen <span class=\"meta-nav\">&rarr;<\/span><\/a><\/p>\n","protected":false},"author":2,"featured_media":0,"parent":0,"menu_order":0,"comment_status":"closed","ping_status":"open","template":"","meta":{"footnotes":""},"class_list":["post-3382","page","type-page","status-publish","hentry"],"jetpack_sharing_enabled":true,"_links":{"self":[{"href":"https:\/\/www.all-for-all.de\/index.php?rest_route=\/wp\/v2\/pages\/3382","targetHints":{"allow":["GET"]}}],"collection":[{"href":"https:\/\/www.all-for-all.de\/index.php?rest_route=\/wp\/v2\/pages"}],"about":[{"href":"https:\/\/www.all-for-all.de\/index.php?rest_route=\/wp\/v2\/types\/page"}],"author":[{"embeddable":true,"href":"https:\/\/www.all-for-all.de\/index.php?rest_route=\/wp\/v2\/users\/2"}],"replies":[{"embeddable":true,"href":"https:\/\/www.all-for-all.de\/index.php?rest_route=%2Fwp%2Fv2%2Fcomments&post=3382"}],"version-history":[{"count":0,"href":"https:\/\/www.all-for-all.de\/index.php?rest_route=\/wp\/v2\/pages\/3382\/revisions"}],"wp:attachment":[{"href":"https:\/\/www.all-for-all.de\/index.php?rest_route=%2Fwp%2Fv2%2Fmedia&parent=3382"}],"curies":[{"name":"wp","href":"https:\/\/api.w.org\/{rel}","templated":true}]}}