{"id":3351,"date":"2008-08-01T23:59:15","date_gmt":"2008-08-01T23:59:15","guid":{"rendered":"http:\/\/www.all-for-all.de\/?page_id=3351"},"modified":"2013-06-01T23:37:34","modified_gmt":"2013-06-01T23:37:34","slug":"01-08-2008-flug-von-munchen-uber-frankfurt-nach-dallas","status":"publish","type":"page","link":"https:\/\/www.all-for-all.de\/?page_id=3351","title":{"rendered":"01.08.2008, Flug von M\u00fcnchen \u00fcber Frankfurt nach Dallas"},"content":{"rendered":"<p>Gleich vorweg: Wir hatten dickes Gl\u00fcck \u00fcberhaupt in Dallas anzukommen. <br \/>Das Kabinen- und Bodenpersonal der Lufthansa war der Meinung, dass sie ihre Lohnforderungen am ehesten mit einem Streik in der Ferienzeit durchdr\u00fccken k\u00f6nnen. Dabei treffen sie dummerweise genau die, die sich vielleicht einmal im Jahr einen Urlaub leisten k\u00f6nnen&#8230; ich werde es nie verstehen. \ud83d\udc7f<\/p>\n<p>Wie gesagt&#8230; wir hatten Gl\u00fcck. Der\u00a0gleiche Flug am Tag zuvor fiel wegen des Streiks aus. Und der Flug am Tag darauf sollte ebenfalls ausfallen. Auch unser Flug stand eigentlich nicht zu 100% fest und wir flogen auf Verdacht von M\u00fcnchen nach Frankfurt. Die Chancen standen gut, dass unser Flug ebenfalls ausf\u00e4llt und wir dann in Frankfurt festsitzen.<\/p>\n<p>Auf jeden Fall landeten wir beinahe p\u00fcnktlich um 14:00 Uhr in Dallas. Nach der Immigration h\u00e4tte es z\u00fcgig weiter gehen k\u00f6nnen. Dummerweise war aber mein Koffer nicht auf dem Flie\u00dfband. Als dann wirklich nichts mehr auf dem Band war, kam eine Mitarbeiterin der LH auf mich zu und nannte mich direkt beim Namen. &#8222;Sie vermissen ihren Koffer, richtig?&#8220; \ud83d\ude2f <br \/>Lange rede, kurzer Sinn: Der Koffer war in Frankfurt liegen geblieben. Ich sollte auf Kosten der Lufthansa einkaufen gehen. Kosmetikartikel, Unterw\u00e4sche und Socken werden zu 100% bezahlt, alles andere bis zu 50%. <br \/>Da man bereits zu diesem Moment schon wusste, dass der Flug am n\u00e4chsten Tag auch ausfallen w\u00fcrde, wurde mir die Zustellung meines Koffers f\u00fcr den Sonntag zugesagt. Sie brauchten lediglich eine Adresse an die sie den Koffer liefern konnten.<br \/>Zum Gl\u00fcck wollten wir so oder so bis Montag in Dallas bleiben und hatten vorab Zimmer in den Homewood Suites in Lewisville gebucht. Also: Bitte den Koffer dorthin liefern.<\/p>\n<p>In der Choiceline von Alamo fiel unsere Wahl auf einen Chevrolet Trail Blazer. <br \/>Coole Kiste mit genug Platz f\u00fcr 4 Personen samt Gep\u00e4ck.<\/p>\n<p style=\"text-align: center;\"><img loading=\"lazy\" decoding=\"async\" class=\"aligncenter  wp-image-3360\" title=\"Choiceline Dallas\" alt=\"Choiceline Dallas\" src=\"https:\/\/www.all-for-all.de\/wp-content\/uploads\/2008\/08\/DSC01029_klein.jpg\" width=\"1024\" height=\"768\" srcset=\"https:\/\/www.all-for-all.de\/wp-content\/uploads\/2008\/08\/DSC01029_klein.jpg 1024w, https:\/\/www.all-for-all.de\/wp-content\/uploads\/2008\/08\/DSC01029_klein-300x225.jpg 300w, https:\/\/www.all-for-all.de\/wp-content\/uploads\/2008\/08\/DSC01029_klein-400x300.jpg 400w\" sizes=\"auto, (max-width: 1024px) 100vw, 1024px\" \/><\/p>\n<p style=\"text-align: center;\"><img loading=\"lazy\" decoding=\"async\" class=\"aligncenter  wp-image-3361\" title=\"Chevy Trail Blazer\" alt=\"Chevy Trail Blazer\" src=\"https:\/\/www.all-for-all.de\/wp-content\/uploads\/2008\/08\/DSC01031_klein.jpg\" width=\"1024\" height=\"768\" srcset=\"https:\/\/www.all-for-all.de\/wp-content\/uploads\/2008\/08\/DSC01031_klein.jpg 1024w, https:\/\/www.all-for-all.de\/wp-content\/uploads\/2008\/08\/DSC01031_klein-300x225.jpg 300w, https:\/\/www.all-for-all.de\/wp-content\/uploads\/2008\/08\/DSC01031_klein-400x300.jpg 400w\" sizes=\"auto, (max-width: 1024px) 100vw, 1024px\" \/><\/p>\n<p><img loading=\"lazy\" decoding=\"async\" class=\"aligncenter  wp-image-3359\" title=\"Raumwunder Chevy Trail Blazer\" alt=\"Raumwunder Chevy Trail Blazer\" src=\"https:\/\/www.all-for-all.de\/wp-content\/uploads\/2008\/08\/CIMG5109_klein.jpg\" width=\"1024\" height=\"768\" srcset=\"https:\/\/www.all-for-all.de\/wp-content\/uploads\/2008\/08\/CIMG5109_klein.jpg 1024w, https:\/\/www.all-for-all.de\/wp-content\/uploads\/2008\/08\/CIMG5109_klein-300x225.jpg 300w, https:\/\/www.all-for-all.de\/wp-content\/uploads\/2008\/08\/CIMG5109_klein-400x300.jpg 400w\" sizes=\"auto, (max-width: 1024px) 100vw, 1024px\" \/><\/p>\n<p>Obiges Bild entstand erst als mein Koffer bereits wieder da war. Nur um zu zeigen wie viel Platz im Chevy ist. \ud83d\ude09<\/p>\n<p>Nach dem Checkin im Hotel mussten wir dringend einkaufen. Wir brauchten Getr\u00e4nke und Leckereien. Au\u00dferdem brauchte ich ja eine neue Grundausstattung. Nur f\u00fcr die Kosmetikartikel, einen Satz Unterw\u00e4sche, Socken, T-Shirts, Badehose, kurze Hose und\u00a0Sandalen war ich ruck-zuck 180 Dollar los. Und das im Walmart!<\/p>\n<p>Abendessen gab es an diesem Abend bei Denny`s.<br \/>Nicht zum letzten Mal&#8230; <img src=\"https:\/\/www.all-for-all.de\/wp-includes\/images\/smilies\/mrgreen.png\" alt=\":mrgreen:\" class=\"wp-smiley\" style=\"height: 1em; max-height: 1em;\" \/><\/p>\n<p>Viele Gr\u00fc\u00dfe<br \/>Joa<\/p>\n<p>Zur\u00fcck zu: <a title=\"Rundreise: Dallas \u2013 Amarillo \u2013 Roswell \u2013 Carlsbad \u2013 Tucson \u2013 Flagstaff \u2013 Death Valley \u2013 Las Vegas\" href=\"https:\/\/www.all-for-all.de\/?page_id=2192\">Rundreise: Dallas \u2013 Amarillo \u2013 Roswell \u2013 Carlsbad \u2013 Tucson \u2013 Flagstaff \u2013 Death Valley \u2013 Las Vegas<\/a><br \/>Weiter zu: <a title=\"02.08.2008, Dallas, Elm Street, Fair State Park, Eisenbahnmuseum, Flea Market, Bass Pro Shop\" href=\"https:\/\/www.all-for-all.de\/?page_id=3367\">02.08.2008, Dallas, Elm Street, Fair State Park, Eisenbahnmuseum, Flea Market, Bass Pro Shop<\/a><\/p>\n","protected":false},"excerpt":{"rendered":"<p>Gleich vorweg: Wir hatten dickes Gl\u00fcck \u00fcberhaupt in Dallas anzukommen. Das Kabinen- und Bodenpersonal der Lufthansa war der Meinung, dass sie ihre Lohnforderungen am ehesten mit einem Streik in der Ferienzeit durchdr\u00fccken k\u00f6nnen. Dabei treffen sie dummerweise genau die, die &hellip; <a href=\"https:\/\/www.all-for-all.de\/?page_id=3351\">Weiterlesen <span class=\"meta-nav\">&rarr;<\/span><\/a><\/p>\n","protected":false},"author":2,"featured_media":0,"parent":0,"menu_order":0,"comment_status":"closed","ping_status":"open","template":"","meta":{"footnotes":""},"class_list":["post-3351","page","type-page","status-publish","hentry"],"jetpack_sharing_enabled":true,"_links":{"self":[{"href":"https:\/\/www.all-for-all.de\/index.php?rest_route=\/wp\/v2\/pages\/3351","targetHints":{"allow":["GET"]}}],"collection":[{"href":"https:\/\/www.all-for-all.de\/index.php?rest_route=\/wp\/v2\/pages"}],"about":[{"href":"https:\/\/www.all-for-all.de\/index.php?rest_route=\/wp\/v2\/types\/page"}],"author":[{"embeddable":true,"href":"https:\/\/www.all-for-all.de\/index.php?rest_route=\/wp\/v2\/users\/2"}],"replies":[{"embeddable":true,"href":"https:\/\/www.all-for-all.de\/index.php?rest_route=%2Fwp%2Fv2%2Fcomments&post=3351"}],"version-history":[{"count":0,"href":"https:\/\/www.all-for-all.de\/index.php?rest_route=\/wp\/v2\/pages\/3351\/revisions"}],"wp:attachment":[{"href":"https:\/\/www.all-for-all.de\/index.php?rest_route=%2Fwp%2Fv2%2Fmedia&parent=3351"}],"curies":[{"name":"wp","href":"https:\/\/api.w.org\/{rel}","templated":true}]}}