{"id":3319,"date":"2012-07-08T23:59:09","date_gmt":"2012-07-08T23:59:09","guid":{"rendered":"http:\/\/www.all-for-all.de\/?page_id=3319"},"modified":"2013-08-17T19:22:31","modified_gmt":"2013-08-17T19:22:31","slug":"08-07-2012-wieder-zu-hause","status":"publish","type":"page","link":"https:\/\/www.all-for-all.de\/?page_id=3319","title":{"rendered":"08.07.2012, Wieder zu Hause"},"content":{"rendered":"<p>Wir sind wieder zu Hause.<br \/>Ein Flug ohne &#8222;Debby&#8220; hat schon was&#8230; <img src=\"https:\/\/www.all-for-all.de\/wp-includes\/images\/smilies\/mrgreen.png\" alt=\":mrgreen:\" class=\"wp-smiley\" style=\"height: 1em; max-height: 1em;\" \/> <br \/>Wir landeten nach einem sehr ruhigen Flug absolut p\u00fcnktlich um 09:45 Uhr bei bew\u00f6lktem Himmel in M\u00fcnchen. Dieses Mal waren sogar alle Koffer auf dem Band! <br \/>Der Zoll wollte nichts von uns (und h\u00e4tte auch nichts gefunden) und unseren Mietwagen haben wir auch relativ schnell aus dem gro\u00dfen Parkhaus auf die Autobahn verfrachtet.<\/p>\n<p>Um 13:30 Uhr war der Mietwagen schon wieder abgegeben und wir sa\u00dfen endlich auf unserer Couch.\u00a0Dort haben wir es uns nicht lange gem\u00fctlich gemacht, sondern gleich unsere Koffer geleert und alles so weit wie m\u00f6glich aufger\u00e4umt. Die Waschmaschine hat nun reichlich zu tun. \ud83d\ude09<br \/>Die liebe Mama\u00a0hat die per Email bestellten Eink\u00e4ufe in unseren K\u00fchlschrank gelegt und so konnten wir uns heute Abend einen riesigen Berg Wurstsalat machen.<br \/>Nach den vielen Burgern und den vielen Steaks kam das richtig gut.<\/p>\n<p>Jetzt bin ich gespannt wie lange wir es schaffen wach zu bleiben. Ich denke es wird nicht sehr lange dauern bis wir einschlafen.<\/p>\n<p>Eine Zusammenfassung wird noch folgen&#8230;<\/p>\n<p>Viele Gr\u00fc\u00dfe <br \/>Joa<\/p>\n<p>Zur\u00fcck zu: <a title=\"07.07.2012, Haus\u00fcbergabe und Heimflug\" href=\"https:\/\/www.all-for-all.de\/?page_id=3304\">07.07.2012, Haus\u00fcbergabe und Heimflug<\/a><br \/>Weiter zu: <a title=\"15.08.2012, Zusammenfassung\" href=\"https:\/\/www.all-for-all.de\/?page_id=3333\">15.08.2012, Zusammenfassung<\/a><\/p>\n","protected":false},"excerpt":{"rendered":"<p>Wir sind wieder zu Hause.Ein Flug ohne &#8222;Debby&#8220; hat schon was&#8230; Wir landeten nach einem sehr ruhigen Flug absolut p\u00fcnktlich um 09:45 Uhr bei bew\u00f6lktem Himmel in M\u00fcnchen. Dieses Mal waren sogar alle Koffer auf dem Band! Der Zoll wollte &hellip; <a href=\"https:\/\/www.all-for-all.de\/?page_id=3319\">Weiterlesen <span class=\"meta-nav\">&rarr;<\/span><\/a><\/p>\n","protected":false},"author":2,"featured_media":0,"parent":0,"menu_order":0,"comment_status":"closed","ping_status":"open","template":"","meta":{"footnotes":""},"class_list":["post-3319","page","type-page","status-publish","hentry"],"jetpack_sharing_enabled":true,"_links":{"self":[{"href":"https:\/\/www.all-for-all.de\/index.php?rest_route=\/wp\/v2\/pages\/3319","targetHints":{"allow":["GET"]}}],"collection":[{"href":"https:\/\/www.all-for-all.de\/index.php?rest_route=\/wp\/v2\/pages"}],"about":[{"href":"https:\/\/www.all-for-all.de\/index.php?rest_route=\/wp\/v2\/types\/page"}],"author":[{"embeddable":true,"href":"https:\/\/www.all-for-all.de\/index.php?rest_route=\/wp\/v2\/users\/2"}],"replies":[{"embeddable":true,"href":"https:\/\/www.all-for-all.de\/index.php?rest_route=%2Fwp%2Fv2%2Fcomments&post=3319"}],"version-history":[{"count":0,"href":"https:\/\/www.all-for-all.de\/index.php?rest_route=\/wp\/v2\/pages\/3319\/revisions"}],"wp:attachment":[{"href":"https:\/\/www.all-for-all.de\/index.php?rest_route=%2Fwp%2Fv2%2Fmedia&parent=3319"}],"curies":[{"name":"wp","href":"https:\/\/api.w.org\/{rel}","templated":true}]}}