{"id":3294,"date":"2012-07-06T23:59:24","date_gmt":"2012-07-06T23:59:24","guid":{"rendered":"http:\/\/www.all-for-all.de\/?page_id=3294"},"modified":"2013-06-01T19:43:56","modified_gmt":"2013-06-01T19:43:56","slug":"06-07-2012-der-letzte-urlaubstag","status":"publish","type":"page","link":"https:\/\/www.all-for-all.de\/?page_id=3294","title":{"rendered":"06.07.2012, Der letzte Urlaubstag"},"content":{"rendered":"<p>Das Fr\u00fchst\u00fcck dauerte irgendwie den ganzen Tag. Aber es war nicht zu schaffen wirklich alle Reste zu essen. Es w\u00e4re vielleicht von der Menge her m\u00f6glich gewesen&#8230; aber die Kombinationen waren ein Unding. Orangenmarmelade und saure Gurken sind so eine Sache. <img src=\"https:\/\/www.all-for-all.de\/wp-includes\/images\/smilies\/mrgreen.png\" alt=\":mrgreen:\" class=\"wp-smiley\" style=\"height: 1em; max-height: 1em;\" \/><\/p>\n<p>Heute hat es auch mehrfach immer wieder f\u00fcr ein paar Minuten geregnet. Die sonnigen Abschnitte haben wir im Pool genutzt, die regnerischen Abschnitte zum packen der Koffer.<\/p>\n<p>So weit ist nun alles erledigt. Die Haus\u00fcbergabe findet morgen vor unserer Abreise statt und das war es dann f\u00fcr 2012.<\/p>\n<p>Florida verabschiedet sich gerade mit einem seiner genialen Sonnenunterg\u00e4nge. Gut dass wir f\u00fcr heute ein Bud aufgehoben haben. Sp\u00e4ter werde ich zum Abschluss noch einmal den Pool genie\u00dfen.<\/p>\n<p style=\"text-align: center;\"><img loading=\"lazy\" decoding=\"async\" class=\"aligncenter  wp-image-3301\" title=\"Sonnenuntergang\" alt=\"Sonnenuntergang\" src=\"https:\/\/www.all-for-all.de\/wp-content\/uploads\/2012\/07\/DSC00760_klein.jpg\" width=\"1024\" height=\"576\" srcset=\"https:\/\/www.all-for-all.de\/wp-content\/uploads\/2012\/07\/DSC00760_klein.jpg 1024w, https:\/\/www.all-for-all.de\/wp-content\/uploads\/2012\/07\/DSC00760_klein-300x168.jpg 300w, https:\/\/www.all-for-all.de\/wp-content\/uploads\/2012\/07\/DSC00760_klein-500x281.jpg 500w\" sizes=\"auto, (max-width: 1024px) 100vw, 1024px\" \/><\/p>\n<p>Viele Gr\u00fc\u00dfe<br \/>Joa<\/p>\n<p>Zur\u00fcck zu:\u00a0<a title=\"05.07.2012, Letzte Eink\u00e4ufe, regnerisch\" href=\"https:\/\/www.all-for-all.de\/?page_id=3280\">05.07.2012, Letzte Eink\u00e4ufe, regnerisch<\/a><br \/>Weiter zu: <a title=\"07.07.2012, Haus\u00fcbergabe und Heimflug\" href=\"https:\/\/www.all-for-all.de\/?page_id=3304\">07.07.2012, Haus\u00fcbergabe und Heimflug<\/a><\/p>\n","protected":false},"excerpt":{"rendered":"<p>Das Fr\u00fchst\u00fcck dauerte irgendwie den ganzen Tag. Aber es war nicht zu schaffen wirklich alle Reste zu essen. Es w\u00e4re vielleicht von der Menge her m\u00f6glich gewesen&#8230; aber die Kombinationen waren ein Unding. Orangenmarmelade und saure Gurken sind so eine &hellip; <a href=\"https:\/\/www.all-for-all.de\/?page_id=3294\">Weiterlesen <span class=\"meta-nav\">&rarr;<\/span><\/a><\/p>\n","protected":false},"author":2,"featured_media":0,"parent":0,"menu_order":0,"comment_status":"closed","ping_status":"open","template":"","meta":{"footnotes":""},"class_list":["post-3294","page","type-page","status-publish","hentry"],"jetpack_sharing_enabled":true,"_links":{"self":[{"href":"https:\/\/www.all-for-all.de\/index.php?rest_route=\/wp\/v2\/pages\/3294","targetHints":{"allow":["GET"]}}],"collection":[{"href":"https:\/\/www.all-for-all.de\/index.php?rest_route=\/wp\/v2\/pages"}],"about":[{"href":"https:\/\/www.all-for-all.de\/index.php?rest_route=\/wp\/v2\/types\/page"}],"author":[{"embeddable":true,"href":"https:\/\/www.all-for-all.de\/index.php?rest_route=\/wp\/v2\/users\/2"}],"replies":[{"embeddable":true,"href":"https:\/\/www.all-for-all.de\/index.php?rest_route=%2Fwp%2Fv2%2Fcomments&post=3294"}],"version-history":[{"count":0,"href":"https:\/\/www.all-for-all.de\/index.php?rest_route=\/wp\/v2\/pages\/3294\/revisions"}],"wp:attachment":[{"href":"https:\/\/www.all-for-all.de\/index.php?rest_route=%2Fwp%2Fv2%2Fmedia&parent=3294"}],"curies":[{"name":"wp","href":"https:\/\/api.w.org\/{rel}","templated":true}]}}