{"id":3280,"date":"2012-07-05T23:59:12","date_gmt":"2012-07-05T23:59:12","guid":{"rendered":"http:\/\/www.all-for-all.de\/?page_id=3280"},"modified":"2013-06-01T19:30:02","modified_gmt":"2013-06-01T19:30:02","slug":"05-07-2012-letzte-einkaufe-regnerisch","status":"publish","type":"page","link":"https:\/\/www.all-for-all.de\/?page_id=3280","title":{"rendered":"05.07.2012, Letzte Eink\u00e4ufe, regnerisch"},"content":{"rendered":"<p>Das muss nun einfach der letzte Einkauf gewesen sein. Nun hei\u00dft es bei manchem &#8222;haushalten&#8220;. Anderer Kram hingegen muss nun vorrangig vernichtet werden.<br \/>So ist zum Beispiel unsere Orangenmarmelade noch mindestens zu 2\/3 voll. Morgen zum Fr\u00fchst\u00fcck muss ich mich intensiver darum k\u00fcmmern. \ud83d\ude1b<\/p>\n<p>Weil das Wetter immer wieder mit kleinen Schauern aufwartete haben wir uns heute\u00a0Nachmittag tats\u00e4chlich aufgerafft und sind wieder durch Cape Coral spazieren gefahren. Dabei kamen wir mehr oder weniger zuf\u00e4llig zum alten Yachthafen. Hierher hat es uns vorher auch noch nie verschlagen. Gerade als wir uns ein wenig n\u00e4her umsehen wollten fing es wieder zu regnen an. Na gut&#8230; dann halt nicht. Dann m\u00fcssen wir warten bis es uns wieder einmal zuf\u00e4llig hierher verschl\u00e4gt.<\/p>\n<p>Als wir wieder am Haus waren und es zu regnen aufh\u00f6rte entdeckte ich folgenden kleinen Kerl:<\/p>\n<p style=\"text-align: center;\"><img loading=\"lazy\" decoding=\"async\" class=\"aligncenter  wp-image-3287\" title=\"Micro-Frosch\" alt=\"Micro-Frosch\" src=\"https:\/\/www.all-for-all.de\/wp-content\/uploads\/2012\/07\/DSC00731_klein.jpg\" width=\"1024\" height=\"768\" srcset=\"https:\/\/www.all-for-all.de\/wp-content\/uploads\/2012\/07\/DSC00731_klein.jpg 1024w, https:\/\/www.all-for-all.de\/wp-content\/uploads\/2012\/07\/DSC00731_klein-300x225.jpg 300w, https:\/\/www.all-for-all.de\/wp-content\/uploads\/2012\/07\/DSC00731_klein-400x300.jpg 400w\" sizes=\"auto, (max-width: 1024px) 100vw, 1024px\" \/><\/p>\n<p>Aufgemerkt! Das &#8222;Terrarium&#8220; auf dem Bild ist ein 0,1L Glas. Wir haben den kleinen &#8222;Mikro-Frosch&#8220; genannt. Der gesamte Frosch ist vielleicht insgesamt 5mm gro\u00df. Die &#8222;Fingergr\u00f6\u00dfe&#8220; liegt im Zehntelbereich. Wahnsinn! Ich w\u00fcrde gerne die dazugeh\u00f6rige Kaulquappe sehen. <img src=\"https:\/\/www.all-for-all.de\/wp-includes\/images\/smilies\/mrgreen.png\" alt=\":mrgreen:\" class=\"wp-smiley\" style=\"height: 1em; max-height: 1em;\" \/><\/p>\n<p>Obwohl es den ganzen Tag niemand von uns beiden ausgesprochen hat&#8230; wir wissen beide, dass morgen der letzte Tag hier ist. Sch&#8230; schon\u00a0ist der Urlaub wieder vorbei!<br \/>Zum Gl\u00fcck muss noch die eine oder andere Flasche Budweiser vernichtet werden. Das hilft auf andere Gedanken zu kommen&#8230; oder noch besser: Es hilft dabei gar nicht mehr zu denken. \ud83d\ude10<\/p>\n<p>So: Laptop aus, Bier auf!<\/p>\n<p>Viele Gr\u00fc\u00dfe<br \/>Joa<\/p>\n<p>Zur\u00fcck zu: <a title=\"04.07.2012, red, white and boom!\u2026 aber ohne uns\" href=\"https:\/\/www.all-for-all.de\/?page_id=3270\">04.07.2012, red, white and boom!\u2026 aber ohne uns<\/a><br \/>Weiter zu: <a title=\"06.07.2012, Der letzte Urlaubstag\" href=\"https:\/\/www.all-for-all.de\/?page_id=3294\">06.07.2012, Der letzte Urlaubstag<\/a><\/p>\n","protected":false},"excerpt":{"rendered":"<p>Das muss nun einfach der letzte Einkauf gewesen sein. Nun hei\u00dft es bei manchem &#8222;haushalten&#8220;. Anderer Kram hingegen muss nun vorrangig vernichtet werden.So ist zum Beispiel unsere Orangenmarmelade noch mindestens zu 2\/3 voll. Morgen zum Fr\u00fchst\u00fcck muss ich mich intensiver &hellip; <a href=\"https:\/\/www.all-for-all.de\/?page_id=3280\">Weiterlesen <span class=\"meta-nav\">&rarr;<\/span><\/a><\/p>\n","protected":false},"author":2,"featured_media":0,"parent":0,"menu_order":0,"comment_status":"closed","ping_status":"open","template":"","meta":{"footnotes":""},"class_list":["post-3280","page","type-page","status-publish","hentry"],"jetpack_sharing_enabled":true,"_links":{"self":[{"href":"https:\/\/www.all-for-all.de\/index.php?rest_route=\/wp\/v2\/pages\/3280","targetHints":{"allow":["GET"]}}],"collection":[{"href":"https:\/\/www.all-for-all.de\/index.php?rest_route=\/wp\/v2\/pages"}],"about":[{"href":"https:\/\/www.all-for-all.de\/index.php?rest_route=\/wp\/v2\/types\/page"}],"author":[{"embeddable":true,"href":"https:\/\/www.all-for-all.de\/index.php?rest_route=\/wp\/v2\/users\/2"}],"replies":[{"embeddable":true,"href":"https:\/\/www.all-for-all.de\/index.php?rest_route=%2Fwp%2Fv2%2Fcomments&post=3280"}],"version-history":[{"count":0,"href":"https:\/\/www.all-for-all.de\/index.php?rest_route=\/wp\/v2\/pages\/3280\/revisions"}],"wp:attachment":[{"href":"https:\/\/www.all-for-all.de\/index.php?rest_route=%2Fwp%2Fv2%2Fmedia&parent=3280"}],"curies":[{"name":"wp","href":"https:\/\/api.w.org\/{rel}","templated":true}]}}