{"id":3253,"date":"2012-07-03T23:59:00","date_gmt":"2012-07-03T23:59:00","guid":{"rendered":"http:\/\/www.all-for-all.de\/?page_id=3253"},"modified":"2014-12-22T10:11:05","modified_gmt":"2014-12-22T09:11:05","slug":"03-07-2012-vormittags-baden-nachmittags-heftige-gewitter","status":"publish","type":"page","link":"https:\/\/www.all-for-all.de\/?page_id=3253","title":{"rendered":"03.07.2012, vormittags baden, nachmittags heftige Gewitter"},"content":{"rendered":"<p>Heute war schon wieder der Zucker verbraucht.<br \/>\nBei dem Kaffeekonsum den wir hier haben ist das auch kein Wunder. \ud83d\ude33<\/p>\n<p>Es mussten auch noch ein paar andere Kleinigkeiten besorgt werden. So ungern wir dar\u00fcber nachdenken&#8230; aber wir m\u00fcssen langsam\u00a0einen Plan\u00a0machen was in welchen Mengen noch eingekauft werden soll\/muss\/kann. \ud83d\ude25<\/p>\n<p>Ich bin deshalb noch vor dem Fr\u00fchst\u00fcck zu Publix gefahren. Kaffee ohne Zucker ist \u00fcbel. Kaffee mit S\u00fc\u00dfstoff ist ein Verbrechen!<br \/>\nDabei ist mir aufgefallen, dass der kleine Jeep Compass doch ein richtiger Benzinfresser ist. Das lag nicht nur am Wind bei der Herfahrt. Wir sind seit dem letzten Tankstopp knapp 250km gefahren und der Tank ist schon wieder zu 75% leer.<br \/>\nAuch allgemein bin ich mit dem Auto nicht besonders zufrieden. Er ist laut, die Automatik schaltet wild rauf und runter und alles f\u00fchlt sich irgendwie &#8222;billig&#8220; an.<br \/>\nWenn irgendwie m\u00f6glich werde ich k\u00fcnftig ein anderes Auto aus der Choiceline w\u00e4hlen.<\/p>\n<p style=\"text-align: center;\"><img loading=\"lazy\" decoding=\"async\" class=\"aligncenter  wp-image-3264\" title=\"Jeep Compass Sport\" src=\"https:\/\/www.all-for-all.de\/wp-content\/uploads\/2012\/07\/DSC00767_klein.jpg\" alt=\"Jeep Compass Sport\" width=\"1024\" height=\"768\" srcset=\"https:\/\/www.all-for-all.de\/wp-content\/uploads\/2012\/07\/DSC00767_klein.jpg 1024w, https:\/\/www.all-for-all.de\/wp-content\/uploads\/2012\/07\/DSC00767_klein-300x225.jpg 300w, https:\/\/www.all-for-all.de\/wp-content\/uploads\/2012\/07\/DSC00767_klein-400x300.jpg 400w\" sizes=\"auto, (max-width: 1024px) 100vw, 1024px\" \/><\/p>\n<p>Nachmittags, im Halbschlaf auf der Liege, merkte ich wie es\u00a0pl\u00f6tzlich dunkel wurde. Alles ging recht schnell. Extremer Starkregen, Sturm und ein ganz unglaublich heftiges Gewitter. Aber gleich so, dass wir uns ins Haus verzogen. Uns war nicht mehr wohl auf der Terrasse. Blitz und Donner waren\u00a0beinahe gleichzeitig und das recht h\u00e4ufig.<br \/>\nAuf dem Weatherchannel sahen wir dann eine Karte welche ich gerne als screenshot h\u00e4tte. Leider kann ich sie nirgendwo finden.<br \/>\nAuf der Karte sah man den Gro\u00dfraum Fort Myers mit Cape Coral und rote Punkte zeigten die Blitzschl\u00e4ge. h\u00f6h\u00f6h\u00f6&#8230; laut Weatherchannel gab es wohl innerhalb von 45 Minuten \u00fcber 4000 Blitze in der Gegend \ud83d\ude2f<\/p>\n<p style=\"text-align: center;\"><img loading=\"lazy\" decoding=\"async\" class=\"aligncenter  wp-image-3266\" title=\"Unwetter \u00fcber Cape Coral\" src=\"https:\/\/www.all-for-all.de\/wp-content\/uploads\/2012\/07\/DSC00727_klein.jpg\" alt=\"Unwetter \u00fcber Cape Coral\" width=\"1024\" height=\"768\" srcset=\"https:\/\/www.all-for-all.de\/wp-content\/uploads\/2012\/07\/DSC00727_klein.jpg 1024w, https:\/\/www.all-for-all.de\/wp-content\/uploads\/2012\/07\/DSC00727_klein-300x225.jpg 300w, https:\/\/www.all-for-all.de\/wp-content\/uploads\/2012\/07\/DSC00727_klein-400x300.jpg 400w\" sizes=\"auto, (max-width: 1024px) 100vw, 1024px\" \/><\/p>\n<p>Der heftige Teil\u00a0des schlechten Wetters ist nun l\u00e4ngst durch aber so ganz aufh\u00f6ren mag es \u00a0nicht. Wenigstens ist es nicht k\u00fchl.<\/p>\n<p>Morgen ist der 4. Juli und somit der h\u00f6chste Nationalfeiertag in den USA (Independence Day). Die Veranstaltung an der Cape Coral Bridge zu den Feierlichkeiten letztes Jahr war gut gemacht. Mal sehen wie das Wetter morgen ist und ob wir uns aufraffen k\u00f6nnen. \ud83d\ude09<\/p>\n<p>Viele Gr\u00fc\u00dfe<br \/>\nJoa<\/p>\n<p>P.S:: Der Geschmack von Budweiser Bier scheint direkt proportional zum Wetter zu sein. Heute Abend schmeckt es irgendwie gar nicht&#8230; \ud83d\ude41<\/p>\n<p>Zur\u00fcck zu: <a title=\"02.07.2012, Kurzbesuch auf Sanibel Island\" href=\"https:\/\/www.all-for-all.de\/?page_id=3243\">02.07.2012, Kurzbesuch auf Sanibel Island<\/a><br \/>\nWeiter zu: <a title=\"04.07.2012, red, white and boom!\u2026 aber ohne uns\" href=\"https:\/\/www.all-for-all.de\/?page_id=3270\">04.07.2012, red, white and boom!\u2026 aber ohne uns<\/a><\/p>\n","protected":false},"excerpt":{"rendered":"<p>Heute war schon wieder der Zucker verbraucht. Bei dem Kaffeekonsum den wir hier haben ist das auch kein Wunder. \ud83d\ude33 Es mussten auch noch ein paar andere Kleinigkeiten besorgt werden. So ungern wir dar\u00fcber nachdenken&#8230; aber wir m\u00fcssen langsam\u00a0einen Plan\u00a0machen &hellip; <a href=\"https:\/\/www.all-for-all.de\/?page_id=3253\">Weiterlesen <span class=\"meta-nav\">&rarr;<\/span><\/a><\/p>\n","protected":false},"author":2,"featured_media":0,"parent":0,"menu_order":0,"comment_status":"closed","ping_status":"open","template":"","meta":{"footnotes":""},"class_list":["post-3253","page","type-page","status-publish","hentry"],"jetpack_sharing_enabled":true,"_links":{"self":[{"href":"https:\/\/www.all-for-all.de\/index.php?rest_route=\/wp\/v2\/pages\/3253","targetHints":{"allow":["GET"]}}],"collection":[{"href":"https:\/\/www.all-for-all.de\/index.php?rest_route=\/wp\/v2\/pages"}],"about":[{"href":"https:\/\/www.all-for-all.de\/index.php?rest_route=\/wp\/v2\/types\/page"}],"author":[{"embeddable":true,"href":"https:\/\/www.all-for-all.de\/index.php?rest_route=\/wp\/v2\/users\/2"}],"replies":[{"embeddable":true,"href":"https:\/\/www.all-for-all.de\/index.php?rest_route=%2Fwp%2Fv2%2Fcomments&post=3253"}],"version-history":[{"count":0,"href":"https:\/\/www.all-for-all.de\/index.php?rest_route=\/wp\/v2\/pages\/3253\/revisions"}],"wp:attachment":[{"href":"https:\/\/www.all-for-all.de\/index.php?rest_route=%2Fwp%2Fv2%2Fmedia&parent=3253"}],"curies":[{"name":"wp","href":"https:\/\/api.w.org\/{rel}","templated":true}]}}