{"id":3219,"date":"2012-06-30T23:59:48","date_gmt":"2012-06-30T23:59:48","guid":{"rendered":"http:\/\/www.all-for-all.de\/?page_id=3219"},"modified":"2013-06-01T14:03:05","modified_gmt":"2013-06-01T14:03:05","slug":"30-06-2012-faulenzen","status":"publish","type":"page","link":"https:\/\/www.all-for-all.de\/?page_id=3219","title":{"rendered":"30.06.2012, Faulenzen"},"content":{"rendered":"<p>Wieder bestes Wetter heute.<br \/>Sanibel lie\u00dfen wir aber trotzdem ausfallen. Uns fiel ein, dass heute Samstag ist. Die vermuteten Besuchermassen brachten uns von unserem Plan ab. <img src=\"https:\/\/www.all-for-all.de\/wp-includes\/images\/smilies\/mrgreen.png\" alt=\":mrgreen:\" class=\"wp-smiley\" style=\"height: 1em; max-height: 1em;\" \/><\/p>\n<p style=\"text-align: center;\"><img loading=\"lazy\" decoding=\"async\" class=\"aligncenter  wp-image-3220\" title=\"Morgens am Pool\" alt=\"Morgens am Pool\" src=\"https:\/\/www.all-for-all.de\/wp-content\/uploads\/2013\/06\/DSC00699_klein.jpg\" width=\"1024\" height=\"768\" srcset=\"https:\/\/www.all-for-all.de\/wp-content\/uploads\/2013\/06\/DSC00699_klein.jpg 1024w, https:\/\/www.all-for-all.de\/wp-content\/uploads\/2013\/06\/DSC00699_klein-300x225.jpg 300w, https:\/\/www.all-for-all.de\/wp-content\/uploads\/2013\/06\/DSC00699_klein-400x300.jpg 400w\" sizes=\"auto, (max-width: 1024px) 100vw, 1024px\" \/><\/p>\n<p>Unser K\u00fchlschrank war sehr gut mit allem was das Herz, bzw. der Magen begehrt gef\u00fcllt und so fiel es uns leicht den Tag am und im Pool zu\u00a0verbringen\u00a0.<br \/>Ereignislos aber endlos erholsam. \ud83d\ude09<\/p>\n<p>Weil morgen am Sonntag ebenfalls mit Menschenmassen auf Sanibel zu rechnen ist, haben wir den Besuch auf Montag verschoben.<br \/>Morgen m\u00fcssen wir unseren K\u00fchlschrank neu f\u00fcllen. Zucker, Zwiebeln, Cola und andere Sachen sind verbraucht. Fleisch f\u00fcr den Grill muss auch besorgt werden: Wichtig!<\/p>\n<p>Viele Gr\u00fc\u00dfe<br \/>Joa<\/p>\n<p>Zur\u00fcck zu: <a title=\"29.06.2012, Tanger Outlet und Bass Pro Shop\" href=\"https:\/\/www.all-for-all.de\/?page_id=3201\">29.06.2012, Tanger Outlet und Bass Pro Shop<\/a><br \/>Weiter zu: <a title=\"01.07.2012, Nochmal Faulenzen\" href=\"https:\/\/www.all-for-all.de\/?page_id=3231\">01.07.2012, Nochmal Faulenzen<\/a><\/p>\n","protected":false},"excerpt":{"rendered":"<p>Wieder bestes Wetter heute.Sanibel lie\u00dfen wir aber trotzdem ausfallen. Uns fiel ein, dass heute Samstag ist. Die vermuteten Besuchermassen brachten uns von unserem Plan ab. Unser K\u00fchlschrank war sehr gut mit allem was das Herz, bzw. der Magen begehrt gef\u00fcllt &hellip; <a href=\"https:\/\/www.all-for-all.de\/?page_id=3219\">Weiterlesen <span class=\"meta-nav\">&rarr;<\/span><\/a><\/p>\n","protected":false},"author":2,"featured_media":0,"parent":0,"menu_order":0,"comment_status":"closed","ping_status":"open","template":"","meta":{"footnotes":""},"class_list":["post-3219","page","type-page","status-publish","hentry"],"jetpack_sharing_enabled":true,"_links":{"self":[{"href":"https:\/\/www.all-for-all.de\/index.php?rest_route=\/wp\/v2\/pages\/3219","targetHints":{"allow":["GET"]}}],"collection":[{"href":"https:\/\/www.all-for-all.de\/index.php?rest_route=\/wp\/v2\/pages"}],"about":[{"href":"https:\/\/www.all-for-all.de\/index.php?rest_route=\/wp\/v2\/types\/page"}],"author":[{"embeddable":true,"href":"https:\/\/www.all-for-all.de\/index.php?rest_route=\/wp\/v2\/users\/2"}],"replies":[{"embeddable":true,"href":"https:\/\/www.all-for-all.de\/index.php?rest_route=%2Fwp%2Fv2%2Fcomments&post=3219"}],"version-history":[{"count":0,"href":"https:\/\/www.all-for-all.de\/index.php?rest_route=\/wp\/v2\/pages\/3219\/revisions"}],"wp:attachment":[{"href":"https:\/\/www.all-for-all.de\/index.php?rest_route=%2Fwp%2Fv2%2Fmedia&parent=3219"}],"curies":[{"name":"wp","href":"https:\/\/api.w.org\/{rel}","templated":true}]}}