{"id":3169,"date":"2012-06-28T23:59:07","date_gmt":"2012-06-28T23:59:07","guid":{"rendered":"http:\/\/www.all-for-all.de\/?page_id=3169"},"modified":"2013-06-01T12:45:19","modified_gmt":"2013-06-01T12:45:19","slug":"28-06-2012-kleinere-einkaufe-spazierfahrt-baden","status":"publish","type":"page","link":"https:\/\/www.all-for-all.de\/?page_id=3169","title":{"rendered":"28.06.2012, kleinere Eink\u00e4ufe, Spazierfahrt, baden"},"content":{"rendered":"<p>Das Wasser im Pool hat sich \u00fcber die Nacht ordentlich aufgeheizt. Also haben wir die Heizung wieder abgeschaltet. Das sollte nun reichen. Den Rest muss die Sonne \u00fcbernehmen. <img src=\"https:\/\/www.all-for-all.de\/wp-includes\/images\/smilies\/mrgreen.png\" alt=\":mrgreen:\" class=\"wp-smiley\" style=\"height: 1em; max-height: 1em;\" \/><\/p>\n<p>Auch heute war es wieder ein v\u00f6llig wolkenloser Tag. Wie bereits gestern erw\u00e4hnt&#8230; so kennen wir das nicht! Wir vermuten, dass das noch immer mit &#8222;Debby&#8220; zu tun hat. So oder so, uns ist es recht.<\/p>\n<p>Nach einem kurzen Einkauf im Publix haben wir uns zwei dicke Michshakes im McDonalds nebenan besorgt und sind einfach quer durch Cape Coral spazieren gefahren. Wir haben es sogar endlich geschafft den &#8222;Strand&#8220; von Cape Coral zu besichtigen. In den Jahren zuvor wollten wir das zwar immer einmal machen, kamen aber nie dazu. <img src=\"https:\/\/www.all-for-all.de\/wp-includes\/images\/smilies\/mrgreen.png\" alt=\":mrgreen:\" class=\"wp-smiley\" style=\"height: 1em; max-height: 1em;\" \/> <br \/>Naja&#8230; man darf das zwar &#8222;Strand&#8220; nennen&#8230; aber besonders sch\u00f6n ist der in unseren Augen nicht.<\/p>\n<p>Am fr\u00fchen Nachmittag haben wir uns auf unsere Terrasse verzogen. Baden, sonnen, schlafen, essen&#8230; herrlich!<\/p>\n<p style=\"text-align: center;\"><img loading=\"lazy\" decoding=\"async\" class=\"aligncenter  wp-image-3177\" title=\"Immer noch wolkenlos\" alt=\"Immer noch wolkenlos\" src=\"https:\/\/www.all-for-all.de\/wp-content\/uploads\/2012\/06\/DSC00697_klein.jpg\" width=\"1024\" height=\"768\" srcset=\"https:\/\/www.all-for-all.de\/wp-content\/uploads\/2012\/06\/DSC00697_klein.jpg 1024w, https:\/\/www.all-for-all.de\/wp-content\/uploads\/2012\/06\/DSC00697_klein-300x225.jpg 300w, https:\/\/www.all-for-all.de\/wp-content\/uploads\/2012\/06\/DSC00697_klein-400x300.jpg 400w\" sizes=\"auto, (max-width: 1024px) 100vw, 1024px\" \/><\/p>\n<p>Nach dem gestrigen &#8222;Landfall&#8220; von Debby oben im Panhandle, hat sich der Sturm so abgeschw\u00e4cht, dass er wieder zu einem tropischen Tief heruntergestuft wurde. Das Ding ist gegessen. Allerdings sind die Sch\u00e4den keine Lapalie. Noch immer sind viele Haushalte ohne Strom und einige Stra\u00dfen \u00fcberflutet.\u00a0Es wird wohl noch ein wenig dauern bis alles wieder &#8222;normal&#8220; l\u00e4uft.<\/p>\n<p>Viele Gr\u00fc\u00dfe<br \/>Joa<\/p>\n<p>Zur\u00fcck zu: <a title=\"27.06.2012, Sonne tanken, baden\" href=\"https:\/\/www.all-for-all.de\/?page_id=3155\">27.06.2012, Sonne tanken, baden<\/a><br \/>Weiter zu: <a title=\"29.06.2012, Tanger Outlet und Bass Pro Shop\" href=\"https:\/\/www.all-for-all.de\/?page_id=3201\">29.06.2012, Tanger Outlet und Bass Pro Shop<\/a><\/p>\n","protected":false},"excerpt":{"rendered":"<p>Das Wasser im Pool hat sich \u00fcber die Nacht ordentlich aufgeheizt. Also haben wir die Heizung wieder abgeschaltet. Das sollte nun reichen. Den Rest muss die Sonne \u00fcbernehmen. Auch heute war es wieder ein v\u00f6llig wolkenloser Tag. Wie bereits gestern &hellip; <a href=\"https:\/\/www.all-for-all.de\/?page_id=3169\">Weiterlesen <span class=\"meta-nav\">&rarr;<\/span><\/a><\/p>\n","protected":false},"author":2,"featured_media":0,"parent":0,"menu_order":0,"comment_status":"closed","ping_status":"open","template":"","meta":{"footnotes":""},"class_list":["post-3169","page","type-page","status-publish","hentry"],"jetpack_sharing_enabled":true,"_links":{"self":[{"href":"https:\/\/www.all-for-all.de\/index.php?rest_route=\/wp\/v2\/pages\/3169","targetHints":{"allow":["GET"]}}],"collection":[{"href":"https:\/\/www.all-for-all.de\/index.php?rest_route=\/wp\/v2\/pages"}],"about":[{"href":"https:\/\/www.all-for-all.de\/index.php?rest_route=\/wp\/v2\/types\/page"}],"author":[{"embeddable":true,"href":"https:\/\/www.all-for-all.de\/index.php?rest_route=\/wp\/v2\/users\/2"}],"replies":[{"embeddable":true,"href":"https:\/\/www.all-for-all.de\/index.php?rest_route=%2Fwp%2Fv2%2Fcomments&post=3169"}],"version-history":[{"count":0,"href":"https:\/\/www.all-for-all.de\/index.php?rest_route=\/wp\/v2\/pages\/3169\/revisions"}],"wp:attachment":[{"href":"https:\/\/www.all-for-all.de\/index.php?rest_route=%2Fwp%2Fv2%2Fmedia&parent=3169"}],"curies":[{"name":"wp","href":"https:\/\/api.w.org\/{rel}","templated":true}]}}