{"id":3155,"date":"2012-06-27T23:59:18","date_gmt":"2012-06-27T23:59:18","guid":{"rendered":"http:\/\/www.all-for-all.de\/?page_id=3155"},"modified":"2013-05-30T12:40:08","modified_gmt":"2013-05-30T12:40:08","slug":"27-06-2012-sonne-tanken-baden","status":"publish","type":"page","link":"https:\/\/www.all-for-all.de\/?page_id=3155","title":{"rendered":"27.06.2012, Sonne tanken, baden"},"content":{"rendered":"<p>Nach dem Wetterchaos der letzten Tage war heute auch irgendwie ein komischer Tag.<br \/>So oft wir nun schon in Florida waren&#8230; es gab so weit wir uns erinnern k\u00f6nnen NOCH NIE einen Tag (um diese Jahreszeit) der komplett wolkenlos war. Meist entwickeln sich sp\u00e4testens am fr\u00fchen Nachmittag die typischen &#8222;Floridawolken&#8220;.<br \/>Heute war den ganzen Tag nicht der kleinste Ansatz eines W\u00f6lkchens zu entdecken.<\/p>\n<p>Damit die Temperaturen im Pool ertr\u00e4glich werden, habe ich heute Mittag die Poolheizung eingeschaltet. Jetzt gegen Abend f\u00fchlt sich das Wasser schon w\u00e4rmer an. Leider noch immer nicht so wie ich mir das vorstelle. <img src=\"https:\/\/www.all-for-all.de\/wp-includes\/images\/smilies\/mrgreen.png\" alt=\":mrgreen:\" class=\"wp-smiley\" style=\"height: 1em; max-height: 1em;\" \/> <br \/>Wenn wir das n\u00e4chste Mal shoppen sind, werde ich irgendwo ein g\u00fcnstiges Thermometer kaufen. \ud83d\ude09<\/p>\n<p>Heute Nachmittag konnte ich mich auch endlich mit meinem neuen Kumpel unterhalten. Den habe ich gestern im Publix kennen gelernt und gleich hierher eingeladen.<br \/>Leider war die Sache bereits nach knapp einer Stunde erledigt \ud83d\ude33<\/p>\n<p style=\"text-align: center;\"><img loading=\"lazy\" decoding=\"async\" class=\"aligncenter  wp-image-3163\" title=\"1,36kg Apfel-Zimt\" alt=\"1,36kg Apfel-Zimt\" src=\"https:\/\/www.all-for-all.de\/wp-content\/uploads\/2012\/06\/DSC00700_klein.jpg\" width=\"768\" height=\"1024\" srcset=\"https:\/\/www.all-for-all.de\/wp-content\/uploads\/2012\/06\/DSC00700_klein.jpg 768w, https:\/\/www.all-for-all.de\/wp-content\/uploads\/2012\/06\/DSC00700_klein-225x300.jpg 225w\" sizes=\"auto, (max-width: 768px) 100vw, 768px\" \/><\/p>\n<p>1,36 kg Apfel\/Zimt-Kompott sind zu wenig! Sonst wird hier doch auch alles in ganzen Gallonen verkauft. \ud83d\ude25<\/p>\n<p>Bis auf einen kurzen Besuch der Hausverwaltung, zur \u00dcberpr\u00fcfung der Wasserqualit\u00e4t im Pool, verlief der Tag\u00a0sonst ereignislos.<\/p>\n<p style=\"text-align: center;\"><img loading=\"lazy\" decoding=\"async\" class=\"aligncenter  wp-image-3166\" title=\"V\u00f6llig wolkenloser Tag\" alt=\"V\u00f6llig wolkenloser Tag\" src=\"https:\/\/www.all-for-all.de\/wp-content\/uploads\/2012\/06\/DSC00687_klein.jpg\" width=\"1024\" height=\"768\" srcset=\"https:\/\/www.all-for-all.de\/wp-content\/uploads\/2012\/06\/DSC00687_klein.jpg 1024w, https:\/\/www.all-for-all.de\/wp-content\/uploads\/2012\/06\/DSC00687_klein-300x225.jpg 300w, https:\/\/www.all-for-all.de\/wp-content\/uploads\/2012\/06\/DSC00687_klein-400x300.jpg 400w\" sizes=\"auto, (max-width: 1024px) 100vw, 1024px\" \/><\/p>\n<p>Im Norden Floridas hingegen rappelt es noch ordentlich wegen Debby.\u00a0<\/p>\n<p>Viele Gr\u00fc\u00dfe<br \/>Joa<\/p>\n<p>Zur\u00fcck zu: <a title=\"26.06.2012, Sonne, Sturm, Wolkenbruch, Sonne, Sturm, Wolkenbruch\u2026\" href=\"https:\/\/www.all-for-all.de\/?page_id=3140\">26.06.2012, Sonne, Sturm, Wolkenbruch, Sonne, Sturm, Wolkenbruch\u2026<\/a><br \/>Weiter zu: <a title=\"28.06.2012, kleinere Eink\u00e4ufe, Spazierfahrt, baden\" href=\"https:\/\/www.all-for-all.de\/?page_id=3169\">28.06.2012, kleinere Eink\u00e4ufe, Spazierfahrt, baden<\/a><\/p>\n","protected":false},"excerpt":{"rendered":"<p>Nach dem Wetterchaos der letzten Tage war heute auch irgendwie ein komischer Tag.So oft wir nun schon in Florida waren&#8230; es gab so weit wir uns erinnern k\u00f6nnen NOCH NIE einen Tag (um diese Jahreszeit) der komplett wolkenlos war. Meist &hellip; <a href=\"https:\/\/www.all-for-all.de\/?page_id=3155\">Weiterlesen <span class=\"meta-nav\">&rarr;<\/span><\/a><\/p>\n","protected":false},"author":2,"featured_media":0,"parent":0,"menu_order":0,"comment_status":"closed","ping_status":"open","template":"","meta":{"footnotes":""},"class_list":["post-3155","page","type-page","status-publish","hentry"],"jetpack_sharing_enabled":true,"_links":{"self":[{"href":"https:\/\/www.all-for-all.de\/index.php?rest_route=\/wp\/v2\/pages\/3155","targetHints":{"allow":["GET"]}}],"collection":[{"href":"https:\/\/www.all-for-all.de\/index.php?rest_route=\/wp\/v2\/pages"}],"about":[{"href":"https:\/\/www.all-for-all.de\/index.php?rest_route=\/wp\/v2\/types\/page"}],"author":[{"embeddable":true,"href":"https:\/\/www.all-for-all.de\/index.php?rest_route=\/wp\/v2\/users\/2"}],"replies":[{"embeddable":true,"href":"https:\/\/www.all-for-all.de\/index.php?rest_route=%2Fwp%2Fv2%2Fcomments&post=3155"}],"version-history":[{"count":0,"href":"https:\/\/www.all-for-all.de\/index.php?rest_route=\/wp\/v2\/pages\/3155\/revisions"}],"wp:attachment":[{"href":"https:\/\/www.all-for-all.de\/index.php?rest_route=%2Fwp%2Fv2%2Fmedia&parent=3155"}],"curies":[{"name":"wp","href":"https:\/\/api.w.org\/{rel}","templated":true}]}}