{"id":3140,"date":"2012-06-26T23:59:23","date_gmt":"2012-06-26T23:59:23","guid":{"rendered":"http:\/\/www.all-for-all.de\/?page_id=3140"},"modified":"2013-05-30T12:06:13","modified_gmt":"2013-05-30T12:06:13","slug":"27-06-2013-sonnesturmwolkenbruchsonnesturmwolkenburch","status":"publish","type":"page","link":"https:\/\/www.all-for-all.de\/?page_id=3140","title":{"rendered":"26.06.2012, Sonne, Sturm, Wolkenbruch, Sonne, Sturm, Wolkenbruch&#8230;"},"content":{"rendered":"<p>Heute konnte sich das Wetter nicht entscheiden. Morgens gegen 08:00 Uhr regnete es wieder sintflutartig. Kurz darauf schien die Sonne. Zwischendurch immer wieder starke Windb\u00f6en. Dann wieder extremer Regen, usw. usw.<br \/>Erst am sp\u00e4ten Nachmittag \u00fcberwogen die sonnigen Phasen.<\/p>\n<p>Wir waren heute nochmals im Publix und\u00a0im Walmart. Der K\u00fchlschrank musste endlich ordentlich gef\u00fcllt werden. Der Einkauf am Sonntag war nur f\u00fcr das N\u00f6tigste. <br \/>Auf der Fahrt sahen wir \u00fcberall abgerissene Palmenbl\u00e4tter und anderes Zeugs das der Sturm losgerissen hat. Alles in allem aber nicht sehr schlimm. Es ist zwar f\u00fcr die Hausbesitzer sicherlich \u00e4rgerlich wenn das Haus und\/oder der Cage besch\u00e4digt wurden aber ich denke Cape Coral hatte dieses Mal Gl\u00fcck.<\/p>\n<p>Der Wasserpegel im Kanal vor dem Haus ist minimal gesunken. Boote fahren allerdings keine. Das liegt vielleicht daran, dass jede Menge Treibgut umherschwimmt.<\/p>\n<p style=\"text-align: center;\"><img loading=\"lazy\" decoding=\"async\" class=\"aligncenter  wp-image-3150\" title=\"Aussicht\" alt=\"Aussicht\" src=\"https:\/\/www.all-for-all.de\/wp-content\/uploads\/2012\/06\/DSC00684_klein.jpg\" width=\"1024\" height=\"768\" srcset=\"https:\/\/www.all-for-all.de\/wp-content\/uploads\/2012\/06\/DSC00684_klein.jpg 1024w, https:\/\/www.all-for-all.de\/wp-content\/uploads\/2012\/06\/DSC00684_klein-300x225.jpg 300w, https:\/\/www.all-for-all.de\/wp-content\/uploads\/2012\/06\/DSC00684_klein-400x300.jpg 400w\" sizes=\"auto, (max-width: 1024px) 100vw, 1024px\" \/><\/p>\n<p>Heute kam ich endlich dazu unsere bisher geschossenen Bilder\u00a0genauer zu begutachten\u00a0und zu sichern. Ebenso habe ich endlich die Datenbank f\u00fcr dieses Urlaubstagebuch gesichert. Wurde echt Zeit!<br \/>Kreditkarten- und andere Quittungen wurden heute auch noch sortiert.<br \/>In zwei vollen Waschmaschinen wurden unsere bisher benutzten Klamotten ges\u00e4ubert.<br \/>Verdammter Stress heute! <img src=\"https:\/\/www.all-for-all.de\/wp-includes\/images\/smilies\/mrgreen.png\" alt=\":mrgreen:\" class=\"wp-smiley\" style=\"height: 1em; max-height: 1em;\" \/><\/p>\n<p>Weil es immer wieder in den Pool regnet wird er nicht warm. Zumindest nicht so warm wie ich es gerne h\u00e4tte. Das Wasser hat gef\u00fchlte 15\u00b0C&#8230; Das geht gar nicht.<br \/>Sobald es nicht mehr st\u00fcndlich regnet werden wir\u00a0die Poolheizung einschalten.<\/p>\n<p>Viele Gr\u00fc\u00dfe<br \/>Joa<\/p>\n<p>Zur\u00fcck zu: <a title=\"25.06.2012, Haus\u00fcbernahme, Sturm, Starkregen, Hochwasser\" href=\"https:\/\/www.all-for-all.de\/?page_id=3101\">25.06.2012, Haus\u00fcbernahme, Sturm, Starkregen, Hochwasser<\/a><br \/>Weiter zu: <a title=\"27.06.2012, Sonne tanken, baden\" href=\"https:\/\/www.all-for-all.de\/?page_id=3155\">27.06.2012, Sonne tanken, baden<\/a><\/p>\n","protected":false},"excerpt":{"rendered":"<p>Heute konnte sich das Wetter nicht entscheiden. Morgens gegen 08:00 Uhr regnete es wieder sintflutartig. Kurz darauf schien die Sonne. Zwischendurch immer wieder starke Windb\u00f6en. Dann wieder extremer Regen, usw. usw.Erst am sp\u00e4ten Nachmittag \u00fcberwogen die sonnigen Phasen. Wir waren &hellip; <a href=\"https:\/\/www.all-for-all.de\/?page_id=3140\">Weiterlesen <span class=\"meta-nav\">&rarr;<\/span><\/a><\/p>\n","protected":false},"author":2,"featured_media":0,"parent":0,"menu_order":0,"comment_status":"closed","ping_status":"open","template":"","meta":{"footnotes":""},"class_list":["post-3140","page","type-page","status-publish","hentry"],"jetpack_sharing_enabled":true,"_links":{"self":[{"href":"https:\/\/www.all-for-all.de\/index.php?rest_route=\/wp\/v2\/pages\/3140","targetHints":{"allow":["GET"]}}],"collection":[{"href":"https:\/\/www.all-for-all.de\/index.php?rest_route=\/wp\/v2\/pages"}],"about":[{"href":"https:\/\/www.all-for-all.de\/index.php?rest_route=\/wp\/v2\/types\/page"}],"author":[{"embeddable":true,"href":"https:\/\/www.all-for-all.de\/index.php?rest_route=\/wp\/v2\/users\/2"}],"replies":[{"embeddable":true,"href":"https:\/\/www.all-for-all.de\/index.php?rest_route=%2Fwp%2Fv2%2Fcomments&post=3140"}],"version-history":[{"count":0,"href":"https:\/\/www.all-for-all.de\/index.php?rest_route=\/wp\/v2\/pages\/3140\/revisions"}],"wp:attachment":[{"href":"https:\/\/www.all-for-all.de\/index.php?rest_route=%2Fwp%2Fv2%2Fmedia&parent=3140"}],"curies":[{"name":"wp","href":"https:\/\/api.w.org\/{rel}","templated":true}]}}