{"id":2895,"date":"2012-06-23T23:59:06","date_gmt":"2012-06-23T23:59:06","guid":{"rendered":"http:\/\/www.all-for-all.de\/?page_id=2895"},"modified":"2014-01-19T14:04:54","modified_gmt":"2014-01-19T13:04:54","slug":"23-06-2012-hattiesburg-new-orleans","status":"publish","type":"page","link":"https:\/\/www.all-for-all.de\/?page_id=2895","title":{"rendered":"23.06.2012, Hattiesburg &#8211; New Orleans"},"content":{"rendered":"<p>Nun ist es amtlich. Das tropische Tief ist keines mehr. Es\u00a0wurde offiziell zum Tropensturm hochgestuft und tr\u00e4gt jetzt den Namen &#8222;Debby&#8220;.<br \/>Na prima!<\/p>\n<p>Nach dem Fr\u00fchst\u00fcck im Hotel haben wir uns noch ein Zimmer f\u00fcr die letzte Nacht in New Orleans reserviert. Unsere Wahl fiel auf das <a title=\"Days Inn New Orleans Airport\" href=\"http:\/\/www.daysinn.com\/hotels\/louisiana\/kenner\/days-inn-new-orleans-airport\/hotel-overview?reg=Local-_-all-_-DI-_-all&amp;cid=IP_Local&amp;wid=local\" target=\"_blank\">Days Inn New Orleans Airport<\/a>. Die Bewertungen im Internet sind recht anst\u00e4ndig. Also nicht \u00fcberragend&#8230; aber ok. So m\u00fcssen wir morgen nur noch den guten Dodge abgeben, in den Flug einchecken und haben keinen gro\u00dfen Stress mehr. Die Hotelwahl\u00a0hat sich allerdings als Fehler herausgestellt. Dazu sp\u00e4ter mehr.<\/p>\n<p>Die Fahrt zum Hotel f\u00fchrte uns \u00fcber die St\u00e4dte &#8222;McComb&#8220;, &#8222;Amite Stadt&#8220; und &#8222;Hammond&#8220;. Tolle Strecke, insbesondere die letzten Meilen vor New Orleans. Auf beiden Seiten des Highways tolle Sumpflandschaften. Allerdings auch immer wieder vorbei an durch Hurrikan Katrina zerst\u00f6rten Baumbestand.<\/p>\n<p style=\"text-align: center;\"><img loading=\"lazy\" decoding=\"async\" class=\"aligncenter  wp-image-3048\" title=\"Richtung S\u00fcden nach New Orleans\" alt=\"Richtung S\u00fcden nach New Orleans\" src=\"https:\/\/www.all-for-all.de\/wp-content\/uploads\/2012\/06\/DSC00607_klein.jpg\" width=\"1024\" height=\"768\" srcset=\"https:\/\/www.all-for-all.de\/wp-content\/uploads\/2012\/06\/DSC00607_klein.jpg 1024w, https:\/\/www.all-for-all.de\/wp-content\/uploads\/2012\/06\/DSC00607_klein-300x225.jpg 300w, https:\/\/www.all-for-all.de\/wp-content\/uploads\/2012\/06\/DSC00607_klein-400x300.jpg 400w\" sizes=\"auto, (max-width: 1024px) 100vw, 1024px\" \/><\/p>\n<p style=\"text-align: left;\"><img loading=\"lazy\" decoding=\"async\" class=\"aligncenter  wp-image-3051\" title=\"Richtung S\u00fcden nach New Orleans\" alt=\"Richtung S\u00fcden nach New Orleans\" src=\"https:\/\/www.all-for-all.de\/wp-content\/uploads\/2012\/06\/DSC00609_klein.jpg\" width=\"1024\" height=\"768\" srcset=\"https:\/\/www.all-for-all.de\/wp-content\/uploads\/2012\/06\/DSC00609_klein.jpg 1024w, https:\/\/www.all-for-all.de\/wp-content\/uploads\/2012\/06\/DSC00609_klein-300x225.jpg 300w, https:\/\/www.all-for-all.de\/wp-content\/uploads\/2012\/06\/DSC00609_klein-400x300.jpg 400w\" sizes=\"auto, (max-width: 1024px) 100vw, 1024px\" \/>Wir kamen\u00a0bereits gegen 14:00 Uhr am Days Inn an. Offiziell w\u00e4re das Zimmer\u00a0ab 16:00 Uhr bezugsfertig gewesen. Aber fragen kann nichts schaden&#8230; dachten wir. \ud83d\ude15\u00a0<br \/>Bevor ich fragen konnte wurden wir von der &#8222;netten&#8220;\u00a0Dame hinter dem Tresen einfach knapp 10 Minuten ignoriert. Unser Gru\u00df wurde nicht erwidert. Stattdessen wurde meiner Meinung nach die laufende Partie Solit\u00e4r am Computer fertig gespielt.<br \/>Als ich dann endlich fragen durfte ob denn vielleicht unser Zimmer schon fertig ist, wurden wir mit &#8222;NO! Maybe in 1 hour!&#8220; abgeblafft. <br \/>Ich sagte ihr dann (immer noch freundlich), dass wir direkt vor der T\u00fcr in unserem Auto warten und fragte ob es m\u00f6glich w\u00e4re, dass man uns Bescheid gibt wenn das Zimmer fertig ist&#8230; Keine Antwort&#8230; <br \/>Ok, dann lass es du unfreundliche *piep* arbeitsscheue *piep* Mistst\u00fcck *piep* *pieeeeeeep*.<\/p>\n<p style=\"text-align: left;\">Da wir ja nun Zeit hatten, begannen wir damit den Dodge &#8222;abgabefertig&#8220; zu machen. Stauf\u00e4cher leeren, lose Gep\u00e4ckst\u00fccke einsammeln, K\u00fchlbox raus, usw, usw.<br \/>Ganz zuf\u00e4llig entdeckte ich dann den b\u00f6sen Reifenschaden hinten links:<\/p>\n<p style=\"text-align: center;\"><img loading=\"lazy\" decoding=\"async\" class=\"aligncenter  wp-image-3052\" title=\"Reifenschaden\" alt=\"Reifenschaden\" src=\"https:\/\/www.all-for-all.de\/wp-content\/uploads\/2012\/06\/DSC00618_klein.jpg\" width=\"1024\" height=\"768\" srcset=\"https:\/\/www.all-for-all.de\/wp-content\/uploads\/2012\/06\/DSC00618_klein.jpg 1024w, https:\/\/www.all-for-all.de\/wp-content\/uploads\/2012\/06\/DSC00618_klein-300x225.jpg 300w, https:\/\/www.all-for-all.de\/wp-content\/uploads\/2012\/06\/DSC00618_klein-400x300.jpg 400w\" sizes=\"auto, (max-width: 1024px) 100vw, 1024px\" \/><\/p>\n<p style=\"text-align: left;\">Holy crap! Ich habe t\u00e4glich unsere Reifen kontrolliert. Auch heute morgen.\u00a0Das h\u00e4tte mir auf jeden Fall auffallen m\u00fcssen. Mit ziemlicher Sicherheit stammt der Schaden von heute. Aber so gr\u00fcndlich ich auch nachdenke &#8230;\u00a0ich w\u00fcsste nicht\u00a0wo das passiert sein k\u00f6nnte. <br \/>Naja, nun ist es ja auch egal. Morgen geben wir den Wagen ab. Aber so ist ein letzter Ausflug durch New Orleans gestorben. Wir wollen es nicht darauf anlegen, am letzten Tag noch einen platten Reifen zu haben. Schade, aber nicht zu \u00e4ndern.<\/p>\n<p style=\"text-align: left;\">Es war bereits fast 15:30 Uhr als der Dodge komplett leer war. Die Stunde die wir auf das Zimmer warten sollten war l\u00e4ngst um. Also bin ich wieder an die Rezeption und&#8230; wurde wieder ignoriert. Dieses Mal war die Kollegin f\u00fcr etwa 10 Minuten wichtiger als die Kundschaft. <br \/>Gut, irgendwann hatten wir endlich unsere Schl\u00fcsselkarten und konnten unser gesamtes Gep\u00e4ck aufs Zimmer schleifen. Das Zimmer\u00a0ist im allerletzten Eck des Hotels und die Sauberkeit sowie die Einrichtung sind absolut grenzwertig!<br \/>Da aber wenigstens die Betten in Ordnung sind, wollen wir keinen Aufstand machen.<\/p>\n<p style=\"text-align: left;\">Zum Gl\u00fcck ist im gleichen Geb\u00e4ude ein &#8222;Denny`s&#8220; untergebracht und wir konnten zum Essen laufen. Ich traue dem Reifen keinen Meter mehr. Hoffentlich h\u00e4lt der morgen noch den Weg bis zur Mietwagenstation durch. \ud83d\ude2f<\/p>\n<p style=\"text-align: left;\">Jetzt nach dem Essen, wieder im Hotelzimmer, ist &#8222;packen&#8220; angesagt.\u00a0Wir haben wie bei einem Transatlantikflug je 1 Gep\u00e4ckst\u00fcck \u00e1 23kg\u00a0frei. Weiteres Gep\u00e4ck oder \u00dcbergewicht wird teuer. Vom Gewicht her sollte alles passen &#8230; das Volumen\u00a0ist das Problem. <img src=\"https:\/\/www.all-for-all.de\/wp-includes\/images\/smilies\/mrgreen.png\" alt=\":mrgreen:\" class=\"wp-smiley\" style=\"height: 1em; max-height: 1em;\" \/><\/p>\n<p style=\"text-align: left;\">Nebenbei l\u00e4uft permanent der Weatherchannel. Die Ereignisse scheinen sich zu \u00fcberschlagen. \u00dcberschwemmungen durch Starkregen in mehreren St\u00e4dten in Florida, durch den Sturm besch\u00e4digte H\u00e4user&#8230; sogar mehrere Tornadowarnungen hat es heute in Florida gegeben.<br \/>Hoffentlich kann die Maschine morgen \u00fcberhaupt fliegen. Bis jetzt sieht es laut der Webseite von South-West gut aus. Hoffen wir das Beste.<\/p>\n<p style=\"text-align: left;\">Absolut grotesk sind die errechneten Wege von Debby der verschiedenen Wettercomputer. Man sollte meinen, dass im Jahr 2012 die Berechnungen halbwegs \u00e4hnlich sind. Aber das was im Fernsehen gezeigt wird&#8230; l\u00e4cherlich. Ich vermute man hat einem Schimpansen ein paar Buntstifte gegeben:<\/p>\n<p style=\"text-align: center;\"><img loading=\"lazy\" decoding=\"async\" class=\"aligncenter  wp-image-3056\" title=\"Diverse Vorhersagen \u00fcber die Route von Debby\" alt=\"Diverse Vorhersagen \u00fcber die Route von Debby\" src=\"https:\/\/www.all-for-all.de\/wp-content\/uploads\/2012\/06\/Debby.jpg\" width=\"867\" height=\"425\" srcset=\"https:\/\/www.all-for-all.de\/wp-content\/uploads\/2012\/06\/Debby.jpg 867w, https:\/\/www.all-for-all.de\/wp-content\/uploads\/2012\/06\/Debby-300x147.jpg 300w, https:\/\/www.all-for-all.de\/wp-content\/uploads\/2012\/06\/Debby-500x245.jpg 500w\" sizes=\"auto, (max-width: 867px) 100vw, 867px\" \/><\/p>\n<p style=\"text-align: left;\">Immerhin zeigt keine der berechneten Routen in Richtung S\/W Florida. Aber nach diesem Bild halte ich alles f\u00fcr m\u00f6glich&#8230; \ud83d\ude06<\/p>\n<p style=\"text-align: left;\">Unser Flug soll morgen um 11:50\u00a0Uhr starten und um 14:40 Uhr Ortszeit in Orlando landen. Das bedeutet, dass wir etwa um 10:00 Uhr unser Gep\u00e4ck aufgeben sollten. Vorher aber noch fr\u00fchst\u00fccken und den Mietwagen abgeben&#8230; der Wecker steht auf 07:00 Uhr. Das sollte passen. \ud83d\ude09<\/p>\n<p style=\"text-align: left;\">Achja: Heute gefahrene Strecke: 284,13km<\/p>\n<p style=\"text-align: left;\"><img loading=\"lazy\" decoding=\"async\" class=\"aligncenter size-full wp-image-3060\" alt=\"Logger28\" src=\"https:\/\/www.all-for-all.de\/wp-content\/uploads\/2012\/06\/Logger28.jpg\" width=\"651\" height=\"658\" srcset=\"https:\/\/www.all-for-all.de\/wp-content\/uploads\/2012\/06\/Logger28.jpg 651w, https:\/\/www.all-for-all.de\/wp-content\/uploads\/2012\/06\/Logger28-296x300.jpg 296w\" sizes=\"auto, (max-width: 651px) 100vw, 651px\" \/><\/p>\n<p style=\"text-align: left;\">Viele Gr\u00fc\u00dfe<br \/>Joa<\/p>\n<p style=\"text-align: left;\">Zur\u00fcck zu: <a title=\"22.06.2012, Orange Beach \u2013 Hattiesburg\" href=\"https:\/\/www.all-for-all.de\/?page_id=2892\">22.06.2012, Orange Beach \u2013 Hattiesburg<\/a><br \/>Weiter zu: <a title=\"24.06.2012, New Orleans \u2013 Orlando \u2013 Cape Coral\" href=\"https:\/\/www.all-for-all.de\/?page_id=2898\">24.06.2012, New Orleans \u2013 Orlando \u2013 Cape Coral<\/a><\/p>\n","protected":false},"excerpt":{"rendered":"<p>Nun ist es amtlich. Das tropische Tief ist keines mehr. Es\u00a0wurde offiziell zum Tropensturm hochgestuft und tr\u00e4gt jetzt den Namen &#8222;Debby&#8220;.Na prima! Nach dem Fr\u00fchst\u00fcck im Hotel haben wir uns noch ein Zimmer f\u00fcr die letzte Nacht in New Orleans &hellip; <a href=\"https:\/\/www.all-for-all.de\/?page_id=2895\">Weiterlesen <span class=\"meta-nav\">&rarr;<\/span><\/a><\/p>\n","protected":false},"author":2,"featured_media":0,"parent":0,"menu_order":0,"comment_status":"closed","ping_status":"open","template":"","meta":{"footnotes":""},"class_list":["post-2895","page","type-page","status-publish","hentry"],"jetpack_sharing_enabled":true,"_links":{"self":[{"href":"https:\/\/www.all-for-all.de\/index.php?rest_route=\/wp\/v2\/pages\/2895","targetHints":{"allow":["GET"]}}],"collection":[{"href":"https:\/\/www.all-for-all.de\/index.php?rest_route=\/wp\/v2\/pages"}],"about":[{"href":"https:\/\/www.all-for-all.de\/index.php?rest_route=\/wp\/v2\/types\/page"}],"author":[{"embeddable":true,"href":"https:\/\/www.all-for-all.de\/index.php?rest_route=\/wp\/v2\/users\/2"}],"replies":[{"embeddable":true,"href":"https:\/\/www.all-for-all.de\/index.php?rest_route=%2Fwp%2Fv2%2Fcomments&post=2895"}],"version-history":[{"count":0,"href":"https:\/\/www.all-for-all.de\/index.php?rest_route=\/wp\/v2\/pages\/2895\/revisions"}],"wp:attachment":[{"href":"https:\/\/www.all-for-all.de\/index.php?rest_route=%2Fwp%2Fv2%2Fmedia&parent=2895"}],"curies":[{"name":"wp","href":"https:\/\/api.w.org\/{rel}","templated":true}]}}