{"id":2892,"date":"2012-06-22T02:59:42","date_gmt":"2012-06-22T02:59:42","guid":{"rendered":"http:\/\/www.all-for-all.de\/?page_id=2892"},"modified":"2013-05-28T17:47:26","modified_gmt":"2013-05-28T17:47:26","slug":"22-06-2012-orange-beach-hattiesburg","status":"publish","type":"page","link":"https:\/\/www.all-for-all.de\/?page_id=2892","title":{"rendered":"22.06.2012, Orange Beach &#8211; Hattiesburg"},"content":{"rendered":"<p>Vergangene Nacht war nicht daran zu denken die Balkont\u00fcre ge\u00f6ffnet zu lassen. Es weht\u00a0permanent ein\u00a0relativ starker Wind.<\/p>\n<p>Der erste Griff heute Morgen ging zur TV Fernbedienung. Der Weatherchannel hatte keine wirklich neuen Infos. Das Tief h\u00e4ngt fest und wird st\u00e4rker. Anscheinend gibt es in Florida bereits immer wieder heftige Regenf\u00e4lle.<\/p>\n<p>Die Entfernung nach Hattiesburg\u00a0h\u00e4tte laut TomTom auf dem direktesten Weg knapp 260km betragen. Wir wollten aber immer sch\u00f6n an der K\u00fcste entlang fahren. Da wir den ganzen Tag Zeit hatten gingen wir die Strecke ganz gem\u00fctlich an. Wo es etwas zu sehen gab hielten wir an.<br \/>Bei Pascagoula entdeckten wir in einer Werft ein Kriegsschiff das beinahe fertig war.<\/p>\n<p style=\"text-align: center;\"><img loading=\"lazy\" decoding=\"async\" class=\"aligncenter  wp-image-3034\" title=\"Kriegsschiff im Bau\" alt=\"Kriegsschiff im Bau\" src=\"https:\/\/www.all-for-all.de\/wp-content\/uploads\/2012\/06\/DSC00572_klein.jpg\" width=\"1024\" height=\"768\" srcset=\"https:\/\/www.all-for-all.de\/wp-content\/uploads\/2012\/06\/DSC00572_klein.jpg 1024w, https:\/\/www.all-for-all.de\/wp-content\/uploads\/2012\/06\/DSC00572_klein-300x225.jpg 300w, https:\/\/www.all-for-all.de\/wp-content\/uploads\/2012\/06\/DSC00572_klein-400x300.jpg 400w\" sizes=\"auto, (max-width: 1024px) 100vw, 1024px\" \/><\/p>\n<p>Der n\u00e4chste Stopp war in Biloxi bei <a title=\"Bop`s Frozen Custard\" href=\"http:\/\/www.bopsfrozencustard.com\/\" target=\"_blank\">Bop`s Frozen Custard. <\/a>Hier musste ich ein T-Shirt f\u00fcr &#8222;Mr. Meilenschinder&#8220; (Insider-Scherz) besorgen. \ud83d\ude09<br \/>&#8222;Anna Banana&#8220;! &#8230; mhmmm lecker!<\/p>\n<p>Als wir zu den St\u00e4dtchen &#8222;Bay St Louis&#8220;, &#8222;Waveland&#8220; und &#8222;Clermont Harbor&#8220; kamen, sahen wir etwas mit dem wir im Jahr 2012\u00a0nie mehr gerechnet h\u00e4tten.<br \/>Selbst fast 7 Jahre nach Hurrikan Katrina stehen hier kaum H\u00e4user. Diese Orte wurden eigentlich nicht mehr aufgebaut. Ein paar neue H\u00e4user&#8230; das ja. Aber ansonsten \u00fcberwiegend nur leere Betonfundamente oder Mauerreste. Selbst die Pflanzen und B\u00e4ume haben sich noch nicht wieder g\u00e4nzlich erholt. Kahle und abgestorbene Baumst\u00e4mme \u00fcberall. In den Medien sah man immer nur die Sch\u00e4den in New Orleans. Die Wucht des Sturms und der Wassermassen war hier so enorm, dass von einer Bank nur der \u00e4u\u00dferst stabile Tresorraum samt dicker Tresort\u00fcr \u00fcbrig geblieben ist. Dieser wurde allerdings um mehrere Meter versetzt. &#8222;Normale&#8220; H\u00e4user hatten keine Chance. Kaum vorstellbar was hier abgegangen sein muss&#8230;<\/p>\n<p style=\"text-align: left;\"><img loading=\"lazy\" decoding=\"async\" class=\"aligncenter  wp-image-3037\" title=\"Tresorraum\" alt=\"Tresorraum\" src=\"https:\/\/www.all-for-all.de\/wp-content\/uploads\/2012\/06\/DSC00575_klein.jpg\" width=\"1024\" height=\"768\" srcset=\"https:\/\/www.all-for-all.de\/wp-content\/uploads\/2012\/06\/DSC00575_klein.jpg 1024w, https:\/\/www.all-for-all.de\/wp-content\/uploads\/2012\/06\/DSC00575_klein-300x225.jpg 300w, https:\/\/www.all-for-all.de\/wp-content\/uploads\/2012\/06\/DSC00575_klein-400x300.jpg 400w\" sizes=\"auto, (max-width: 1024px) 100vw, 1024px\" \/>Dieses Schild sagt eigentlich alles:<\/p>\n<p style=\"text-align: left;\"><img loading=\"lazy\" decoding=\"async\" class=\"aligncenter  wp-image-3038\" title=\"RIP Hancock County\" alt=\"RIP Hancock County\" src=\"https:\/\/www.all-for-all.de\/wp-content\/uploads\/2012\/06\/DSC00584_klein.jpg\" width=\"1024\" height=\"768\" srcset=\"https:\/\/www.all-for-all.de\/wp-content\/uploads\/2012\/06\/DSC00584_klein.jpg 1024w, https:\/\/www.all-for-all.de\/wp-content\/uploads\/2012\/06\/DSC00584_klein-300x225.jpg 300w, https:\/\/www.all-for-all.de\/wp-content\/uploads\/2012\/06\/DSC00584_klein-400x300.jpg 400w\" sizes=\"auto, (max-width: 1024px) 100vw, 1024px\" \/>Weil es so viel zu sehen gab und weil wir heute irgendwie die Langsamsten auf der Stra\u00dfe waren, kamen wir\u00a0erst gegen 19:30 Uhr im Hampton Inn in Hattiesburg an.\u00a0Und zwar mit m\u00e4chtigem Hunger!\u00a0<br \/>Zu unserer angenehmen \u00dcberraschung befindet sich direkt neben dem Hotel ein <a title=\"Outback Steakhouse\" href=\"http:\/\/www.outback.com\/restaurant\/locations\/MS\/Hattiesburg\/Hattiesburg\/Index.aspx\" target=\"_blank\">Outback Steakhouse<\/a>! Jaaaaaa! Fettes 12-Unzen Steak mit Horseradish-Kruste, dazu einen Caesar Salat und ein eiskaltes Bud! Ok.. 2 Bud! (Wenn das Auto schon nicht dabei ist)\u00a0 \ud83d\ude08<\/p>\n<p style=\"text-align: left;\">Nach dem Essen direkt in die Dusche und dann in das perfekte Hampton Inn &#8211; Bett. Das hat was&#8230; Die Nachrichten \u00fcber das tropische Tief im Weatherchannel klingen so gleich viel weniger bedrohlich. <img src=\"https:\/\/www.all-for-all.de\/wp-includes\/images\/smilies\/mrgreen.png\" alt=\":mrgreen:\" class=\"wp-smiley\" style=\"height: 1em; max-height: 1em;\" \/><br \/>&#8222;blabla nimmt zu&#8230; bla Unwetter&#8230; blabla Starkregen&#8230;&#8220;<br \/>Ist ja gut! Wir k\u00f6nnen es leider auch nicht \u00e4ndern!\u00a0Es ist sp\u00e4t und wir sind m\u00fcde. Nun geht`s ins Bett. Wir lassen uns \u00fcberraschen wie es morgen aussieht. \ud83d\ude0e<\/p>\n<p style=\"text-align: left;\">Achja: Die Gefahrene Strecke heute: 435,33km<\/p>\n<p style=\"text-align: center;\"><img loading=\"lazy\" decoding=\"async\" class=\"aligncenter  wp-image-3041\" title=\"GPS Logger\" alt=\"GPS Logger\" src=\"https:\/\/www.all-for-all.de\/wp-content\/uploads\/2012\/06\/Logger27-1024x582.jpg\" width=\"584\" height=\"331\" srcset=\"https:\/\/www.all-for-all.de\/wp-content\/uploads\/2012\/06\/Logger27-1024x582.jpg 1024w, https:\/\/www.all-for-all.de\/wp-content\/uploads\/2012\/06\/Logger27-300x170.jpg 300w, https:\/\/www.all-for-all.de\/wp-content\/uploads\/2012\/06\/Logger27-500x284.jpg 500w, https:\/\/www.all-for-all.de\/wp-content\/uploads\/2012\/06\/Logger27.jpg 1092w\" sizes=\"auto, (max-width: 584px) 100vw, 584px\" \/><\/p>\n<p style=\"text-align: left;\">Morgen geht es zur\u00fcck nach New Orleans.\u00a0<\/p>\n<p style=\"text-align: left;\">Viele Gr\u00fc\u00dfe<br \/>Joa<\/p>\n<p style=\"text-align: left;\">Zur\u00fcck zu: <a title=\"21.06.2012, Orange Beach\" href=\"https:\/\/www.all-for-all.de\/?page_id=2887\">21.06.2012, Orange Beach<\/a><br \/>Weiter zu: <a title=\"23.06.2012, Hattiesburg \u2013 New Orleans\" href=\"https:\/\/www.all-for-all.de\/?page_id=2895\">23.06.2012, Hattiesburg \u2013 New Orleans<\/a><\/p>\n","protected":false},"excerpt":{"rendered":"<p>Vergangene Nacht war nicht daran zu denken die Balkont\u00fcre ge\u00f6ffnet zu lassen. Es weht\u00a0permanent ein\u00a0relativ starker Wind. Der erste Griff heute Morgen ging zur TV Fernbedienung. Der Weatherchannel hatte keine wirklich neuen Infos. Das Tief h\u00e4ngt fest und wird st\u00e4rker. &hellip; <a href=\"https:\/\/www.all-for-all.de\/?page_id=2892\">Weiterlesen <span class=\"meta-nav\">&rarr;<\/span><\/a><\/p>\n","protected":false},"author":2,"featured_media":0,"parent":0,"menu_order":0,"comment_status":"closed","ping_status":"open","template":"","meta":{"footnotes":""},"class_list":["post-2892","page","type-page","status-publish","hentry"],"jetpack_sharing_enabled":true,"_links":{"self":[{"href":"https:\/\/www.all-for-all.de\/index.php?rest_route=\/wp\/v2\/pages\/2892","targetHints":{"allow":["GET"]}}],"collection":[{"href":"https:\/\/www.all-for-all.de\/index.php?rest_route=\/wp\/v2\/pages"}],"about":[{"href":"https:\/\/www.all-for-all.de\/index.php?rest_route=\/wp\/v2\/types\/page"}],"author":[{"embeddable":true,"href":"https:\/\/www.all-for-all.de\/index.php?rest_route=\/wp\/v2\/users\/2"}],"replies":[{"embeddable":true,"href":"https:\/\/www.all-for-all.de\/index.php?rest_route=%2Fwp%2Fv2%2Fcomments&post=2892"}],"version-history":[{"count":0,"href":"https:\/\/www.all-for-all.de\/index.php?rest_route=\/wp\/v2\/pages\/2892\/revisions"}],"wp:attachment":[{"href":"https:\/\/www.all-for-all.de\/index.php?rest_route=%2Fwp%2Fv2%2Fmedia&parent=2892"}],"curies":[{"name":"wp","href":"https:\/\/api.w.org\/{rel}","templated":true}]}}