{"id":2887,"date":"2012-06-21T23:59:09","date_gmt":"2012-06-21T23:59:09","guid":{"rendered":"http:\/\/www.all-for-all.de\/?page_id=2887"},"modified":"2013-05-30T10:35:26","modified_gmt":"2013-05-30T10:35:26","slug":"21-06-2012-orange-beach","status":"publish","type":"page","link":"https:\/\/www.all-for-all.de\/?page_id=2887","title":{"rendered":"21.06.2012, Orange Beach"},"content":{"rendered":"<p>Es gibt nicht viel zu schreiben heute.<br \/>Wir haben vergangene Nacht einen Stuhl in die offene Balkont\u00fcr geklemmt, die Klimaanlage ausgeschaltet und\u00a0bei herrlichem Meeresrauschen geschlafen. Zumindest bis gegen 04:00 Uhr. Dann war die unglaubliche Schw\u00fcle nicht mehr zu ertragen. Also T\u00fcr zu und Klima an&#8230; <img src=\"https:\/\/www.all-for-all.de\/wp-includes\/images\/smilies\/mrgreen.png\" alt=\":mrgreen:\" class=\"wp-smiley\" style=\"height: 1em; max-height: 1em;\" \/><\/p>\n<p>Heute sind wir nur ein wenig die Uferstra\u00dfe auf und ab gefahren und wir waren an diversen Str\u00e4nden. Die Grenze zwischen Alabama und Florida verl\u00e4uft ganz in der N\u00e4he. Lustig ist, dass beide Bundesstaaten kurz vor dem \u00dcberqueren der Grenze Werbung f\u00fcr ihre g\u00fcnstigen Steuern machen und man soll doch am Besten noch vor der Grenze einkaufen oder tanken. \ud83d\ude09<\/p>\n<p>Baden ging irgendwie gar nicht. Es war zwar bestes Wetter aber der Wind war viel zu stark. Es herrschte am Strand beinahe ein Sandstrahlgebl\u00e4se und es war richtig unangenehm. Ob das schon etwas mit dem sich n\u00e4hernden tropischen Tief zu tun hat?<\/p>\n<p style=\"text-align: left;\"><img loading=\"lazy\" decoding=\"async\" class=\"aligncenter  wp-image-3015\" title=\"Golf von Mexico bei Orange Beach\" alt=\"Golf von Mexico bei Orange Beach\" src=\"https:\/\/www.all-for-all.de\/wp-content\/uploads\/2012\/06\/DSC00561_klein.jpg\" width=\"1024\" height=\"768\" srcset=\"https:\/\/www.all-for-all.de\/wp-content\/uploads\/2012\/06\/DSC00561_klein.jpg 1024w, https:\/\/www.all-for-all.de\/wp-content\/uploads\/2012\/06\/DSC00561_klein-300x225.jpg 300w, https:\/\/www.all-for-all.de\/wp-content\/uploads\/2012\/06\/DSC00561_klein-400x300.jpg 400w\" sizes=\"auto, (max-width: 1024px) 100vw, 1024px\" \/><img loading=\"lazy\" decoding=\"async\" class=\"aligncenter  wp-image-3016\" title=\"Golf von Mexico bei Orange Beach\" alt=\"Golf von Mexico bei Orange Beach\" src=\"https:\/\/www.all-for-all.de\/wp-content\/uploads\/2012\/06\/DSC00563_klein.jpg\" width=\"1024\" height=\"768\" srcset=\"https:\/\/www.all-for-all.de\/wp-content\/uploads\/2012\/06\/DSC00563_klein.jpg 1024w, https:\/\/www.all-for-all.de\/wp-content\/uploads\/2012\/06\/DSC00563_klein-300x225.jpg 300w, https:\/\/www.all-for-all.de\/wp-content\/uploads\/2012\/06\/DSC00563_klein-400x300.jpg 400w\" sizes=\"auto, (max-width: 1024px) 100vw, 1024px\" \/><img loading=\"lazy\" decoding=\"async\" class=\"aligncenter  wp-image-3014\" title=\"Golf von Mexico bei Orange Beach\" alt=\"Golf von Mexico bei Orange Beach\" src=\"https:\/\/www.all-for-all.de\/wp-content\/uploads\/2012\/06\/DSC00565_klein.jpg\" width=\"1024\" height=\"768\" srcset=\"https:\/\/www.all-for-all.de\/wp-content\/uploads\/2012\/06\/DSC00565_klein.jpg 1024w, https:\/\/www.all-for-all.de\/wp-content\/uploads\/2012\/06\/DSC00565_klein-300x225.jpg 300w, https:\/\/www.all-for-all.de\/wp-content\/uploads\/2012\/06\/DSC00565_klein-400x300.jpg 400w\" sizes=\"auto, (max-width: 1024px) 100vw, 1024px\" \/>Am fr\u00fchen Nachmittag haben wir uns aufs\u00a0Hotelzimmer verzogen um die Wetterlage genauer zu beobachten und um zu \u00fcberlegen was wir machen,\u00a0falls das richtig schlimm werden sollte.<\/p>\n<p style=\"text-align: left;\">Die\u00a0Sachlage ist eigentlich unver\u00e4ndert. Das tropische Tief h\u00e4ngt im Golf von Mexico an der Westk\u00fcste Floridas. Die Zuggeschwindigkeit\u00a0ist\u00a0sehr gering (6 &#8211; 10mph). Die Intensit\u00e4t nimmt aber weiter zu. Mittlerweile sind sich die Meteorologen einig. Das tropische Tief wird mit Sicherheit noch zum Tropensturm hochgestuft. Der Name f\u00fcr den Sturm (wenn es tats\u00e4chlich so weit kommt) ist auch schon bekannt: <strong>&#8222;Debby&#8220; <\/strong> \ud83d\udc7f<\/p>\n<p style=\"text-align: left;\">Unser Flug von New Orleans nach Orlando geht am 24. Juni. Unseren Dodge sind wir auch am 24. los. Das sind noch drei Tage. Da kann noch jede Menge passieren.\u00a0Einfach abwarten wie es kommt. <br \/>Ein Flug ist schnell umgebucht, ein Mietwagen schnell besorgt. Bl\u00f6d w\u00e4re es nur, wenn wir nicht in unser gemietetes Haus einziehen k\u00f6nnen. Alles andere l\u00e4sst sich regeln.<\/p>\n<p style=\"text-align: left;\">Abendessen gab es heute wieder auf dem Balkon.<\/p>\n<p style=\"text-align: left;\">Ausnahmsweise haben wir uns schon heute auf unser morgiges Ziel festgelegt: <br \/>Hattiesburg! Und ein Zimmer im dortigen Hampton Inn haben wir auch schon. \ud83d\ude0e<\/p>\n<p style=\"text-align: left;\">Das heutige Auf und Ab auf der Uferstra\u00dfe hat sich doch tats\u00e4chlich mit fast genau 100km auf dem Kilometerz\u00e4hler verewigt.<\/p>\n<p style=\"text-align: left;\"><img loading=\"lazy\" decoding=\"async\" class=\"aligncenter size-full wp-image-3023\" alt=\"Logger26\" src=\"https:\/\/www.all-for-all.de\/wp-content\/uploads\/2012\/06\/Logger26.jpg\" width=\"975\" height=\"448\" srcset=\"https:\/\/www.all-for-all.de\/wp-content\/uploads\/2012\/06\/Logger26.jpg 975w, https:\/\/www.all-for-all.de\/wp-content\/uploads\/2012\/06\/Logger26-300x137.jpg 300w, https:\/\/www.all-for-all.de\/wp-content\/uploads\/2012\/06\/Logger26-500x229.jpg 500w\" sizes=\"auto, (max-width: 975px) 100vw, 975px\" \/><\/p>\n<p style=\"text-align: left;\">Viele Gr\u00fc\u00dfe<br \/>Joa<\/p>\n<p style=\"text-align: left;\">Zur\u00fcck zu: <a title=\"20.06.2012, New Orleans \u2013 Biloxi \u2013 Mobile \u2013 Orange Beach\" href=\"https:\/\/www.all-for-all.de\/?page_id=2883\">20.06.2012, New Orleans \u2013 Biloxi \u2013 Mobile \u2013 Orange Beach<\/a><br \/>Weiter zu: <a title=\"22.06.2012, Orange Beach \u2013 Hattiesburg\" href=\"https:\/\/www.all-for-all.de\/?page_id=2892\">22.06.2012, Orange Beach \u2013 Hattiesburg<\/a><\/p>\n","protected":false},"excerpt":{"rendered":"<p>Es gibt nicht viel zu schreiben heute.Wir haben vergangene Nacht einen Stuhl in die offene Balkont\u00fcr geklemmt, die Klimaanlage ausgeschaltet und\u00a0bei herrlichem Meeresrauschen geschlafen. Zumindest bis gegen 04:00 Uhr. Dann war die unglaubliche Schw\u00fcle nicht mehr zu ertragen. Also T\u00fcr &hellip; <a href=\"https:\/\/www.all-for-all.de\/?page_id=2887\">Weiterlesen <span class=\"meta-nav\">&rarr;<\/span><\/a><\/p>\n","protected":false},"author":2,"featured_media":0,"parent":0,"menu_order":0,"comment_status":"closed","ping_status":"open","template":"","meta":{"footnotes":""},"class_list":["post-2887","page","type-page","status-publish","hentry"],"jetpack_sharing_enabled":true,"_links":{"self":[{"href":"https:\/\/www.all-for-all.de\/index.php?rest_route=\/wp\/v2\/pages\/2887","targetHints":{"allow":["GET"]}}],"collection":[{"href":"https:\/\/www.all-for-all.de\/index.php?rest_route=\/wp\/v2\/pages"}],"about":[{"href":"https:\/\/www.all-for-all.de\/index.php?rest_route=\/wp\/v2\/types\/page"}],"author":[{"embeddable":true,"href":"https:\/\/www.all-for-all.de\/index.php?rest_route=\/wp\/v2\/users\/2"}],"replies":[{"embeddable":true,"href":"https:\/\/www.all-for-all.de\/index.php?rest_route=%2Fwp%2Fv2%2Fcomments&post=2887"}],"version-history":[{"count":0,"href":"https:\/\/www.all-for-all.de\/index.php?rest_route=\/wp\/v2\/pages\/2887\/revisions"}],"wp:attachment":[{"href":"https:\/\/www.all-for-all.de\/index.php?rest_route=%2Fwp%2Fv2%2Fmedia&parent=2887"}],"curies":[{"name":"wp","href":"https:\/\/api.w.org\/{rel}","templated":true}]}}