{"id":2876,"date":"2012-06-19T23:59:37","date_gmt":"2012-06-19T23:59:37","guid":{"rendered":"http:\/\/www.all-for-all.de\/?page_id=2876"},"modified":"2013-05-30T10:29:55","modified_gmt":"2013-05-30T10:29:55","slug":"19-06-2012-new-orleans","status":"publish","type":"page","link":"https:\/\/www.all-for-all.de\/?page_id=2876","title":{"rendered":"19.06.2012, New Orleans"},"content":{"rendered":"<p>Zum Gl\u00fcck sind wir im Urlaub Fr\u00fchaufsteher. P\u00fcnktlich um 08:00 Uhr, als wir gerade mit dem Fr\u00fchst\u00fcck fertig waren, ging der Baul\u00e4rm wieder los.<\/p>\n<p>Wir fuhren direkt ins French Quarter von New Orleans und suchten uns einen Parkplatz nahe am Fluss. Vorab hatten wir gelesen, dass die Parkpl\u00e4tze dort knapp und teuer w\u00e4ren. Obendrein wird man schnell abgeschleppt und die Strafen f\u00fcr Falschparker seien empfindlich hoch.<br \/>Abgesperrte Gel\u00e4nde auf welchen man f\u00fcr Geld parken kann gibt es jede Menge. Und um diese Uhrzeit waren mehr als genug Parkpl\u00e4tze frei. Allerdings kann ich mir gut vorstellen dass es abends, wenn hier der B\u00e4r steppt, schwer wird einen freien Stellplatz zu finden.<br \/>Wir stellten unser Auto bei der Jackson Brewery ab. Hier wird nach geparkten Stunden abgerechnet. Die Stunde kostet 2,50 $ (was wir nicht als besonders teuer empfanden).\u00a0<\/p>\n<p style=\"text-align: center;\"><img loading=\"lazy\" decoding=\"async\" class=\"aligncenter  wp-image-2930\" title=\"Parkplatz\" alt=\"Parkplatz\" src=\"https:\/\/www.all-for-all.de\/wp-content\/uploads\/2012\/06\/DSC00428_klein.jpg\" width=\"1024\" height=\"768\" srcset=\"https:\/\/www.all-for-all.de\/wp-content\/uploads\/2012\/06\/DSC00428_klein.jpg 1024w, https:\/\/www.all-for-all.de\/wp-content\/uploads\/2012\/06\/DSC00428_klein-300x225.jpg 300w, https:\/\/www.all-for-all.de\/wp-content\/uploads\/2012\/06\/DSC00428_klein-400x300.jpg 400w\" sizes=\"auto, (max-width: 1024px) 100vw, 1024px\" \/><\/p>\n<p>Unser erster Weg f\u00fchrte uns direkt zum Ticketverkauf f\u00fcr das <a title=\"Steamboat Natchez\" href=\"http:\/\/www.steamboatnatchez.com\/\" target=\"_blank\">Steamboat Natchez. <\/a>Wenn man am `Ol man river ist, dann <span style=\"text-decoration: underline;\">MUSS<\/span> man unbedingt auch einmal mit einem Raddampfer fahren. Die Natchez ist das letzte &#8222;echte&#8220; Dampfschiff und wird tat\u00e4chlich noch per Dampf angetrieben. Nat\u00fcrlich nicht mehr durch Kohlebefeuerung.<\/p>\n<p style=\"text-align: center;\"><img loading=\"lazy\" decoding=\"async\" class=\"aligncenter  wp-image-2927\" title=\"Steamboat Natchez\" alt=\"Steamboat Natchez\" src=\"https:\/\/www.all-for-all.de\/wp-content\/uploads\/2012\/06\/DSC00425_klein.jpg\" width=\"1024\" height=\"768\" srcset=\"https:\/\/www.all-for-all.de\/wp-content\/uploads\/2012\/06\/DSC00425_klein.jpg 1024w, https:\/\/www.all-for-all.de\/wp-content\/uploads\/2012\/06\/DSC00425_klein-300x225.jpg 300w, https:\/\/www.all-for-all.de\/wp-content\/uploads\/2012\/06\/DSC00425_klein-400x300.jpg 400w\" sizes=\"auto, (max-width: 1024px) 100vw, 1024px\" \/><\/p>\n<p>Wir w\u00e4hlten die reine Rundfahrt ohne Dinner (Harbor Jazz Cruise) und bezahlten 27,50 $ pro Kopf. <br \/>Diese Rundfahrt findet zweimal am Tag statt. Die erste Rundfahrt, also die f\u00fcr die wir die Karten gekauft haben, startet um 11:30 Uhr. Das Boarding beginnt um 11:00 Uhr. Die Fahrt dauert ca. 2 Stunden.<\/p>\n<p>Wir hatten also noch sch\u00f6n viel Zeit um ein wenig durch das French Quarter zu laufen und in die vielen Shops zu schauen. Wir brauchten K\u00fchlschrankmagnete, T-Shirts und ganz wichtig: Voodoopuppen! <img src=\"https:\/\/www.all-for-all.de\/wp-includes\/images\/smilies\/mrgreen.png\" alt=\":mrgreen:\" class=\"wp-smiley\" style=\"height: 1em; max-height: 1em;\" \/><\/p>\n<p style=\"text-align: center;\"><img loading=\"lazy\" decoding=\"async\" class=\"aligncenter size-full wp-image-3134\" title=\"New Orleans Voodoopuppe\" alt=\"New Orleans Voodoopuppe\" src=\"https:\/\/www.all-for-all.de\/wp-content\/uploads\/2012\/06\/Voodoopuppe.jpg\" width=\"217\" height=\"417\" srcset=\"https:\/\/www.all-for-all.de\/wp-content\/uploads\/2012\/06\/Voodoopuppe.jpg 217w, https:\/\/www.all-for-all.de\/wp-content\/uploads\/2012\/06\/Voodoopuppe-156x300.jpg 156w\" sizes=\"auto, (max-width: 217px) 100vw, 217px\" \/><\/p>\n<p>Unsere Eink\u00e4ufe (inklusive Voodoopuppen) legten wir ins Auto und stellten uns dann bereits gegen 10:30 Uhr f\u00fcr das Boarding an. Wir wollten gute Sitzpl\u00e4tze am Bug des Boots. W\u00e4hrend wir warteten vertrieb die Natchez den Fahrg\u00e4sten die Zeit durch Melodien die \u00fcber eine Dampforgel gespielt wurden. Naja&#8230; eigentlich kann halb New Orleans zuh\u00f6ren. Ziemlich laut aber gut gemacht! \ud83d\ude09 <br \/>Wir waren sehr weit vorn in der Schlange und dadurch unter den ersten an Board. So konnten wir tolle Pl\u00e4tze auf dem Oberdeck ganz vorn ergattern. Wir hatten sogar eine Art von kleinem Dach. Das war gut, denn die Sonne brannte gegen Mittag m\u00e4chtig und wie immer hatten wir kein Sonnenschutzmittel dabei. \ud83d\ude33<\/p>\n<p style=\"text-align: center;\"><img loading=\"lazy\" decoding=\"async\" class=\"aligncenter  wp-image-2932\" title=\"Auf dem Steamboat Natchez\" alt=\"Auf dem Steamboat Natchez\" src=\"https:\/\/www.all-for-all.de\/wp-content\/uploads\/2012\/06\/DSC00434_klein.jpg\" width=\"1024\" height=\"768\" srcset=\"https:\/\/www.all-for-all.de\/wp-content\/uploads\/2012\/06\/DSC00434_klein.jpg 1024w, https:\/\/www.all-for-all.de\/wp-content\/uploads\/2012\/06\/DSC00434_klein-300x225.jpg 300w, https:\/\/www.all-for-all.de\/wp-content\/uploads\/2012\/06\/DSC00434_klein-400x300.jpg 400w\" sizes=\"auto, (max-width: 1024px) 100vw, 1024px\" \/><\/p>\n<p style=\"text-align: center;\"><img loading=\"lazy\" decoding=\"async\" class=\"aligncenter  wp-image-2933\" title=\"Auf dem Steamboat Natchez\" alt=\"Auf dem Steamboat Natchez\" src=\"https:\/\/www.all-for-all.de\/wp-content\/uploads\/2012\/06\/DSC00433_klein.jpg\" width=\"1024\" height=\"768\" srcset=\"https:\/\/www.all-for-all.de\/wp-content\/uploads\/2012\/06\/DSC00433_klein.jpg 1024w, https:\/\/www.all-for-all.de\/wp-content\/uploads\/2012\/06\/DSC00433_klein-300x225.jpg 300w, https:\/\/www.all-for-all.de\/wp-content\/uploads\/2012\/06\/DSC00433_klein-400x300.jpg 400w\" sizes=\"auto, (max-width: 1024px) 100vw, 1024px\" \/><\/p>\n<p style=\"text-align: center;\"><img loading=\"lazy\" decoding=\"async\" class=\"aligncenter  wp-image-2937\" title=\"Auf dem Steamboat Natchez\" alt=\"Auf dem Steamboat Natchez\" src=\"https:\/\/www.all-for-all.de\/wp-content\/uploads\/2012\/06\/DSC00451_klein.jpg\" width=\"1024\" height=\"768\" srcset=\"https:\/\/www.all-for-all.de\/wp-content\/uploads\/2012\/06\/DSC00451_klein.jpg 1024w, https:\/\/www.all-for-all.de\/wp-content\/uploads\/2012\/06\/DSC00451_klein-300x225.jpg 300w, https:\/\/www.all-for-all.de\/wp-content\/uploads\/2012\/06\/DSC00451_klein-400x300.jpg 400w\" sizes=\"auto, (max-width: 1024px) 100vw, 1024px\" \/><img loading=\"lazy\" decoding=\"async\" class=\"aligncenter  wp-image-2938\" title=\"Auf dem Steamboat Natchez\" alt=\"Auf dem Steamboat Natchez\" src=\"https:\/\/www.all-for-all.de\/wp-content\/uploads\/2012\/06\/DSC00447_klein.jpg\" width=\"1024\" height=\"768\" srcset=\"https:\/\/www.all-for-all.de\/wp-content\/uploads\/2012\/06\/DSC00447_klein.jpg 1024w, https:\/\/www.all-for-all.de\/wp-content\/uploads\/2012\/06\/DSC00447_klein-300x225.jpg 300w, https:\/\/www.all-for-all.de\/wp-content\/uploads\/2012\/06\/DSC00447_klein-400x300.jpg 400w\" sizes=\"auto, (max-width: 1024px) 100vw, 1024px\" \/><\/p>\n<p style=\"text-align: center;\"><img loading=\"lazy\" decoding=\"async\" class=\"aligncenter  wp-image-2942\" title=\"Auf dem Steamboat Natchez\" alt=\"Auf dem Steamboat Natchez\" src=\"https:\/\/www.all-for-all.de\/wp-content\/uploads\/2012\/06\/DSC00454_klein.jpg\" width=\"1024\" height=\"768\" srcset=\"https:\/\/www.all-for-all.de\/wp-content\/uploads\/2012\/06\/DSC00454_klein.jpg 1024w, https:\/\/www.all-for-all.de\/wp-content\/uploads\/2012\/06\/DSC00454_klein-300x225.jpg 300w, https:\/\/www.all-for-all.de\/wp-content\/uploads\/2012\/06\/DSC00454_klein-400x300.jpg 400w\" sizes=\"auto, (max-width: 1024px) 100vw, 1024px\" \/><\/p>\n<p style=\"text-align: left;\"><img loading=\"lazy\" decoding=\"async\" class=\"aligncenter  wp-image-2944\" title=\"Auf dem Steamboat Natchez\" alt=\"Auf dem Steamboat Natchez\" src=\"https:\/\/www.all-for-all.de\/wp-content\/uploads\/2012\/06\/DSC00467_klein.jpg\" width=\"1024\" height=\"768\" srcset=\"https:\/\/www.all-for-all.de\/wp-content\/uploads\/2012\/06\/DSC00467_klein.jpg 1024w, https:\/\/www.all-for-all.de\/wp-content\/uploads\/2012\/06\/DSC00467_klein-300x225.jpg 300w, https:\/\/www.all-for-all.de\/wp-content\/uploads\/2012\/06\/DSC00467_klein-400x300.jpg 400w\" sizes=\"auto, (max-width: 1024px) 100vw, 1024px\" \/>Die Fahrt war klasse und jeden Cent wert.<br \/>Zur\u00fcck\u00a0an Land\u00a0sahen wir dann diesen Kerl:<\/p>\n<p style=\"text-align: center;\"><img loading=\"lazy\" decoding=\"async\" class=\"aligncenter  wp-image-2946\" title=\"Schausteller\" alt=\"Schausteller\" src=\"https:\/\/www.all-for-all.de\/wp-content\/uploads\/2012\/06\/DSC00480_klein.jpg\" width=\"768\" height=\"1024\" srcset=\"https:\/\/www.all-for-all.de\/wp-content\/uploads\/2012\/06\/DSC00480_klein.jpg 768w, https:\/\/www.all-for-all.de\/wp-content\/uploads\/2012\/06\/DSC00480_klein-225x300.jpg 225w\" sizes=\"auto, (max-width: 768px) 100vw, 768px\" \/><\/p>\n<p style=\"text-align: left;\">Auf einem Foto kommt das nicht richtig r\u00fcber. Der Mann stand genau so wie auf dem Bild zu sehen minutenlang, wie in einer Bewegung eingefroren, einfach nur da. Kein zucken,\u00a0kein wackeln und keine Miene verzogen. Alleine die komplizierte Haltung dabei&#8230; Spitze!<\/p>\n<p style=\"text-align: left;\">Wir sind dann nochmals zu Fu\u00df losgezogen um uns das French Quarter ein wenig anzusehen und um ein wenig zu shoppen. Dazu war es aber eigentlich viel zu hei\u00df.<\/p>\n<p style=\"text-align: center;\"><img loading=\"lazy\" decoding=\"async\" class=\"aligncenter  wp-image-2954\" title=\"St Louis Cathedral\" alt=\"St Louis Cathedral\" src=\"https:\/\/www.all-for-all.de\/wp-content\/uploads\/2012\/06\/DSC00481_klein.jpg\" width=\"1024\" height=\"768\" srcset=\"https:\/\/www.all-for-all.de\/wp-content\/uploads\/2012\/06\/DSC00481_klein.jpg 1024w, https:\/\/www.all-for-all.de\/wp-content\/uploads\/2012\/06\/DSC00481_klein-300x225.jpg 300w, https:\/\/www.all-for-all.de\/wp-content\/uploads\/2012\/06\/DSC00481_klein-400x300.jpg 400w\" sizes=\"auto, (max-width: 1024px) 100vw, 1024px\" \/><\/p>\n<p style=\"text-align: center;\"><img loading=\"lazy\" decoding=\"async\" class=\"aligncenter  wp-image-2955\" title=\"Sign\" alt=\"Sign\" src=\"https:\/\/www.all-for-all.de\/wp-content\/uploads\/2012\/06\/DSC00482_klein.jpg\" width=\"1024\" height=\"768\" srcset=\"https:\/\/www.all-for-all.de\/wp-content\/uploads\/2012\/06\/DSC00482_klein.jpg 1024w, https:\/\/www.all-for-all.de\/wp-content\/uploads\/2012\/06\/DSC00482_klein-300x225.jpg 300w, https:\/\/www.all-for-all.de\/wp-content\/uploads\/2012\/06\/DSC00482_klein-400x300.jpg 400w\" sizes=\"auto, (max-width: 1024px) 100vw, 1024px\" \/><\/p>\n<p style=\"text-align: center;\"><img loading=\"lazy\" decoding=\"async\" class=\"aligncenter  wp-image-2956\" title=\"Jazz Band\" alt=\"Jazz Band\" src=\"https:\/\/www.all-for-all.de\/wp-content\/uploads\/2012\/06\/DSC00483_klein.jpg\" width=\"1024\" height=\"768\" srcset=\"https:\/\/www.all-for-all.de\/wp-content\/uploads\/2012\/06\/DSC00483_klein.jpg 1024w, https:\/\/www.all-for-all.de\/wp-content\/uploads\/2012\/06\/DSC00483_klein-300x225.jpg 300w, https:\/\/www.all-for-all.de\/wp-content\/uploads\/2012\/06\/DSC00483_klein-400x300.jpg 400w\" sizes=\"auto, (max-width: 1024px) 100vw, 1024px\" \/><\/p>\n<p style=\"text-align: center;\"><img loading=\"lazy\" decoding=\"async\" class=\"aligncenter  wp-image-2953\" title=\"Founder of New Orleans\" alt=\"Founder of New Orleans\" src=\"https:\/\/www.all-for-all.de\/wp-content\/uploads\/2012\/06\/DSC00485_klein.jpg\" width=\"1024\" height=\"768\" srcset=\"https:\/\/www.all-for-all.de\/wp-content\/uploads\/2012\/06\/DSC00485_klein.jpg 1024w, https:\/\/www.all-for-all.de\/wp-content\/uploads\/2012\/06\/DSC00485_klein-300x225.jpg 300w, https:\/\/www.all-for-all.de\/wp-content\/uploads\/2012\/06\/DSC00485_klein-400x300.jpg 400w\" sizes=\"auto, (max-width: 1024px) 100vw, 1024px\" \/><\/p>\n<p style=\"text-align: center;\"><img loading=\"lazy\" decoding=\"async\" class=\"aligncenter  wp-image-2952\" title=\"French Quarter\" alt=\"French Quarter\" src=\"https:\/\/www.all-for-all.de\/wp-content\/uploads\/2012\/06\/DSC00484_klein.jpg\" width=\"1024\" height=\"768\" srcset=\"https:\/\/www.all-for-all.de\/wp-content\/uploads\/2012\/06\/DSC00484_klein.jpg 1024w, https:\/\/www.all-for-all.de\/wp-content\/uploads\/2012\/06\/DSC00484_klein-300x225.jpg 300w, https:\/\/www.all-for-all.de\/wp-content\/uploads\/2012\/06\/DSC00484_klein-400x300.jpg 400w\" sizes=\"auto, (max-width: 1024px) 100vw, 1024px\" \/><\/p>\n<p style=\"text-align: left;\">Es war so schw\u00fcl und so hei\u00df, dass wir uns dazu entschieden den Spaziergang abzubrechen und mit unserem prima klimatisierten Dodge das French Quarter noch ein wenig zu erkunden.<\/p>\n<p style=\"text-align: center;\"><img loading=\"lazy\" decoding=\"async\" class=\"aligncenter  wp-image-2959\" title=\"French Quarter\" alt=\"French Quarter\" src=\"https:\/\/www.all-for-all.de\/wp-content\/uploads\/2012\/06\/DSC00491_klein.jpg\" width=\"1024\" height=\"768\" srcset=\"https:\/\/www.all-for-all.de\/wp-content\/uploads\/2012\/06\/DSC00491_klein.jpg 1024w, https:\/\/www.all-for-all.de\/wp-content\/uploads\/2012\/06\/DSC00491_klein-300x225.jpg 300w, https:\/\/www.all-for-all.de\/wp-content\/uploads\/2012\/06\/DSC00491_klein-400x300.jpg 400w\" sizes=\"auto, (max-width: 1024px) 100vw, 1024px\" \/><\/p>\n<p style=\"text-align: center;\"><img loading=\"lazy\" decoding=\"async\" class=\"aligncenter  wp-image-2961\" title=\"French Quarter\" alt=\"French Quarter\" src=\"https:\/\/www.all-for-all.de\/wp-content\/uploads\/2012\/06\/DSC00496_klein.jpg\" width=\"1024\" height=\"768\" srcset=\"https:\/\/www.all-for-all.de\/wp-content\/uploads\/2012\/06\/DSC00496_klein.jpg 1024w, https:\/\/www.all-for-all.de\/wp-content\/uploads\/2012\/06\/DSC00496_klein-300x225.jpg 300w, https:\/\/www.all-for-all.de\/wp-content\/uploads\/2012\/06\/DSC00496_klein-400x300.jpg 400w\" sizes=\"auto, (max-width: 1024px) 100vw, 1024px\" \/><\/p>\n<p style=\"text-align: center;\"><img loading=\"lazy\" decoding=\"async\" class=\"aligncenter  wp-image-2960\" title=\"French Quarter\" alt=\"French Quarter\" src=\"https:\/\/www.all-for-all.de\/wp-content\/uploads\/2012\/06\/DSC00493_klein.jpg\" width=\"1024\" height=\"768\" srcset=\"https:\/\/www.all-for-all.de\/wp-content\/uploads\/2012\/06\/DSC00493_klein.jpg 1024w, https:\/\/www.all-for-all.de\/wp-content\/uploads\/2012\/06\/DSC00493_klein-300x225.jpg 300w, https:\/\/www.all-for-all.de\/wp-content\/uploads\/2012\/06\/DSC00493_klein-400x300.jpg 400w\" sizes=\"auto, (max-width: 1024px) 100vw, 1024px\" \/><\/p>\n<p style=\"text-align: center;\"><img loading=\"lazy\" decoding=\"async\" class=\"aligncenter  wp-image-2958\" title=\"New Orleans Police\" alt=\"New Orleans Police\" src=\"https:\/\/www.all-for-all.de\/wp-content\/uploads\/2012\/06\/DSC00505_klein.jpg\" width=\"1024\" height=\"768\" srcset=\"https:\/\/www.all-for-all.de\/wp-content\/uploads\/2012\/06\/DSC00505_klein.jpg 1024w, https:\/\/www.all-for-all.de\/wp-content\/uploads\/2012\/06\/DSC00505_klein-300x225.jpg 300w, https:\/\/www.all-for-all.de\/wp-content\/uploads\/2012\/06\/DSC00505_klein-400x300.jpg 400w\" sizes=\"auto, (max-width: 1024px) 100vw, 1024px\" \/><\/p>\n<p style=\"text-align: left;\">Hier geht abends sicherlich die Post ab&#8230;<\/p>\n<p style=\"text-align: left;\">Gegen 15:00 Uhr fuhren wir zur\u00fcck Richtung Hotel. Aber nicht etwa um uns\u00a0auszuruhen. Nein, wir wollten unbedingt den <a title=\"Lake Pontchartrain Causeway\" href=\"http:\/\/de.wikipedia.org\/wiki\/Lake_Pontchartrain_Causeway\" target=\"_blank\">Lake Pontchartrain Causeway<\/a> fahren.\u00a0<br \/>Die Br\u00fccke scheint\u00a0nicht aufh\u00f6ren zu wollen. Absolut tolle Fahrt! <br \/>(@Dresi: Danke f\u00fcr den Tipp!\u00a0 \ud83d\ude09\u00a0 )\u00a0<\/p>\n<p style=\"text-align: center;\"><img loading=\"lazy\" decoding=\"async\" class=\"aligncenter  wp-image-2966\" title=\"Lake Pontchartrain Causeway\" alt=\"Lake Pontchartrain Causeway\" src=\"https:\/\/www.all-for-all.de\/wp-content\/uploads\/2012\/06\/DSC00509_klein.jpg\" width=\"1024\" height=\"768\" srcset=\"https:\/\/www.all-for-all.de\/wp-content\/uploads\/2012\/06\/DSC00509_klein.jpg 1024w, https:\/\/www.all-for-all.de\/wp-content\/uploads\/2012\/06\/DSC00509_klein-300x225.jpg 300w, https:\/\/www.all-for-all.de\/wp-content\/uploads\/2012\/06\/DSC00509_klein-400x300.jpg 400w\" sizes=\"auto, (max-width: 1024px) 100vw, 1024px\" \/><\/p>\n<p style=\"text-align: center;\"><img loading=\"lazy\" decoding=\"async\" class=\"aligncenter  wp-image-2964\" title=\"Lake Pontchartrain Causeway\" alt=\"Lake Pontchartrain Causeway\" src=\"https:\/\/www.all-for-all.de\/wp-content\/uploads\/2012\/06\/DSC00511_klein.jpg\" width=\"1024\" height=\"768\" srcset=\"https:\/\/www.all-for-all.de\/wp-content\/uploads\/2012\/06\/DSC00511_klein.jpg 1024w, https:\/\/www.all-for-all.de\/wp-content\/uploads\/2012\/06\/DSC00511_klein-300x225.jpg 300w, https:\/\/www.all-for-all.de\/wp-content\/uploads\/2012\/06\/DSC00511_klein-400x300.jpg 400w\" sizes=\"auto, (max-width: 1024px) 100vw, 1024px\" \/><\/p>\n<p style=\"text-align: center;\"><img loading=\"lazy\" decoding=\"async\" class=\"aligncenter  wp-image-2965\" title=\"Lake Pontchartrain Causeway\" alt=\"Lake Pontchartrain Causeway\" src=\"https:\/\/www.all-for-all.de\/wp-content\/uploads\/2012\/06\/DSC00520_klein.jpg\" width=\"1024\" height=\"768\" srcset=\"https:\/\/www.all-for-all.de\/wp-content\/uploads\/2012\/06\/DSC00520_klein.jpg 1024w, https:\/\/www.all-for-all.de\/wp-content\/uploads\/2012\/06\/DSC00520_klein-300x225.jpg 300w, https:\/\/www.all-for-all.de\/wp-content\/uploads\/2012\/06\/DSC00520_klein-400x300.jpg 400w\" sizes=\"auto, (max-width: 1024px) 100vw, 1024px\" \/><\/p>\n<p style=\"text-align: left;\">\u00dcber Mandeville und Slidell schlossen wir den Kreis mit New Orleans.<br \/>Eine Runde um den <a title=\"Mercedes Benz Superdome\" href=\"http:\/\/de.wikipedia.org\/wiki\/Mercedes-Benz_Superdome\" target=\"_blank\">Mercedes Benz Superdome<\/a> musste zum Abschluss auch noch sein.\u00a0Komischerweise haben wir hiervon kein einziges Bild&#8230; \ud83d\ude25<\/p>\n<p style=\"text-align: left;\">Den tollen Tag beendeten wir mit einem Classic Cheeseburger von Denny`s.<\/p>\n<p style=\"text-align: center;\"><img loading=\"lazy\" decoding=\"async\" class=\"aligncenter  wp-image-2968\" title=\"Parken vor Denny`s\" alt=\"Parken vor Denny`s\" src=\"https:\/\/www.all-for-all.de\/wp-content\/uploads\/2012\/06\/DSC00523_klein.jpg\" width=\"1024\" height=\"768\" srcset=\"https:\/\/www.all-for-all.de\/wp-content\/uploads\/2012\/06\/DSC00523_klein.jpg 1024w, https:\/\/www.all-for-all.de\/wp-content\/uploads\/2012\/06\/DSC00523_klein-300x225.jpg 300w, https:\/\/www.all-for-all.de\/wp-content\/uploads\/2012\/06\/DSC00523_klein-400x300.jpg 400w\" sizes=\"auto, (max-width: 1024px) 100vw, 1024px\" \/><\/p>\n<p style=\"text-align: left;\">Verdammt, verdammt, verdammt! Laut Weatherchannel braut sich unten in Florida tats\u00e4chlich etwas dickeres zusammen. Das tropische Tief bewegt sich\u00a0kaum von der Stelle (6mph) und l\u00e4dt sich \u00fcber dem warmen Wasser immer mehr auf. Nach wie vor wei\u00df aber keiner der Meteorologen wie sich die Sache weiter entwickelt. <br \/>Welcher Teil von &#8222;<span style=\"color: #ff0000;\"><strong>Hau ab!<\/strong><\/span>&#8220; ist denn nicht zu verstehen? \ud83d\udc7f<\/p>\n<p style=\"text-align: left;\">Heute gefahrene Strecke (inkl. die Strecke mit dem Steamboat): 248,21km<\/p>\n<p style=\"text-align: center;\"><img loading=\"lazy\" decoding=\"async\" class=\"aligncenter  wp-image-2972\" title=\"GPS Logger\" alt=\"GPS Logger\" src=\"https:\/\/www.all-for-all.de\/wp-content\/uploads\/2012\/06\/Logger22.jpg\" width=\"639\" height=\"678\" srcset=\"https:\/\/www.all-for-all.de\/wp-content\/uploads\/2012\/06\/Logger22.jpg 639w, https:\/\/www.all-for-all.de\/wp-content\/uploads\/2012\/06\/Logger22-282x300.jpg 282w\" sizes=\"auto, (max-width: 639px) 100vw, 639px\" \/><\/p>\n<p style=\"text-align: center;\"><img loading=\"lazy\" decoding=\"async\" class=\"aligncenter  wp-image-2973\" title=\"GPS Logger\" alt=\"GPS Logger\" src=\"https:\/\/www.all-for-all.de\/wp-content\/uploads\/2012\/06\/Logger23-1024x614.jpg\" width=\"584\" height=\"350\" srcset=\"https:\/\/www.all-for-all.de\/wp-content\/uploads\/2012\/06\/Logger23-1024x614.jpg 1024w, https:\/\/www.all-for-all.de\/wp-content\/uploads\/2012\/06\/Logger23-300x180.jpg 300w, https:\/\/www.all-for-all.de\/wp-content\/uploads\/2012\/06\/Logger23-500x300.jpg 500w, https:\/\/www.all-for-all.de\/wp-content\/uploads\/2012\/06\/Logger23.jpg 1068w\" sizes=\"auto, (max-width: 584px) 100vw, 584px\" \/><\/p>\n<p style=\"text-align: center;\"><img loading=\"lazy\" decoding=\"async\" class=\"aligncenter  wp-image-2971\" title=\"GPS Logger\" alt=\"GPS Logger\" src=\"https:\/\/www.all-for-all.de\/wp-content\/uploads\/2012\/06\/Logger24.jpg\" width=\"895\" height=\"615\" srcset=\"https:\/\/www.all-for-all.de\/wp-content\/uploads\/2012\/06\/Logger24.jpg 895w, https:\/\/www.all-for-all.de\/wp-content\/uploads\/2012\/06\/Logger24-300x206.jpg 300w, https:\/\/www.all-for-all.de\/wp-content\/uploads\/2012\/06\/Logger24-436x300.jpg 436w\" sizes=\"auto, (max-width: 895px) 100vw, 895px\" \/><\/p>\n<p style=\"text-align: left;\">Gerade haben wir beschlossen, dass wir\u00a0uns morgen ein sch\u00f6nes Hotel an einem sch\u00f6nen Strand suchen. Also raus aus New Orleans!<\/p>\n<p style=\"text-align: left;\">Viele Gr\u00fc\u00dfe<br \/>Joa\u00a0<\/p>\n<p style=\"text-align: left;\">Zur\u00fcck zu: <a title=\"18.06.2012, Natchez \u2013 Baton Rouge \u2013 New Orleans\" href=\"https:\/\/www.all-for-all.de\/?page_id=2808\">18.06.2012, Natchez \u2013 Baton Rouge \u2013 New Orleans<\/a><br \/>Weiter zu: <a title=\"20.06.2012, New Orleans \u2013 Biloxi \u2013 Mobile \u2013 Orange Beach\" href=\"https:\/\/www.all-for-all.de\/?page_id=2883\">20.06.2012, New Orleans \u2013 Biloxi \u2013 Mobile \u2013 Orange Beach<\/a><\/p>\n","protected":false},"excerpt":{"rendered":"<p>Zum Gl\u00fcck sind wir im Urlaub Fr\u00fchaufsteher. P\u00fcnktlich um 08:00 Uhr, als wir gerade mit dem Fr\u00fchst\u00fcck fertig waren, ging der Baul\u00e4rm wieder los. Wir fuhren direkt ins French Quarter von New Orleans und suchten uns einen Parkplatz nahe am &hellip; <a href=\"https:\/\/www.all-for-all.de\/?page_id=2876\">Weiterlesen <span class=\"meta-nav\">&rarr;<\/span><\/a><\/p>\n","protected":false},"author":2,"featured_media":0,"parent":0,"menu_order":0,"comment_status":"closed","ping_status":"open","template":"","meta":{"footnotes":""},"class_list":["post-2876","page","type-page","status-publish","hentry"],"jetpack_sharing_enabled":true,"_links":{"self":[{"href":"https:\/\/www.all-for-all.de\/index.php?rest_route=\/wp\/v2\/pages\/2876","targetHints":{"allow":["GET"]}}],"collection":[{"href":"https:\/\/www.all-for-all.de\/index.php?rest_route=\/wp\/v2\/pages"}],"about":[{"href":"https:\/\/www.all-for-all.de\/index.php?rest_route=\/wp\/v2\/types\/page"}],"author":[{"embeddable":true,"href":"https:\/\/www.all-for-all.de\/index.php?rest_route=\/wp\/v2\/users\/2"}],"replies":[{"embeddable":true,"href":"https:\/\/www.all-for-all.de\/index.php?rest_route=%2Fwp%2Fv2%2Fcomments&post=2876"}],"version-history":[{"count":0,"href":"https:\/\/www.all-for-all.de\/index.php?rest_route=\/wp\/v2\/pages\/2876\/revisions"}],"wp:attachment":[{"href":"https:\/\/www.all-for-all.de\/index.php?rest_route=%2Fwp%2Fv2%2Fmedia&parent=2876"}],"curies":[{"name":"wp","href":"https:\/\/api.w.org\/{rel}","templated":true}]}}