{"id":2808,"date":"2012-06-18T23:59:27","date_gmt":"2012-06-18T23:59:27","guid":{"rendered":"http:\/\/www.all-for-all.de\/?page_id=2808"},"modified":"2013-05-26T07:06:52","modified_gmt":"2013-05-26T07:06:52","slug":"18-06-2013-natchez-baton-rouge-new-orleans","status":"publish","type":"page","link":"https:\/\/www.all-for-all.de\/?page_id=2808","title":{"rendered":"18.06.2012, Natchez &#8211; Baton Rouge &#8211; New Orleans"},"content":{"rendered":"<p>Heute sollte es mindestens bis nach Natchez gehen. Ob wir dort \u00fcbernachten oder weiter fahren, wollten wir vor Ort entscheiden.<\/p>\n<p>Fr\u00fchst\u00fcck gab es nach dem Aus-checken heute bei Waffle House. Unsere Premiere bei dieser Restaurantkette. Obwohl es erst 07:30 Uhr war, war der Laden recht voll. Wir zwei hatten aber noch Platz. \ud83d\ude09 <br \/>Pancakes, scrambled eggs, maple syrup, strawberry jam, bacon und prima Kaffee. *sabber*<br \/>Das Essen war gut und g\u00fcnstig. In ein Waffle House k\u00f6nnen wir gerne wieder gehen.<\/p>\n<p>Wir waren noch nicht weit gefahren, als wir ein Schild zu einer Sehensw\u00fcrdigkeit entdeckten. &#8222;Grand Gulf. Civil War-irgendwas&#8220;.<br \/>Ich dachte, dass wir uns das auf jeden Fall ansehen k\u00f6nnten und bog ab. Die Stra\u00dfe dorthin f\u00fchrte uns\u00a0durch eine gott- und menschenverlassene Gegend. Aber die Stra\u00dfe war super! Fast wie eine Fahrt durch den Urwald. \ud83d\ude09<\/p>\n<p style=\"text-align: center;\"><img loading=\"lazy\" decoding=\"async\" class=\"aligncenter  wp-image-2817\" title=\"Stra\u00dfe durch den Urwald\" alt=\"Stra\u00dfe durch den Urwald\" src=\"https:\/\/www.all-for-all.de\/wp-content\/uploads\/2013\/05\/DSC00358_klein.jpg\" width=\"1024\" height=\"768\" srcset=\"https:\/\/www.all-for-all.de\/wp-content\/uploads\/2013\/05\/DSC00358_klein.jpg 1024w, https:\/\/www.all-for-all.de\/wp-content\/uploads\/2013\/05\/DSC00358_klein-300x225.jpg 300w, https:\/\/www.all-for-all.de\/wp-content\/uploads\/2013\/05\/DSC00358_klein-400x300.jpg 400w\" sizes=\"auto, (max-width: 1024px) 100vw, 1024px\" \/><\/p>\n<p style=\"text-align: center;\"><img loading=\"lazy\" decoding=\"async\" class=\"aligncenter  wp-image-2818\" title=\"Stra\u00dfe durch den Urwald\" alt=\"Stra\u00dfe durch den Urwald\" src=\"https:\/\/www.all-for-all.de\/wp-content\/uploads\/2013\/05\/DSC00356_klein.jpg\" width=\"1024\" height=\"768\" srcset=\"https:\/\/www.all-for-all.de\/wp-content\/uploads\/2013\/05\/DSC00356_klein.jpg 1024w, https:\/\/www.all-for-all.de\/wp-content\/uploads\/2013\/05\/DSC00356_klein-300x225.jpg 300w, https:\/\/www.all-for-all.de\/wp-content\/uploads\/2013\/05\/DSC00356_klein-400x300.jpg 400w\" sizes=\"auto, (max-width: 1024px) 100vw, 1024px\" \/><\/p>\n<p style=\"text-align: center;\"><img loading=\"lazy\" decoding=\"async\" class=\"aligncenter  wp-image-2822\" title=\"verlassene Fabrik\" alt=\"verlassene Fabrik\" src=\"https:\/\/www.all-for-all.de\/wp-content\/uploads\/2013\/05\/DSC00363_klein.jpg\" width=\"1024\" height=\"768\" srcset=\"https:\/\/www.all-for-all.de\/wp-content\/uploads\/2013\/05\/DSC00363_klein.jpg 1024w, https:\/\/www.all-for-all.de\/wp-content\/uploads\/2013\/05\/DSC00363_klein-300x225.jpg 300w, https:\/\/www.all-for-all.de\/wp-content\/uploads\/2013\/05\/DSC00363_klein-400x300.jpg 400w\" sizes=\"auto, (max-width: 1024px) 100vw, 1024px\" \/><\/p>\n<p>In Grand Gulf gab es au\u00dfer ein paar neu aufgebauten, auf alt gemachten H\u00e4usern nicht sehr viel. Hierher verirrt sich normalerweise auch niemand. \ud83d\ude15<\/p>\n<p style=\"text-align: center;\"><img loading=\"lazy\" decoding=\"async\" class=\"aligncenter  wp-image-2820\" title=\"Grand Gulf\" alt=\"Grand Gulf\" src=\"https:\/\/www.all-for-all.de\/wp-content\/uploads\/2013\/05\/DSC00353_klein.jpg\" width=\"1024\" height=\"768\" srcset=\"https:\/\/www.all-for-all.de\/wp-content\/uploads\/2013\/05\/DSC00353_klein.jpg 1024w, https:\/\/www.all-for-all.de\/wp-content\/uploads\/2013\/05\/DSC00353_klein-300x225.jpg 300w, https:\/\/www.all-for-all.de\/wp-content\/uploads\/2013\/05\/DSC00353_klein-400x300.jpg 400w\" sizes=\"auto, (max-width: 1024px) 100vw, 1024px\" \/><\/p>\n<p>Bei Port Gibson bogen wir auf den <a title=\"Natchez Trace Parkway\" href=\"http:\/\/en.wikipedia.org\/wiki\/Natchez_Trace_Parkway\" target=\"_blank\">Natchez Trace Parkway<\/a> ab. <br \/>Von dieser Stra\u00dfe haben wir vorab im Internet gelesen.\u00a0Den Reiseberichten\u00a0nach\u00a0sollte diese Stra\u00dfe richtig\u00a0toll sein und zumindest ich erwartete\u00a0ein klein wenig das was wir kurz zuvor auf dem Weg nach Grand Gulf erlebt hatten. Zugewachsene Stra\u00dfen, wildes Gestr\u00fcpp, wilde Tiere&#8230; <img src=\"https:\/\/www.all-for-all.de\/wp-includes\/images\/smilies\/mrgreen.png\" alt=\":mrgreen:\" class=\"wp-smiley\" style=\"height: 1em; max-height: 1em;\" \/><br \/>Der Natchez Trace Parkway stellte sich als gut geteerte, relativ breite Stra\u00dfe durch perfekt gepflegte W\u00e4lder heraus. Der\u00a0Rasen neben der Stra\u00dfe\u00a0sah beinahe wie\u00a0von einem Golfplatz aus. Alle paar Kilometer gab es kleinere Trails die dem Besucher die Natur erkl\u00e4ren. Wir kamen uns tats\u00e4chlich wie in einem gro\u00dfen Stadtpark vor. Das sah zwar gut aus, war aber nach ca. 30km nicht mehr zu ertragen. Deshalb verlie\u00dfen wir den Parkway und fuhren auf Nebenstra\u00dfen bis in die Stadt Natchez.<\/p>\n<p style=\"text-align: left;\"><img loading=\"lazy\" decoding=\"async\" class=\"aligncenter  wp-image-2832\" title=\"Natchez Trace\" alt=\"Natchez Trace\" src=\"https:\/\/www.all-for-all.de\/wp-content\/uploads\/2013\/05\/DSC00368_klein.jpg\" width=\"1024\" height=\"768\" srcset=\"https:\/\/www.all-for-all.de\/wp-content\/uploads\/2013\/05\/DSC00368_klein.jpg 1024w, https:\/\/www.all-for-all.de\/wp-content\/uploads\/2013\/05\/DSC00368_klein-300x225.jpg 300w, https:\/\/www.all-for-all.de\/wp-content\/uploads\/2013\/05\/DSC00368_klein-400x300.jpg 400w\" sizes=\"auto, (max-width: 1024px) 100vw, 1024px\" \/><img loading=\"lazy\" decoding=\"async\" class=\"aligncenter  wp-image-2831\" title=\"Natchez Trace\" alt=\"Natchez Trace\" src=\"https:\/\/www.all-for-all.de\/wp-content\/uploads\/2013\/05\/DSC00369_klein.jpg\" width=\"1024\" height=\"768\" srcset=\"https:\/\/www.all-for-all.de\/wp-content\/uploads\/2013\/05\/DSC00369_klein.jpg 1024w, https:\/\/www.all-for-all.de\/wp-content\/uploads\/2013\/05\/DSC00369_klein-300x225.jpg 300w, https:\/\/www.all-for-all.de\/wp-content\/uploads\/2013\/05\/DSC00369_klein-400x300.jpg 400w\" sizes=\"auto, (max-width: 1024px) 100vw, 1024px\" \/><\/p>\n<p style=\"text-align: center;\"><img loading=\"lazy\" decoding=\"async\" class=\"aligncenter  wp-image-2838\" title=\"Bullen Creek\" alt=\"Bullen Creek\" src=\"https:\/\/www.all-for-all.de\/wp-content\/uploads\/2012\/06\/DSC00371_klein.jpg\" width=\"1024\" height=\"768\" srcset=\"https:\/\/www.all-for-all.de\/wp-content\/uploads\/2012\/06\/DSC00371_klein.jpg 1024w, https:\/\/www.all-for-all.de\/wp-content\/uploads\/2012\/06\/DSC00371_klein-300x225.jpg 300w, https:\/\/www.all-for-all.de\/wp-content\/uploads\/2012\/06\/DSC00371_klein-400x300.jpg 400w\" sizes=\"auto, (max-width: 1024px) 100vw, 1024px\" \/><\/p>\n<p style=\"text-align: left;\">Wir fuhren kreuz und quer durch Natchez, konnten aber nicht wirklich einen Grund finden dort zu bleiben. Die Stadt hat einen tollen Ausblick auf den Mississippi. Mehr\u00a0leider nicht&#8230;<\/p>\n<p style=\"text-align: center;\"><img loading=\"lazy\" decoding=\"async\" class=\"aligncenter  wp-image-2845\" title=\"Blick auf den Mississippi von Natchez\" alt=\"Blick auf den Mississippi von Natchez\" src=\"https:\/\/www.all-for-all.de\/wp-content\/uploads\/2012\/06\/DSC00389_klein.jpg\" width=\"1024\" height=\"768\" srcset=\"https:\/\/www.all-for-all.de\/wp-content\/uploads\/2012\/06\/DSC00389_klein.jpg 1024w, https:\/\/www.all-for-all.de\/wp-content\/uploads\/2012\/06\/DSC00389_klein-300x225.jpg 300w, https:\/\/www.all-for-all.de\/wp-content\/uploads\/2012\/06\/DSC00389_klein-400x300.jpg 400w\" sizes=\"auto, (max-width: 1024px) 100vw, 1024px\" \/><\/p>\n<p style=\"text-align: left;\">Baton Rouge war laut dem guten alten Walmart Atlas die n\u00e4chste gr\u00f6\u00dfere Stadt. Dies sollte unser n\u00e4chstes Ziel sein.\u00a0TomTom hat knapp 100 Meilen oder 1,5h bis ins Stadtzentrum angegeben.<\/p>\n<p style=\"text-align: left;\">Je weiter wir nach S\u00fcden kamen, umso bew\u00f6lkter wurde es. In Baton Rouge hingen dann schon richtig dicke Regenwolken \u00fcber uns. An einem Starbucks st\u00e4rkten wir uns und nutzen das freie WLAN f\u00fcr Google Earth. Es war nun schon 14:00 Uhr vorbei und wir wussten noch immer nicht wo wir heute Nacht schlafen oder wie weit wir noch fahren sollen.<\/p>\n<p style=\"text-align: center;\"><img loading=\"lazy\" decoding=\"async\" class=\"aligncenter  wp-image-2851\" title=\"Regenwolken vor Baton Rouge\" alt=\"Regenwolken vor Baton Rouge\" src=\"https:\/\/www.all-for-all.de\/wp-content\/uploads\/2012\/06\/DSC00401_klein.jpg\" width=\"1024\" height=\"768\" srcset=\"https:\/\/www.all-for-all.de\/wp-content\/uploads\/2012\/06\/DSC00401_klein.jpg 1024w, https:\/\/www.all-for-all.de\/wp-content\/uploads\/2012\/06\/DSC00401_klein-300x225.jpg 300w, https:\/\/www.all-for-all.de\/wp-content\/uploads\/2012\/06\/DSC00401_klein-400x300.jpg 400w\" sizes=\"auto, (max-width: 1024px) 100vw, 1024px\" \/><\/p>\n<p style=\"text-align: left;\">Unsere &#8222;Caramel Macchiato&#8220; waren noch nicht geleert als wir zu einer Entscheidung kamen. NEW ORLEANS! Und zwar heute noch.\u00a0Einen Tag vorher wie geplant. Wir waren uns einig, dass wir genug vom Mississippi gesehen hatten. Den &#8222;gesparten&#8220; Tag wollen wir vielleicht nutzen um an den Golf zu fahren. Mal sehen wie es kommt. Also haben wir gleich aus dem Auto heraus\u00a02 N\u00e4chte im Hampton Inn Metairie in New Orleans gebucht. Weiter gings!<\/p>\n<p style=\"text-align: left;\">Es waren immer h\u00e4ufiger\u00a0Werbeschilder f\u00fcr die <a title=\"Nottoway Plantation\" href=\"http:\/\/www.nottoway.com\/\" target=\"_blank\">Nottoway Plantation<\/a> zu sehen. Da wir beide kleine S\u00fcdstaatenfans sind, dachten wir dass wir dort eine wundersch\u00f6ne alte Plantage mit einer Allee aus alten B\u00e4umen vorfinden w\u00fcrden. Weit gefehlt!<br \/>Selten waren wir so derbe entt\u00e4uscht worden. Keine alten B\u00e4ume, auf alt getrimmte H\u00e4user und\u00a0\u00fcberteuerter Ramsch made in China im angeschlossenen Shop. Wenn man das Herrenhaus besichtigen m\u00f6chte wird es richtig teuer. <br \/>OK&#8230; klar&#8230; der Erhalt kostet viel Geld und die Leute m\u00f6chten auch etwas daran verdienen&#8230; aber das ist wirklich richtig schlecht gemacht. Klares &#8222;BUUUH!&#8220; unsererseits. Thema verfehlt, setzen, sechs! Touri-Nepp!<\/p>\n<p style=\"text-align: left;\"><img loading=\"lazy\" decoding=\"async\" class=\"aligncenter  wp-image-2858\" title=\"Nottoway Plantation\" alt=\"Nottoway Plantation\" src=\"https:\/\/www.all-for-all.de\/wp-content\/uploads\/2012\/06\/DSC00410_klein.jpg\" width=\"1024\" height=\"768\" srcset=\"https:\/\/www.all-for-all.de\/wp-content\/uploads\/2012\/06\/DSC00410_klein.jpg 1024w, https:\/\/www.all-for-all.de\/wp-content\/uploads\/2012\/06\/DSC00410_klein-300x225.jpg 300w, https:\/\/www.all-for-all.de\/wp-content\/uploads\/2012\/06\/DSC00410_klein-400x300.jpg 400w\" sizes=\"auto, (max-width: 1024px) 100vw, 1024px\" \/><img loading=\"lazy\" decoding=\"async\" class=\"aligncenter  wp-image-2859\" title=\"Nottoway Plantation\" alt=\"Nottoway Plantation\" src=\"https:\/\/www.all-for-all.de\/wp-content\/uploads\/2012\/06\/DSC00411_klein.jpg\" width=\"1024\" height=\"768\" srcset=\"https:\/\/www.all-for-all.de\/wp-content\/uploads\/2012\/06\/DSC00411_klein.jpg 1024w, https:\/\/www.all-for-all.de\/wp-content\/uploads\/2012\/06\/DSC00411_klein-300x225.jpg 300w, https:\/\/www.all-for-all.de\/wp-content\/uploads\/2012\/06\/DSC00411_klein-400x300.jpg 400w\" sizes=\"auto, (max-width: 1024px) 100vw, 1024px\" \/><img loading=\"lazy\" decoding=\"async\" class=\"aligncenter  wp-image-2857\" title=\"Nottoway Plantation\" alt=\"Nottoway Plantation\" src=\"https:\/\/www.all-for-all.de\/wp-content\/uploads\/2012\/06\/DSC00412_klein.jpg\" width=\"1024\" height=\"768\" srcset=\"https:\/\/www.all-for-all.de\/wp-content\/uploads\/2012\/06\/DSC00412_klein.jpg 1024w, https:\/\/www.all-for-all.de\/wp-content\/uploads\/2012\/06\/DSC00412_klein-300x225.jpg 300w, https:\/\/www.all-for-all.de\/wp-content\/uploads\/2012\/06\/DSC00412_klein-400x300.jpg 400w\" sizes=\"auto, (max-width: 1024px) 100vw, 1024px\" \/>Erst nach 17:00 Uhr kamen wir am Hampton Inn Metairie an. Allerdings erwartete uns dort\u00a0eine riesige Baustelle rings um das Hotel herum. M\u00e4chtiger L\u00e4rm und Staub. So hatten wir uns das nicht vorgestellt. \ud83d\udc7f <br \/>Als wir unser Unbehagen beim checkin \u00e4u\u00dferten, wurde uns versichert dass zwischen 18:00 Uhr und 08:00 Uhr keine Bauarbeiten stattfinden. Obendrein bekamen wir ein Zimmer zur ruhigeren R\u00fcckseite des Hotels.\u00a0<br \/>Wir lie\u00dfen uns darauf ein und um Punkt 18:00 Uhr herrschte tats\u00e4chlich Ruhe.<\/p>\n<p style=\"text-align: left;\">Unser Abendessen gab es heute Abend bei Denny`s und nun ist Bettruhe angesagt. Morgen steht eine lange und anstrengende Stadtbesichtigung auf dem Plan.<\/p>\n<p style=\"text-align: left;\">Das dicke\u00a0tropische Tief vor Florida wird immer dicker und macht uns\u00a0nun Sorgen. Es zieht extrem langsam aber zielstrebig in Richtung S\u00fcd-West Florida. Die Meteorologen sind sich nur dar\u00fcber einig, dass es au\u00dfergew\u00f6hnlich ist.<br \/>Ich wiederhole: <strong><span style=\"color: #ff0000;\">Hau ab!<\/span>\u00a0 \ud83d\udc7f <\/strong><\/p>\n<p style=\"text-align: left;\">Heute sind wir insgesamt 468,76km gefahren.<\/p>\n<p style=\"text-align: center;\"><img loading=\"lazy\" decoding=\"async\" class=\"aligncenter  wp-image-2869\" title=\"GPS Logger\" alt=\"GPS Logger\" src=\"https:\/\/www.all-for-all.de\/wp-content\/uploads\/2012\/06\/Logger16.jpg\" width=\"656\" height=\"586\" srcset=\"https:\/\/www.all-for-all.de\/wp-content\/uploads\/2012\/06\/Logger16.jpg 656w, https:\/\/www.all-for-all.de\/wp-content\/uploads\/2012\/06\/Logger16-300x267.jpg 300w, https:\/\/www.all-for-all.de\/wp-content\/uploads\/2012\/06\/Logger16-335x300.jpg 335w\" sizes=\"auto, (max-width: 656px) 100vw, 656px\" \/><\/p>\n<p style=\"text-align: center;\"><img loading=\"lazy\" decoding=\"async\" class=\"aligncenter  wp-image-2870\" title=\"GPS Logger\" alt=\"GPS Logger\" src=\"https:\/\/www.all-for-all.de\/wp-content\/uploads\/2012\/06\/Logger17.jpg\" width=\"576\" height=\"514\" srcset=\"https:\/\/www.all-for-all.de\/wp-content\/uploads\/2012\/06\/Logger17.jpg 576w, https:\/\/www.all-for-all.de\/wp-content\/uploads\/2012\/06\/Logger17-300x267.jpg 300w, https:\/\/www.all-for-all.de\/wp-content\/uploads\/2012\/06\/Logger17-336x300.jpg 336w\" sizes=\"auto, (max-width: 576px) 100vw, 576px\" \/><\/p>\n<p style=\"text-align: center;\"><img loading=\"lazy\" decoding=\"async\" class=\"aligncenter size-full wp-image-2865\" title=\"GPS Logger\" alt=\"GPS Logger\" src=\"https:\/\/www.all-for-all.de\/wp-content\/uploads\/2012\/06\/Logger18.jpg\" width=\"568\" height=\"480\" srcset=\"https:\/\/www.all-for-all.de\/wp-content\/uploads\/2012\/06\/Logger18.jpg 568w, https:\/\/www.all-for-all.de\/wp-content\/uploads\/2012\/06\/Logger18-300x253.jpg 300w, https:\/\/www.all-for-all.de\/wp-content\/uploads\/2012\/06\/Logger18-355x300.jpg 355w\" sizes=\"auto, (max-width: 568px) 100vw, 568px\" \/><\/p>\n<p style=\"text-align: center;\"><img loading=\"lazy\" decoding=\"async\" class=\"aligncenter  wp-image-2866\" title=\"GPS Logger\" alt=\"GPS Logger\" src=\"https:\/\/www.all-for-all.de\/wp-content\/uploads\/2012\/06\/Logger19.jpg\" width=\"646\" height=\"526\" srcset=\"https:\/\/www.all-for-all.de\/wp-content\/uploads\/2012\/06\/Logger19.jpg 646w, https:\/\/www.all-for-all.de\/wp-content\/uploads\/2012\/06\/Logger19-300x244.jpg 300w, https:\/\/www.all-for-all.de\/wp-content\/uploads\/2012\/06\/Logger19-368x300.jpg 368w\" sizes=\"auto, (max-width: 646px) 100vw, 646px\" \/><\/p>\n<p style=\"text-align: center;\"><img loading=\"lazy\" decoding=\"async\" class=\"aligncenter size-full wp-image-2867\" title=\"GPS Logger\" alt=\"GPS Logger\" src=\"https:\/\/www.all-for-all.de\/wp-content\/uploads\/2012\/06\/Logger20.jpg\" width=\"567\" height=\"484\" srcset=\"https:\/\/www.all-for-all.de\/wp-content\/uploads\/2012\/06\/Logger20.jpg 567w, https:\/\/www.all-for-all.de\/wp-content\/uploads\/2012\/06\/Logger20-300x256.jpg 300w, https:\/\/www.all-for-all.de\/wp-content\/uploads\/2012\/06\/Logger20-351x300.jpg 351w\" sizes=\"auto, (max-width: 567px) 100vw, 567px\" \/><\/p>\n<p style=\"text-align: center;\"><img loading=\"lazy\" decoding=\"async\" class=\"aligncenter  wp-image-2868\" title=\"GPS Logger\" alt=\"GPS Logger\" src=\"https:\/\/www.all-for-all.de\/wp-content\/uploads\/2012\/06\/Logger21.jpg\" width=\"628\" height=\"461\" srcset=\"https:\/\/www.all-for-all.de\/wp-content\/uploads\/2012\/06\/Logger21.jpg 628w, https:\/\/www.all-for-all.de\/wp-content\/uploads\/2012\/06\/Logger21-300x220.jpg 300w, https:\/\/www.all-for-all.de\/wp-content\/uploads\/2012\/06\/Logger21-408x300.jpg 408w\" sizes=\"auto, (max-width: 628px) 100vw, 628px\" \/><\/p>\n<p style=\"text-align: left;\">Viele Gr\u00fc\u00dfe<br \/>Joa<\/p>\n<p style=\"text-align: left;\">Zur\u00fcck zu: <a title=\"17.06.2012, Batesville \u2013 Greenville \u2013 Vicksburg\" href=\"https:\/\/www.all-for-all.de\/?page_id=2747\">17.06.2012, Batesville \u2013 Greenville \u2013 Vicksburg<\/a><br \/>Weiter zu: <a title=\"19.06.2012, New Orleans\" href=\"https:\/\/www.all-for-all.de\/?page_id=2876\">19.06.2012, New Orleans<\/a><\/p>\n<p style=\"text-align: left;\">\u00a0<\/p>\n","protected":false},"excerpt":{"rendered":"<p>Heute sollte es mindestens bis nach Natchez gehen. Ob wir dort \u00fcbernachten oder weiter fahren, wollten wir vor Ort entscheiden. Fr\u00fchst\u00fcck gab es nach dem Aus-checken heute bei Waffle House. Unsere Premiere bei dieser Restaurantkette. Obwohl es erst 07:30 Uhr &hellip; <a href=\"https:\/\/www.all-for-all.de\/?page_id=2808\">Weiterlesen <span class=\"meta-nav\">&rarr;<\/span><\/a><\/p>\n","protected":false},"author":2,"featured_media":0,"parent":0,"menu_order":0,"comment_status":"closed","ping_status":"open","template":"","meta":{"footnotes":""},"class_list":["post-2808","page","type-page","status-publish","hentry"],"jetpack_sharing_enabled":true,"_links":{"self":[{"href":"https:\/\/www.all-for-all.de\/index.php?rest_route=\/wp\/v2\/pages\/2808","targetHints":{"allow":["GET"]}}],"collection":[{"href":"https:\/\/www.all-for-all.de\/index.php?rest_route=\/wp\/v2\/pages"}],"about":[{"href":"https:\/\/www.all-for-all.de\/index.php?rest_route=\/wp\/v2\/types\/page"}],"author":[{"embeddable":true,"href":"https:\/\/www.all-for-all.de\/index.php?rest_route=\/wp\/v2\/users\/2"}],"replies":[{"embeddable":true,"href":"https:\/\/www.all-for-all.de\/index.php?rest_route=%2Fwp%2Fv2%2Fcomments&post=2808"}],"version-history":[{"count":0,"href":"https:\/\/www.all-for-all.de\/index.php?rest_route=\/wp\/v2\/pages\/2808\/revisions"}],"wp:attachment":[{"href":"https:\/\/www.all-for-all.de\/index.php?rest_route=%2Fwp%2Fv2%2Fmedia&parent=2808"}],"curies":[{"name":"wp","href":"https:\/\/api.w.org\/{rel}","templated":true}]}}