{"id":2597,"date":"2012-06-15T23:59:09","date_gmt":"2012-06-15T23:59:09","guid":{"rendered":"http:\/\/www.all-for-all.de\/?page_id=2597"},"modified":"2021-09-15T20:13:57","modified_gmt":"2021-09-15T19:13:57","slug":"15-06-2012-nashville-lynchburg-und-jack-daniels-huntsville","status":"publish","type":"page","link":"https:\/\/www.all-for-all.de\/?page_id=2597","title":{"rendered":"15.06.2012, Nashville &#8211; Lynchburg und Jack Daniels &#8211; Huntsville"},"content":{"rendered":"<p>Die Entscheidung ob Nashville oder nicht fiel direkt nach dem Aufwachen&#8230;<br \/>\nDas Wetter\u00a0war perfekt und wir hatten Zeit. Also auf nach Nashville! Und dann zu dem Verursacher einiger meiner Ged\u00e4chtnisl\u00fccken&#8230; zu Jack Daniels nach Lynchburg! <img src=\"https:\/\/www.all-for-all.de\/wp-includes\/images\/smilies\/mrgreen.png\" alt=\":mrgreen:\" class=\"wp-smiley\" style=\"height: 1em; max-height: 1em;\" \/><br \/>\nDas Tagesziel sollte Huntsville in Alabama sein. Ob wir dabei\u00a0zeitlich noch einen Abstecher nach Chattanooga schaffen oder nicht, wollten wir spontan entscheiden.<\/p>\n<p>So sch\u00f6n die Ecke dort um Metropolis herum auch ist, ein nettes Fr\u00fchst\u00fccksrestaurant fanden wir keins. Also fuhren wir ein IHOP in Paducah an. Die Pancakes und Waffeln bei IHOP sind wirklich Weltklasse. Sogar der Kaffee ist \u00fcberdurchschnittlich gut.<br \/>\nNachdem der Dodge mit Treibstoff und die K\u00fchlbox mit Eis versorgt war, ging die Fahrt ganz gem\u00fctlich nach Nashville. Der Interstate 24 f\u00fchrte uns direkt bis zur Stadt. Die restliche Strecke bis ins Stadtzentrum lie\u00dfen wir uns durch unser TomTom f\u00fchren.<\/p>\n<p style=\"text-align: center;\"><img loading=\"lazy\" decoding=\"async\" class=\"aligncenter wp-image-2659\" title=\"AT&amp;T Tower und Hardrock Cafe\" src=\"https:\/\/www.all-for-all.de\/wp-content\/uploads\/2012\/06\/DSC00091_klein.jpg\" alt=\"AT&amp;T Tower und Hardrock Cafe\" width=\"1024\" height=\"768\" srcset=\"https:\/\/www.all-for-all.de\/wp-content\/uploads\/2012\/06\/DSC00091_klein.jpg 1024w, https:\/\/www.all-for-all.de\/wp-content\/uploads\/2012\/06\/DSC00091_klein-300x225.jpg 300w, https:\/\/www.all-for-all.de\/wp-content\/uploads\/2012\/06\/DSC00091_klein-400x300.jpg 400w\" sizes=\"auto, (max-width: 1024px) 100vw, 1024px\" \/><\/p>\n<p style=\"text-align: center;\"><img loading=\"lazy\" decoding=\"async\" class=\"aligncenter wp-image-2663\" title=\"Stadion in Nashville\" src=\"https:\/\/www.all-for-all.de\/wp-content\/uploads\/2012\/06\/DSC00093_klein.jpg\" alt=\"Stadion in Nashville\" width=\"1024\" height=\"768\" srcset=\"https:\/\/www.all-for-all.de\/wp-content\/uploads\/2012\/06\/DSC00093_klein.jpg 1024w, https:\/\/www.all-for-all.de\/wp-content\/uploads\/2012\/06\/DSC00093_klein-300x225.jpg 300w, https:\/\/www.all-for-all.de\/wp-content\/uploads\/2012\/06\/DSC00093_klein-400x300.jpg 400w\" sizes=\"auto, (max-width: 1024px) 100vw, 1024px\" \/><\/p>\n<p style=\"text-align: center;\"><img loading=\"lazy\" decoding=\"async\" class=\"aligncenter wp-image-2664\" title=\"Nashville\" src=\"https:\/\/www.all-for-all.de\/wp-content\/uploads\/2012\/06\/DSC00095_klein.jpg\" alt=\"Nashville\" width=\"1024\" height=\"768\" srcset=\"https:\/\/www.all-for-all.de\/wp-content\/uploads\/2012\/06\/DSC00095_klein.jpg 1024w, https:\/\/www.all-for-all.de\/wp-content\/uploads\/2012\/06\/DSC00095_klein-300x225.jpg 300w, https:\/\/www.all-for-all.de\/wp-content\/uploads\/2012\/06\/DSC00095_klein-400x300.jpg 400w\" sizes=\"auto, (max-width: 1024px) 100vw, 1024px\" \/><\/p>\n<p style=\"text-align: center;\"><img loading=\"lazy\" decoding=\"async\" class=\"wp-image-2666 alignnone\" title=\"Nashville\" src=\"https:\/\/www.all-for-all.de\/wp-content\/uploads\/2012\/06\/DSC00098_klein.jpg\" alt=\"Nashville\" width=\"1024\" height=\"576\" srcset=\"https:\/\/www.all-for-all.de\/wp-content\/uploads\/2012\/06\/DSC00098_klein.jpg 1024w, https:\/\/www.all-for-all.de\/wp-content\/uploads\/2012\/06\/DSC00098_klein-300x168.jpg 300w, https:\/\/www.all-for-all.de\/wp-content\/uploads\/2012\/06\/DSC00098_klein-500x281.jpg 500w\" sizes=\"auto, (max-width: 1024px) 100vw, 1024px\" \/><\/p>\n<p>Nach mehreren &#8222;Sightseeing-Runden&#8220; mit dem Auto durch die Innenstadt, parkten wir ganz in der N\u00e4he des Hardrock Cafe und liefen hin.. Wir wollten unbedingt einen K\u00fchlschrankmagnet aus dem angeschlossenen Shop. \ud83d\ude09<\/p>\n<p>Wir schlenderten dann noch knapp eine Stunde durch die Innenstadt. Hier sollte man unbedingt einmal abends herkommen. \u00dcberall richtig toll aussehende Musikkneipen und Saloons.<br \/>\nGanz wenige St\u00e4dte in den USA haben mir auf Anhieb so gut gefallen wie Nashville. Die letzte Stadt die mich so begeistert hat war Charleston letztes Jahr.<br \/>\nHier m\u00fcssen wir nochmals hin und \u00fcbernachten. Vielleicht im August 2017 zur Sonnenfinsternis?\u00a0 <img src=\"https:\/\/www.all-for-all.de\/wp-includes\/images\/smilies\/mrgreen.png\" alt=\":mrgreen:\" class=\"wp-smiley\" style=\"height: 1em; max-height: 1em;\" \/><br \/>\n<a title=\"Sonnenfinsternis USA 2017\" href=\"http:\/\/de.wikipedia.org\/wiki\/Sonnenfinsternis_vom_21._August_2017\" target=\"_blank\" rel=\"noopener\">Sonnenfinsternis USA 2017<\/a><\/p>\n<p style=\"text-align: left;\"><img loading=\"lazy\" decoding=\"async\" class=\"aligncenter wp-image-2670\" title=\"Nashville\" src=\"https:\/\/www.all-for-all.de\/wp-content\/uploads\/2012\/06\/DSC00102_klein.jpg\" alt=\"Nashville\" width=\"1024\" height=\"768\" srcset=\"https:\/\/www.all-for-all.de\/wp-content\/uploads\/2012\/06\/DSC00102_klein.jpg 1024w, https:\/\/www.all-for-all.de\/wp-content\/uploads\/2012\/06\/DSC00102_klein-300x225.jpg 300w, https:\/\/www.all-for-all.de\/wp-content\/uploads\/2012\/06\/DSC00102_klein-400x300.jpg 400w\" sizes=\"auto, (max-width: 1024px) 100vw, 1024px\" \/><\/p>\n<p style=\"text-align: center;\"><img loading=\"lazy\" decoding=\"async\" class=\"aligncenter wp-image-2671\" title=\"Nashville\" src=\"https:\/\/www.all-for-all.de\/wp-content\/uploads\/2012\/06\/DSC00100_klein.jpg\" alt=\"Nashville\" width=\"1024\" height=\"768\" srcset=\"https:\/\/www.all-for-all.de\/wp-content\/uploads\/2012\/06\/DSC00100_klein.jpg 1024w, https:\/\/www.all-for-all.de\/wp-content\/uploads\/2012\/06\/DSC00100_klein-300x225.jpg 300w, https:\/\/www.all-for-all.de\/wp-content\/uploads\/2012\/06\/DSC00100_klein-400x300.jpg 400w\" sizes=\"auto, (max-width: 1024px) 100vw, 1024px\" \/><\/p>\n<p style=\"text-align: left;\">Spontane Urlaubsroutenplanung hat eben ihre Grenzen. Wir hatten das Hampton Inn in Huntsville bereits heute Morgen online gebucht. Eine Stornierung war nicht m\u00f6glich ohne den vollen Preis bezahlen zu m\u00fcssen, bzw. ohne die gesamten \u00dcbernachtungskosten zu verlieren.<br \/>\nAlso weiter nach Lynchburg! Die Strecke bis Lynchburg verlief richtig toll auf schmalen Stra\u00dfen durch eine wundersch\u00f6ne h\u00fcgelige laubbewaldete Landschaft.<br \/>\nDas Jack Daniels Visitor Center liegt direkt am Ortseingang von Lynchburg und ist wirklich klasse angelegt. Die gef\u00fchrte Tour haben wir nicht mitgemacht\u00a0sondern haben uns auf eigene Faust umgesehen.<\/p>\n<p style=\"text-align: left;\"><img loading=\"lazy\" decoding=\"async\" class=\"wp-image-2680 aligncenter\" title=\"Jack Daniels\" src=\"https:\/\/www.all-for-all.de\/wp-content\/uploads\/2012\/06\/DSC00104_klein.jpg\" alt=\"Jack Daniels\" width=\"1024\" height=\"768\" srcset=\"https:\/\/www.all-for-all.de\/wp-content\/uploads\/2012\/06\/DSC00104_klein.jpg 1024w, https:\/\/www.all-for-all.de\/wp-content\/uploads\/2012\/06\/DSC00104_klein-300x225.jpg 300w, https:\/\/www.all-for-all.de\/wp-content\/uploads\/2012\/06\/DSC00104_klein-400x300.jpg 400w\" sizes=\"auto, (max-width: 1024px) 100vw, 1024px\" \/><\/p>\n<p style=\"text-align: left;\"><img loading=\"lazy\" decoding=\"async\" class=\"wp-image-2681 aligncenter\" title=\"Jack Daniels\" src=\"https:\/\/www.all-for-all.de\/wp-content\/uploads\/2012\/06\/DSC00111_klein.jpg\" alt=\"Jack Daniels\" width=\"1024\" height=\"768\" srcset=\"https:\/\/www.all-for-all.de\/wp-content\/uploads\/2012\/06\/DSC00111_klein.jpg 1024w, https:\/\/www.all-for-all.de\/wp-content\/uploads\/2012\/06\/DSC00111_klein-300x225.jpg 300w, https:\/\/www.all-for-all.de\/wp-content\/uploads\/2012\/06\/DSC00111_klein-400x300.jpg 400w\" sizes=\"auto, (max-width: 1024px) 100vw, 1024px\" \/>Hier kann man Hektoliter weise &#8222;Jacky&#8220; in den unterschiedlichsten Sorten kaufen&#8230; nur nicht trinken. Das ist hier verboten! \ud83d\ude44<br \/>\nDaf\u00fcr gab es aber kostenlos ganz leckeren eisgek\u00fchlten Saft den man in den \u00fcberall aufgestellten Jack Daniels Schaukelst\u00fchlen genie\u00dfen konnte. Das hatte was&#8230;<\/p>\n<p style=\"text-align: left;\">In der Innenstadt von Lynchburg findet man dann noch jede Menge auf &#8222;alt&#8220; gemachte Shops. Hier sind wir sehr lange durchspaziert. Man kann hiervon halten was man mag&#8230; toll gemacht!<br \/>\nBei einem letzten Waffeleis kamen wir noch mit einer \u00e4lteren Dame ins Gespr\u00e4ch. Sie hat uns von ihrem Ur-Gro\u00dfvater und dessen Einwanderung aus Deutschland in die USA erz\u00e4hlt und wie sich ihre Familiennamen entwickelt haben. Aus &#8222;Wagner&#8220; wurde &#8222;Wagner&#8220;, &#8222;Wagener&#8220; und &#8222;Wagoner&#8220;. Drei Br\u00fcder, drei Familiennamen. Wir h\u00e4tten gerne weiter zugeh\u00f6rt aber wir hatten noch ein paar Kilometer vor uns heute.<\/p>\n<p style=\"text-align: left;\"><img loading=\"lazy\" decoding=\"async\" class=\"wp-image-2683 aligncenter\" title=\"Lynchburg\" src=\"https:\/\/www.all-for-all.de\/wp-content\/uploads\/2012\/06\/DSC00114_klein.jpg\" alt=\"Lynchburg\" width=\"1024\" height=\"768\" srcset=\"https:\/\/www.all-for-all.de\/wp-content\/uploads\/2012\/06\/DSC00114_klein.jpg 1024w, https:\/\/www.all-for-all.de\/wp-content\/uploads\/2012\/06\/DSC00114_klein-300x225.jpg 300w, https:\/\/www.all-for-all.de\/wp-content\/uploads\/2012\/06\/DSC00114_klein-400x300.jpg 400w\" sizes=\"auto, (max-width: 1024px) 100vw, 1024px\" \/><img loading=\"lazy\" decoding=\"async\" class=\"wp-image-2684 aligncenter\" title=\"Lynchburg\" src=\"https:\/\/www.all-for-all.de\/wp-content\/uploads\/2012\/06\/DSC00116_klein.jpg\" alt=\"Lynchburg\" width=\"1024\" height=\"768\" srcset=\"https:\/\/www.all-for-all.de\/wp-content\/uploads\/2012\/06\/DSC00116_klein.jpg 1024w, https:\/\/www.all-for-all.de\/wp-content\/uploads\/2012\/06\/DSC00116_klein-300x225.jpg 300w, https:\/\/www.all-for-all.de\/wp-content\/uploads\/2012\/06\/DSC00116_klein-400x300.jpg 400w\" sizes=\"auto, (max-width: 1024px) 100vw, 1024px\" \/>Es war schon nach 16:00 Uhr als wir Lynchburg hinter uns lie\u00dfen. Chattanooga war nun nicht mehr machbar. Also direkt auf nach Huntsville!<\/p>\n<p style=\"text-align: left;\">Wir kamen erst gegen 19:00 Uhr am Hampton Inn an und waren sehr hungrig. Wir wollten nur schnell einchecken und dann gleich zu einem Denny`s Restaurant.<br \/>\nAllerdings hatten wir nicht mit dem Hotelmanager gerechnet. Der Herr war so unglaublich zuvorkommend und um unser\u00a0Wohlergehen bem\u00fcht,\u00a0dass es schon fast weh tat.\u00a0 <img src=\"https:\/\/www.all-for-all.de\/wp-includes\/images\/smilies\/mrgreen.png\" alt=\":mrgreen:\" class=\"wp-smiley\" style=\"height: 1em; max-height: 1em;\" \/><br \/>\nHier noch eine Flasche Wasser f\u00fcr jeden von uns, da noch jeweils einen Apfel, hier der Code f\u00fcr den Internetzugang, seine Visitenkarte, die Sehensw\u00fcrdigkeiten kurz erkl\u00e4rt, seine Deutschkenntnisse vorgef\u00fchrt, die Fr\u00fchst\u00fcckszeiten genannt&#8230; das wollte kein Ende nehmen. Nicht dass wir das nicht m\u00f6gen aber wir waren m\u00fcde und seeeehr hungrig.<br \/>\nWahnsinn! Der Mann bringt es im Hotelgewerbe noch zu etwas!<\/p>\n<p style=\"text-align: center;\"><img loading=\"lazy\" decoding=\"async\" class=\"aligncenter wp-image-2688\" title=\"Hampton Inn Huntsville\" src=\"https:\/\/www.all-for-all.de\/wp-content\/uploads\/2012\/06\/DSC00124_klein.jpg\" alt=\"Hampton Inn Huntsville\" width=\"1024\" height=\"768\" srcset=\"https:\/\/www.all-for-all.de\/wp-content\/uploads\/2012\/06\/DSC00124_klein.jpg 1024w, https:\/\/www.all-for-all.de\/wp-content\/uploads\/2012\/06\/DSC00124_klein-300x225.jpg 300w, https:\/\/www.all-for-all.de\/wp-content\/uploads\/2012\/06\/DSC00124_klein-400x300.jpg 400w\" sizes=\"auto, (max-width: 1024px) 100vw, 1024px\" \/><\/p>\n<p style=\"text-align: left;\">Bis zu Denny`s war es zwar doch weiter wie gedacht (17km) aber das war egal. Hunger und\u00a0die Lust auf einen Burger k\u00f6nnen nicht aufgehalten werden.<\/p>\n<p style=\"text-align: left;\">Es war bereits dunkel als wir wieder im Hotel ankamen. Laut GPS-Logger waren es heute insgesamt 531,14km.<\/p>\n<p style=\"text-align: center;\"><img loading=\"lazy\" decoding=\"async\" class=\"aligncenter wp-image-2690\" title=\"GPS Logger\" src=\"https:\/\/www.all-for-all.de\/wp-content\/uploads\/2012\/06\/Logger06.jpg\" alt=\"GPS Logger\" width=\"719\" height=\"627\" srcset=\"https:\/\/www.all-for-all.de\/wp-content\/uploads\/2012\/06\/Logger06.jpg 719w, https:\/\/www.all-for-all.de\/wp-content\/uploads\/2012\/06\/Logger06-300x261.jpg 300w, https:\/\/www.all-for-all.de\/wp-content\/uploads\/2012\/06\/Logger06-344x300.jpg 344w\" sizes=\"auto, (max-width: 719px) 100vw, 719px\" \/><\/p>\n<p style=\"text-align: center;\"><img loading=\"lazy\" decoding=\"async\" class=\"aligncenter wp-image-2691\" title=\"GPS Logger\" src=\"https:\/\/www.all-for-all.de\/wp-content\/uploads\/2012\/06\/Logger07.jpg\" alt=\"GPS Logger\" width=\"737\" height=\"614\" srcset=\"https:\/\/www.all-for-all.de\/wp-content\/uploads\/2012\/06\/Logger07.jpg 737w, https:\/\/www.all-for-all.de\/wp-content\/uploads\/2012\/06\/Logger07-300x249.jpg 300w, https:\/\/www.all-for-all.de\/wp-content\/uploads\/2012\/06\/Logger07-360x300.jpg 360w\" sizes=\"auto, (max-width: 737px) 100vw, 737px\" \/><\/p>\n<p style=\"text-align: center;\"><img loading=\"lazy\" decoding=\"async\" class=\"aligncenter wp-image-2693\" title=\"GPS Logger\" src=\"https:\/\/www.all-for-all.de\/wp-content\/uploads\/2012\/06\/Logger08.jpg\" alt=\"GPS Logger\" width=\"585\" height=\"506\" srcset=\"https:\/\/www.all-for-all.de\/wp-content\/uploads\/2012\/06\/Logger08.jpg 585w, https:\/\/www.all-for-all.de\/wp-content\/uploads\/2012\/06\/Logger08-300x259.jpg 300w, https:\/\/www.all-for-all.de\/wp-content\/uploads\/2012\/06\/Logger08-346x300.jpg 346w\" sizes=\"auto, (max-width: 585px) 100vw, 585px\" \/><\/p>\n<p style=\"text-align: center;\"><img loading=\"lazy\" decoding=\"async\" class=\"aligncenter size-full wp-image-2694\" title=\"GPS Logger\" src=\"https:\/\/www.all-for-all.de\/wp-content\/uploads\/2012\/06\/Logger09.jpg\" alt=\"GPS Logger\" width=\"537\" height=\"520\" srcset=\"https:\/\/www.all-for-all.de\/wp-content\/uploads\/2012\/06\/Logger09.jpg 537w, https:\/\/www.all-for-all.de\/wp-content\/uploads\/2012\/06\/Logger09-300x290.jpg 300w, https:\/\/www.all-for-all.de\/wp-content\/uploads\/2012\/06\/Logger09-309x300.jpg 309w\" sizes=\"auto, (max-width: 537px) 100vw, 537px\" \/><\/p>\n<p style=\"text-align: left;\">Morgen fahren wir nach Memphis!<\/p>\n<p style=\"text-align: left;\">Viele Gr\u00fc\u00dfe<br \/>\nJoa<\/p>\n<p style=\"text-align: left;\">Zur\u00fcck zu: <a title=\"14.06.2012, M\u00fcndung Missouri\/Mississippi, The Gateway Arch, Metropolis\" href=\"https:\/\/www.all-for-all.de\/?page_id=2564\">14.06.2012, M\u00fcndung Missouri\/Mississippi, The Gateway Arch, Metropolis<\/a><br \/>\nWeiter zu: <a title=\"16.06.2012, Huntsville \u2013 Memphis \u2013 Batesville\" href=\"https:\/\/www.all-for-all.de\/?page_id=2712\">16.06.2012, Huntsville \u2013 Memphis \u2013 Batesville<\/a><\/p>\n","protected":false},"excerpt":{"rendered":"<p>Die Entscheidung ob Nashville oder nicht fiel direkt nach dem Aufwachen&#8230; Das Wetter\u00a0war perfekt und wir hatten Zeit. Also auf nach Nashville! Und dann zu dem Verursacher einiger meiner Ged\u00e4chtnisl\u00fccken&#8230; zu Jack Daniels nach Lynchburg! Das Tagesziel sollte Huntsville in &hellip; <a href=\"https:\/\/www.all-for-all.de\/?page_id=2597\">Weiterlesen <span class=\"meta-nav\">&rarr;<\/span><\/a><\/p>\n","protected":false},"author":2,"featured_media":0,"parent":0,"menu_order":0,"comment_status":"closed","ping_status":"open","template":"","meta":{"footnotes":""},"class_list":["post-2597","page","type-page","status-publish","hentry"],"jetpack_sharing_enabled":true,"_links":{"self":[{"href":"https:\/\/www.all-for-all.de\/index.php?rest_route=\/wp\/v2\/pages\/2597","targetHints":{"allow":["GET"]}}],"collection":[{"href":"https:\/\/www.all-for-all.de\/index.php?rest_route=\/wp\/v2\/pages"}],"about":[{"href":"https:\/\/www.all-for-all.de\/index.php?rest_route=\/wp\/v2\/types\/page"}],"author":[{"embeddable":true,"href":"https:\/\/www.all-for-all.de\/index.php?rest_route=\/wp\/v2\/users\/2"}],"replies":[{"embeddable":true,"href":"https:\/\/www.all-for-all.de\/index.php?rest_route=%2Fwp%2Fv2%2Fcomments&post=2597"}],"version-history":[{"count":2,"href":"https:\/\/www.all-for-all.de\/index.php?rest_route=\/wp\/v2\/pages\/2597\/revisions"}],"predecessor-version":[{"id":5001,"href":"https:\/\/www.all-for-all.de\/index.php?rest_route=\/wp\/v2\/pages\/2597\/revisions\/5001"}],"wp:attachment":[{"href":"https:\/\/www.all-for-all.de\/index.php?rest_route=%2Fwp%2Fv2%2Fmedia&parent=2597"}],"curies":[{"name":"wp","href":"https:\/\/api.w.org\/{rel}","templated":true}]}}