{"id":2564,"date":"2012-06-14T23:59:28","date_gmt":"2012-06-14T23:59:28","guid":{"rendered":"http:\/\/www.all-for-all.de\/?page_id=2564"},"modified":"2013-05-30T10:09:30","modified_gmt":"2013-05-30T10:09:30","slug":"14-06-2012-mundung-missourimississippi-the-arch-metropolis","status":"publish","type":"page","link":"https:\/\/www.all-for-all.de\/?page_id=2564","title":{"rendered":"14.06.2012, M\u00fcndung Missouri\/Mississippi &#8211; The Gateway Arch &#8211; Metropolis"},"content":{"rendered":"<p>Die Nacht war extrem kurz. Das erste Mal wurden wir durch die Alarmanlage des angrenzenden Restaurants geweckt. Die ging gegen 3:30 Uhr los und wollte eeeewig nicht mehr aufh\u00f6ren. Als endlich Ruhe war, sind wir zwar nochmals eingeschlafen aber richtiger Tiefschlaf war das nicht mehr. Zusammen mit der Sonne standen wir endg\u00fcltig auf.<\/p>\n<p style=\"text-align: center;\"><img loading=\"lazy\" decoding=\"async\" class=\"aligncenter  wp-image-2570\" title=\"Sonnenaufgang in St Louis\" alt=\"Sonnenaufgang in St Louis\" src=\"https:\/\/www.all-for-all.de\/wp-content\/uploads\/2012\/06\/DSC00013_klein.jpg\" width=\"800\" height=\"600\" srcset=\"https:\/\/www.all-for-all.de\/wp-content\/uploads\/2012\/06\/DSC00013_klein.jpg 800w, https:\/\/www.all-for-all.de\/wp-content\/uploads\/2012\/06\/DSC00013_klein-300x225.jpg 300w, https:\/\/www.all-for-all.de\/wp-content\/uploads\/2012\/06\/DSC00013_klein-400x300.jpg 400w\" sizes=\"auto, (max-width: 800px) 100vw, 800px\" \/><\/p>\n<p>Gleich nach dem Fr\u00fchst\u00fcck checkten wir aus dem Hotel aus. Der Dodge musste startklar gemacht werden. K\u00fchlbox festschnallen, TomTom sauber montieren, die Sitze\u00a0in die Idealposition bringen, etc, etc.. Au\u00dferdem gab es noch ein paar Funktionen und Kn\u00f6pfe die mir noch nicht so recht klar waren. Sagenhaft&#8230; man kann sich sogar den Luftdruck der einzelnen Reifen anzeigen lassen. <img src=\"https:\/\/www.all-for-all.de\/wp-includes\/images\/smilies\/mrgreen.png\" alt=\":mrgreen:\" class=\"wp-smiley\" style=\"height: 1em; max-height: 1em;\" \/><\/p>\n<p>Unser erstes Ziel heute war die M\u00fcndung des Missouri in den Mississippi.<br \/>Wenn aus zwei gro\u00dfen Fl\u00fcssen ein <span style=\"text-decoration: underline;\">m\u00e4chtig<\/span> gro\u00dfer wird, dann ist das pl\u00f6tzlich eine ganze Menge Wasser. ;-).<\/p>\n<p style=\"text-align: center;\"><img loading=\"lazy\" decoding=\"async\" class=\"aligncenter  wp-image-2573\" title=\"M\u00fcndung Missouri\/Mississippi\" alt=\"M\u00fcndung Missouri\/Mississippi\" src=\"https:\/\/www.all-for-all.de\/wp-content\/uploads\/2012\/06\/DSC00028_klein.jpg\" width=\"800\" height=\"600\" srcset=\"https:\/\/www.all-for-all.de\/wp-content\/uploads\/2012\/06\/DSC00028_klein.jpg 800w, https:\/\/www.all-for-all.de\/wp-content\/uploads\/2012\/06\/DSC00028_klein-300x225.jpg 300w, https:\/\/www.all-for-all.de\/wp-content\/uploads\/2012\/06\/DSC00028_klein-400x300.jpg 400w\" sizes=\"auto, (max-width: 800px) 100vw, 800px\" \/><\/p>\n<p style=\"text-align: center;\"><img loading=\"lazy\" decoding=\"async\" class=\"aligncenter  wp-image-2574\" title=\"M\u00fcndung Missouri\/Mississippi\" alt=\"M\u00fcndung Missouri\/Mississippi\" src=\"https:\/\/www.all-for-all.de\/wp-content\/uploads\/2012\/06\/DSC00033_klein.jpg\" width=\"800\" height=\"600\" srcset=\"https:\/\/www.all-for-all.de\/wp-content\/uploads\/2012\/06\/DSC00033_klein.jpg 800w, https:\/\/www.all-for-all.de\/wp-content\/uploads\/2012\/06\/DSC00033_klein-300x225.jpg 300w, https:\/\/www.all-for-all.de\/wp-content\/uploads\/2012\/06\/DSC00033_klein-400x300.jpg 400w\" sizes=\"auto, (max-width: 800px) 100vw, 800px\" \/><\/p>\n<p>Das in der N\u00e4he gelegene Besucherzentrum ist\u00a0eher etwas f\u00fcr J\u00e4ger und Angler. Wir dachten eigentlich, dass man hier mehr \u00fcber die Fl\u00fcsse erfahren w\u00fcrde. Schade&#8230;<\/p>\n<p style=\"text-align: center;\"><img loading=\"lazy\" decoding=\"async\" class=\"aligncenter  wp-image-2576\" title=\"Besucherzentrum\" alt=\"Besucherzentrum\" src=\"https:\/\/www.all-for-all.de\/wp-content\/uploads\/2012\/06\/DSC00045_klein.jpg\" width=\"800\" height=\"600\" srcset=\"https:\/\/www.all-for-all.de\/wp-content\/uploads\/2012\/06\/DSC00045_klein.jpg 800w, https:\/\/www.all-for-all.de\/wp-content\/uploads\/2012\/06\/DSC00045_klein-300x225.jpg 300w, https:\/\/www.all-for-all.de\/wp-content\/uploads\/2012\/06\/DSC00045_klein-400x300.jpg 400w\" sizes=\"auto, (max-width: 800px) 100vw, 800px\" \/><\/p>\n<p>Neben der schieren Gr\u00f6\u00dfe des Flusses waren die Hochwasserstandsmarken das Beeindruckendste hier. \ud83d\ude2f<\/p>\n<p>N\u00e4chstes Ziel: <strong>The Gateway Arch!<\/strong><br \/>Wir haben im Fernsehen immer wieder etwas \u00fcber dieses Bauwerk gesehen&#8230; von den tats\u00e4chlichen Ausma\u00dfen waren wir dann aber doch sehr \u00fcberrascht. Verdammt ist das Teil riesig!<\/p>\n<p style=\"text-align: center;\"><img loading=\"lazy\" decoding=\"async\" class=\"aligncenter  wp-image-2581\" title=\"The Gateway Arch\" alt=\"The Gateway Arch\" src=\"https:\/\/www.all-for-all.de\/wp-content\/uploads\/2012\/06\/DSC00049_klein.jpg\" width=\"800\" height=\"600\" srcset=\"https:\/\/www.all-for-all.de\/wp-content\/uploads\/2012\/06\/DSC00049_klein.jpg 800w, https:\/\/www.all-for-all.de\/wp-content\/uploads\/2012\/06\/DSC00049_klein-300x225.jpg 300w, https:\/\/www.all-for-all.de\/wp-content\/uploads\/2012\/06\/DSC00049_klein-400x300.jpg 400w\" sizes=\"auto, (max-width: 800px) 100vw, 800px\" \/><\/p>\n<p style=\"text-align: center;\"><img loading=\"lazy\" decoding=\"async\" class=\"aligncenter  wp-image-2582\" title=\"The Gateway Arch\" alt=\"The Gateway Arch\" src=\"https:\/\/www.all-for-all.de\/wp-content\/uploads\/2012\/06\/DSC00051_klein.jpg\" width=\"600\" height=\"800\" srcset=\"https:\/\/www.all-for-all.de\/wp-content\/uploads\/2012\/06\/DSC00051_klein.jpg 600w, https:\/\/www.all-for-all.de\/wp-content\/uploads\/2012\/06\/DSC00051_klein-225x300.jpg 225w\" sizes=\"auto, (max-width: 600px) 100vw, 600px\" \/><\/p>\n<p style=\"text-align: center;\"><img loading=\"lazy\" decoding=\"async\" class=\"aligncenter  wp-image-2579\" title=\"The Gateway Arch\" alt=\"The Gateway Arch\" src=\"https:\/\/www.all-for-all.de\/wp-content\/uploads\/2012\/06\/DSC00056_klein.jpg\" width=\"600\" height=\"800\" srcset=\"https:\/\/www.all-for-all.de\/wp-content\/uploads\/2012\/06\/DSC00056_klein.jpg 600w, https:\/\/www.all-for-all.de\/wp-content\/uploads\/2012\/06\/DSC00056_klein-225x300.jpg 225w\" sizes=\"auto, (max-width: 600px) 100vw, 600px\" \/><\/p>\n<p>The Gateway Arch liegt am Ufer des Mississippi in einem herrlichen Park. Hier hat es uns wirklich gut gefallen!<\/p>\n<p>Mit unserer Fotoausr\u00fcstung ist es absolut unm\u00f6glich den Gateway Arch aus dieser kurzen Entfernung im Querformat komplett auf ein Bild zu bekommen. \ud83d\ude00<\/p>\n<p style=\"text-align: center;\"><img loading=\"lazy\" decoding=\"async\" class=\"aligncenter  wp-image-2580\" title=\"The Gateway Arch\" alt=\"The Gateway Arch\" src=\"https:\/\/www.all-for-all.de\/wp-content\/uploads\/2012\/06\/DSC00061_klein.jpg\" width=\"800\" height=\"600\" srcset=\"https:\/\/www.all-for-all.de\/wp-content\/uploads\/2012\/06\/DSC00061_klein.jpg 800w, https:\/\/www.all-for-all.de\/wp-content\/uploads\/2012\/06\/DSC00061_klein-300x225.jpg 300w, https:\/\/www.all-for-all.de\/wp-content\/uploads\/2012\/06\/DSC00061_klein-400x300.jpg 400w\" sizes=\"auto, (max-width: 800px) 100vw, 800px\" \/><\/p>\n<p>Anschlie\u00dfend, nach einer kleinen Stadtrundfahrt und einem Caramel Macchiato, lie\u00dfen wir St Louis hinter uns.<br \/>\u00dcber die Ortschaften Arnold, Festus, Cape Girardeau und\u00a0Olive Branch f\u00fchrte uns die Stra\u00dfe nach Cairo. Hier flie\u00dft nochmals ein weiterer gro\u00dfer Fluss in den Mississippi: Der Ohio River! <br \/>Erst ab hier hat der Mississippi seinen bekannten Zweitnamen &#8222;Ol`Man River&#8220;.<br \/>Von Cairo ging es weiter \u00fcber Paducah nach Metropolis.<br \/>Hier haben wir uns in einem Harrah`s, (ein Casino Hotel, gibt es auch in Las Vegas) direkt am Ohio River einquartiert. Casinos sind nach wie vor eine gute Adresse. Meist sind die Zimmer tiptop und obendrein g\u00fcnstig. Hier verdienen die Betreiber nicht an den Zimmern, sondern an den Roulette Tischen und an den einarmigen Banditen.\u00a0 <br \/>Das Hotel steht am Ufer aber\u00a0das Casino ist in einer\u00a0Raddampfer-Attrappe auf dem Fluss untergebracht. Die Sache hat etwas mit einer Gesetzesl\u00fccke zu tun. Gl\u00fcckspiel an Land ist verboten&#8230; auf dem Wasser jedoch nicht.\u00a0Solche Casino Hotels mit angeschlossenem Schiffscasino findet man am ganzen Fluss entlang bis hinunter nach New Orleans. <img src=\"https:\/\/www.all-for-all.de\/wp-includes\/images\/smilies\/mrgreen.png\" alt=\":mrgreen:\" class=\"wp-smiley\" style=\"height: 1em; max-height: 1em;\" \/><\/p>\n<p style=\"text-align: center;\"><img loading=\"lazy\" decoding=\"async\" class=\"aligncenter  wp-image-2587\" title=\"Ohio River bei Metropolis\" alt=\"Ohio River bei Metropolis\" src=\"https:\/\/www.all-for-all.de\/wp-content\/uploads\/2012\/06\/DSC00076_klein.jpg\" width=\"800\" height=\"600\" srcset=\"https:\/\/www.all-for-all.de\/wp-content\/uploads\/2012\/06\/DSC00076_klein.jpg 800w, https:\/\/www.all-for-all.de\/wp-content\/uploads\/2012\/06\/DSC00076_klein-300x225.jpg 300w, https:\/\/www.all-for-all.de\/wp-content\/uploads\/2012\/06\/DSC00076_klein-400x300.jpg 400w\" sizes=\"auto, (max-width: 800px) 100vw, 800px\" \/><\/p>\n<p style=\"text-align: center;\"><img loading=\"lazy\" decoding=\"async\" class=\"aligncenter  wp-image-2589\" title=\"Harrah`s Casino\" alt=\"Harrah`s Casino\" src=\"https:\/\/www.all-for-all.de\/wp-content\/uploads\/2012\/06\/DSC00084_klein.jpg\" width=\"800\" height=\"600\" srcset=\"https:\/\/www.all-for-all.de\/wp-content\/uploads\/2012\/06\/DSC00084_klein.jpg 800w, https:\/\/www.all-for-all.de\/wp-content\/uploads\/2012\/06\/DSC00084_klein-300x225.jpg 300w, https:\/\/www.all-for-all.de\/wp-content\/uploads\/2012\/06\/DSC00084_klein-400x300.jpg 400w\" sizes=\"auto, (max-width: 800px) 100vw, 800px\" \/><\/p>\n<p style=\"text-align: center;\"><img loading=\"lazy\" decoding=\"async\" class=\"aligncenter  wp-image-2588\" title=\"Harrah`s Casino\" alt=\"Harrah`s Casino\" src=\"https:\/\/www.all-for-all.de\/wp-content\/uploads\/2012\/06\/DSC00078_klein.jpg\" width=\"800\" height=\"600\" srcset=\"https:\/\/www.all-for-all.de\/wp-content\/uploads\/2012\/06\/DSC00078_klein.jpg 800w, https:\/\/www.all-for-all.de\/wp-content\/uploads\/2012\/06\/DSC00078_klein-300x225.jpg 300w, https:\/\/www.all-for-all.de\/wp-content\/uploads\/2012\/06\/DSC00078_klein-400x300.jpg 400w\" sizes=\"auto, (max-width: 800px) 100vw, 800px\" \/><\/p>\n<p>Wir wollten uns das Casino von innen ansehen und dachten das ginge so einfach wie in Las Vegas. Tja&#8230; eben nicht. Ausweis- und Taschenkontrolle und\u00a0Registrierung am Eingang! Als ich erkl\u00e4rte, dass wir das von Las Vegas ein wenig anders kennen verdrehte einer der T\u00fcrsteher nur die Augen und sagte &#8222;Las Vegas is Nevada. This is Illinois. The laws are stupid here&#8220;.\u00a0 <img src=\"https:\/\/www.all-for-all.de\/wp-includes\/images\/smilies\/mrgreen.png\" alt=\":mrgreen:\" class=\"wp-smiley\" style=\"height: 1em; max-height: 1em;\" \/> <br \/>Gezockt haben wir nicht weil wir hungrig waren. Deshalb starteten wir nochmals den Dodge und fuhren zum ersten Mal f\u00fcr uns zu\u00a0einem &#8222;Hardee`s&#8220;. Das ist eine Schnellimbisskette mit guten B\u00fcrgern (wurde uns gesagt).<br \/>Man hat uns nicht zu viel versprochen. Die Burger waren richtig gut!<\/p>\n<p>Gegen 21:30 Uhr waren wir im Hotelzimmer.<\/p>\n<p>Die gefahrene Strecke war dann doch mehr wie gedacht. Laut GPS Logger waren es 435,14 km.<\/p>\n<p style=\"text-align: center;\"><img loading=\"lazy\" decoding=\"async\" class=\"aligncenter  wp-image-2592\" title=\"GPS Logger\" alt=\"GPS Logger\" src=\"https:\/\/www.all-for-all.de\/wp-content\/uploads\/2012\/06\/Logger05.jpg\" width=\"715\" height=\"666\" srcset=\"https:\/\/www.all-for-all.de\/wp-content\/uploads\/2012\/06\/Logger05.jpg 715w, https:\/\/www.all-for-all.de\/wp-content\/uploads\/2012\/06\/Logger05-300x279.jpg 300w, https:\/\/www.all-for-all.de\/wp-content\/uploads\/2012\/06\/Logger05-322x300.jpg 322w\" sizes=\"auto, (max-width: 715px) 100vw, 715px\" \/><\/p>\n<p>Wir sind uns noch immer schl\u00fcssig wie es morgen weiter gehen soll. Nashville oder nicht Nashville? Dar\u00fcber gr\u00fcbeln wir schon seit Wochen. <img src=\"https:\/\/www.all-for-all.de\/wp-includes\/images\/smilies\/mrgreen.png\" alt=\":mrgreen:\" class=\"wp-smiley\" style=\"height: 1em; max-height: 1em;\" \/><\/p>\n<p>Viele Gr\u00fc\u00dfe<br \/>Joa<\/p>\n<p>Zur\u00fcck zu: <a title=\"13.06.2012, Anreisetag\" href=\"https:\/\/www.all-for-all.de\/?page_id=2537\">13.06.2012, Anreisetag<\/a><br \/>Weiter zu: <a title=\"15.06.2012, Nashville, Lynchburg und Jack Daniels, Huntsville\" href=\"https:\/\/www.all-for-all.de\/?page_id=2597\">15.06.2012, Nashville, Lynchburg und Jack Daniels, Huntsville<\/a><\/p>\n","protected":false},"excerpt":{"rendered":"<p>Die Nacht war extrem kurz. Das erste Mal wurden wir durch die Alarmanlage des angrenzenden Restaurants geweckt. Die ging gegen 3:30 Uhr los und wollte eeeewig nicht mehr aufh\u00f6ren. Als endlich Ruhe war, sind wir zwar nochmals eingeschlafen aber richtiger &hellip; <a href=\"https:\/\/www.all-for-all.de\/?page_id=2564\">Weiterlesen <span class=\"meta-nav\">&rarr;<\/span><\/a><\/p>\n","protected":false},"author":2,"featured_media":0,"parent":0,"menu_order":0,"comment_status":"closed","ping_status":"open","template":"","meta":{"footnotes":""},"class_list":["post-2564","page","type-page","status-publish","hentry"],"jetpack_sharing_enabled":true,"_links":{"self":[{"href":"https:\/\/www.all-for-all.de\/index.php?rest_route=\/wp\/v2\/pages\/2564","targetHints":{"allow":["GET"]}}],"collection":[{"href":"https:\/\/www.all-for-all.de\/index.php?rest_route=\/wp\/v2\/pages"}],"about":[{"href":"https:\/\/www.all-for-all.de\/index.php?rest_route=\/wp\/v2\/types\/page"}],"author":[{"embeddable":true,"href":"https:\/\/www.all-for-all.de\/index.php?rest_route=\/wp\/v2\/users\/2"}],"replies":[{"embeddable":true,"href":"https:\/\/www.all-for-all.de\/index.php?rest_route=%2Fwp%2Fv2%2Fcomments&post=2564"}],"version-history":[{"count":0,"href":"https:\/\/www.all-for-all.de\/index.php?rest_route=\/wp\/v2\/pages\/2564\/revisions"}],"wp:attachment":[{"href":"https:\/\/www.all-for-all.de\/index.php?rest_route=%2Fwp%2Fv2%2Fmedia&parent=2564"}],"curies":[{"name":"wp","href":"https:\/\/api.w.org\/{rel}","templated":true}]}}