{"id":2537,"date":"2012-06-13T23:59:48","date_gmt":"2012-06-13T23:59:48","guid":{"rendered":"http:\/\/www.all-for-all.de\/?page_id=2537"},"modified":"2013-05-30T10:03:02","modified_gmt":"2013-05-30T10:03:02","slug":"13-06-2012-anreisetag","status":"publish","type":"page","link":"https:\/\/www.all-for-all.de\/?page_id=2537","title":{"rendered":"13.06.2012, Anreisetag"},"content":{"rendered":"<p>Und\u00a0endlich ist es Juni&#8230; <img src=\"https:\/\/www.all-for-all.de\/wp-includes\/images\/smilies\/mrgreen.png\" alt=\":mrgreen:\" class=\"wp-smiley\" style=\"height: 1em; max-height: 1em;\" \/> <br \/>Bereits gestern, direkt nach der Arbeit, habe ich den Mietwagen f\u00fcr die Fahrt zum Flughafen bei Europcar abgeholt. Man hat uns einen B-Klasse Mercedes gegeben.<\/p>\n<p>Weil die Koffer gr\u00f6\u00dftenteils schon gepackt waren, gab es nicht mehr viel zu tun.\u00a0Lediglich ein paar\u00a0Kleinigkeiten fehlten. Die Checkliste\u00a0ein letztes Mal durchgegangen, Koffer zu, alle\u00a0gewitterempfindlichen Elektroger\u00e4te ausgesteckt, Alarmanlage und Video\u00fcberwachung eingeschaltet, das gesamte Gep\u00e4ck\u00a0in die Mietkarre gewuchtet und um fast genau 06:00 Uhr ging es ab in Richtung M\u00fcnchen.<\/p>\n<p>Bl\u00f6derweise sind wir in den Berufsverkehr geraten und kamen\u00a0deshalb erst kurz nach 08:00 Uhr am Flughafen an. Aber dann ging alles ziemlich fix. Mietwagen weg, Koffer im Terminal 2 aufgegeben, noch ein Fr\u00fchst\u00fcck in einem Cafe, durch die immer nervigeren Sicherheitskontrollen bis zum Gate und irgendwann endlich in den Flieger.<\/p>\n<p>Gestartet sind wir absolut p\u00fcnktlich um 11:25 Uhr und laut Kapit\u00e4n sollte die Landung genauso p\u00fcnktlich um 15:15 Uhr in Charlotte sein. Ab jetzt hie\u00df es wieder die Zeit irgendwie totschlagen. Wir hatten zwar in-seat-Entertainment aber das Angebot war so \u00fcberhaupt nicht nach meinem Geschmack.Trotzdem kam mir noch kein einziger Flug \u00fcber den Atlantik zu kurz vor wie dieser. Sch\u00f6n! Unser Pilot hat sein Versprechen mit der p\u00fcnktlichen Landung gehalten. \ud83d\ude42<\/p>\n<p>Die Immigration und der Zoll waren schnell erledigt und\u00a0die Koffer verschwanden f\u00fcr den Weiterflug wieder auf irgendeinem Gep\u00e4ckband. Ruckzuck war es Zeit f\u00fcr den Weiterflug nach St Louis. Dort landeten wir sogar 10 Minuten fr\u00fcher als geplant.<br \/>Ganz unerwartet\u00a0waren sogar beide Koffer da!<\/p>\n<p>Ein Shuttle brachte uns zur Alamo Mietwagenstation. Wir konnten es kaum glauben&#8230; wir waren die einzigen Kunden! Bei Alamo hatten wir schon Wartezeiten von 1 1\/2 Stunden. Die Sache mit dem Voucher hat sofort geklappt und man hat uns den Schl\u00fcssel zu unserem Wagen gegeben. <br \/>Es gab dort zwar eine Choiceline aber es stand nur ein einziges Auto in der Kategorie &#8222;Midsize SUV&#8220;. Es war ein silberner Dodge Journey mit 20.000 Meilen auf dem Tacho und einem Kennzeichen aus Florida.<br \/>Auf den ersten Blick fand ich den Dodge wirklich \u00fcbel. Eine riesige Karre ist das! (Zumindest gegen unsere beiden letzten Ford Escape \ud83d\ude09 )<\/p>\n<p>Jetzt, nachdem ich die ersten Kilometer bis zu unserem Hotel gefahren bin, f\u00e4ngt er an mir zu gefallen. Er f\u00e4hrt sich wirklich gut, hat alle Extras die man sich vorstellen kann und ordentlich Bumms unter der Haube. <img src=\"https:\/\/www.all-for-all.de\/wp-includes\/images\/smilies\/mrgreen.png\" alt=\":mrgreen:\" class=\"wp-smiley\" style=\"height: 1em; max-height: 1em;\" \/><\/p>\n<p>Der Check-in in dem vorab gebuchten Best Western war ebenfalls schnell erledigt und wir konnten unser Gep\u00e4ck auf unser Zimmer schleifen. Wir w\u00e4hlten dieses Hotel, weil es, umzingelt von mehreren gro\u00dfen Superm\u00e4rkten, f\u00fcr die ersten Eink\u00e4ufe absolut ideal inmitten einem Einkaufsgel\u00e4nde liegt.<br \/>Obwohl wir eigentlich recht\u00a0m\u00fcde waren, rafften wir uns noch auf um die wichtigsten Eink\u00e4ufe im Walmart um die Ecke zu erledigen. K\u00fchlbox, Waschkram, Getr\u00e4nke, Snacks und andere Kleinigkeiten wanderten so in unseren Einkaufswagen.<\/p>\n<p>Nun plagte und auch noch der Hunger. Also?<br \/>AB ZU DENNY`s!! Juhu! Fast ein Jahr keinen Burger bei Denny`s gegessen!<\/p>\n<p>Als wir dann gegen 22:30 Uhr wieder auf unserem Zimmer waren, merkten wir erst richtig wie m\u00fcde wir waren.<\/p>\n<p>Beinahe be\u00e4ngstigend wie glatt alles gelaufen ist bis hierher. Keine Versp\u00e4tungen, keine langen Warteschlangen, kein verlorenes Gep\u00e4ck&#8230; sch\u00f6n wenn alles klappt!<\/p>\n<p style=\"text-align: center;\"><img loading=\"lazy\" decoding=\"async\" class=\"aligncenter  wp-image-2550\" title=\"\u00dcber den Wolken\" alt=\"\u00dcber den Wolken\" src=\"https:\/\/www.all-for-all.de\/wp-content\/uploads\/2012\/06\/DSC00005_klein.jpg\" width=\"800\" height=\"600\" srcset=\"https:\/\/www.all-for-all.de\/wp-content\/uploads\/2012\/06\/DSC00005_klein.jpg 800w, https:\/\/www.all-for-all.de\/wp-content\/uploads\/2012\/06\/DSC00005_klein-300x225.jpg 300w, https:\/\/www.all-for-all.de\/wp-content\/uploads\/2012\/06\/DSC00005_klein-400x300.jpg 400w\" sizes=\"auto, (max-width: 800px) 100vw, 800px\" \/><\/p>\n<p style=\"text-align: center;\"><img loading=\"lazy\" decoding=\"async\" class=\"aligncenter  wp-image-2551\" title=\"Dodge Journey\" alt=\"Dodge Journey\" src=\"https:\/\/www.all-for-all.de\/wp-content\/uploads\/2012\/06\/DSC00016_klein.jpg\" width=\"800\" height=\"600\" srcset=\"https:\/\/www.all-for-all.de\/wp-content\/uploads\/2012\/06\/DSC00016_klein.jpg 800w, https:\/\/www.all-for-all.de\/wp-content\/uploads\/2012\/06\/DSC00016_klein-300x225.jpg 300w, https:\/\/www.all-for-all.de\/wp-content\/uploads\/2012\/06\/DSC00016_klein-400x300.jpg 400w\" sizes=\"auto, (max-width: 800px) 100vw, 800px\" \/><\/p>\n<p style=\"text-align: center;\"><img loading=\"lazy\" decoding=\"async\" class=\"aligncenter  wp-image-2552\" title=\"I`am from Florida\" alt=\"I`am from Florida\" src=\"https:\/\/www.all-for-all.de\/wp-content\/uploads\/2012\/06\/DSC00020_klein.jpg\" width=\"800\" height=\"600\" srcset=\"https:\/\/www.all-for-all.de\/wp-content\/uploads\/2012\/06\/DSC00020_klein.jpg 800w, https:\/\/www.all-for-all.de\/wp-content\/uploads\/2012\/06\/DSC00020_klein-300x225.jpg 300w, https:\/\/www.all-for-all.de\/wp-content\/uploads\/2012\/06\/DSC00020_klein-400x300.jpg 400w\" sizes=\"auto, (max-width: 800px) 100vw, 800px\" \/><\/p>\n<p style=\"text-align: center;\"><img loading=\"lazy\" decoding=\"async\" class=\"wp-image-2554 alignleft\" title=\"GPS Logger\" alt=\"GPS Logger\" src=\"https:\/\/www.all-for-all.de\/wp-content\/uploads\/2012\/06\/Logger01.jpg\" width=\"961\" height=\"410\" srcset=\"https:\/\/www.all-for-all.de\/wp-content\/uploads\/2012\/06\/Logger01.jpg 961w, https:\/\/www.all-for-all.de\/wp-content\/uploads\/2012\/06\/Logger01-300x127.jpg 300w, https:\/\/www.all-for-all.de\/wp-content\/uploads\/2012\/06\/Logger01-500x213.jpg 500w\" sizes=\"auto, (max-width: 961px) 100vw, 961px\" \/><\/p>\n<p style=\"text-align: center;\"><img loading=\"lazy\" decoding=\"async\" class=\"aligncenter  wp-image-2556\" title=\"GPS Logger\" alt=\"GPS Logger\" src=\"https:\/\/www.all-for-all.de\/wp-content\/uploads\/2012\/06\/Logger03.jpg\" width=\"794\" height=\"500\" srcset=\"https:\/\/www.all-for-all.de\/wp-content\/uploads\/2012\/06\/Logger03.jpg 794w, https:\/\/www.all-for-all.de\/wp-content\/uploads\/2012\/06\/Logger03-300x188.jpg 300w, https:\/\/www.all-for-all.de\/wp-content\/uploads\/2012\/06\/Logger03-476x300.jpg 476w\" sizes=\"auto, (max-width: 794px) 100vw, 794px\" \/><\/p>\n<p style=\"text-align: center;\"><img loading=\"lazy\" decoding=\"async\" class=\"aligncenter  wp-image-2557\" title=\"GPS Logger\" alt=\"GPS Logger\" src=\"https:\/\/www.all-for-all.de\/wp-content\/uploads\/2012\/06\/Logger04.jpg\" width=\"804\" height=\"640\" srcset=\"https:\/\/www.all-for-all.de\/wp-content\/uploads\/2012\/06\/Logger04.jpg 804w, https:\/\/www.all-for-all.de\/wp-content\/uploads\/2012\/06\/Logger04-300x238.jpg 300w, https:\/\/www.all-for-all.de\/wp-content\/uploads\/2012\/06\/Logger04-376x300.jpg 376w\" sizes=\"auto, (max-width: 804px) 100vw, 804px\" \/><\/p>\n<p style=\"text-align: left;\">Geflogene Kilometer: 8.402<br \/>Gefahrene Kilometer: 71.65<br \/> <img src=\"https:\/\/www.all-for-all.de\/wp-includes\/images\/smilies\/mrgreen.png\" alt=\":mrgreen:\" class=\"wp-smiley\" style=\"height: 1em; max-height: 1em;\" \/> \u00a0<\/p>\n<p style=\"text-align: left;\">Und jetzt ab ins Bett!<\/p>\n<p style=\"text-align: left;\">Viele Gr\u00fc\u00dfe<br \/>Joa<\/p>\n<p style=\"text-align: left;\">Zur\u00fcck zu: <a title=\"Von St Louis nach New Orleans mit dem Mietwagen + Florida\" href=\"https:\/\/www.all-for-all.de\/?page_id=2076\">Von St Louis nach New Orleans mit dem Mietwagen + Florida<\/a><br \/>Weiter zu: <a title=\"14.06.2012, M\u00fcndung Missouri\/Mississippi, The Arch, Metropolis\" href=\"https:\/\/www.all-for-all.de\/?page_id=2564\">14.06.2012, M\u00fcndung Missouri\/Mississippi, The Gateway Arch, Metropolis<\/a><\/p>\n","protected":false},"excerpt":{"rendered":"<p>Und\u00a0endlich ist es Juni&#8230; Bereits gestern, direkt nach der Arbeit, habe ich den Mietwagen f\u00fcr die Fahrt zum Flughafen bei Europcar abgeholt. Man hat uns einen B-Klasse Mercedes gegeben. Weil die Koffer gr\u00f6\u00dftenteils schon gepackt waren, gab es nicht mehr &hellip; <a href=\"https:\/\/www.all-for-all.de\/?page_id=2537\">Weiterlesen <span class=\"meta-nav\">&rarr;<\/span><\/a><\/p>\n","protected":false},"author":2,"featured_media":0,"parent":0,"menu_order":0,"comment_status":"closed","ping_status":"open","template":"","meta":{"footnotes":""},"class_list":["post-2537","page","type-page","status-publish","hentry"],"jetpack_sharing_enabled":true,"_links":{"self":[{"href":"https:\/\/www.all-for-all.de\/index.php?rest_route=\/wp\/v2\/pages\/2537","targetHints":{"allow":["GET"]}}],"collection":[{"href":"https:\/\/www.all-for-all.de\/index.php?rest_route=\/wp\/v2\/pages"}],"about":[{"href":"https:\/\/www.all-for-all.de\/index.php?rest_route=\/wp\/v2\/types\/page"}],"author":[{"embeddable":true,"href":"https:\/\/www.all-for-all.de\/index.php?rest_route=\/wp\/v2\/users\/2"}],"replies":[{"embeddable":true,"href":"https:\/\/www.all-for-all.de\/index.php?rest_route=%2Fwp%2Fv2%2Fcomments&post=2537"}],"version-history":[{"count":0,"href":"https:\/\/www.all-for-all.de\/index.php?rest_route=\/wp\/v2\/pages\/2537\/revisions"}],"wp:attachment":[{"href":"https:\/\/www.all-for-all.de\/index.php?rest_route=%2Fwp%2Fv2%2Fmedia&parent=2537"}],"curies":[{"name":"wp","href":"https:\/\/api.w.org\/{rel}","templated":true}]}}