{"id":2457,"date":"2011-07-14T23:59:53","date_gmt":"2011-07-14T23:59:53","guid":{"rendered":"http:\/\/www.all-for-all.de\/?page_id=2457"},"modified":"2013-04-15T16:31:48","modified_gmt":"2013-04-15T16:31:48","slug":"14-07-2011-ankunft-koffer","status":"publish","type":"page","link":"https:\/\/www.all-for-all.de\/?page_id=2457","title":{"rendered":"14.07.2011, Ankunft Koffer"},"content":{"rendered":"<p>Mehrere Anrufe bei der zust\u00e4ndigen Stelle der Lufthansa ergaben nichts Neues.<br \/>Nach dem letzten Anruf gestern war eigentlich klar, dass der Koffer nicht mehr auffindbar ist. Ich solle doch bitte eine detaillierte Verlustmeldung aufstellen und so weit wie m\u00f6glich Rechnungen vorlegen. Sch&#8230;!!!<\/p>\n<p>Als ich mich fast damit abgefunden hatte, l\u00e4utete heute Mittag w\u00e4hrend der Arbeit mein Handy. Es war ein Kurierfahrer der Lufthansa. Er wollte wissen wann er mich zu Hause erreichen kann. Er will mir noch heute meinen Koffer zustellen.<br \/>Wir haben uns auf 18:00 Uhr geeinigt.<\/p>\n<p>Mit ein wenig Versp\u00e4tung kam mein Koffer tats\u00e4chlich an! Ich habe ihn im Beisein des Kurierfahrers ge\u00f6ffnet und es sah alles gut aus. Lediglich ein Brief der TSA lag darin in dem ich \u00fcber die Durchsuchung informiert wurde.<\/p>\n<p>Juhu! Koffer da! Alles drin!<\/p>\n<p>Viele Gr\u00fc\u00dfe<br \/>Joa<\/p>\n<p>Zur\u00fcck zu: <a title=\"10.07.2011, Landung, Heimfahrt ohne Koffer\" href=\"https:\/\/www.all-for-all.de\/?page_id=2455\">10.07.2011, Landung, Heimfahrt ohne Koffer<\/a><br \/>Weiter zu: <a title=\"27.08.2011, Zusammenfassung\" href=\"https:\/\/www.all-for-all.de\/?page_id=2459\">27.08.2011, Zusammenfassung<\/a><\/p>\n","protected":false},"excerpt":{"rendered":"<p>Mehrere Anrufe bei der zust\u00e4ndigen Stelle der Lufthansa ergaben nichts Neues.Nach dem letzten Anruf gestern war eigentlich klar, dass der Koffer nicht mehr auffindbar ist. Ich solle doch bitte eine detaillierte Verlustmeldung aufstellen und so weit wie m\u00f6glich Rechnungen vorlegen. &hellip; <a href=\"https:\/\/www.all-for-all.de\/?page_id=2457\">Weiterlesen <span class=\"meta-nav\">&rarr;<\/span><\/a><\/p>\n","protected":false},"author":2,"featured_media":0,"parent":0,"menu_order":0,"comment_status":"closed","ping_status":"open","template":"","meta":{"footnotes":""},"class_list":["post-2457","page","type-page","status-publish","hentry"],"jetpack_sharing_enabled":true,"_links":{"self":[{"href":"https:\/\/www.all-for-all.de\/index.php?rest_route=\/wp\/v2\/pages\/2457","targetHints":{"allow":["GET"]}}],"collection":[{"href":"https:\/\/www.all-for-all.de\/index.php?rest_route=\/wp\/v2\/pages"}],"about":[{"href":"https:\/\/www.all-for-all.de\/index.php?rest_route=\/wp\/v2\/types\/page"}],"author":[{"embeddable":true,"href":"https:\/\/www.all-for-all.de\/index.php?rest_route=\/wp\/v2\/users\/2"}],"replies":[{"embeddable":true,"href":"https:\/\/www.all-for-all.de\/index.php?rest_route=%2Fwp%2Fv2%2Fcomments&post=2457"}],"version-history":[{"count":0,"href":"https:\/\/www.all-for-all.de\/index.php?rest_route=\/wp\/v2\/pages\/2457\/revisions"}],"wp:attachment":[{"href":"https:\/\/www.all-for-all.de\/index.php?rest_route=%2Fwp%2Fv2%2Fmedia&parent=2457"}],"curies":[{"name":"wp","href":"https:\/\/api.w.org\/{rel}","templated":true}]}}