{"id":2440,"date":"2011-07-08T23:59:35","date_gmt":"2011-07-08T23:59:35","guid":{"rendered":"http:\/\/www.all-for-all.de\/?page_id=2440"},"modified":"2013-04-15T16:14:01","modified_gmt":"2013-04-15T16:14:01","slug":"08-07-2011-letzter-urlaubstag-letztes-space-shuttle","status":"publish","type":"page","link":"https:\/\/www.all-for-all.de\/?page_id=2440","title":{"rendered":"08.07.2011, Das letzte Space Shuttle, letzter Urlaubstag"},"content":{"rendered":"<p>Die Nacht war nicht so schlimm wie bef\u00fcrchtet. Das feuerrote Gesicht ist weg aber der R\u00fccken leuchtet immer noch. Da steht auf jeden Fall eine H\u00e4utung an. \ud83d\udc7f<\/p>\n<p>Heute m\u00fcssen die Reste aus unserem K\u00fchlschrank verwertet werden. Wie immer ist noch viel zu viel da.<br \/>Zu unserem Brunch habe ich den kleinen Fernseher auf die Terrasse gestellt und einen Sender gesucht, welcher live vom Space Shuttle berichtet. Als wir die Bilder sahen, war uns klar dass die Entscheidung richtig war. Um Titusville herum war tats\u00e4chlich alles komplett verstopft. Zum Ungl\u00fcck der vielen Menschen kam noch, dass es bew\u00f6lkt war und die Wolken richtig tief hingen. <br \/>Die Atlantis startete fast p\u00fcnktlich um 11:29 Uhr Ortszeit und verschwand bereits 1 Minute nach dem Start in den Wolken. Wer weiter wie 10 km entfernt war sah leider gar nichts. So geht also eine \u00c4ra zu Ende. <strong>Godspeed\u00a0Atlantis! <\/strong>\ud83d\ude25<\/p>\n<p style=\"text-align: center;\"><img loading=\"lazy\" decoding=\"async\" class=\"aligncenter size-full wp-image-2444\" title=\"STS-135 Atlantis\" alt=\"STS-135 Atlantis\" src=\"https:\/\/www.all-for-all.de\/wp-content\/uploads\/2011\/07\/Never-see-that-again.jpg\" width=\"489\" height=\"658\" srcset=\"https:\/\/www.all-for-all.de\/wp-content\/uploads\/2011\/07\/Never-see-that-again.jpg 489w, https:\/\/www.all-for-all.de\/wp-content\/uploads\/2011\/07\/Never-see-that-again-222x300.jpg 222w\" sizes=\"auto, (max-width: 489px) 100vw, 489px\" \/><\/p>\n<p>Obendrein\u00a0mussten heute noch die Koffer gepackt werden. Wie immer haben wir jetzt einen Trolley als zus\u00e4tzliches Gep\u00e4ckst\u00fcck. Mal sehen ob wir dieses Jahr wieder nichts daf\u00fcr bezahlen m\u00fcssen. Verflucht! Sind tats\u00e4chlich schon wieder mehr als drei Wochen vergangen?<br \/>Beim Einpacken unseres eigenen Shuttles hatten wir wenigstens Spa\u00df. Es war mit Helium gef\u00fcllt. Mehr sage ich nicht. <img src=\"https:\/\/www.all-for-all.de\/wp-includes\/images\/smilies\/mrgreen.png\" alt=\":mrgreen:\" class=\"wp-smiley\" style=\"height: 1em; max-height: 1em;\" \/><\/p>\n<p>Noch ein letztes Mal in den Pool springen, Sonnenbrand versorgen, ab ins Bett. Der morgige Tag wird lang.<\/p>\n<p>Viele Gr\u00fc\u00dfe<br \/>Joa<\/p>\n<p>Zur\u00fcck zu: <a title=\"07.07.2011, Caspersen Beach, versteinerte Haifischz\u00e4hne, Sonnenbrand!\" href=\"https:\/\/www.all-for-all.de\/?page_id=2424\">07.07.2011, Caspersen Beach, versteinerte Haifischz\u00e4hne, Sonnenbrand!<\/a><br \/>Weiter zu: <a title=\"09.07.2011, Haus\u00fcbergabe und Heimflug\" href=\"https:\/\/www.all-for-all.de\/?page_id=2452\">09.07.2011, Haus\u00fcbergabe und Heimflug<\/a><\/p>\n","protected":false},"excerpt":{"rendered":"<p>Die Nacht war nicht so schlimm wie bef\u00fcrchtet. Das feuerrote Gesicht ist weg aber der R\u00fccken leuchtet immer noch. Da steht auf jeden Fall eine H\u00e4utung an. \ud83d\udc7f Heute m\u00fcssen die Reste aus unserem K\u00fchlschrank verwertet werden. Wie immer ist &hellip; <a href=\"https:\/\/www.all-for-all.de\/?page_id=2440\">Weiterlesen <span class=\"meta-nav\">&rarr;<\/span><\/a><\/p>\n","protected":false},"author":2,"featured_media":0,"parent":0,"menu_order":0,"comment_status":"closed","ping_status":"open","template":"","meta":{"footnotes":""},"class_list":["post-2440","page","type-page","status-publish","hentry"],"jetpack_sharing_enabled":true,"_links":{"self":[{"href":"https:\/\/www.all-for-all.de\/index.php?rest_route=\/wp\/v2\/pages\/2440","targetHints":{"allow":["GET"]}}],"collection":[{"href":"https:\/\/www.all-for-all.de\/index.php?rest_route=\/wp\/v2\/pages"}],"about":[{"href":"https:\/\/www.all-for-all.de\/index.php?rest_route=\/wp\/v2\/types\/page"}],"author":[{"embeddable":true,"href":"https:\/\/www.all-for-all.de\/index.php?rest_route=\/wp\/v2\/users\/2"}],"replies":[{"embeddable":true,"href":"https:\/\/www.all-for-all.de\/index.php?rest_route=%2Fwp%2Fv2%2Fcomments&post=2440"}],"version-history":[{"count":0,"href":"https:\/\/www.all-for-all.de\/index.php?rest_route=\/wp\/v2\/pages\/2440\/revisions"}],"wp:attachment":[{"href":"https:\/\/www.all-for-all.de\/index.php?rest_route=%2Fwp%2Fv2%2Fmedia&parent=2440"}],"curies":[{"name":"wp","href":"https:\/\/api.w.org\/{rel}","templated":true}]}}