{"id":2424,"date":"2011-07-07T23:59:40","date_gmt":"2011-07-07T23:59:40","guid":{"rendered":"http:\/\/www.all-for-all.de\/?page_id=2424"},"modified":"2013-04-15T16:16:33","modified_gmt":"2013-04-15T16:16:33","slug":"07-07-2011-caspersen-beach-versteinerte-haifischzahne","status":"publish","type":"page","link":"https:\/\/www.all-for-all.de\/?page_id=2424","title":{"rendered":"07.07.2011, Caspersen Beach, versteinerte Haifischz\u00e4hne, Sonnenbrand!"},"content":{"rendered":"<p>Heute fuhren wir nach dem Fr\u00fchst\u00fcck\/Brunch nach Venice an den Caspersen Beach. Es handelt sich um einen \u00f6ffentlichen Strand an dem man mit ein wenig Geduld angeblich jede Menge versteinerte Haifischz\u00e4hne finden kann.<\/p>\n<p>Bei der Abfahrt in Cape Coral hat es stark geregnet und\u00a0auf dem gesamten Weg\u00a0h\u00f6rte es nie richtig auf. Selbst als wir am Caspersen Beach ankamen nieselte es noch leicht. Immerhin nur noch kurz. Es blieb aber stark bew\u00f6lkt.<\/p>\n<p>Trotz des Wetters war hier doch recht viel los. Jede Menge &#8222;professionelle Haifischzahnsucher&#8220; die mit speziellen Metallsieben den Sand\u00a0filterten belagerten das Ufer. Scheinbar kann man damit ein paar Dollar verdienen.<\/p>\n<p>Wir sprangen auch gleich ins Wasser und schauten zuerst nur nebens\u00e4chlich nach den Z\u00e4hnen. Da wir aber sehr schnell f\u00fcndig wurden, intensivierten wir die Suche.\u00a0\ud83d\ude00<\/p>\n<p>Es sei nochmals betont, dass w\u00e4hrend den gesamten drei Stunden am Caspersen Beach nicht eine einzige Minute die Sonne durch die starke Bew\u00f6lkung kam. <br \/>Als ich dann noch am Strand ein seltsames brennen am R\u00fccken versp\u00fcrte, schwante mir schon b\u00f6ses. \ud83d\ude10 <br \/>Auf der R\u00fcckfahrt nach Cape Coral (im Regen) konnte ich mich dann schon fast nicht mehr am Autositz anlehnen.<\/p>\n<p>Was ich dann im Spiegel sah&#8230; Gaaaaaaah!! KREBSROT! Der ganze R\u00fccken! Und auch das Gesicht! Biggy hat es &#8222;nur&#8220; an den Armen und den Schultern erwischt.<br \/>Ganz hervorragend, dass wir IM AUTO eine Sonnenschutzlotion mit Faktor 70 liegen hatten. Aber wer denkt den bei wirklich starker Bew\u00f6lkung an so was? <br \/>Mich freut es auf die kommende Nacht&#8230; \ud83d\ude25<\/p>\n<p style=\"text-align: center;\"><img loading=\"lazy\" decoding=\"async\" class=\"aligncenter  wp-image-2432\" title=\"Caspersen Beach\" alt=\"Caspersen Beach\" src=\"https:\/\/www.all-for-all.de\/wp-content\/uploads\/2011\/07\/DSC01521_klein.jpg\" width=\"800\" height=\"600\" srcset=\"https:\/\/www.all-for-all.de\/wp-content\/uploads\/2011\/07\/DSC01521_klein.jpg 800w, https:\/\/www.all-for-all.de\/wp-content\/uploads\/2011\/07\/DSC01521_klein-300x225.jpg 300w, https:\/\/www.all-for-all.de\/wp-content\/uploads\/2011\/07\/DSC01521_klein-400x300.jpg 400w\" sizes=\"auto, (max-width: 800px) 100vw, 800px\" \/><\/p>\n<p style=\"text-align: center;\"><img loading=\"lazy\" decoding=\"async\" class=\"aligncenter  wp-image-2431\" title=\"Caspersen Beach\" alt=\"Caspersen Beach\" src=\"https:\/\/www.all-for-all.de\/wp-content\/uploads\/2011\/07\/DSC01518_klein.jpg\" width=\"800\" height=\"600\" srcset=\"https:\/\/www.all-for-all.de\/wp-content\/uploads\/2011\/07\/DSC01518_klein.jpg 800w, https:\/\/www.all-for-all.de\/wp-content\/uploads\/2011\/07\/DSC01518_klein-300x225.jpg 300w, https:\/\/www.all-for-all.de\/wp-content\/uploads\/2011\/07\/DSC01518_klein-400x300.jpg 400w\" sizes=\"auto, (max-width: 800px) 100vw, 800px\" \/><\/p>\n<p>Unsere &#8222;Ausbeute&#8220;<\/p>\n<p style=\"text-align: center;\"><img loading=\"lazy\" decoding=\"async\" class=\"aligncenter  wp-image-2437\" title=\"Ausbeute Haifischz\u00e4hne\" alt=\"Ausbeute Haifischz\u00e4hne\" src=\"https:\/\/www.all-for-all.de\/wp-content\/uploads\/2011\/07\/DSC01523_klein.jpg\" width=\"800\" height=\"600\" srcset=\"https:\/\/www.all-for-all.de\/wp-content\/uploads\/2011\/07\/DSC01523_klein.jpg 800w, https:\/\/www.all-for-all.de\/wp-content\/uploads\/2011\/07\/DSC01523_klein-300x225.jpg 300w, https:\/\/www.all-for-all.de\/wp-content\/uploads\/2011\/07\/DSC01523_klein-400x300.jpg 400w\" sizes=\"auto, (max-width: 800px) 100vw, 800px\" \/><\/p>\n<p>Morgen um 11:26 Uhr Ortszeit soll nun tats\u00e4chlich das allerletzte Space Shuttle der aktuellen Generation zu starten. Alle Systeme stehen noch auf &#8222;go&#8220;. Der Wetterbericht f\u00fcr morgen sieht zwar nicht besonders gut aus aber bis jetzt gibt es keine weitere Startverschiebung. <br \/>Wir haben noch \u00fcberlegt ob wir die ca. 400 km auf uns nehmen sollen. Aber dann kam in den Nachrichten, dass im weiten Umkreis um Titusville alles dicht ist. Es werden gesch\u00e4tzte 1,5 Millionen (!!!) Zuschauer erwartet. Die Polizei hat Cape Canaveral, Cocoa Beach, Titusville und Umgebung schon gro\u00dfr\u00e4umig f\u00fcr Schaulustige abgesperrt. Das war f\u00fcr uns das endg\u00fcltige KO-Kriterium. An unserem letzten Urlaubstag f\u00fcr vielleicht Nichts den ganzen Tag im Stau stehen wollen wir dann doch nicht.<\/p>\n<p>Nachdem wir uns nun richtig dick mit After-sun Lotion eingerieben haben, geht es ins Bett. Wir leuchten beide im Dunkeln. \ud83d\udc7f<\/p>\n<p>Viele Gr\u00fc\u00dfe<br \/>Joa<\/p>\n<p>Zur\u00fcck zu: <a title=\"06.07.2011, Ausflug nach Sanibel Island\" href=\"https:\/\/www.all-for-all.de\/?page_id=2420\">06.07.2011, Ausflug nach Sanibel Island<\/a><br \/>Weiter zu: <a title=\"08.07.2011, Das letzte Space Shuttle, letzter Urlaubstag\" href=\"https:\/\/www.all-for-all.de\/?page_id=2440\">08.07.2011, Das letzte Space Shuttle, letzter Urlaubstag<\/a><\/p>\n","protected":false},"excerpt":{"rendered":"<p>Heute fuhren wir nach dem Fr\u00fchst\u00fcck\/Brunch nach Venice an den Caspersen Beach. Es handelt sich um einen \u00f6ffentlichen Strand an dem man mit ein wenig Geduld angeblich jede Menge versteinerte Haifischz\u00e4hne finden kann. Bei der Abfahrt in Cape Coral hat &hellip; <a href=\"https:\/\/www.all-for-all.de\/?page_id=2424\">Weiterlesen <span class=\"meta-nav\">&rarr;<\/span><\/a><\/p>\n","protected":false},"author":2,"featured_media":0,"parent":0,"menu_order":0,"comment_status":"closed","ping_status":"open","template":"","meta":{"footnotes":""},"class_list":["post-2424","page","type-page","status-publish","hentry"],"jetpack_sharing_enabled":true,"_links":{"self":[{"href":"https:\/\/www.all-for-all.de\/index.php?rest_route=\/wp\/v2\/pages\/2424","targetHints":{"allow":["GET"]}}],"collection":[{"href":"https:\/\/www.all-for-all.de\/index.php?rest_route=\/wp\/v2\/pages"}],"about":[{"href":"https:\/\/www.all-for-all.de\/index.php?rest_route=\/wp\/v2\/types\/page"}],"author":[{"embeddable":true,"href":"https:\/\/www.all-for-all.de\/index.php?rest_route=\/wp\/v2\/users\/2"}],"replies":[{"embeddable":true,"href":"https:\/\/www.all-for-all.de\/index.php?rest_route=%2Fwp%2Fv2%2Fcomments&post=2424"}],"version-history":[{"count":0,"href":"https:\/\/www.all-for-all.de\/index.php?rest_route=\/wp\/v2\/pages\/2424\/revisions"}],"wp:attachment":[{"href":"https:\/\/www.all-for-all.de\/index.php?rest_route=%2Fwp%2Fv2%2Fmedia&parent=2424"}],"curies":[{"name":"wp","href":"https:\/\/api.w.org\/{rel}","templated":true}]}}