{"id":2409,"date":"2011-07-04T23:59:30","date_gmt":"2011-07-04T23:59:30","guid":{"rendered":"http:\/\/www.all-for-all.de\/?page_id=2409"},"modified":"2013-04-15T16:22:10","modified_gmt":"2013-04-15T16:22:10","slug":"04-07-2011-red-white-and-boom","status":"publish","type":"page","link":"https:\/\/www.all-for-all.de\/?page_id=2409","title":{"rendered":"04.07.2011, red, white and boom!"},"content":{"rendered":"<p>4. Juli, der gr\u00f6\u00dfte Nationalfeiertag in den USA! <br \/>Schon seit Tagen sieht man \u00fcberall (also noch mehr wie sonst auch) US-Flaggen\u00a0sowie dekorierte H\u00e4user und G\u00e4rten in den Farben rot, wei\u00df und blau. Man merkt \u00fcberall wie stolz die US-B\u00fcrger trotz aller Krisen auf ihr Land sind. Das w\u00fcrde uns manchmal auch nicht schaden!\u00a0 \ud83d\ude44<\/p>\n<p>Trotz des Feiertags kam, noch w\u00e4hrend wir am Fr\u00fchst\u00fcckstisch sa\u00dfen, der\u00a0Hausverwalter mit dem Pooltechniker. Leider konnten sie das Problem nur teilweise beheben. Der Skimmer konnte eingeschaltet werden aber dann lief immer unser Whirlpool leer. Irgendwas sei\u00a0wohl defekt\u00a0und man m\u00fcsse der Sache genauer nachgehen. Uns war es egal. Wir wussten ja nun was zu tun ist um entweder den Skimmer einzuschalten oder den Whirlpool wieder zu f\u00fcllen. <img src=\"https:\/\/www.all-for-all.de\/wp-includes\/images\/smilies\/mrgreen.png\" alt=\":mrgreen:\" class=\"wp-smiley\" style=\"height: 1em; max-height: 1em;\" \/> \u00a0<br \/>Man bot uns an am n\u00e4chsten Tag ein ganzes Team vorbei zu schicken aber\u00a0das haben wir abgelehnt. Lieber hin und wieder einen Hebel umlegen als mehrere Stunden Baustelle auf unserer Terrasse. \ud83d\ude09<\/p>\n<p>Heute war den ganzen Tag lang die Cape Coral Bridge gesperrt weil dort \u00fcberall Veranstaltungen stattfanden und Marktst\u00e4nde aufgebaut waren. <br \/>Das Highlight in unseren Augen war der Werbestand der US Army. Zwei aufgemotzte Hummer mit Info-Zelt dazwischen, eine Musiklautst\u00e4rke die locker eine startende F-18 \u00fcbert\u00f6nt h\u00e4tte und\u00a0ein paar supercoole US Ranger in Tarnanz\u00fcgen die nette Werbegeschenke und Infobrosch\u00fcren verteilt haben. DAS kommt an und DAS ist das Rezept um eine Freiwilligen-Armee aufzustellen! Wenn ich da an die Werbefilmchen unserer Bundeswehr denke&#8230; kein Wunder dass\u00a0bei uns\u00a0Nachwuchsmangel herrscht.<\/p>\n<p>Zum Abschluss\u00a0des Abends gab es\u00a0ein nettes Feuerwerk \u00fcber der Br\u00fccke welches von einer gro\u00dfen Maklerfirma aus Cape Coral gesponsert wurde.\u00a0Die Profis brachten Sitzdecken und Klappst\u00fchle mit. Wir, die Anf\u00e4nger, mussten die Lightshow und unser Budweiser &#8222;strong&#8220; im stehen genie\u00dfen. <img src=\"https:\/\/www.all-for-all.de\/wp-includes\/images\/smilies\/mrgreen.png\" alt=\":mrgreen:\" class=\"wp-smiley\" style=\"height: 1em; max-height: 1em;\" \/> <br \/>Das Feuerwerk lief unter dem Motto &#8222;red, white and boom!&#8220; Ehrlicherweise muss man sagen, dass hier entweder die Sponsoren gegeizt haben oder dass es hier noch viel zu lernen gibt. \ud83d\ude09<\/p>\n<p>Aufgefallen sind uns noch die vielen Sicherheitsbeamten auf den D\u00e4chern der h\u00f6heren H\u00e4user um die Veranstaltung herum. Jede Menge Ferngl\u00e4ser beobachteten das Treiben auf der Stra\u00dfe. Das letzte Mal haben wir so viele Beamte in Washington gesehen. Soll uns Recht sein&#8230;<\/p>\n<p>Die R\u00fcckfahrt zu unserem Haus verlief leider \u00fcberwiegend im Stau. Nach dem Feuerwerk wollten gesch\u00e4tzte 10.000 Menschen zur\u00fcck nach Hause. Selbst die Seitenstra\u00dfen waren dicht. Da es irgendwann so oder so schon egal war, haben wir noch einen\u00a0Umweg zu McDonalds eingelegt. Eine T\u00fcte voll Cheeseburger und zwei gro\u00dfe Vanilla Iceshakes war das was wir uns nur bei unserer Poolbeleuchtung schmecken lie\u00dfen.<\/p>\n<p>Viele Gr\u00fc\u00dfe<br \/>Joa<\/p>\n<p>Zur\u00fcck zu: <a title=\"03.07.2011, Faulenzen und den Tag genie\u00dfen\" href=\"https:\/\/www.all-for-all.de\/?page_id=2406\">03.07.2011, Faulenzen und den Tag genie\u00dfen<\/a><br \/>Weiter zu: <a title=\"05.07.2011, Faulenzen und kleinere Eink\u00e4ufe\" href=\"https:\/\/www.all-for-all.de\/?page_id=2416\">05.07.2011, Faulenzen und kleinere Eink\u00e4ufe<\/a><\/p>\n","protected":false},"excerpt":{"rendered":"<p>4. Juli, der gr\u00f6\u00dfte Nationalfeiertag in den USA! Schon seit Tagen sieht man \u00fcberall (also noch mehr wie sonst auch) US-Flaggen\u00a0sowie dekorierte H\u00e4user und G\u00e4rten in den Farben rot, wei\u00df und blau. Man merkt \u00fcberall wie stolz die US-B\u00fcrger trotz &hellip; <a href=\"https:\/\/www.all-for-all.de\/?page_id=2409\">Weiterlesen <span class=\"meta-nav\">&rarr;<\/span><\/a><\/p>\n","protected":false},"author":2,"featured_media":0,"parent":0,"menu_order":0,"comment_status":"closed","ping_status":"open","template":"","meta":{"footnotes":""},"class_list":["post-2409","page","type-page","status-publish","hentry"],"jetpack_sharing_enabled":true,"_links":{"self":[{"href":"https:\/\/www.all-for-all.de\/index.php?rest_route=\/wp\/v2\/pages\/2409","targetHints":{"allow":["GET"]}}],"collection":[{"href":"https:\/\/www.all-for-all.de\/index.php?rest_route=\/wp\/v2\/pages"}],"about":[{"href":"https:\/\/www.all-for-all.de\/index.php?rest_route=\/wp\/v2\/types\/page"}],"author":[{"embeddable":true,"href":"https:\/\/www.all-for-all.de\/index.php?rest_route=\/wp\/v2\/users\/2"}],"replies":[{"embeddable":true,"href":"https:\/\/www.all-for-all.de\/index.php?rest_route=%2Fwp%2Fv2%2Fcomments&post=2409"}],"version-history":[{"count":0,"href":"https:\/\/www.all-for-all.de\/index.php?rest_route=\/wp\/v2\/pages\/2409\/revisions"}],"wp:attachment":[{"href":"https:\/\/www.all-for-all.de\/index.php?rest_route=%2Fwp%2Fv2%2Fmedia&parent=2409"}],"curies":[{"name":"wp","href":"https:\/\/api.w.org\/{rel}","templated":true}]}}