{"id":2406,"date":"2011-07-03T23:59:48","date_gmt":"2011-07-03T23:59:48","guid":{"rendered":"http:\/\/www.all-for-all.de\/?page_id=2406"},"modified":"2013-04-14T21:10:09","modified_gmt":"2013-04-14T21:10:09","slug":"03-07-2011-faulenzen-und-den-tag-geniesen","status":"publish","type":"page","link":"https:\/\/www.all-for-all.de\/?page_id=2406","title":{"rendered":"03.07.2011, Faulenzen und den Tag genie\u00dfen"},"content":{"rendered":"<p>Brunchen am eigenen Pool hat was&#8230; das k\u00f6nnte jeden Tag so sein. Heute ist auch das Wetter besser. <br \/>Also: Wenig bewegen, gutes Zeug essen, gek\u00fchlte Getr\u00e4nke trinken, in der Sonne liegen, poolen, Urlaubsfotos begutachten, Reiseberichte \u00fcberarbeiten.<br \/> \ud83d\ude09<\/p>\n<p>Heute Abend gabs Toast mit Salaten.<br \/>Perfekt!<\/p>\n<p>&nbsp;<\/p>\n<p>Viele Gr\u00fc\u00dfe<br \/>Joa<\/p>\n<p>Zur\u00fcck zu: <a title=\"02.07.2011, Shopping\" href=\"https:\/\/www.all-for-all.de\/?page_id=2400\">02.07.2011, Shopping<\/a><br \/>Weiter zu: <a title=\"04.07.2011, red, white and boom!\" href=\"https:\/\/www.all-for-all.de\/?page_id=2409\">04.07.2011, red, white and boom!<\/a><\/p>\n","protected":false},"excerpt":{"rendered":"<p>Brunchen am eigenen Pool hat was&#8230; das k\u00f6nnte jeden Tag so sein. Heute ist auch das Wetter besser. Also: Wenig bewegen, gutes Zeug essen, gek\u00fchlte Getr\u00e4nke trinken, in der Sonne liegen, poolen, Urlaubsfotos begutachten, Reiseberichte \u00fcberarbeiten. \ud83d\ude09 Heute Abend gabs &hellip; <a href=\"https:\/\/www.all-for-all.de\/?page_id=2406\">Weiterlesen <span class=\"meta-nav\">&rarr;<\/span><\/a><\/p>\n","protected":false},"author":2,"featured_media":0,"parent":0,"menu_order":0,"comment_status":"closed","ping_status":"open","template":"","meta":{"footnotes":""},"class_list":["post-2406","page","type-page","status-publish","hentry"],"jetpack_sharing_enabled":true,"_links":{"self":[{"href":"https:\/\/www.all-for-all.de\/index.php?rest_route=\/wp\/v2\/pages\/2406","targetHints":{"allow":["GET"]}}],"collection":[{"href":"https:\/\/www.all-for-all.de\/index.php?rest_route=\/wp\/v2\/pages"}],"about":[{"href":"https:\/\/www.all-for-all.de\/index.php?rest_route=\/wp\/v2\/types\/page"}],"author":[{"embeddable":true,"href":"https:\/\/www.all-for-all.de\/index.php?rest_route=\/wp\/v2\/users\/2"}],"replies":[{"embeddable":true,"href":"https:\/\/www.all-for-all.de\/index.php?rest_route=%2Fwp%2Fv2%2Fcomments&post=2406"}],"version-history":[{"count":0,"href":"https:\/\/www.all-for-all.de\/index.php?rest_route=\/wp\/v2\/pages\/2406\/revisions"}],"wp:attachment":[{"href":"https:\/\/www.all-for-all.de\/index.php?rest_route=%2Fwp%2Fv2%2Fmedia&parent=2406"}],"curies":[{"name":"wp","href":"https:\/\/api.w.org\/{rel}","templated":true}]}}