{"id":2392,"date":"2011-07-01T23:59:40","date_gmt":"2011-07-01T23:59:40","guid":{"rendered":"http:\/\/www.all-for-all.de\/?page_id=2392"},"modified":"2013-04-15T16:25:20","modified_gmt":"2013-04-15T16:25:20","slug":"01-07-2011-kleine-mangel-am-haus","status":"publish","type":"page","link":"https:\/\/www.all-for-all.de\/?page_id=2392","title":{"rendered":"01.07.2011, kleine M\u00e4ngel am Haus"},"content":{"rendered":"<p>Heute haben wir am eigenen Pool unseren ersten Brunch gehabt. Speck, Eier, Toast, Ahornsirup, K\u00e4se, Honig, Smuckers Erdbeer- und Orangenmarmelade, O-Saft mit endlos Pulp, Kaffee&#8230; Fress-Orgie! \ud83d\ude0e<\/p>\n<p>Sp\u00e4ter stellte ich fest, dass auf der Wasseroberfl\u00e4che des Pools relativ viel Kram schwimmt. Der Grund hierf\u00fcr ist, dass der Skimmer im Pool nicht l\u00e4uft. Die Nummer der Hausverwaltung wollte ich mir aus dem Internet besorgen. Dabei fiel mir dann auf, dass kein WLAN vorhanden und auch keine Hardware daf\u00fcr zu finden war. Das war aber abgemacht und zugesagt.<br \/>Die Nummer habe ich dann in unseren Unterlagen gefunden und angerufen. Es wurde uns\u00a0versprochen diese Probleme umgehend abzustellen.<br \/>Keine 30 Minuten sp\u00e4ter war jemand von der Hausverwaltung hier und hat sich die Sache mit dem Pool angesehen. Leider konnte der Fehler nicht lokalisiert werden. Und weil heute Freitag war hat man uns gefragt ob es uns viel ausmacht, wenn das Problem erst am Montag behoben wird. <br \/>Was soll`s? Das Zeug kann ich bis Montag auch mit einem Netz abfischen.<br \/>Aber WLAN muss her .. dringend! Der Hausverwalter hat uns gesagt, dass der alte Vertrag mit dem Onlineanbieter gek\u00fcndigt wurde und jetzt bei dem neuen Vertrag kein Router dabei ist. Er wird aber sofort einen besorgen und versuchen jemanden zu finden der das Ding einrichten kann. Wir haben uns dann darauf geeinigt, dass er ein gutes Ger\u00e4t besorgt und ich das dann selbst einrichte. \ud83d\ude09<br \/>Gesagt, getan &#8230; nach etwa einer Stunde lag ein nagelneuer D-Link WLAN Router vor mir und\u00a0weitere 30 Minuten sp\u00e4ter war das Ger\u00e4t konfiguriert.<\/p>\n<p>Nachmittags hatten wir einen Gast auf unserem Bootssteg. Einen Fischadler. Der lie\u00df sich\u00a0von seinem Fischmahl\u00a0durch uns nicht ablenken.<\/p>\n<p style=\"text-align: center;\"><img loading=\"lazy\" decoding=\"async\" class=\"aligncenter  wp-image-2398\" title=\"Fischadler\" alt=\"Fischadler\" src=\"https:\/\/www.all-for-all.de\/wp-content\/uploads\/2011\/07\/DSC01449_klein.jpg\" width=\"800\" height=\"600\" srcset=\"https:\/\/www.all-for-all.de\/wp-content\/uploads\/2011\/07\/DSC01449_klein.jpg 800w, https:\/\/www.all-for-all.de\/wp-content\/uploads\/2011\/07\/DSC01449_klein-300x225.jpg 300w, https:\/\/www.all-for-all.de\/wp-content\/uploads\/2011\/07\/DSC01449_klein-400x300.jpg 400w\" sizes=\"auto, (max-width: 800px) 100vw, 800px\" \/><\/p>\n<p>Heute Abend gab es dann auch endlich unsere ersten selbstgebauten Burger.<\/p>\n<p>Viele Gr\u00fc\u00dfe<br \/>Joa<\/p>\n<p>Zur\u00fcck zu: <a title=\"30.06.2011, Cape Coral, Einzug in die Villa\" href=\"https:\/\/www.all-for-all.de\/?page_id=2072\">30.06.2011, Cape Coral, Einzug in die Villa<\/a><br \/>Weiter zu: <a title=\"02.07.2011, Shopping\" href=\"https:\/\/www.all-for-all.de\/?page_id=2400\">02.07.2011, Shopping<\/a><\/p>\n","protected":false},"excerpt":{"rendered":"<p>Heute haben wir am eigenen Pool unseren ersten Brunch gehabt. Speck, Eier, Toast, Ahornsirup, K\u00e4se, Honig, Smuckers Erdbeer- und Orangenmarmelade, O-Saft mit endlos Pulp, Kaffee&#8230; Fress-Orgie! \ud83d\ude0e Sp\u00e4ter stellte ich fest, dass auf der Wasseroberfl\u00e4che des Pools relativ viel Kram &hellip; <a href=\"https:\/\/www.all-for-all.de\/?page_id=2392\">Weiterlesen <span class=\"meta-nav\">&rarr;<\/span><\/a><\/p>\n","protected":false},"author":2,"featured_media":0,"parent":0,"menu_order":0,"comment_status":"closed","ping_status":"open","template":"","meta":{"footnotes":""},"class_list":["post-2392","page","type-page","status-publish","hentry"],"jetpack_sharing_enabled":true,"_links":{"self":[{"href":"https:\/\/www.all-for-all.de\/index.php?rest_route=\/wp\/v2\/pages\/2392","targetHints":{"allow":["GET"]}}],"collection":[{"href":"https:\/\/www.all-for-all.de\/index.php?rest_route=\/wp\/v2\/pages"}],"about":[{"href":"https:\/\/www.all-for-all.de\/index.php?rest_route=\/wp\/v2\/types\/page"}],"author":[{"embeddable":true,"href":"https:\/\/www.all-for-all.de\/index.php?rest_route=\/wp\/v2\/users\/2"}],"replies":[{"embeddable":true,"href":"https:\/\/www.all-for-all.de\/index.php?rest_route=%2Fwp%2Fv2%2Fcomments&post=2392"}],"version-history":[{"count":0,"href":"https:\/\/www.all-for-all.de\/index.php?rest_route=\/wp\/v2\/pages\/2392\/revisions"}],"wp:attachment":[{"href":"https:\/\/www.all-for-all.de\/index.php?rest_route=%2Fwp%2Fv2%2Fmedia&parent=2392"}],"curies":[{"name":"wp","href":"https:\/\/api.w.org\/{rel}","templated":true}]}}