{"id":2072,"date":"2011-06-30T23:59:27","date_gmt":"2011-06-30T23:59:27","guid":{"rendered":"http:\/\/www.all-for-all.de\/?page_id=2072"},"modified":"2013-04-14T21:03:48","modified_gmt":"2013-04-14T21:03:48","slug":"30-06-2011-ab-jetzt-cape-coral","status":"publish","type":"page","link":"https:\/\/www.all-for-all.de\/?page_id=2072","title":{"rendered":"30.06.2011, Cape Coral, Einzug in die Villa"},"content":{"rendered":"<p>Das letzte Hotelfr\u00fchst\u00fcck in diesem Urlaub war, wie wir es von den Hampton Inns gew\u00f6hnt sind, sehr gut. Auch\u00a0hier waren keine anderen\u00a0G\u00e4ste zu sehen. Umso besser f\u00fcr uns. \ud83d\ude09<\/p>\n<p>Wir hatten abgemacht, dass wir ab 11:00 Uhr ins Haus k\u00f6nnen. Ich war allerdings skeptisch. Zu Recht wie sich noch herausstellen sollte.<br \/>Wir waren superp\u00fcnktlich um 11:00 Uhr an dem von uns gemieteten Haus. Drau\u00dfen standen drei Fahrzeuge und innen war alles in heller Aufregung. Die Putzfrau war mitten in der Reinigung und die Hausverwalterin war gerade mit den alten G\u00e4sten dabei das \u00dcbergabeprotokoll auszuf\u00fcllen. Naja &#8230; es gibt schlimmere Dinge.<br \/>Die alten G\u00e4ste waren dann bald verabschiedet und die Haus\u00fcbergabe an uns war auch schnell erledigt.\u00a0Lediglich die Putzfrau meinte, dass sie noch bis ca. 14:00 Uhr brauchen w\u00fcrde. Weil wir ihr nicht im Weg stehen wollten, haben wir uns darauf geeinigt, dass wir einkaufen gehen und gegen 14:00 Uhr wieder kommen.<\/p>\n<p>Also flogen nur schnell Koffer und Taschen aus dem Auto und ab ging es zum Publix. F\u00fcr weit \u00fcber 200 Dollar haben wir unseren Einkaufswagen gef\u00fcllt. Juhu! Lauter leckere Fressalien und Getr\u00e4nke.<br \/>Zur\u00fcck am Haus war alles ruhig, die Putzfrau war fertig und weg. Endlich\u00a0alleine und endlich Zeit das Haus in Ruhe anzusehen.<\/p>\n<p style=\"text-align: center;\"><img loading=\"lazy\" decoding=\"async\" class=\"aligncenter  wp-image-2386\" title=\"Villa Rosegarden\" alt=\"Villa Rosegarden\" src=\"https:\/\/www.all-for-all.de\/wp-content\/uploads\/2011\/06\/DSC01539_klein.jpg\" width=\"800\" height=\"600\" srcset=\"https:\/\/www.all-for-all.de\/wp-content\/uploads\/2011\/06\/DSC01539_klein.jpg 800w, https:\/\/www.all-for-all.de\/wp-content\/uploads\/2011\/06\/DSC01539_klein-300x225.jpg 300w, https:\/\/www.all-for-all.de\/wp-content\/uploads\/2011\/06\/DSC01539_klein-400x300.jpg 400w\" sizes=\"auto, (max-width: 800px) 100vw, 800px\" \/><\/p>\n<p style=\"text-align: center;\"><img loading=\"lazy\" decoding=\"async\" class=\"aligncenter  wp-image-2387\" title=\"Villa Rosegarden\" alt=\"Villa Rosegarden\" src=\"https:\/\/www.all-for-all.de\/wp-content\/uploads\/2011\/06\/DSC01432_klein.jpg\" width=\"800\" height=\"600\" srcset=\"https:\/\/www.all-for-all.de\/wp-content\/uploads\/2011\/06\/DSC01432_klein.jpg 800w, https:\/\/www.all-for-all.de\/wp-content\/uploads\/2011\/06\/DSC01432_klein-300x225.jpg 300w, https:\/\/www.all-for-all.de\/wp-content\/uploads\/2011\/06\/DSC01432_klein-400x300.jpg 400w\" sizes=\"auto, (max-width: 800px) 100vw, 800px\" \/><\/p>\n<p>Das Haus ist sehr gepflegt und top eingerichtet. Prima!<br \/>Nachdem unsere Eink\u00e4ufe und der Inhalt unserer Koffer verstaut waren, lockte uns der Pool. Soooo! Bis auf Weiteres nur noch Badelatschen!<\/p>\n<p>Wir haben heute Hackfleisch-Patties eingekauft, waren aber dann doch zu faul den Grill zu starten und Burger zu basteln. Deshalb gab es heute lediglich Salate mit prima Dressings.\u00a0An der Gallone Eis mussten wir uns auch mehrfach vergreifen. \ud83d\ude00\u00a0<\/p>\n<p>Viele Gr\u00fc\u00dfe<br \/>Joa<\/p>\n<p>Zur\u00fcck zu: <a title=\"29.06.2011, Von Cape Canaveral nach Fort Myers\" href=\"https:\/\/www.all-for-all.de\/?page_id=2069\">29.06.2011, Von Cape Canaveral nach Fort Myers<\/a><br \/>Weiter zu: <a title=\"01.07.2011, kleine M\u00e4ngel am Haus\" href=\"https:\/\/www.all-for-all.de\/?page_id=2392\">01.07.2011, kleine M\u00e4ngel am Haus<\/a><\/p>\n","protected":false},"excerpt":{"rendered":"<p>Das letzte Hotelfr\u00fchst\u00fcck in diesem Urlaub war, wie wir es von den Hampton Inns gew\u00f6hnt sind, sehr gut. Auch\u00a0hier waren keine anderen\u00a0G\u00e4ste zu sehen. Umso besser f\u00fcr uns. \ud83d\ude09 Wir hatten abgemacht, dass wir ab 11:00 Uhr ins Haus k\u00f6nnen. &hellip; <a href=\"https:\/\/www.all-for-all.de\/?page_id=2072\">Weiterlesen <span class=\"meta-nav\">&rarr;<\/span><\/a><\/p>\n","protected":false},"author":2,"featured_media":0,"parent":0,"menu_order":0,"comment_status":"closed","ping_status":"open","template":"","meta":{"footnotes":""},"class_list":["post-2072","page","type-page","status-publish","hentry"],"jetpack_sharing_enabled":true,"_links":{"self":[{"href":"https:\/\/www.all-for-all.de\/index.php?rest_route=\/wp\/v2\/pages\/2072","targetHints":{"allow":["GET"]}}],"collection":[{"href":"https:\/\/www.all-for-all.de\/index.php?rest_route=\/wp\/v2\/pages"}],"about":[{"href":"https:\/\/www.all-for-all.de\/index.php?rest_route=\/wp\/v2\/types\/page"}],"author":[{"embeddable":true,"href":"https:\/\/www.all-for-all.de\/index.php?rest_route=\/wp\/v2\/users\/2"}],"replies":[{"embeddable":true,"href":"https:\/\/www.all-for-all.de\/index.php?rest_route=%2Fwp%2Fv2%2Fcomments&post=2072"}],"version-history":[{"count":0,"href":"https:\/\/www.all-for-all.de\/index.php?rest_route=\/wp\/v2\/pages\/2072\/revisions"}],"wp:attachment":[{"href":"https:\/\/www.all-for-all.de\/index.php?rest_route=%2Fwp%2Fv2%2Fmedia&parent=2072"}],"curies":[{"name":"wp","href":"https:\/\/api.w.org\/{rel}","templated":true}]}}