{"id":2069,"date":"2011-06-29T23:59:28","date_gmt":"2011-06-29T23:59:28","guid":{"rendered":"http:\/\/www.all-for-all.de\/?page_id=2069"},"modified":"2013-04-14T21:01:10","modified_gmt":"2013-04-14T21:01:10","slug":"29-06-2011-von-cocoa-beach-nach-fort-myers","status":"publish","type":"page","link":"https:\/\/www.all-for-all.de\/?page_id=2069","title":{"rendered":"29.06.2011, Von Cape Canaveral nach Fort Myers"},"content":{"rendered":"<p>Wieder fr\u00fch aufgestanden heute und gleich ausgecheckt. Das Fr\u00fchst\u00fcck bei Denny`s war wie immer sehr gut. F\u00fcr die gem\u00fctliche Weiterfahrt Richtung Kissimmee mussten noch zwei Caramel Macchiato von Starbucks besorgt werden. \ud83d\ude09<\/p>\n<p>Den Abstecher nach Kissimmee machten wir nur, weil wir dort schon mehrere Jahre nicht mehr waren. Ein reiner &#8222;Neugierbesuch&#8220; also. Auf den ersten Blick hat sich nicht besonders viel getan. Am Auff\u00e4lligsten war eigentlich die neue mautpflichtige Umgehungsstra\u00dfe. <img src=\"https:\/\/www.all-for-all.de\/wp-includes\/images\/smilies\/mrgreen.png\" alt=\":mrgreen:\" class=\"wp-smiley\" style=\"height: 1em; max-height: 1em;\" \/> <br \/>An einer 7 Eleven &#8211; Tankstelle haben wir den Ford nochmals vollgetankt und frisches Eis in die K\u00fchlbox gepackt. F\u00fcr das Eis musste ich Vorkasse leisten,\u00a0dann beim Kassierer einen Schl\u00fcssel holen, ein Vorh\u00e4ngeschloss an der Truhe \u00f6ffnen, das Eis entnehmen, Schloss wieder absperren und den Schl\u00fcssel wieder rein bringen. Der Kassierer blieb die ganze Zeit hinter seiner mit Eisengitter abgesicherten Theke. Und das am hellen Tag. h\u00f6h\u00f6h\u00f6 &#8230; ich muss einen echt guten Eindruck gemacht haben.<br \/> \ud83d\ude44<\/p>\n<p>Je weiter man sich von Kissimmee entfernt, auf dem Florida Turnpike,\u00a0desto l\u00e4ndlicher wird die Umgebung. Extrem viele Rinderfarmen sind hier zu finden. Und kaum noch Autos. Das ist definitiv keine florida-typische Touristengegend.<\/p>\n<p style=\"text-align: center;\"><img loading=\"lazy\" decoding=\"async\" class=\"aligncenter  wp-image-2366\" title=\"Yeehaw Junction\" alt=\"Yeehaw Junction\" src=\"https:\/\/www.all-for-all.de\/wp-content\/uploads\/2011\/06\/DSC01420_klein.jpg\" width=\"800\" height=\"600\" srcset=\"https:\/\/www.all-for-all.de\/wp-content\/uploads\/2011\/06\/DSC01420_klein.jpg 800w, https:\/\/www.all-for-all.de\/wp-content\/uploads\/2011\/06\/DSC01420_klein-300x225.jpg 300w, https:\/\/www.all-for-all.de\/wp-content\/uploads\/2011\/06\/DSC01420_klein-400x300.jpg 400w\" sizes=\"auto, (max-width: 800px) 100vw, 800px\" \/><\/p>\n<p>Tja &#8230; dann der Lake Okeechobee &#8230; was soll ich hierzu schreiben. <br \/>Der See hat zur Zeit anscheinend trotz Regenzeit extremes Niedrigwasser. Hinzu kommt, dass der gesamte See mit einem sehr hohen Damm umgeben ist. Man findet zwar immer wieder Stellen an denen man auf den Damm fahren kann aber dann schaut man bis zum Horizont auf ein Schilfmeer. Wasser haben wir egal wo wir es versucht haben keines gesehen. \ud83d\ude15<br \/>Und wie ich gerade festgestellt habe, war uns das nicht einmal ein Foto wert. \ud83d\ude33<br \/>Egal &#8230; weg hier. Auf nach Fort Myers!<\/p>\n<p>Die Adresse des Hampton Inn war bereits als Favorit im TomTom einprogrammiert und die weitere Fahrt dorthin war sehr gem\u00fctlich und stressfrei. Naja &#8230; bis fast dahin.<br \/>Denn an der gespeicherten Adresse war kein Hotel. Wir haben nochmals die Adresse\u00a0anhand der Best\u00e4tigungsmail \u00fcberpr\u00fcft, konnten aber keinen Fehler entdecken. Wir fuhren dann noch gesch\u00e4tzte 30 Minuten\u00a0in der N\u00e4he herum, bis wir endlich das Hotel entdeckten. <br \/>Die Angegebene Adresse war in der Summerlin Road&#8230; das Hotel liegt jedoch am Summerlin Square Drive. Beide Stra\u00dfen liegen nicht weit auseinander aber das Hotel ist von der Summerlin Road nur schwer zu sehen.<\/p>\n<p style=\"text-align: center;\"><img loading=\"lazy\" decoding=\"async\" class=\"aligncenter  wp-image-2375\" title=\"Hampton Inn\" alt=\"Hampton Inn\" src=\"https:\/\/www.all-for-all.de\/wp-content\/uploads\/2011\/06\/DSC01426_klein.jpg\" width=\"800\" height=\"600\" srcset=\"https:\/\/www.all-for-all.de\/wp-content\/uploads\/2011\/06\/DSC01426_klein.jpg 800w, https:\/\/www.all-for-all.de\/wp-content\/uploads\/2011\/06\/DSC01426_klein-300x225.jpg 300w, https:\/\/www.all-for-all.de\/wp-content\/uploads\/2011\/06\/DSC01426_klein-400x300.jpg 400w\" sizes=\"auto, (max-width: 800px) 100vw, 800px\" \/><\/p>\n<p>Das Hotel\u00a0ist entweder sehr neu oder\u00a0ganz frisch renoviert. Und es sind au\u00dfer uns keine anderen G\u00e4ste zu sehen. Vielleicht liegt es daran, dass\u00a0sie ihre eigene Adresse falsch schreiben. \u00a0 <img src=\"https:\/\/www.all-for-all.de\/wp-includes\/images\/smilies\/mrgreen.png\" alt=\":mrgreen:\" class=\"wp-smiley\" style=\"height: 1em; max-height: 1em;\" \/><\/p>\n<p>Auf dem Weg zum Hotel, bereits in Fort Myers, kamen wir an einem Denny`s Classic Diner vorbei. Es gibt dort zwar genau die gleiche Speisekarte wie in einem &#8222;normalen&#8220; Denny`s aber die Einrichtung ist im Stil der 50er Jahre gehalten. Das wollten wir uns unbedingt ansehen und noch ein (vielleicht) letztes Mal in diesem Urlaub bei Denny`s zu essen. Ab morgen werden wir \u00fcberwiegend aus unserem eigenen K\u00fchlschrank versorgt. \ud83d\ude09<\/p>\n<p style=\"text-align: center;\"><img loading=\"lazy\" decoding=\"async\" class=\"aligncenter  wp-image-2377\" title=\"Denny`s Classic Diner\" alt=\"Denny`s Classic Diner\" src=\"https:\/\/www.all-for-all.de\/wp-content\/uploads\/2011\/06\/DSC01424_klein.jpg\" width=\"800\" height=\"600\" srcset=\"https:\/\/www.all-for-all.de\/wp-content\/uploads\/2011\/06\/DSC01424_klein.jpg 800w, https:\/\/www.all-for-all.de\/wp-content\/uploads\/2011\/06\/DSC01424_klein-300x225.jpg 300w, https:\/\/www.all-for-all.de\/wp-content\/uploads\/2011\/06\/DSC01424_klein-400x300.jpg 400w\" sizes=\"auto, (max-width: 800px) 100vw, 800px\" \/><\/p>\n<p style=\"text-align: center;\"><img loading=\"lazy\" decoding=\"async\" class=\"aligncenter  wp-image-2378\" title=\"Denny`s Classic Diner\" alt=\"Denny`s Classic Diner\" src=\"https:\/\/www.all-for-all.de\/wp-content\/uploads\/2011\/06\/DSC01425_klein.jpg\" width=\"800\" height=\"600\" srcset=\"https:\/\/www.all-for-all.de\/wp-content\/uploads\/2011\/06\/DSC01425_klein.jpg 800w, https:\/\/www.all-for-all.de\/wp-content\/uploads\/2011\/06\/DSC01425_klein-300x225.jpg 300w, https:\/\/www.all-for-all.de\/wp-content\/uploads\/2011\/06\/DSC01425_klein-400x300.jpg 400w\" sizes=\"auto, (max-width: 800px) 100vw, 800px\" \/><\/p>\n<p>Die Einrichtung war genial. An jedem Tisch standen kleine Jukeboxen und \u00fcberall hingen alte Emaille Schilder und alte Bilder. Toll gemacht!<\/p>\n<p>Heute sind wir insgesamt 474,56 km gefahren.<\/p>\n<p style=\"text-align: center;\"><img loading=\"lazy\" decoding=\"async\" class=\"aligncenter size-full wp-image-2379\" title=\"GPS Logger\" alt=\"GPS Logger\" src=\"https:\/\/www.all-for-all.de\/wp-content\/uploads\/2011\/06\/Logger25.jpg\" width=\"502\" height=\"574\" srcset=\"https:\/\/www.all-for-all.de\/wp-content\/uploads\/2011\/06\/Logger25.jpg 502w, https:\/\/www.all-for-all.de\/wp-content\/uploads\/2011\/06\/Logger25-262x300.jpg 262w\" sizes=\"auto, (max-width: 502px) 100vw, 502px\" \/><\/p>\n<p style=\"text-align: left;\">Morgen geht es ins eigene Haus!<\/p>\n<p>Viele Gr\u00fc\u00dfe<br \/>Joa<\/p>\n<p>Zur\u00fcck zu: <a title=\"28.06.2011, Cape Canaveral und Umgebung\" href=\"https:\/\/www.all-for-all.de\/?page_id=2066\">28.06.2011, Cape Canaveral und Umgebung<\/a><br \/>Weiter zu: <a title=\"30.06.2011, Cape Coral, Einzug in die Villa\" href=\"https:\/\/www.all-for-all.de\/?page_id=2072\">30.06.2011, Cape Coral, Einzug in die Villa<\/a><\/p>\n","protected":false},"excerpt":{"rendered":"<p>Wieder fr\u00fch aufgestanden heute und gleich ausgecheckt. Das Fr\u00fchst\u00fcck bei Denny`s war wie immer sehr gut. F\u00fcr die gem\u00fctliche Weiterfahrt Richtung Kissimmee mussten noch zwei Caramel Macchiato von Starbucks besorgt werden. \ud83d\ude09 Den Abstecher nach Kissimmee machten wir nur, weil &hellip; <a href=\"https:\/\/www.all-for-all.de\/?page_id=2069\">Weiterlesen <span class=\"meta-nav\">&rarr;<\/span><\/a><\/p>\n","protected":false},"author":2,"featured_media":0,"parent":0,"menu_order":0,"comment_status":"closed","ping_status":"open","template":"","meta":{"footnotes":""},"class_list":["post-2069","page","type-page","status-publish","hentry"],"jetpack_sharing_enabled":true,"_links":{"self":[{"href":"https:\/\/www.all-for-all.de\/index.php?rest_route=\/wp\/v2\/pages\/2069","targetHints":{"allow":["GET"]}}],"collection":[{"href":"https:\/\/www.all-for-all.de\/index.php?rest_route=\/wp\/v2\/pages"}],"about":[{"href":"https:\/\/www.all-for-all.de\/index.php?rest_route=\/wp\/v2\/types\/page"}],"author":[{"embeddable":true,"href":"https:\/\/www.all-for-all.de\/index.php?rest_route=\/wp\/v2\/users\/2"}],"replies":[{"embeddable":true,"href":"https:\/\/www.all-for-all.de\/index.php?rest_route=%2Fwp%2Fv2%2Fcomments&post=2069"}],"version-history":[{"count":0,"href":"https:\/\/www.all-for-all.de\/index.php?rest_route=\/wp\/v2\/pages\/2069\/revisions"}],"wp:attachment":[{"href":"https:\/\/www.all-for-all.de\/index.php?rest_route=%2Fwp%2Fv2%2Fmedia&parent=2069"}],"curies":[{"name":"wp","href":"https:\/\/api.w.org\/{rel}","templated":true}]}}