{"id":2066,"date":"2011-06-28T23:59:17","date_gmt":"2011-06-28T23:59:17","guid":{"rendered":"http:\/\/www.all-for-all.de\/?page_id=2066"},"modified":"2013-04-14T20:59:10","modified_gmt":"2013-04-14T20:59:10","slug":"28-06-2011-merritt-island","status":"publish","type":"page","link":"https:\/\/www.all-for-all.de\/?page_id=2066","title":{"rendered":"28.06.2011, Cape Canaveral und Umgebung"},"content":{"rendered":"<p>Heute Morgen war es stark bew\u00f6lkt. Trotzdem haben wir das Zimmer um eine Nacht verl\u00e4ngert.<\/p>\n<p>Nach dem Fr\u00fchst\u00fcck bei Denny`s fuhren wir gem\u00fctlich zu dem kleinen NASA T-Shirt Shop den wir vor ein paar Jahren entdeckt haben. Hier\u00a0gibt es immer nette Fanartikel. \ud83d\ude42<\/p>\n<p>Wir wollten anschlie\u00dfend noch schauen was uns direkt im Kennedy Space Center angeboten wird aber an die Shops kommt man nur ran, wenn man teure Eintrittstickets kauft. Das wollten wir heute nicht. Irgendwie bl\u00f6d gel\u00f6st die Sache hier&#8230;<\/p>\n<p style=\"text-align: center;\"><img loading=\"lazy\" decoding=\"async\" class=\"aligncenter  wp-image-2263\" title=\"Kennedy Space Center\" alt=\"Kennedy Space Center\" src=\"https:\/\/www.all-for-all.de\/wp-content\/uploads\/2011\/06\/DSC01410_klein.jpg\" width=\"800\" height=\"600\" srcset=\"https:\/\/www.all-for-all.de\/wp-content\/uploads\/2011\/06\/DSC01410_klein.jpg 800w, https:\/\/www.all-for-all.de\/wp-content\/uploads\/2011\/06\/DSC01410_klein-300x225.jpg 300w, https:\/\/www.all-for-all.de\/wp-content\/uploads\/2011\/06\/DSC01410_klein-400x300.jpg 400w\" sizes=\"auto, (max-width: 800px) 100vw, 800px\" \/><\/p>\n<p style=\"text-align: center;\"><img loading=\"lazy\" decoding=\"async\" class=\"aligncenter  wp-image-2262\" title=\"Space Shuttle Enterprise\" alt=\"Space Shuttle Enterprise\" src=\"https:\/\/www.all-for-all.de\/wp-content\/uploads\/2011\/06\/DSC01411_klein.jpg\" width=\"800\" height=\"600\" srcset=\"https:\/\/www.all-for-all.de\/wp-content\/uploads\/2011\/06\/DSC01411_klein.jpg 800w, https:\/\/www.all-for-all.de\/wp-content\/uploads\/2011\/06\/DSC01411_klein-300x225.jpg 300w, https:\/\/www.all-for-all.de\/wp-content\/uploads\/2011\/06\/DSC01411_klein-400x300.jpg 400w\" sizes=\"auto, (max-width: 800px) 100vw, 800px\" \/><\/p>\n<p>Wir fuhren dann noch ein wenig Ziellos durch Titusville und Umgebung. Titusville ist wirklich\u00a0etwas herunter gekommen\u00a0und wenn das Shuttle Programm dann eingestellt ist wird es hier sicher nicht besser werden.<\/p>\n<p>Eigentlich wollten wir heute Nachmittag noch kurz in den Atlantik springen aber immer wieder gab es kleinere Regenschauer. Kein echtes Badewetter heute. Also haben wir unsere Vorr\u00e4te ein letztes Mal aufgestockt, unser Abendessen eingekauft und uns am Sp\u00e4tnachmittag auf unser Zimmer verzogen. <br \/>So hatten wir endlich ein wenig Zeit unsere Koffer, unsere Eink\u00e4ufe und sonstiges Zeugs zu sortieren. So langsam aber sicher finden wir nichts mehr. \ud83d\ude09<\/p>\n<p>Nach dem Abendessen auf unserem Balkon \u00fcberlegten wir uns anhand unseres Atlas und Google Earth die Fahrtroute nach Fort Myers.<\/p>\n<p style=\"text-align: center;\"><img loading=\"lazy\" decoding=\"async\" class=\"aligncenter  wp-image-2284\" title=\"Blick vom Balkon\" alt=\"Blick vom Balkon\" src=\"https:\/\/www.all-for-all.de\/wp-content\/uploads\/2011\/06\/DSC01417_klein.jpg\" width=\"800\" height=\"600\" srcset=\"https:\/\/www.all-for-all.de\/wp-content\/uploads\/2011\/06\/DSC01417_klein.jpg 800w, https:\/\/www.all-for-all.de\/wp-content\/uploads\/2011\/06\/DSC01417_klein-300x225.jpg 300w, https:\/\/www.all-for-all.de\/wp-content\/uploads\/2011\/06\/DSC01417_klein-400x300.jpg 400w\" sizes=\"auto, (max-width: 800px) 100vw, 800px\" \/><\/p>\n<p style=\"text-align: center;\"><img loading=\"lazy\" decoding=\"async\" class=\"aligncenter  wp-image-2283\" title=\"Blick vom Balkon\" alt=\"Blick vom Balkon\" src=\"https:\/\/www.all-for-all.de\/wp-content\/uploads\/2011\/06\/DSC01412_klein.jpg\" width=\"800\" height=\"600\" srcset=\"https:\/\/www.all-for-all.de\/wp-content\/uploads\/2011\/06\/DSC01412_klein.jpg 800w, https:\/\/www.all-for-all.de\/wp-content\/uploads\/2011\/06\/DSC01412_klein-300x225.jpg 300w, https:\/\/www.all-for-all.de\/wp-content\/uploads\/2011\/06\/DSC01412_klein-400x300.jpg 400w\" sizes=\"auto, (max-width: 800px) 100vw, 800px\" \/><\/p>\n<p>Der morgige Tag ist als reiner Fahrtag geplant. Die Strecke ist nicht besonders lang, somit haben wir Zeit&#8230; viel Zeit.<br \/>Unser Ford\u00a0soll uns \u00fcber Kissimmee und\u00a0dem Lake Okeechobee nach Fort Myers bringen. In Fort Myers haben wir uns f\u00fcr die letzte Hotelnacht in einem Hampton Inn ein Zimmer reserviert. <br \/>Der Tank ist voll und\u00a0die Vorr\u00e4te in der K\u00fchlbox sind ausreichend. Der morgigen Fahrt steht nichts im Weg.<\/p>\n<p>Loggerdaten gibt es heute keine. \ud83d\ude09<\/p>\n<p>&nbsp;<\/p>\n<p>Viele Gr\u00fc\u00dfe<br \/>Joa<\/p>\n<p>Zur\u00fcck zu: <a title=\"27.06.2011, Von Jekyll Island nach Cape Canaveral. Merritt Island\" href=\"https:\/\/www.all-for-all.de\/?page_id=2060\">27.06.2011, Von Jekyll Island nach Cape Canaveral. Merritt Island<\/a><br \/>Weiter zu: <a title=\"29.06.2011, Von Cape Canaveral nach Fort Myers\" href=\"https:\/\/www.all-for-all.de\/?page_id=2069\">29.06.2011, Von Cape Canaveral nach Fort Myers<\/a><\/p>\n","protected":false},"excerpt":{"rendered":"<p>Heute Morgen war es stark bew\u00f6lkt. Trotzdem haben wir das Zimmer um eine Nacht verl\u00e4ngert. Nach dem Fr\u00fchst\u00fcck bei Denny`s fuhren wir gem\u00fctlich zu dem kleinen NASA T-Shirt Shop den wir vor ein paar Jahren entdeckt haben. Hier\u00a0gibt es immer &hellip; <a href=\"https:\/\/www.all-for-all.de\/?page_id=2066\">Weiterlesen <span class=\"meta-nav\">&rarr;<\/span><\/a><\/p>\n","protected":false},"author":2,"featured_media":0,"parent":0,"menu_order":0,"comment_status":"closed","ping_status":"open","template":"","meta":{"footnotes":""},"class_list":["post-2066","page","type-page","status-publish","hentry"],"jetpack_sharing_enabled":true,"_links":{"self":[{"href":"https:\/\/www.all-for-all.de\/index.php?rest_route=\/wp\/v2\/pages\/2066","targetHints":{"allow":["GET"]}}],"collection":[{"href":"https:\/\/www.all-for-all.de\/index.php?rest_route=\/wp\/v2\/pages"}],"about":[{"href":"https:\/\/www.all-for-all.de\/index.php?rest_route=\/wp\/v2\/types\/page"}],"author":[{"embeddable":true,"href":"https:\/\/www.all-for-all.de\/index.php?rest_route=\/wp\/v2\/users\/2"}],"replies":[{"embeddable":true,"href":"https:\/\/www.all-for-all.de\/index.php?rest_route=%2Fwp%2Fv2%2Fcomments&post=2066"}],"version-history":[{"count":0,"href":"https:\/\/www.all-for-all.de\/index.php?rest_route=\/wp\/v2\/pages\/2066\/revisions"}],"wp:attachment":[{"href":"https:\/\/www.all-for-all.de\/index.php?rest_route=%2Fwp%2Fv2%2Fmedia&parent=2066"}],"curies":[{"name":"wp","href":"https:\/\/api.w.org\/{rel}","templated":true}]}}