{"id":2060,"date":"2011-06-27T23:59:18","date_gmt":"2011-06-27T23:59:18","guid":{"rendered":"http:\/\/www.all-for-all.de\/?page_id=2060"},"modified":"2021-09-15T19:56:50","modified_gmt":"2021-09-15T18:56:50","slug":"27-06-2011-von-jekyll-island-nach-cocoa-beach","status":"publish","type":"page","link":"https:\/\/www.all-for-all.de\/?page_id=2060","title":{"rendered":"27.06.2011, Von Jekyll Island nach Cape Canaveral. Merritt Island"},"content":{"rendered":"<p>Wir haben sehr gut geschlafen. Und das obwohl irgendwo in der N\u00e4he ein gr\u00f6\u00dferes Unwetter getobt haben muss. Wir haben die Bilder mit den Sch\u00e4den morgens auf dem Weather Channel gesehen.<\/p>\n<p style=\"text-align: center;\"><img loading=\"lazy\" decoding=\"async\" class=\"aligncenter wp-image-2182\" title=\"Sonnenaufgang auf Jekyll Island\" src=\"https:\/\/www.all-for-all.de\/wp-content\/uploads\/2011\/06\/DSC01332_klein.jpg\" alt=\"Sonnenaufgang auf Jekyll Island\" width=\"800\" height=\"600\" srcset=\"https:\/\/www.all-for-all.de\/wp-content\/uploads\/2011\/06\/DSC01332_klein.jpg 800w, https:\/\/www.all-for-all.de\/wp-content\/uploads\/2011\/06\/DSC01332_klein-300x225.jpg 300w, https:\/\/www.all-for-all.de\/wp-content\/uploads\/2011\/06\/DSC01332_klein-400x300.jpg 400w\" sizes=\"auto, (max-width: 800px) 100vw, 800px\" \/><\/p>\n<p>Was auf dieser sch\u00f6nen Insel f\u00fcr unsere Urlaubsart ein wenig ungeschickt gel\u00f6st ist, ist die Verpflegung. Es gibt zwar alles was man braucht aber man bekommt nirgendwo auf die Schnelle einen coffee-to-go oder ein paar Sandwiches.<br \/>\nAlso weg hier und unterwegs etwas essen. Wir checkten bereits um 08:00 Uhr aus.<br \/>\nUnser Tagesziel war Cocoa Beach in Florida.<\/p>\n<p>Nach ca. 40 km auf dem I95 sahen wir das IHOP-Zeichen an der Ausfahrt zu Kingston. Genau das auf was wir gewartet und gehofft haben. Sehr guter Kaffee und leckere Waffeln wurden uns gebracht.<\/p>\n<p>Die weitere Fahrt \u00fcber Jacksonville und Cocoa bis Cape Canaveral verlief ereignislos. Cape Canaveral und Cocoa Beach gehen nahtlos ineinander \u00fcber. Deshalb haben wir gleich in Cape Canaveral nach einem freien Zimmer mit oceanfront oder -view gesucht und auch sofort gefunden. Wir landeten zu einem fairen Preis im Best Western Ocean Beach mit einem Zimmer im 5. Stockwerk.<br \/>\n<strong><span style=\"text-decoration: underline;\">Und w\u00e4re nun alles genau nach Plan verlaufen, dann w\u00fcrde morgen das letzte Space Shuttle, die Atlantis, ca.\u00a010 km vor unserem Balkon starten.<\/span><br \/>\n<\/strong>Der 28.06.2011 war als Starttermin vorgesehen und wir haben zumindest ein wenig unsere Urlaubsplanung darauf ausgelegt. Aber bereits sieben Wochen vor Urlaubsbeginn wurde der Starttermin zuerst auf den 01.07.2011 (was f\u00fcr uns auch noch machbar gewesen w\u00e4re) und dann auf den 08.07.2011 verlegt. Deshalb hatten wir hier nun auch kein Zimmer vorgebucht.<br \/>\nAm aktuell geplanten Starttag sind wir bereits in Cape Coral und\u00a0das ist obendrein unser letzter Urlaubstag. Ich denke nicht, dass das machbar ist. Wir werden sehen&#8230;<\/p>\n<p style=\"text-align: center;\"><img loading=\"lazy\" decoding=\"async\" class=\"wp-image-2187 alignnone\" title=\"Jacksonville\" src=\"https:\/\/www.all-for-all.de\/wp-content\/uploads\/2011\/06\/DSC01351_klein.jpg\" alt=\"Jacksonville\" width=\"800\" height=\"600\" srcset=\"https:\/\/www.all-for-all.de\/wp-content\/uploads\/2011\/06\/DSC01351_klein.jpg 800w, https:\/\/www.all-for-all.de\/wp-content\/uploads\/2011\/06\/DSC01351_klein-300x225.jpg 300w, https:\/\/www.all-for-all.de\/wp-content\/uploads\/2011\/06\/DSC01351_klein-400x300.jpg 400w\" sizes=\"auto, (max-width: 800px) 100vw, 800px\" \/><\/p>\n<p style=\"text-align: left;\"><img loading=\"lazy\" decoding=\"async\" class=\"wp-image-2189 aligncenter\" title=\"Blick vom Best Western auf den Atlantik\" src=\"https:\/\/www.all-for-all.de\/wp-content\/uploads\/2011\/06\/DSC01358_klein.jpg\" alt=\"Blick vom Best Western auf den Atlantik\" width=\"800\" height=\"600\" srcset=\"https:\/\/www.all-for-all.de\/wp-content\/uploads\/2011\/06\/DSC01358_klein.jpg 800w, https:\/\/www.all-for-all.de\/wp-content\/uploads\/2011\/06\/DSC01358_klein-300x225.jpg 300w, https:\/\/www.all-for-all.de\/wp-content\/uploads\/2011\/06\/DSC01358_klein-400x300.jpg 400w\" sizes=\"auto, (max-width: 800px) 100vw, 800px\" \/><br \/>\nWeil es noch fr\u00fch am Tag war setzten wir uns wieder in unser Auto und es ging ab nach Merritt Island. Auf Merritt Island stehen die Startrampen f\u00fcr die Space Shuttles und man kommt relativ &#8222;nahe&#8220; heran.<br \/>\nDer rollout der Atlantis war bereits vor 10 Tagen und wir hofften, dass wir sie wenigstens stehen sehen wenn wir vermutlich schon den Start verpassen werden.<\/p>\n<p style=\"text-align: center;\">\u00a0<img loading=\"lazy\" decoding=\"async\" class=\"wp-image-2240 aligncenter\" title=\"Fahrt nach Merritt Island\" src=\"https:\/\/www.all-for-all.de\/wp-content\/uploads\/2011\/06\/DSC01365_klein.jpg\" alt=\"Fahrt nach Merritt Island\" width=\"800\" height=\"600\" srcset=\"https:\/\/www.all-for-all.de\/wp-content\/uploads\/2011\/06\/DSC01365_klein.jpg 800w, https:\/\/www.all-for-all.de\/wp-content\/uploads\/2011\/06\/DSC01365_klein-300x225.jpg 300w, https:\/\/www.all-for-all.de\/wp-content\/uploads\/2011\/06\/DSC01365_klein-400x300.jpg 400w\" sizes=\"auto, (max-width: 800px) 100vw, 800px\" \/><\/p>\n<p>Als es nicht mehr weiter ging,\u00a0ganz am Ende der Stra\u00dfe, sahen wir die Atlantis tats\u00e4chlich stehen. Wir waren nur noch gesch\u00e4tzte 3 km entfernt. Wir versuchten dann noch \u00fcber den Strand n\u00e4her heran zu kommen aber wir wurden relativ bald von einem Wachturm und einer Art Zaun aufgehalten.<\/p>\n<p style=\"text-align: left;\"><img loading=\"lazy\" decoding=\"async\" class=\"wp-image-2245 aligncenter\" title=\"Merritt Island\" src=\"https:\/\/www.all-for-all.de\/wp-content\/uploads\/2011\/06\/DSC01369_klein.jpg\" alt=\"Merritt Island\" width=\"800\" height=\"600\" srcset=\"https:\/\/www.all-for-all.de\/wp-content\/uploads\/2011\/06\/DSC01369_klein.jpg 800w, https:\/\/www.all-for-all.de\/wp-content\/uploads\/2011\/06\/DSC01369_klein-300x225.jpg 300w, https:\/\/www.all-for-all.de\/wp-content\/uploads\/2011\/06\/DSC01369_klein-400x300.jpg 400w\" sizes=\"auto, (max-width: 800px) 100vw, 800px\" \/><img loading=\"lazy\" decoding=\"async\" class=\"wp-image-2244 aligncenter\" title=\"Merritt Island\" src=\"https:\/\/www.all-for-all.de\/wp-content\/uploads\/2011\/06\/DSC01391_klein.jpg\" alt=\"Merritt Island\" width=\"800\" height=\"600\" srcset=\"https:\/\/www.all-for-all.de\/wp-content\/uploads\/2011\/06\/DSC01391_klein.jpg 800w, https:\/\/www.all-for-all.de\/wp-content\/uploads\/2011\/06\/DSC01391_klein-300x225.jpg 300w, https:\/\/www.all-for-all.de\/wp-content\/uploads\/2011\/06\/DSC01391_klein-400x300.jpg 400w\" sizes=\"auto, (max-width: 800px) 100vw, 800px\" \/><img loading=\"lazy\" decoding=\"async\" class=\"wp-image-2246 aligncenter\" title=\"Merritt Island\" src=\"https:\/\/www.all-for-all.de\/wp-content\/uploads\/2011\/06\/DSC01378_klein.jpg\" alt=\"Merritt Island\" width=\"800\" height=\"600\" srcset=\"https:\/\/www.all-for-all.de\/wp-content\/uploads\/2011\/06\/DSC01378_klein.jpg 800w, https:\/\/www.all-for-all.de\/wp-content\/uploads\/2011\/06\/DSC01378_klein-300x225.jpg 300w, https:\/\/www.all-for-all.de\/wp-content\/uploads\/2011\/06\/DSC01378_klein-400x300.jpg 400w\" sizes=\"auto, (max-width: 800px) 100vw, 800px\" \/><img loading=\"lazy\" decoding=\"async\" class=\"wp-image-2247 aligncenter\" title=\"Merritt Island\" src=\"https:\/\/www.all-for-all.de\/wp-content\/uploads\/2011\/06\/DSC01380_klein.jpg\" alt=\"Merritt Island\" width=\"800\" height=\"600\" srcset=\"https:\/\/www.all-for-all.de\/wp-content\/uploads\/2011\/06\/DSC01380_klein.jpg 800w, https:\/\/www.all-for-all.de\/wp-content\/uploads\/2011\/06\/DSC01380_klein-300x225.jpg 300w, https:\/\/www.all-for-all.de\/wp-content\/uploads\/2011\/06\/DSC01380_klein-400x300.jpg 400w\" sizes=\"auto, (max-width: 800px) 100vw, 800px\" \/><\/p>\n<p>Trotz der Entfernung\u00a0schindet das\u00a0Eindruck auf uns.\u00a0Leider hat es einen traurigen Beigeschmack weil es der\u00a0allerletzte Start eines Space Shuttles dieser Art sein wird. Es ist kein Geld da f\u00fcr Ausfl\u00fcge ins Weltall. Deshalb wurde sogar die Entwicklung der neuen Shuttle-Generation auf Eis gelegt.<\/p>\n<p>Weil wir ein so tolles Zimmer haben, haben wir heute unser Abendessen wieder auf dem Balkon genossen. Vorher mussten wir uns allerdings mit frischen Leckereien aus dem Publix versorgen. Dick belegte Sandwiches und prima Salate &#8230; und dann noch diese Aussicht.<br \/>\nIm Publix\u00a0fand zus\u00e4tzlich zum Essen noch eine weitere Errungenschaft den Weg in unser Hotelzimmer. Unser eigenes Space Shuttle!\u00a0 \ud83d\ude00<\/p>\n<p style=\"text-align: center;\"><img loading=\"lazy\" decoding=\"async\" class=\"aligncenter wp-image-2250\" title=\"Space Shuttle\" src=\"https:\/\/www.all-for-all.de\/wp-content\/uploads\/2011\/06\/DSC01397_klein.jpg\" alt=\"Space Shuttle\" width=\"800\" height=\"600\" srcset=\"https:\/\/www.all-for-all.de\/wp-content\/uploads\/2011\/06\/DSC01397_klein.jpg 800w, https:\/\/www.all-for-all.de\/wp-content\/uploads\/2011\/06\/DSC01397_klein-300x225.jpg 300w, https:\/\/www.all-for-all.de\/wp-content\/uploads\/2011\/06\/DSC01397_klein-400x300.jpg 400w\" sizes=\"auto, (max-width: 800px) 100vw, 800px\" \/><\/p>\n<p>Nach einem Abendspaziergang am Strand geht es nun ins Bett. Sehr wahrscheinlich werden wir morgen um eine Nacht verl\u00e4ngern. Endg\u00fcltig werden wir das morgen frei nach Lust und Laune entscheiden.<\/p>\n<p style=\"text-align: center;\"><img loading=\"lazy\" decoding=\"async\" class=\"aligncenter wp-image-2253\" title=\"Cape Canaveral Beach\" src=\"https:\/\/www.all-for-all.de\/wp-content\/uploads\/2011\/06\/DSC01403_klein.jpg\" alt=\"Cape Canaveral Beach\" width=\"800\" height=\"600\" srcset=\"https:\/\/www.all-for-all.de\/wp-content\/uploads\/2011\/06\/DSC01403_klein.jpg 800w, https:\/\/www.all-for-all.de\/wp-content\/uploads\/2011\/06\/DSC01403_klein-300x225.jpg 300w, https:\/\/www.all-for-all.de\/wp-content\/uploads\/2011\/06\/DSC01403_klein-400x300.jpg 400w\" sizes=\"auto, (max-width: 800px) 100vw, 800px\" \/><\/p>\n<p style=\"text-align: center;\"><img loading=\"lazy\" decoding=\"async\" class=\"aligncenter wp-image-2252\" title=\"Best Western Ocean Beach\" src=\"https:\/\/www.all-for-all.de\/wp-content\/uploads\/2011\/06\/DSC01408_klein.jpg\" alt=\"Best Western Ocean Beach\" width=\"800\" height=\"600\" srcset=\"https:\/\/www.all-for-all.de\/wp-content\/uploads\/2011\/06\/DSC01408_klein.jpg 800w, https:\/\/www.all-for-all.de\/wp-content\/uploads\/2011\/06\/DSC01408_klein-300x225.jpg 300w, https:\/\/www.all-for-all.de\/wp-content\/uploads\/2011\/06\/DSC01408_klein-400x300.jpg 400w\" sizes=\"auto, (max-width: 800px) 100vw, 800px\" \/><\/p>\n<p>Die Fahrtstrecke von Jekyll Island nach Cape Canaveral betr\u00e4gt laut Logger genau 385,30 km.<\/p>\n<p style=\"text-align: center;\"><img loading=\"lazy\" decoding=\"async\" class=\"aligncenter wp-image-2254\" title=\"GPS Logger\" src=\"https:\/\/www.all-for-all.de\/wp-content\/uploads\/2011\/06\/Logger22.jpg\" alt=\"GPS Logger\" width=\"722\" height=\"658\" srcset=\"https:\/\/www.all-for-all.de\/wp-content\/uploads\/2011\/06\/Logger22.jpg 722w, https:\/\/www.all-for-all.de\/wp-content\/uploads\/2011\/06\/Logger22-300x273.jpg 300w, https:\/\/www.all-for-all.de\/wp-content\/uploads\/2011\/06\/Logger22-329x300.jpg 329w\" sizes=\"auto, (max-width: 722px) 100vw, 722px\" \/><\/p>\n<p>Die Spazierfahrt nach Merritt Island und zur\u00fcck hat 128,44 km auf dem Tacho hinterlassen.<\/p>\n<p style=\"text-align: center;\"><img loading=\"lazy\" decoding=\"async\" class=\"aligncenter wp-image-2255\" title=\"GPS Logger\" src=\"https:\/\/www.all-for-all.de\/wp-content\/uploads\/2011\/06\/Logger23.jpg\" alt=\"GPS Logger\" width=\"586\" height=\"577\" srcset=\"https:\/\/www.all-for-all.de\/wp-content\/uploads\/2011\/06\/Logger23.jpg 586w, https:\/\/www.all-for-all.de\/wp-content\/uploads\/2011\/06\/Logger23-300x295.jpg 300w, https:\/\/www.all-for-all.de\/wp-content\/uploads\/2011\/06\/Logger23-304x300.jpg 304w\" sizes=\"auto, (max-width: 586px) 100vw, 586px\" \/><\/p>\n<p style=\"text-align: center;\"><img loading=\"lazy\" decoding=\"async\" class=\"aligncenter wp-image-2256\" title=\"GPS Logger\" src=\"https:\/\/www.all-for-all.de\/wp-content\/uploads\/2011\/06\/Logger24.jpg\" alt=\"GPS Logger\" width=\"674\" height=\"625\" srcset=\"https:\/\/www.all-for-all.de\/wp-content\/uploads\/2011\/06\/Logger24.jpg 674w, https:\/\/www.all-for-all.de\/wp-content\/uploads\/2011\/06\/Logger24-300x278.jpg 300w, https:\/\/www.all-for-all.de\/wp-content\/uploads\/2011\/06\/Logger24-323x300.jpg 323w\" sizes=\"auto, (max-width: 674px) 100vw, 674px\" \/><\/p>\n<p>Viele Gr\u00fc\u00dfe<br \/>\nJoa<\/p>\n<p>Zur\u00fcck zu: <a title=\"26.06.2011, Savannah (die Entt\u00e4uschung). Ab nach Jekyll Island!\" href=\"https:\/\/www.all-for-all.de\/?page_id=2058\">26.06.2011, Savannah (die Entt\u00e4uschung). Ab nach Jekyll Island<\/a><br \/>\nWeiter zu: <a title=\"28.06.2011, Cape Canaveral und Umgebung\" href=\"https:\/\/www.all-for-all.de\/?page_id=2066\">28.06.2011, Cape Canaveral und Umgebung<\/a><\/p>\n","protected":false},"excerpt":{"rendered":"<p>Wir haben sehr gut geschlafen. Und das obwohl irgendwo in der N\u00e4he ein gr\u00f6\u00dferes Unwetter getobt haben muss. Wir haben die Bilder mit den Sch\u00e4den morgens auf dem Weather Channel gesehen. Was auf dieser sch\u00f6nen Insel f\u00fcr unsere Urlaubsart ein &hellip; <a href=\"https:\/\/www.all-for-all.de\/?page_id=2060\">Weiterlesen <span class=\"meta-nav\">&rarr;<\/span><\/a><\/p>\n","protected":false},"author":2,"featured_media":0,"parent":0,"menu_order":0,"comment_status":"closed","ping_status":"open","template":"","meta":{"footnotes":""},"class_list":["post-2060","page","type-page","status-publish","hentry"],"jetpack_sharing_enabled":true,"_links":{"self":[{"href":"https:\/\/www.all-for-all.de\/index.php?rest_route=\/wp\/v2\/pages\/2060","targetHints":{"allow":["GET"]}}],"collection":[{"href":"https:\/\/www.all-for-all.de\/index.php?rest_route=\/wp\/v2\/pages"}],"about":[{"href":"https:\/\/www.all-for-all.de\/index.php?rest_route=\/wp\/v2\/types\/page"}],"author":[{"embeddable":true,"href":"https:\/\/www.all-for-all.de\/index.php?rest_route=\/wp\/v2\/users\/2"}],"replies":[{"embeddable":true,"href":"https:\/\/www.all-for-all.de\/index.php?rest_route=%2Fwp%2Fv2%2Fcomments&post=2060"}],"version-history":[{"count":3,"href":"https:\/\/www.all-for-all.de\/index.php?rest_route=\/wp\/v2\/pages\/2060\/revisions"}],"predecessor-version":[{"id":4996,"href":"https:\/\/www.all-for-all.de\/index.php?rest_route=\/wp\/v2\/pages\/2060\/revisions\/4996"}],"wp:attachment":[{"href":"https:\/\/www.all-for-all.de\/index.php?rest_route=%2Fwp%2Fv2%2Fmedia&parent=2060"}],"curies":[{"name":"wp","href":"https:\/\/api.w.org\/{rel}","templated":true}]}}