{"id":2058,"date":"2011-06-26T23:59:31","date_gmt":"2011-06-26T23:59:31","guid":{"rendered":"http:\/\/www.all-for-all.de\/?page_id=2058"},"modified":"2013-04-14T20:55:11","modified_gmt":"2013-04-14T20:55:11","slug":"26-06-2011-von-charleston-uber-savannah-nach-jekyll-island","status":"publish","type":"page","link":"https:\/\/www.all-for-all.de\/?page_id=2058","title":{"rendered":"26.06.2011, Savannah (die Entt\u00e4uschung). Ab nach Jekyll Island!"},"content":{"rendered":"<p style=\"text-align: center;\">\u00a0<img loading=\"lazy\" decoding=\"async\" class=\"aligncenter  wp-image-2166\" title=\"Sonnenaufgang \u00fcber Arthur Ravenel Jr Bridge\" alt=\"Sonnenaufgang \u00fcber Arthur Ravenel Jr Bridge\" src=\"https:\/\/www.all-for-all.de\/wp-content\/uploads\/2011\/06\/DSC01305_klein.jpg\" width=\"800\" height=\"600\" srcset=\"https:\/\/www.all-for-all.de\/wp-content\/uploads\/2011\/06\/DSC01305_klein.jpg 800w, https:\/\/www.all-for-all.de\/wp-content\/uploads\/2011\/06\/DSC01305_klein-300x225.jpg 300w, https:\/\/www.all-for-all.de\/wp-content\/uploads\/2011\/06\/DSC01305_klein-400x300.jpg 400w\" sizes=\"auto, (max-width: 800px) 100vw, 800px\" \/><\/p>\n<p>Heute war uns nicht nach Hotelfr\u00fchst\u00fcck&#8230; heute sollten es French Toast, scrambled eggs und bacon sein. Also ging es zu Denny`s. <br \/>Die Strecke nach Savannah betr\u00e4gt nur etwa 100 km. Wir kamen gut voran und waren deshalb\u00a0bereits gegen 10:00 Uhr vor Ort.<br \/>Weil heute Sonntag ist rechneten wir nicht mit ausgebuchten Hotels. Wir hatten uns zwar vorab ein paar Hotels im Historic District ausgesucht aber nicht gebucht.<br \/>Unsere erste Wahl, das Hampton Inn, war ausgebucht&#8230; die Staybridge Suites ausgebucht&#8230; Planters Inn ausgebucht&#8230; Hilton Garden Inn ausgebucht &#8230; \u00e4hmm Hallo? Was ist denn hier los?<br \/>Als ich genug vom &#8222;Hotel-zu-Hotel-fahren-und-nach-freien-Zimmern-fragen&#8220; hatte, sind wir direkt vor dem Hyatt Regency auf einen freien Parkplatz gefahren und haben uns am freien WLAN des Hotels bedient. Also doch Zimmersuche per Internet&#8230;<br \/>Man mag es nicht glauben, aber wir bekamen im Historic District von Savannah kein BEZAHLBARES freies Zimmer f\u00fcr eine Nacht. 270 USD waren\u00a0wir nicht bereit zu bezahlen. <br \/>Wir haben dann freie bezahlbare Zimmer gefunden &#8230; allerdings im S\u00fcd-Westen der Stadt im Ortsteil Habersham Woods. Wir standen sicherlich 30 Minuten vor dem Courtyard und \u00fcberlegten ob wir das Zimmer nehmen. Wir entschieden uns dagegen und beschlossen, den Historic District mit dem Auto zu erkunden. Mit ein wenig Gl\u00fcck h\u00e4tten wir noch \u00fcber ein freies Zimmer stolpern\u00a0k\u00f6nnen. \ud83d\ude09<\/p>\n<p>Nach etwa 2 Stunden Fahrt durch die Altstadt, durch zahllose Einbahnstra\u00dfen, fanden wir immer weniger Gefallen an der Stadt. Nicht dass Savannah h\u00e4sslich w\u00e4re&#8230; auf keinen Fall! Aber irgendetwas fehlte hier. Es war alles viel zu sehr aufger\u00e4umt. Kaum Menschen auf der Stra\u00dfe. Alles irgendwie fast schon steril. Kein Vergleich mit der lebendigen Altstadt von Charleston. Ganz anders wie erwartet. Keine Ahnung&#8230; aber das ist nicht die Art &#8222;S\u00fcdstaatenflair&#8220; die wir erwartet haben. Savannah-Fans werden uns vermutlich auslachen und mit Gegenargumenten erschlagen. Aber das war und ist unser pers\u00f6nlicher Eindruck.<\/p>\n<p>Weil es dann schon fr\u00fcher Nachmittag war und ich \u00fcberhaupt keine Lust mehr auf Autofahren hatte, wagten wir einen letzten Versuch. Fragen kostet nichts und deswegen gingen wir ins Hyatt Regency direkt am Flussufer. Ein gro\u00dfer Fehler!<\/p>\n<p>Die in ihren beigen Hosenanzug gezw\u00e4ngte Dame hinter dem Empfang w\u00fcrdigte uns zuerst keines Blicks. Mag es an unserer nicht vorhandenen Abendgarderobe oder nur an unseren Gesichtern gelegen haben, man wird es nie mehr erfahren. Was sich aber dann abgespielt hat ist mir NOCH NIE in irgendeinem anderen Hotel irgendwo anders passiert.<br \/>Als sie sich endlich dazu herabgelassen hatte mit mir zu sprechen, fragte ich freundlich ob sie freie Zimmer haben. Als Gegenfrage erhielten wir ein &#8222;do you have a reservation?&#8220;. Als ich das verneinte nahm die Dame einen Anruf entgegen und k\u00fcmmerte sich wieder etwa 5 Minuten nicht um uns. Dann kam sie wieder zu uns, warf uns ein &#8222;280 Dollar + Tax&#8220; an den Kopf und wollte wieder gehen. Ich konnte sie aber mit meiner Frage nach einem AAA-Nachlass gerade noch bremsen. Ich erwartete entweder ein &#8222;Yes&#8220; oder ein &#8222;No&#8220; &#8230; aber auf gar keinen Fall einen Telefonh\u00f6rer. Der wurde mir n\u00e4mlich in die Hand gedr\u00fcckt. Ich solle doch bitte selbst beim AAA nachfragen ob sie auf dieses Hotel einen Nachlass gew\u00e4hren. Immerhin h\u00e4tte sie mir die Rufnummer gew\u00e4hlt. Es passiert mir nicht oft dass ich sprachlos bin&#8230; <br \/>Den H\u00f6rer liegen lassen, auf den Fersen umgedreht und kopfsch\u00fcttelnd das Hotel verlassen.<\/p>\n<p>OK &#8230; so viel zu Savannah. Nur weg hier! Also Walmart Atlas hinter dem Fahrersitz heraus gezogen und geschaut wohin es gehen k\u00f6nnte.<\/p>\n<p>Jacksonville, bereits in Florida, ist uns als erstes ins Auge gestochen. TomTom berechnete ca. 230 km und etwas \u00fcber 2 Stunden Fahrzeit. <br \/>Egal! Los ging es&#8230;<\/p>\n<p>Ein gutes St\u00fcck hinter Brunswick entdeckten wir ein Hinweisschild:<br \/><strong>&#8222;Jekyll Island 10 Miles&#8220;<br \/><\/strong>Der Name klang interessant und diverse Hotelnamen unter dem Hinweisschild lie\u00dfen uns auf freie Zimmer hoffen. Nach dem Debakel in Savannah k\u00f6nnte uns ein Oceanfront Zimmer wieder aufheitern. \ud83d\ude09<\/p>\n<p>Dass Jekyll Island komplett ein Naturschutzgebiet ist lernten wir sofort.\u00a0 Wir mussten 10 Dollar &#8222;Eintritt&#8220; bezahlen. Dann fuhren wir auf der Insel die Hotels ab. Das eine lag nicht am Strand, das andere hatte keine Zimmer mit Oceanview oder -front&#8230; bis wir am Oceanside Inn and Suites ankamen. Hier war endlich ein Zimmer frei! Nicht billig und auch noch nicht gereinigt aber <strong>FREI!<\/strong> Wir haben zugeschlagen und erkl\u00e4rten, dass wir die gesch\u00e4tzten 30 Minuten, bis das Zimmer fertig ist, im Auto warten w\u00fcrden.<br \/>Wir waren noch keine f\u00fcnf Schritte von der Rezeption entfernt als man uns rief. Das Zimmer war nun doch schon fertig. Sch\u00f6n!<\/p>\n<p style=\"text-align: center;\"><img loading=\"lazy\" decoding=\"async\" class=\"aligncenter  wp-image-2174\" title=\"Zimmeraussicht Jekyll Island\" alt=\"Zimmeraussicht Jekyll Island\" src=\"https:\/\/www.all-for-all.de\/wp-content\/uploads\/2011\/06\/DSC01321_klein.jpg\" width=\"800\" height=\"600\" srcset=\"https:\/\/www.all-for-all.de\/wp-content\/uploads\/2011\/06\/DSC01321_klein.jpg 800w, https:\/\/www.all-for-all.de\/wp-content\/uploads\/2011\/06\/DSC01321_klein-300x225.jpg 300w, https:\/\/www.all-for-all.de\/wp-content\/uploads\/2011\/06\/DSC01321_klein-400x300.jpg 400w\" sizes=\"auto, (max-width: 800px) 100vw, 800px\" \/><\/p>\n<p style=\"text-align: center;\"><img loading=\"lazy\" decoding=\"async\" class=\"aligncenter  wp-image-2173\" title=\"Zimmeraussicht Jekyll Island\" alt=\"Zimmeraussicht Jekyll Island\" src=\"https:\/\/www.all-for-all.de\/wp-content\/uploads\/2011\/06\/DSC01322_klein.jpg\" width=\"800\" height=\"600\" srcset=\"https:\/\/www.all-for-all.de\/wp-content\/uploads\/2011\/06\/DSC01322_klein.jpg 800w, https:\/\/www.all-for-all.de\/wp-content\/uploads\/2011\/06\/DSC01322_klein-300x225.jpg 300w, https:\/\/www.all-for-all.de\/wp-content\/uploads\/2011\/06\/DSC01322_klein-400x300.jpg 400w\" sizes=\"auto, (max-width: 800px) 100vw, 800px\" \/><\/p>\n<p>Wenn wir schon hier sind, dann auch gleich ins Wasser. Wir waren uns nicht sicher mit welchen Temperaturen uns der Atlantik \u00fcberrascht und bef\u00fcrchteten, dass es doch recht k\u00fchl sein wird&#8230; von wegen! Warm wie in der Badewanne! Herrlich\u00a0 \ud83d\ude42<\/p>\n<p>Abendessen gab es heute aus unserer K\u00fchlbox und ganz nebenbei erhielten wir aus der Hotelmappe etwas Geschichtsunterricht \u00fcber Jekyll Island.<br \/>Grunds\u00e4tzlich wurde die Insel von reichen Gesch\u00e4ftsleuten aus New York gekauft, erschlossen und zur Jagd genutzt. Unter anderen waren das die Herren Vanderbilt, Pulitzer und Rockefeller. Alles klar? \ud83d\ude00<\/p>\n<p>Heute waren es inklusive Savannah-Ehrenrunden insgesamt 402,78 km.<\/p>\n<p style=\"text-align: center;\"><img loading=\"lazy\" decoding=\"async\" class=\"aligncenter size-full wp-image-2179\" title=\"GPS-Logger\" alt=\"GPS-Logger\" src=\"https:\/\/www.all-for-all.de\/wp-content\/uploads\/2011\/06\/Logger21.jpg\" width=\"504\" height=\"576\" srcset=\"https:\/\/www.all-for-all.de\/wp-content\/uploads\/2011\/06\/Logger21.jpg 504w, https:\/\/www.all-for-all.de\/wp-content\/uploads\/2011\/06\/Logger21-262x300.jpg 262w\" sizes=\"auto, (max-width: 504px) 100vw, 504px\" \/><\/p>\n<p>Viele Gr\u00fc\u00dfe<br \/>Joa<\/p>\n<p>Zur\u00fcck zu: <a title=\"25.06.2011, Charleston und Umgebung\" href=\"https:\/\/www.all-for-all.de\/?page_id=2053\">25.06.2011, Charleston und Umgebung<\/a><br \/>Weiter zu: <a title=\"27.06.2011, Von Jekyll Island nach Cape Canaveral. Merritt Island\" href=\"https:\/\/www.all-for-all.de\/?page_id=2060\">27.06.2011, Von Jekyll Island nach Cape Canaveral. Merritt Island<\/a><\/p>\n","protected":false},"excerpt":{"rendered":"<p>\u00a0 Heute war uns nicht nach Hotelfr\u00fchst\u00fcck&#8230; heute sollten es French Toast, scrambled eggs und bacon sein. Also ging es zu Denny`s. Die Strecke nach Savannah betr\u00e4gt nur etwa 100 km. Wir kamen gut voran und waren deshalb\u00a0bereits gegen 10:00 &hellip; <a href=\"https:\/\/www.all-for-all.de\/?page_id=2058\">Weiterlesen <span class=\"meta-nav\">&rarr;<\/span><\/a><\/p>\n","protected":false},"author":2,"featured_media":0,"parent":0,"menu_order":0,"comment_status":"closed","ping_status":"open","template":"","meta":{"footnotes":""},"class_list":["post-2058","page","type-page","status-publish","hentry"],"jetpack_sharing_enabled":true,"_links":{"self":[{"href":"https:\/\/www.all-for-all.de\/index.php?rest_route=\/wp\/v2\/pages\/2058","targetHints":{"allow":["GET"]}}],"collection":[{"href":"https:\/\/www.all-for-all.de\/index.php?rest_route=\/wp\/v2\/pages"}],"about":[{"href":"https:\/\/www.all-for-all.de\/index.php?rest_route=\/wp\/v2\/types\/page"}],"author":[{"embeddable":true,"href":"https:\/\/www.all-for-all.de\/index.php?rest_route=\/wp\/v2\/users\/2"}],"replies":[{"embeddable":true,"href":"https:\/\/www.all-for-all.de\/index.php?rest_route=%2Fwp%2Fv2%2Fcomments&post=2058"}],"version-history":[{"count":0,"href":"https:\/\/www.all-for-all.de\/index.php?rest_route=\/wp\/v2\/pages\/2058\/revisions"}],"wp:attachment":[{"href":"https:\/\/www.all-for-all.de\/index.php?rest_route=%2Fwp%2Fv2%2Fmedia&parent=2058"}],"curies":[{"name":"wp","href":"https:\/\/api.w.org\/{rel}","templated":true}]}}