{"id":2053,"date":"2011-06-25T23:59:11","date_gmt":"2011-06-25T23:59:11","guid":{"rendered":"http:\/\/www.all-for-all.de\/?page_id=2053"},"modified":"2013-04-14T20:52:56","modified_gmt":"2013-04-14T20:52:56","slug":"25-06-2011-charleston-und-umgebung","status":"publish","type":"page","link":"https:\/\/www.all-for-all.de\/?page_id=2053","title":{"rendered":"25.06.2011, Charleston und Umgebung"},"content":{"rendered":"<p>In der vergangenen Nacht ist noch ein Gewitter aufgezogen. Um uns herum hat es lange geblitzt und es hat stark geregnet. Aber beim Aufstehen war wieder bestes Wetter!<br \/>Das Fr\u00fchst\u00fcck im Hotel war in Ordnung. Nicht die Qualit\u00e4t wie in einem Hampton Inn aber es war alles da was wir brauchten.<\/p>\n<p>Als erstes wollten wir uns heute den ausgemusterten Flugzeugtr\u00e4ger USS Yorktown am Patriots Point ansehen. Als wir dort ankamen stellten wir fest, dass man den interessierten Menschen 18 Dollar pro Kopf abkn\u00f6pft. <br \/>Das fanden wir\u00a0doch sehr frech\u00a0und haben darauf verzichtet den Tr\u00e4ger zu betreten.<\/p>\n<p style=\"text-align: center;\"><img loading=\"lazy\" decoding=\"async\" class=\"aligncenter  wp-image-2131\" title=\"Patriots Point\" alt=\"Patriots Point\" src=\"https:\/\/www.all-for-all.de\/wp-content\/uploads\/2011\/06\/DSC01264_klein.jpg\" width=\"800\" height=\"600\" srcset=\"https:\/\/www.all-for-all.de\/wp-content\/uploads\/2011\/06\/DSC01264_klein.jpg 800w, https:\/\/www.all-for-all.de\/wp-content\/uploads\/2011\/06\/DSC01264_klein-300x225.jpg 300w, https:\/\/www.all-for-all.de\/wp-content\/uploads\/2011\/06\/DSC01264_klein-400x300.jpg 400w\" sizes=\"auto, (max-width: 800px) 100vw, 800px\" \/><\/p>\n<p style=\"text-align: center;\"><img loading=\"lazy\" decoding=\"async\" class=\"aligncenter  wp-image-2132\" title=\"USS Yorktown\" alt=\"USS Yorktown\" src=\"https:\/\/www.all-for-all.de\/wp-content\/uploads\/2011\/06\/DSC01266_klein.jpg\" width=\"800\" height=\"600\" srcset=\"https:\/\/www.all-for-all.de\/wp-content\/uploads\/2011\/06\/DSC01266_klein.jpg 800w, https:\/\/www.all-for-all.de\/wp-content\/uploads\/2011\/06\/DSC01266_klein-300x225.jpg 300w, https:\/\/www.all-for-all.de\/wp-content\/uploads\/2011\/06\/DSC01266_klein-400x300.jpg 400w\" sizes=\"auto, (max-width: 800px) 100vw, 800px\" \/><\/p>\n<p>Die n\u00e4chsten Ziele\u00a0waren &#8222;Sullivan`s Island&#8220; und die &#8222;Isle of Palms&#8220;. Die Gegend und Strandh\u00e4user dort\u00a0sind wundersch\u00f6n. Also ging es los &#8230; aber zuerst musste die gro\u00dfe Schlange von der Stra\u00dfe. Und die lie\u00df sich Zeit dabei im Geb\u00fcsch zu verschwinden&#8230;\u00a0 \ud83d\ude09<\/p>\n<p><img loading=\"lazy\" decoding=\"async\" class=\"aligncenter size-full wp-image-2134\" alt=\"DSC01270_klein\" src=\"https:\/\/www.all-for-all.de\/wp-content\/uploads\/2011\/06\/DSC01270_klein1.jpg\" width=\"800\" height=\"600\" srcset=\"https:\/\/www.all-for-all.de\/wp-content\/uploads\/2011\/06\/DSC01270_klein1.jpg 800w, https:\/\/www.all-for-all.de\/wp-content\/uploads\/2011\/06\/DSC01270_klein1-300x225.jpg 300w, https:\/\/www.all-for-all.de\/wp-content\/uploads\/2011\/06\/DSC01270_klein1-400x300.jpg 400w\" sizes=\"auto, (max-width: 800px) 100vw, 800px\" \/><\/p>\n<p>Die Strandh\u00e4user dort sind tats\u00e4chlich sch\u00f6n &#8230; die Gegend auch &#8230; die Str\u00e4nde sowieso &#8230; aaaaber: Heute ist Samstag! Vermutlich jeder aus South Carolina ist heute an den Str\u00e4nden. Das hatten wir nicht bedacht. Als wir mit der Stop-and-go &#8211; Methode auf, \u00fcber und wieder runter von den Inseln waren, fuhren wir in die die Altstadt von Charleston und drehten dort einige Runden mit Auto. Hier war am fr\u00fchen Nachmittag absolut nichts los. Wunderbar!<\/p>\n<p>Wir dachten, dass vielleicht am\u00a0sp\u00e4ten Nachmittag an den Str\u00e4nden weniger los sein w\u00fcrde. Weit gefehlt! Auch am Folly Beach\u00a0war Stau angesagt.\u00a0Also nichts wie weg hier. Strand und Wochenende geht nicht klar. Unbedingt merken f\u00fcr die Zukunft!<\/p>\n<p style=\"text-align: center;\"><img loading=\"lazy\" decoding=\"async\" class=\"aligncenter  wp-image-2139\" title=\"Sullivan`s Island\" alt=\"Sullivan`s Island\" src=\"https:\/\/www.all-for-all.de\/wp-content\/uploads\/2011\/06\/DSC01271_klein.jpg\" width=\"800\" height=\"600\" srcset=\"https:\/\/www.all-for-all.de\/wp-content\/uploads\/2011\/06\/DSC01271_klein.jpg 800w, https:\/\/www.all-for-all.de\/wp-content\/uploads\/2011\/06\/DSC01271_klein-300x225.jpg 300w, https:\/\/www.all-for-all.de\/wp-content\/uploads\/2011\/06\/DSC01271_klein-400x300.jpg 400w\" sizes=\"auto, (max-width: 800px) 100vw, 800px\" \/><\/p>\n<p style=\"text-align: left;\"><img loading=\"lazy\" decoding=\"async\" class=\"aligncenter  wp-image-2140\" title=\"Isle of Palms Police\" alt=\"Isle of Palms Police\" src=\"https:\/\/www.all-for-all.de\/wp-content\/uploads\/2011\/06\/DSC01272_klein.jpg\" width=\"800\" height=\"600\" srcset=\"https:\/\/www.all-for-all.de\/wp-content\/uploads\/2011\/06\/DSC01272_klein.jpg 800w, https:\/\/www.all-for-all.de\/wp-content\/uploads\/2011\/06\/DSC01272_klein-300x225.jpg 300w, https:\/\/www.all-for-all.de\/wp-content\/uploads\/2011\/06\/DSC01272_klein-400x300.jpg 400w\" sizes=\"auto, (max-width: 800px) 100vw, 800px\" \/><img loading=\"lazy\" decoding=\"async\" class=\"aligncenter  wp-image-2137\" title=\"Richtung Folly Beach\" alt=\"Richtung Folly Beach\" src=\"https:\/\/www.all-for-all.de\/wp-content\/uploads\/2011\/06\/DSC01277_klein.jpg\" width=\"800\" height=\"600\" srcset=\"https:\/\/www.all-for-all.de\/wp-content\/uploads\/2011\/06\/DSC01277_klein.jpg 800w, https:\/\/www.all-for-all.de\/wp-content\/uploads\/2011\/06\/DSC01277_klein-300x225.jpg 300w, https:\/\/www.all-for-all.de\/wp-content\/uploads\/2011\/06\/DSC01277_klein-400x300.jpg 400w\" sizes=\"auto, (max-width: 800px) 100vw, 800px\" \/><\/p>\n<p style=\"text-align: center;\"><img loading=\"lazy\" decoding=\"async\" class=\"aligncenter  wp-image-2138\" title=\"H\u00f6lle!\" alt=\"H\u00f6lle!\" src=\"https:\/\/www.all-for-all.de\/wp-content\/uploads\/2011\/06\/DSC01280_klein.jpg\" width=\"800\" height=\"600\" srcset=\"https:\/\/www.all-for-all.de\/wp-content\/uploads\/2011\/06\/DSC01280_klein.jpg 800w, https:\/\/www.all-for-all.de\/wp-content\/uploads\/2011\/06\/DSC01280_klein-300x225.jpg 300w, https:\/\/www.all-for-all.de\/wp-content\/uploads\/2011\/06\/DSC01280_klein-400x300.jpg 400w\" sizes=\"auto, (max-width: 800px) 100vw, 800px\" \/><\/p>\n<p style=\"text-align: left;\">Der Tag war wahnsinnig schnell vorbei. <br \/>Heute Abend hatten wir wieder einmal Lust auf Burger von Denny`s. <br \/>TomTom sagte uns, dass ein Denny`s in Reichweite w\u00e4re. Deswegen fuhren wir hin. Die Burger waren wie gewohnt spitzenklasse und das BonBon war, dass man in diesem Restaurant rauchen durfte. Dummerweise haben wir das erst gemerkt als wir schon wieder drau\u00dfen waren. \ud83d\ude00<\/p>\n<p style=\"text-align: left;\">Charleston ist eine wirklich tolle Stadt! 1 1\/2 Tage f\u00fcr Charleston werden dieser Stadt leider nicht gerecht. Wir freuen uns auf Savannah und auf noch mehr S\u00fcdstaatenflair!<\/p>\n<p style=\"text-align: left;\">Unsere &#8222;Spazierfahrten&#8220; heute summieren sich auf insgesamt 172,3 km.<\/p>\n<p style=\"text-align: center;\"><img loading=\"lazy\" decoding=\"async\" class=\"aligncenter  wp-image-2143\" title=\"GPS Logger\" alt=\"GPS Logger\" src=\"https:\/\/www.all-for-all.de\/wp-content\/uploads\/2011\/06\/Logger20.jpg\" width=\"660\" height=\"574\" srcset=\"https:\/\/www.all-for-all.de\/wp-content\/uploads\/2011\/06\/Logger20.jpg 660w, https:\/\/www.all-for-all.de\/wp-content\/uploads\/2011\/06\/Logger20-300x260.jpg 300w, https:\/\/www.all-for-all.de\/wp-content\/uploads\/2011\/06\/Logger20-344x300.jpg 344w\" sizes=\"auto, (max-width: 660px) 100vw, 660px\" \/><\/p>\n<p style=\"text-align: left;\">Viele Gr\u00fc\u00dfe<br \/>Joa<\/p>\n<p style=\"text-align: left;\">Zur\u00fcck zu: <a title=\"24.06.2011, Von Wilmington nach Charleston\" href=\"https:\/\/www.all-for-all.de\/?page_id=2051\">24.06.2011, Von Wilmington nach Charleston<\/a><br \/>Weiter zu: <a title=\"26.06.2011, Savannah (die Entt\u00e4uschung). Ab nach Jekyll Island!\" href=\"https:\/\/www.all-for-all.de\/?page_id=2058\">26.06.2011, Savannah (die Entt\u00e4uschung). Ab nach Jekyll Island!<\/a><\/p>\n","protected":false},"excerpt":{"rendered":"<p>In der vergangenen Nacht ist noch ein Gewitter aufgezogen. Um uns herum hat es lange geblitzt und es hat stark geregnet. Aber beim Aufstehen war wieder bestes Wetter!Das Fr\u00fchst\u00fcck im Hotel war in Ordnung. Nicht die Qualit\u00e4t wie in einem &hellip; <a href=\"https:\/\/www.all-for-all.de\/?page_id=2053\">Weiterlesen <span class=\"meta-nav\">&rarr;<\/span><\/a><\/p>\n","protected":false},"author":2,"featured_media":0,"parent":0,"menu_order":0,"comment_status":"closed","ping_status":"open","template":"","meta":{"footnotes":""},"class_list":["post-2053","page","type-page","status-publish","hentry"],"jetpack_sharing_enabled":true,"_links":{"self":[{"href":"https:\/\/www.all-for-all.de\/index.php?rest_route=\/wp\/v2\/pages\/2053","targetHints":{"allow":["GET"]}}],"collection":[{"href":"https:\/\/www.all-for-all.de\/index.php?rest_route=\/wp\/v2\/pages"}],"about":[{"href":"https:\/\/www.all-for-all.de\/index.php?rest_route=\/wp\/v2\/types\/page"}],"author":[{"embeddable":true,"href":"https:\/\/www.all-for-all.de\/index.php?rest_route=\/wp\/v2\/users\/2"}],"replies":[{"embeddable":true,"href":"https:\/\/www.all-for-all.de\/index.php?rest_route=%2Fwp%2Fv2%2Fcomments&post=2053"}],"version-history":[{"count":0,"href":"https:\/\/www.all-for-all.de\/index.php?rest_route=\/wp\/v2\/pages\/2053\/revisions"}],"wp:attachment":[{"href":"https:\/\/www.all-for-all.de\/index.php?rest_route=%2Fwp%2Fv2%2Fmedia&parent=2053"}],"curies":[{"name":"wp","href":"https:\/\/api.w.org\/{rel}","templated":true}]}}