{"id":2051,"date":"2011-06-24T23:59:49","date_gmt":"2011-06-24T23:59:49","guid":{"rendered":"http:\/\/www.all-for-all.de\/?page_id=2051"},"modified":"2013-04-14T20:51:11","modified_gmt":"2013-04-14T20:51:11","slug":"24-06-2011-von-wilmington-nach-charleston","status":"publish","type":"page","link":"https:\/\/www.all-for-all.de\/?page_id=2051","title":{"rendered":"24.06.2011, Von Wilmington nach Charleston"},"content":{"rendered":"<p>Nach dem Fr\u00fchst\u00fcck im Hotel fuhren wir los und steuerten gleich das n\u00e4chste Walmart Supercenter an. Wir brauchten Eis f\u00fcr die K\u00fchlbox, Getr\u00e4nke und Snacks. Es war so gut wie alles aufgebraucht.<br \/>Als wir wieder versorgt waren und ohne weiteren Halt bis Charleston durchfahren wollten, entdeckten wir das alte Schlachtschiff &#8222;North Carolina&#8220;. Es liegt zum Museum umgebaut am Ortsrand von Wilmington vor Anker.<\/p>\n<p style=\"text-align: center;\"><img loading=\"lazy\" decoding=\"async\" class=\"aligncenter  wp-image-2108\" title=\"Schlachtschiff North Carolina\" alt=\"Schlachtschiff North Carolina\" src=\"https:\/\/www.all-for-all.de\/wp-content\/uploads\/2011\/06\/DSC01219_klein.jpg\" width=\"800\" height=\"600\" srcset=\"https:\/\/www.all-for-all.de\/wp-content\/uploads\/2011\/06\/DSC01219_klein.jpg 800w, https:\/\/www.all-for-all.de\/wp-content\/uploads\/2011\/06\/DSC01219_klein-300x225.jpg 300w, https:\/\/www.all-for-all.de\/wp-content\/uploads\/2011\/06\/DSC01219_klein-400x300.jpg 400w\" sizes=\"auto, (max-width: 800px) 100vw, 800px\" \/><\/p>\n<p style=\"text-align: center;\"><img loading=\"lazy\" decoding=\"async\" class=\"aligncenter  wp-image-2107\" title=\"Schlachtschiff North Carolina\" alt=\"Schlachtschiff North Carolina\" src=\"https:\/\/www.all-for-all.de\/wp-content\/uploads\/2011\/06\/DSC01225_klein.jpg\" width=\"800\" height=\"600\" srcset=\"https:\/\/www.all-for-all.de\/wp-content\/uploads\/2011\/06\/DSC01225_klein.jpg 800w, https:\/\/www.all-for-all.de\/wp-content\/uploads\/2011\/06\/DSC01225_klein-300x225.jpg 300w, https:\/\/www.all-for-all.de\/wp-content\/uploads\/2011\/06\/DSC01225_klein-400x300.jpg 400w\" sizes=\"auto, (max-width: 800px) 100vw, 800px\" \/><\/p>\n<p>Ein kleiner Besuch musste sein.<br \/>Aber dann ging es wirklich los. Das n\u00e4chste Etappenziel\u00a0war Myrtle Beach. Myrtle Beach ist\u00a0eine Spa\u00df-Stadt direkt am Atlantik und vor allem durch\u00a0Springbreak bekannt. Hier geht es\u00a0immer ordentlich rund. \ud83d\ude09<br \/>Wir\u00a0wollten zuerst einen Blick an den Strand riskieren aber hier ist leider alles zugebaut.\u00a0Wir\u00a0haben uns also nur mit einem Caramel Macchiato von Starbucks versorgt und sind weiter gefahren.<br \/>\u00dcber Georgetown, McClellanville, Mt Pleasant und die zur Zeit drittl\u00e4ngste Schr\u00e4gseilbr\u00fccke der Welt, die &#8222;Arthur Ravenel Jr. Bridge&#8220; erreichten wir Charleston und schlie\u00dflich unser Hotel.<\/p>\n<p style=\"text-align: left;\"><img loading=\"lazy\" decoding=\"async\" class=\"aligncenter  wp-image-2110\" title=\"Arthur Ravenel Jr. Bridge\" alt=\"Arthur Ravenel Jr. Bridge\" src=\"https:\/\/www.all-for-all.de\/wp-content\/uploads\/2011\/06\/DSC01274_klein1.jpg\" width=\"800\" height=\"600\" srcset=\"https:\/\/www.all-for-all.de\/wp-content\/uploads\/2011\/06\/DSC01274_klein1.jpg 800w, https:\/\/www.all-for-all.de\/wp-content\/uploads\/2011\/06\/DSC01274_klein1-300x225.jpg 300w, https:\/\/www.all-for-all.de\/wp-content\/uploads\/2011\/06\/DSC01274_klein1-400x300.jpg 400w\" sizes=\"auto, (max-width: 800px) 100vw, 800px\" \/>Von unserem Zimmer hatten wir eine tolle Aussicht auf zwei Zugbr\u00fccken und auf Charleston. Das Zimmer war toll aber leider lie\u00dfen sich die T\u00fcren zum Balkon nicht \u00f6ffnen. Das war jedoch kein &#8222;Fehler&#8220; &#8230; im Heft zum Zimmer stand, dass es aus Sicherheitsgr\u00fcnden nicht mehr m\u00f6glich ist diese T\u00fcren zu \u00f6ffnen.<\/p>\n<p style=\"text-align: center;\"><img loading=\"lazy\" decoding=\"async\" class=\"aligncenter  wp-image-2113\" title=\"Blick aus dem Hotelzimmer\" alt=\"Blick aus dem Hotelzimmer\" src=\"https:\/\/www.all-for-all.de\/wp-content\/uploads\/2011\/06\/DSC01283_klein.jpg\" width=\"800\" height=\"600\" srcset=\"https:\/\/www.all-for-all.de\/wp-content\/uploads\/2011\/06\/DSC01283_klein.jpg 800w, https:\/\/www.all-for-all.de\/wp-content\/uploads\/2011\/06\/DSC01283_klein-300x225.jpg 300w, https:\/\/www.all-for-all.de\/wp-content\/uploads\/2011\/06\/DSC01283_klein-400x300.jpg 400w\" sizes=\"auto, (max-width: 800px) 100vw, 800px\" \/><\/p>\n<p style=\"text-align: left;\">Nach einer kleinen Pause lie\u00dfen wir uns vom kostenlosen Hotel Shuttle in die Altstadt von Charleston fahren. <br \/>Hier sind wir zuerst durch die alten Markthallen geschlendert und danach liefen wir Richtung Hafen. Obwohl hier alles auf Tourismus ausgelegt ist, kommt hier richtig S\u00fcdstaatenfeeling auf.\u00a0Die alten H\u00e4user sind top gepflegt, \u00fcberall gibt es tolle Restaurants und Kneipen &#8230; die Stimmung hier passt einfach perfekt.\u00a0<br \/>Vor lauter Schauen und Staunen haben wir irgendwie vergessen Bilder zu schie\u00dfen &#8230; viele gibt es nicht aus der Altstadt.\u00a0 \ud83d\ude00<\/p>\n<p style=\"text-align: center;\"><img loading=\"lazy\" decoding=\"async\" class=\"aligncenter  wp-image-2122\" title=\"Flu\u00dfufer Charleston\" alt=\"Flu\u00dfufer Charleston\" src=\"https:\/\/www.all-for-all.de\/wp-content\/uploads\/2011\/06\/DSC01254_klein.jpg\" width=\"800\" height=\"600\" srcset=\"https:\/\/www.all-for-all.de\/wp-content\/uploads\/2011\/06\/DSC01254_klein.jpg 800w, https:\/\/www.all-for-all.de\/wp-content\/uploads\/2011\/06\/DSC01254_klein-300x225.jpg 300w, https:\/\/www.all-for-all.de\/wp-content\/uploads\/2011\/06\/DSC01254_klein-400x300.jpg 400w\" sizes=\"auto, (max-width: 800px) 100vw, 800px\" \/><\/p>\n<p style=\"text-align: center;\"><img loading=\"lazy\" decoding=\"async\" class=\"aligncenter  wp-image-2116\" title=\"US Custom House Charleston\" alt=\"US Custom House Charleston\" src=\"https:\/\/www.all-for-all.de\/wp-content\/uploads\/2011\/06\/DSC01245_klein.jpg\" width=\"800\" height=\"600\" srcset=\"https:\/\/www.all-for-all.de\/wp-content\/uploads\/2011\/06\/DSC01245_klein.jpg 800w, https:\/\/www.all-for-all.de\/wp-content\/uploads\/2011\/06\/DSC01245_klein-300x225.jpg 300w, https:\/\/www.all-for-all.de\/wp-content\/uploads\/2011\/06\/DSC01245_klein-400x300.jpg 400w\" sizes=\"auto, (max-width: 800px) 100vw, 800px\" \/><\/p>\n<p style=\"text-align: left;\">Aus einem Reisef\u00fchrer hatten wir den Tip in eine der alten Brauereien zu gehen und dort etwas zu essen. Wir entschieden uns f\u00fcr das &#8222;Southend Brewery &amp; Smokehouse&#8220; ganz in der N\u00e4he des US Custom House.<br \/>Die Wahl fiel auf\u00a0die BBQ Hickory\u00a0Smoked\u00a0Danish Baby Back Ribs, den Southern Batterd Catfish with Hushpuppies, einen Ceasars Salad und den Sample Tray mit 6 verschiedenen Biersorten aus der hauseigenen Brauerei.<br \/>Der Service und das Essen waren perfekt! Und zwei der Biersorten aus dem Sampler waren tats\u00e4chlich gut. Zum Gl\u00fcck war das Auto nicht dabei.\u00a0 \ud83d\ude09<\/p>\n<p style=\"text-align: left;\">Der R\u00fcckweg zum Hotel war irgendwie d\u00e4mlich &#8230; Jede volle Stunde sollte das Shuttle an bestimmten Punkten in der Stadt die\u00a0Hotelg\u00e4ste wieder einsammeln. Das erste Shuttle war schon voll als es bei uns ankam. Der Fahrer versprach gleich wieder los zu fahren wenn er die Leute abgeladen hat. Gedauert hat es dann aber doch eine ganze Stunde &#8230; H\u00e4tten wir das gewusst, w\u00e4ren wir mit dem Taxi gefahren.<\/p>\n<p style=\"text-align: left;\">Am Hotel angekommen entschieden wir uns spontan eine weitere Nacht zu bleiben falls das Zimmer verf\u00fcgbar ist. Wir m\u00f6chten morgen gerne mit dem Auto durch Charleston und Umgebung fahren.<br \/>Die Verl\u00e4ngerung des Zimmers ging klar und nun geht es nach einem langen Tag ins Bett.<\/p>\n<p style=\"text-align: center;\"><img loading=\"lazy\" decoding=\"async\" class=\"aligncenter  wp-image-2126\" title=\"Zugbr\u00fccken bei Nacht\" alt=\"Zugbr\u00fccken bei Nacht\" src=\"https:\/\/www.all-for-all.de\/wp-content\/uploads\/2011\/06\/DSC01290_klein.jpg\" width=\"800\" height=\"600\" srcset=\"https:\/\/www.all-for-all.de\/wp-content\/uploads\/2011\/06\/DSC01290_klein.jpg 800w, https:\/\/www.all-for-all.de\/wp-content\/uploads\/2011\/06\/DSC01290_klein-300x225.jpg 300w, https:\/\/www.all-for-all.de\/wp-content\/uploads\/2011\/06\/DSC01290_klein-400x300.jpg 400w\" sizes=\"auto, (max-width: 800px) 100vw, 800px\" \/><\/p>\n<p style=\"text-align: left;\">Die Fahrstrecke von Wilmington hierher betrug exakt 300,03 km. \ud83d\ude00<\/p>\n<p style=\"text-align: center;\"><img loading=\"lazy\" decoding=\"async\" class=\"aligncenter  wp-image-2128\" title=\"GPS Logger\" alt=\"GPS Logger\" src=\"https:\/\/www.all-for-all.de\/wp-content\/uploads\/2011\/06\/Logger19.jpg\" width=\"924\" height=\"637\" srcset=\"https:\/\/www.all-for-all.de\/wp-content\/uploads\/2011\/06\/Logger19.jpg 924w, https:\/\/www.all-for-all.de\/wp-content\/uploads\/2011\/06\/Logger19-300x206.jpg 300w, https:\/\/www.all-for-all.de\/wp-content\/uploads\/2011\/06\/Logger19-435x300.jpg 435w\" sizes=\"auto, (max-width: 924px) 100vw, 924px\" \/><\/p>\n<p style=\"text-align: left;\">Viele Gr\u00fc\u00dfe<br \/>Joa<\/p>\n<p style=\"text-align: left;\">Zur\u00fcck zu: <a title=\"23.06.2011, Von den Outer Banks nach Wilmington\" href=\"https:\/\/www.all-for-all.de\/?page_id=1997\">23.06.2011, Von den Outer Banks nach Wilmington<\/a><br \/>Weiter zu: <a title=\"25.06.2011, Charleston und Umgebung\" href=\"https:\/\/www.all-for-all.de\/?page_id=2053\">25.06.2011, Charleston und Umgebung<\/a><\/p>\n","protected":false},"excerpt":{"rendered":"<p>Nach dem Fr\u00fchst\u00fcck im Hotel fuhren wir los und steuerten gleich das n\u00e4chste Walmart Supercenter an. Wir brauchten Eis f\u00fcr die K\u00fchlbox, Getr\u00e4nke und Snacks. Es war so gut wie alles aufgebraucht.Als wir wieder versorgt waren und ohne weiteren Halt &hellip; <a href=\"https:\/\/www.all-for-all.de\/?page_id=2051\">Weiterlesen <span class=\"meta-nav\">&rarr;<\/span><\/a><\/p>\n","protected":false},"author":2,"featured_media":0,"parent":0,"menu_order":0,"comment_status":"closed","ping_status":"open","template":"","meta":{"footnotes":""},"class_list":["post-2051","page","type-page","status-publish","hentry"],"jetpack_sharing_enabled":true,"_links":{"self":[{"href":"https:\/\/www.all-for-all.de\/index.php?rest_route=\/wp\/v2\/pages\/2051","targetHints":{"allow":["GET"]}}],"collection":[{"href":"https:\/\/www.all-for-all.de\/index.php?rest_route=\/wp\/v2\/pages"}],"about":[{"href":"https:\/\/www.all-for-all.de\/index.php?rest_route=\/wp\/v2\/types\/page"}],"author":[{"embeddable":true,"href":"https:\/\/www.all-for-all.de\/index.php?rest_route=\/wp\/v2\/users\/2"}],"replies":[{"embeddable":true,"href":"https:\/\/www.all-for-all.de\/index.php?rest_route=%2Fwp%2Fv2%2Fcomments&post=2051"}],"version-history":[{"count":0,"href":"https:\/\/www.all-for-all.de\/index.php?rest_route=\/wp\/v2\/pages\/2051\/revisions"}],"wp:attachment":[{"href":"https:\/\/www.all-for-all.de\/index.php?rest_route=%2Fwp%2Fv2%2Fmedia&parent=2051"}],"curies":[{"name":"wp","href":"https:\/\/api.w.org\/{rel}","templated":true}]}}