{"id":1997,"date":"2011-06-23T23:59:16","date_gmt":"2011-06-23T23:59:16","guid":{"rendered":"http:\/\/www.all-for-all.de\/?page_id=1997"},"modified":"2013-04-14T20:48:56","modified_gmt":"2013-04-14T20:48:56","slug":"23-06-2011-von-den-outer-banks-nach-wilmington","status":"publish","type":"page","link":"https:\/\/www.all-for-all.de\/?page_id=1997","title":{"rendered":"23.06.2011, Von den Outer Banks nach Wilmington"},"content":{"rendered":"<p>Mit dem Sonnenaufgang standen wir heute auf. <br \/>Bis zur F\u00e4hre in Ocracoke waren es zwar nur knapp 150 km&#8230; aber wenn wir die aus irgendeinem Grund verpasst h\u00e4tten, w\u00e4re es\u00a0eine kleine Katastrophe gewesen.\u00a0Da\u00a0eine\u00a0\u00dcberfahrt 24h vorher reserviert werden muss, w\u00e4ren wir erst morgen wieder mit der F\u00e4hre weg gekommen. Oder wir h\u00e4tten zur\u00fcck \u00fcber das Festland fahren m\u00fcssen. Das w\u00e4re aber ein nicht unerheblicher Umweg gewesen. Au\u00dferdem freuten wir uns auf die \u00dcberfahrt mit der F\u00e4hre.<br \/>(Achja: Ab heute gibt es die Bilder in 800&#215;600 Pixel. Die 640&#215;480 sind einfach nicht mehr zeitgem\u00e4\u00df \ud83d\ude00 )<\/p>\n<p style=\"text-align: center;\"><img loading=\"lazy\" decoding=\"async\" class=\"aligncenter  wp-image-2005\" title=\"Sonnenaufgang auf den Outer Banks\" alt=\"Sonnenaufgang auf den Outer Banks\" src=\"https:\/\/www.all-for-all.de\/wp-content\/uploads\/2011\/06\/DSC01129_klein.jpg\" width=\"800\" height=\"600\" srcset=\"https:\/\/www.all-for-all.de\/wp-content\/uploads\/2011\/06\/DSC01129_klein.jpg 800w, https:\/\/www.all-for-all.de\/wp-content\/uploads\/2011\/06\/DSC01129_klein-300x225.jpg 300w, https:\/\/www.all-for-all.de\/wp-content\/uploads\/2011\/06\/DSC01129_klein-400x300.jpg 400w\" sizes=\"auto, (max-width: 800px) 100vw, 800px\" \/><\/p>\n<p>Das Fr\u00fchst\u00fcck im Hotel war eines der allerschlechtesten das wir in allen Urlauben in den USA bis jetzt hatten. Der Fr\u00fchst\u00fccksraum war ein dunkler Keller, komplett ohne Fenster. Der Kaffee war absolut ungenie\u00dfbar (und da bin ich wirklich sehr belastbar). Das angebotene Geb\u00e4ck war steinhart, die Waffelmaschine war total verdreckt, etc, etc.<br \/>Das hat dem sch\u00f6nen Hotel\u00a0unsere pers\u00f6nliche\u00a0Gesamtbewertung ordentlich verhagelt.<br \/>Wir haben unsere kaum anger\u00fchrten Kaffeebecher samt unseren vollen Tellern in einem riesigen M\u00fclleimer im Speisesaal entsorgt, haben ausgecheckt und sind Richtung Hatteras losgefahren. <br \/>Wir hatten noch Obst, Kekse, Donuts und anderes Zeugs in der K\u00fchlbox. Das musste eben reichen. Das dumme war nur die Geschichte mit dem Kaffee. So ganz ohne Kaffee\u00a0sollte ein (Urlaubs-)Tag nicht starten!<\/p>\n<p>Die Fahrt nach Hatteras dauerte relativ lange. (Das Speedlimit auf den Outer Banks liegt nie h\u00f6her wie 35mph)<br \/>Der Rauchgeruch war heute besonders stark. Auf den Bildern ist zu erkennen, dass der Wind heute wohl sehr ung\u00fcnstig stand. In der Entfernung sieht alles wie im Nebel aus.<\/p>\n<p style=\"text-align: center;\"><img loading=\"lazy\" decoding=\"async\" class=\"aligncenter  wp-image-2012\" title=\"Die Outer Banks\" alt=\"Die Outer Banks\" src=\"https:\/\/www.all-for-all.de\/wp-content\/uploads\/2011\/06\/DSC01132_klein.jpg\" width=\"800\" height=\"600\" srcset=\"https:\/\/www.all-for-all.de\/wp-content\/uploads\/2011\/06\/DSC01132_klein.jpg 800w, https:\/\/www.all-for-all.de\/wp-content\/uploads\/2011\/06\/DSC01132_klein-300x225.jpg 300w, https:\/\/www.all-for-all.de\/wp-content\/uploads\/2011\/06\/DSC01132_klein-400x300.jpg 400w\" sizes=\"auto, (max-width: 800px) 100vw, 800px\" \/><\/p>\n<p style=\"text-align: center;\"><img loading=\"lazy\" decoding=\"async\" class=\"aligncenter  wp-image-2013\" title=\"Die Outer Banks\" alt=\"Die Outer Banks\" src=\"https:\/\/www.all-for-all.de\/wp-content\/uploads\/2011\/06\/DSC01137_klein.jpg\" width=\"800\" height=\"600\" srcset=\"https:\/\/www.all-for-all.de\/wp-content\/uploads\/2011\/06\/DSC01137_klein.jpg 800w, https:\/\/www.all-for-all.de\/wp-content\/uploads\/2011\/06\/DSC01137_klein-300x225.jpg 300w, https:\/\/www.all-for-all.de\/wp-content\/uploads\/2011\/06\/DSC01137_klein-400x300.jpg 400w\" sizes=\"auto, (max-width: 800px) 100vw, 800px\" \/><\/p>\n<p style=\"text-align: center;\"><img loading=\"lazy\" decoding=\"async\" class=\"aligncenter  wp-image-2011\" title=\"Die Outer Banks\" alt=\"Die Outer Banks\" src=\"https:\/\/www.all-for-all.de\/wp-content\/uploads\/2011\/06\/DSC01143_klein.jpg\" width=\"800\" height=\"600\" srcset=\"https:\/\/www.all-for-all.de\/wp-content\/uploads\/2011\/06\/DSC01143_klein.jpg 800w, https:\/\/www.all-for-all.de\/wp-content\/uploads\/2011\/06\/DSC01143_klein-300x225.jpg 300w, https:\/\/www.all-for-all.de\/wp-content\/uploads\/2011\/06\/DSC01143_klein-400x300.jpg 400w\" sizes=\"auto, (max-width: 800px) 100vw, 800px\" \/><\/p>\n<p>In Hatteras\u00a0legt die F\u00e4hre ab welche nach Ocracoke \u00fcbersetzt. Diese\u00a0l\u00e4uft laut Fahrplan alle 30 Minuten aus, kostet nichts und man muss, bzw. kann hier nicht reservieren.<br \/>Wir kamen ca. um 10:15 Uhr am F\u00e4hrhafen an und erschraken ein wenig &#8230; massenweise Autos die in mehreren Reihen auf die F\u00e4hre warteten. Die erste F\u00e4hre wurde gerade beladen und ich rechnete mir anhand der Anzahl der Autos aus, dass wir locker mit der \u00fcbern\u00e4chsten F\u00e4hre, also in einer Stunde dran k\u00e4men. 11:30 Uhr w\u00e4re absolut noch ok um die gro\u00dfe F\u00e4hre um 13:00 Uhr von Ocracoke nach Cedar Island zu kriegen &#8230;<\/p>\n<p style=\"text-align: center;\"><img loading=\"lazy\" decoding=\"async\" class=\"aligncenter  wp-image-2016\" title=\"F\u00e4hre nach Ocracoke\" alt=\"F\u00e4hre nach Ocracoke\" src=\"https:\/\/www.all-for-all.de\/wp-content\/uploads\/2011\/06\/DSC01147_klein.jpg\" width=\"800\" height=\"600\" srcset=\"https:\/\/www.all-for-all.de\/wp-content\/uploads\/2011\/06\/DSC01147_klein.jpg 800w, https:\/\/www.all-for-all.de\/wp-content\/uploads\/2011\/06\/DSC01147_klein-300x225.jpg 300w, https:\/\/www.all-for-all.de\/wp-content\/uploads\/2011\/06\/DSC01147_klein-400x300.jpg 400w\" sizes=\"auto, (max-width: 800px) 100vw, 800px\" \/><\/p>\n<p>Meine Hochrechnung hatte jedoch einen Fehler&#8230; Schulbusse, Krankenwagen, Feuerwehren\u00a0und manche LKWs wurden selbstverst\u00e4ndlich an den wartenden PKWs vorbei direkt auf die F\u00e4hren gelassen. Somit rutschten wir immer weiter nach hinten und es kam wie es kommen musste: Die F\u00e4hre um 11:30 Uhr wurde genau ein Auto vor uns geschlossen&#8230;<br \/>Nun wurde es eng. Die F\u00e4hre um 12:00 Uhr konnte nun zwar nicht mehr ohne uns ablegen. Aber: Die \u00dcberfahrt dauert ca. 20 Minuten und dann hat man nochmals\u00a0etwa 20km bis\u00a0zur gro\u00dfen\u00a0F\u00e4hre vor sich. Obendrein wird einem geraten, 30 Minuten vor Abfahrt nach Cedar Island vor Ort zu sein. Nun brannte es aber!<br \/>Zum Gl\u00fcck legte die F\u00e4hre extrem p\u00fcnktlich ab und unser Ford Escape stand ganz vorn auf dem Boot. So konnten wir als\u00a0drittes Auto von der F\u00e4hre brettern und sofort Gummi geben.<\/p>\n<p style=\"text-align: center;\"><img loading=\"lazy\" decoding=\"async\" class=\"aligncenter  wp-image-2018\" title=\"F\u00e4hre Hatteras &lt;=&gt; Ocracoke\" alt=\"F\u00e4hre Hatteras &lt;=&gt; Ocracoke\" src=\"https:\/\/www.all-for-all.de\/wp-content\/uploads\/2011\/06\/DSC01155_klein.jpg\" width=\"800\" height=\"600\" srcset=\"https:\/\/www.all-for-all.de\/wp-content\/uploads\/2011\/06\/DSC01155_klein.jpg 800w, https:\/\/www.all-for-all.de\/wp-content\/uploads\/2011\/06\/DSC01155_klein-300x225.jpg 300w, https:\/\/www.all-for-all.de\/wp-content\/uploads\/2011\/06\/DSC01155_klein-400x300.jpg 400w\" sizes=\"auto, (max-width: 800px) 100vw, 800px\" \/><\/p>\n<p style=\"text-align: center;\"><img loading=\"lazy\" decoding=\"async\" class=\"aligncenter  wp-image-2019\" title=\"F\u00e4hre Hatteras &lt;=&gt; Ocracoke\" alt=\"F\u00e4hre Hatteras &lt;=&gt; Ocracoke\" src=\"https:\/\/www.all-for-all.de\/wp-content\/uploads\/2011\/06\/DSC01163_klein.jpg\" width=\"800\" height=\"600\" srcset=\"https:\/\/www.all-for-all.de\/wp-content\/uploads\/2011\/06\/DSC01163_klein.jpg 800w, https:\/\/www.all-for-all.de\/wp-content\/uploads\/2011\/06\/DSC01163_klein-300x225.jpg 300w, https:\/\/www.all-for-all.de\/wp-content\/uploads\/2011\/06\/DSC01163_klein-400x300.jpg 400w\" sizes=\"auto, (max-width: 800px) 100vw, 800px\" \/><\/p>\n<p>Es war \u00fcbrigens bestes Wetter. Was aussieht wie starke Bew\u00f6lkung ist der Rauch in der Luft und die Tropfen auf dem Escape stammen von der Gischt.<br \/>Um exakt 12:22 Uhr fuhren wir von der F\u00e4hre. Und ab ging es. Tempolimits\u00a0gab es\u00a0jetzt keine. F\u00e4hre oder nicht F\u00e4hre! <br \/>Die beiden Autos die vor uns von der F\u00e4hre durften haben wir sofort \u00fcberholt und zum Gl\u00fcck ist die gesamte Insel bis zur F\u00e4hre unbewohnt. Ziemlich genau 15 Minuten sp\u00e4ter waren wir an der F\u00e4hre nach Cedar Island. 15 Minuten f\u00fcr 20 km klingt nicht nach besonders schnell aber ein Trooper h\u00e4tte hier nirgendwo stehen d\u00fcrfen. Hauptsache wir waren nun rechtzeitig da. <br \/>Im Ocracoke Information Center gab es f\u00fcr 1 USD einen Becher Kaffee den man sich selbst aus einer Kanne einschenken konnte. Auch der ist im M\u00fcll gelandet. Heute sollte es wohl keinen Kaffee geben. \ud83d\ude41<br \/>Bald begann das Verladen der Autos und der Zeitdruck war nun endlich vorbei. <br \/>Die \u00dcberfahrt nach Cedar Island dauerte knapp 2 1\/2 Stunden.<\/p>\n<p style=\"text-align: center;\"><img loading=\"lazy\" decoding=\"async\" class=\"aligncenter  wp-image-2025\" title=\"Ocracoke Information Center\" alt=\"Ocracoke Information Center\" src=\"https:\/\/www.all-for-all.de\/wp-content\/uploads\/2011\/06\/DSC01171_klein.jpg\" width=\"800\" height=\"600\" srcset=\"https:\/\/www.all-for-all.de\/wp-content\/uploads\/2011\/06\/DSC01171_klein.jpg 800w, https:\/\/www.all-for-all.de\/wp-content\/uploads\/2011\/06\/DSC01171_klein-300x225.jpg 300w, https:\/\/www.all-for-all.de\/wp-content\/uploads\/2011\/06\/DSC01171_klein-400x300.jpg 400w\" sizes=\"auto, (max-width: 800px) 100vw, 800px\" \/><\/p>\n<p style=\"text-align: center;\"><img loading=\"lazy\" decoding=\"async\" class=\"aligncenter  wp-image-2026\" title=\"Welcome aboard!\" alt=\"Welcome aboard!\" src=\"https:\/\/www.all-for-all.de\/wp-content\/uploads\/2011\/06\/DSC01172_klein.jpg\" width=\"800\" height=\"600\" srcset=\"https:\/\/www.all-for-all.de\/wp-content\/uploads\/2011\/06\/DSC01172_klein.jpg 800w, https:\/\/www.all-for-all.de\/wp-content\/uploads\/2011\/06\/DSC01172_klein-300x225.jpg 300w, https:\/\/www.all-for-all.de\/wp-content\/uploads\/2011\/06\/DSC01172_klein-400x300.jpg 400w\" sizes=\"auto, (max-width: 800px) 100vw, 800px\" \/><\/p>\n<p style=\"text-align: center;\"><img loading=\"lazy\" decoding=\"async\" class=\"aligncenter  wp-image-2028\" title=\"Ocracoke\" alt=\"Ocracoke\" src=\"https:\/\/www.all-for-all.de\/wp-content\/uploads\/2011\/06\/DSC01182_klein.jpg\" width=\"800\" height=\"600\" srcset=\"https:\/\/www.all-for-all.de\/wp-content\/uploads\/2011\/06\/DSC01182_klein.jpg 800w, https:\/\/www.all-for-all.de\/wp-content\/uploads\/2011\/06\/DSC01182_klein-300x225.jpg 300w, https:\/\/www.all-for-all.de\/wp-content\/uploads\/2011\/06\/DSC01182_klein-400x300.jpg 400w\" sizes=\"auto, (max-width: 800px) 100vw, 800px\" \/><\/p>\n<p style=\"text-align: center;\"><img loading=\"lazy\" decoding=\"async\" class=\"aligncenter  wp-image-2027\" title=\"Ford Escape\" alt=\"Ford Escape\" src=\"https:\/\/www.all-for-all.de\/wp-content\/uploads\/2011\/06\/DSC01180_klein.jpg\" width=\"800\" height=\"600\" srcset=\"https:\/\/www.all-for-all.de\/wp-content\/uploads\/2011\/06\/DSC01180_klein.jpg 800w, https:\/\/www.all-for-all.de\/wp-content\/uploads\/2011\/06\/DSC01180_klein-300x225.jpg 300w, https:\/\/www.all-for-all.de\/wp-content\/uploads\/2011\/06\/DSC01180_klein-400x300.jpg 400w\" sizes=\"auto, (max-width: 800px) 100vw, 800px\" \/><\/p>\n<p style=\"text-align: center;\"><img loading=\"lazy\" decoding=\"async\" class=\"aligncenter  wp-image-2029\" title=\"TomTom im Wasser\" alt=\"TomTom im Wasser\" src=\"https:\/\/www.all-for-all.de\/wp-content\/uploads\/2011\/06\/DSC01197_klein.jpg\" width=\"800\" height=\"600\" srcset=\"https:\/\/www.all-for-all.de\/wp-content\/uploads\/2011\/06\/DSC01197_klein.jpg 800w, https:\/\/www.all-for-all.de\/wp-content\/uploads\/2011\/06\/DSC01197_klein-300x225.jpg 300w, https:\/\/www.all-for-all.de\/wp-content\/uploads\/2011\/06\/DSC01197_klein-400x300.jpg 400w\" sizes=\"auto, (max-width: 800px) 100vw, 800px\" \/><\/p>\n<p style=\"text-align: center;\"><img loading=\"lazy\" decoding=\"async\" class=\"aligncenter  wp-image-2030\" title=\"Die F\u00e4hre\" alt=\"Die F\u00e4hre\" src=\"https:\/\/www.all-for-all.de\/wp-content\/uploads\/2011\/06\/DSC01193_klein.jpg\" width=\"800\" height=\"600\" srcset=\"https:\/\/www.all-for-all.de\/wp-content\/uploads\/2011\/06\/DSC01193_klein.jpg 800w, https:\/\/www.all-for-all.de\/wp-content\/uploads\/2011\/06\/DSC01193_klein-300x225.jpg 300w, https:\/\/www.all-for-all.de\/wp-content\/uploads\/2011\/06\/DSC01193_klein-400x300.jpg 400w\" sizes=\"auto, (max-width: 800px) 100vw, 800px\" \/><\/p>\n<p style=\"text-align: center;\"><img loading=\"lazy\" decoding=\"async\" class=\"aligncenter  wp-image-2031\" title=\"Anlegestelle Cedar Island\" alt=\"Anlegestelle Cedar Island\" src=\"https:\/\/www.all-for-all.de\/wp-content\/uploads\/2011\/06\/DSC01204_klein.jpg\" width=\"800\" height=\"600\" srcset=\"https:\/\/www.all-for-all.de\/wp-content\/uploads\/2011\/06\/DSC01204_klein.jpg 800w, https:\/\/www.all-for-all.de\/wp-content\/uploads\/2011\/06\/DSC01204_klein-300x225.jpg 300w, https:\/\/www.all-for-all.de\/wp-content\/uploads\/2011\/06\/DSC01204_klein-400x300.jpg 400w\" sizes=\"auto, (max-width: 800px) 100vw, 800px\" \/><\/p>\n<p style=\"text-align: center;\"><img loading=\"lazy\" decoding=\"async\" class=\"aligncenter  wp-image-2024\" title=\"Cedar Island\" alt=\"Cedar Island\" src=\"https:\/\/www.all-for-all.de\/wp-content\/uploads\/2011\/06\/DSC01206_klein.jpg\" width=\"800\" height=\"600\" srcset=\"https:\/\/www.all-for-all.de\/wp-content\/uploads\/2011\/06\/DSC01206_klein.jpg 800w, https:\/\/www.all-for-all.de\/wp-content\/uploads\/2011\/06\/DSC01206_klein-300x225.jpg 300w, https:\/\/www.all-for-all.de\/wp-content\/uploads\/2011\/06\/DSC01206_klein-400x300.jpg 400w\" sizes=\"auto, (max-width: 800px) 100vw, 800px\" \/><\/p>\n<p>Der letzte Streckenabschnitt f\u00fcr heute bis Wilmington sollte kein Problem mehr darstellen. &#8230; &#8222;sollte&#8220;&#8230; \ud83d\ude00<br \/>Der Rauch wurde weniger, daf\u00fcr zogen hinter uns immer mehr dunkle Wolken auf. Und &#8222;dunkel&#8220; war hier gleich zu setzen mit &#8222;rabenschwarz&#8220;. Und die Wolken waren schneller wie wir. Immer wieder setzten jetzt massive Wolkenbr\u00fcche ein.<\/p>\n<p style=\"text-align: center;\"><img loading=\"lazy\" decoding=\"async\" class=\"aligncenter  wp-image-2037\" title=\"Wolkenbruch\" alt=\"Wolkenbruch\" src=\"https:\/\/www.all-for-all.de\/wp-content\/uploads\/2011\/06\/DSC01207_klein.jpg\" width=\"800\" height=\"600\" srcset=\"https:\/\/www.all-for-all.de\/wp-content\/uploads\/2011\/06\/DSC01207_klein.jpg 800w, https:\/\/www.all-for-all.de\/wp-content\/uploads\/2011\/06\/DSC01207_klein-300x225.jpg 300w, https:\/\/www.all-for-all.de\/wp-content\/uploads\/2011\/06\/DSC01207_klein-400x300.jpg 400w\" sizes=\"auto, (max-width: 800px) 100vw, 800px\" \/><\/p>\n<p>Das gute TomTom hat uns auch noch einen gro\u00dfen Streich gespielt. Irgendwann waren am Stra\u00dfenrand immer wieder gro\u00dfe Schilder zu sehen. &#8222;Picture ID required&#8220; und &#8222;US Army irgendwas&#8220;. Wir haben uns weiter Nichts dabei gedacht. Irgendwo wird sicher eine US Basis sein (wie \u00fcberall in den Staaten) und fertig&#8230;<br \/>Von wegen! Pl\u00f6tzlich standen wir an einem checkpoint und ein mit einem M16 bewaffneter Soldat fragte uns h\u00f6flich aber bestimmt nach oben erw\u00e4hnter ID &#8230; genau die, die wir nicht hatten.\u00a0<br \/>Dass unser Navi auf die Strecke bestand hat ihn nicht weiter interessiert.\u00a0Wir mussten\u00a0ohne weitere Diskussion umdrehen \ud83d\ude00<\/p>\n<p style=\"text-align: center;\"><img loading=\"lazy\" decoding=\"async\" class=\"aligncenter  wp-image-2038\" title=\"ID required!\" alt=\"ID required!\" src=\"https:\/\/www.all-for-all.de\/wp-content\/uploads\/2011\/06\/Logger14.jpg\" width=\"925\" height=\"506\" srcset=\"https:\/\/www.all-for-all.de\/wp-content\/uploads\/2011\/06\/Logger14.jpg 925w, https:\/\/www.all-for-all.de\/wp-content\/uploads\/2011\/06\/Logger14-300x164.jpg 300w, https:\/\/www.all-for-all.de\/wp-content\/uploads\/2011\/06\/Logger14-500x273.jpg 500w\" sizes=\"auto, (max-width: 925px) 100vw, 925px\" \/><\/p>\n<p>Mittags, aus dem Ocracoke Island Information Center, haben wir ein Hotel Coupon Heft mitgenommen. Darin gab es ein wirklich sehr gutes Angebot f\u00fcr das Comfort Inn University. Da es schon\u00a0fr\u00fcher Abend\u00a0war als wir Wilmington erreichten, sind wir gleich dieses Hotel angefahren und bekamen tats\u00e4chlich ein Zimmer zu diesem Preis.<br \/>Das Zimmer hat zwar eine bescheidene Aussicht aber das ist uns egal. Es war ein langer Tag heute. Verpflegt haben wir uns auf dem Hotelzimmer mit den Resten aus unserer K\u00fchlbox (Sandwiches und S\u00fc\u00dfkram).<\/p>\n<p>Zu guter Letzt hat uns fast noch der Blitz erschlagen! Mangels Raucherzimmer gingen wir vor die Hotelt\u00fcr w\u00e4hrend gerade wieder einer der vorher schon erw\u00e4hnten Wolkenbr\u00fcche w\u00fctete. Schr\u00e4g gegen\u00fcber auf der anderen Stra\u00dfenseite, beim Ford H\u00e4ndler &#8222;Jeff Gordon&#8220; steht ein gigantischer Fahnenmast &#8230; genau den hat sich der Blitz ausgesucht. Blitz und Knall kamen absolut gleichzeitig. Luftlinie waren das etwa 100m &#8230; Die Zigarette haben wir nicht mehr fertig geraucht. Auch ein paar andere Raucher sind dann lieber wieder ins Hotel gegangen. \ud83d\ude00\u00a0<\/p>\n<p>Laut GPS-Logger waren es heute inkl. F\u00e4hren und Umweg wegen der Milit\u00e4rsperre 407,88 km.<\/p>\n<p style=\"text-align: center;\"><img loading=\"lazy\" decoding=\"async\" class=\"aligncenter  wp-image-2042\" title=\"GPS-Logger\" alt=\"GPS-Logger\" src=\"https:\/\/www.all-for-all.de\/wp-content\/uploads\/2011\/06\/Logger15.jpg\" width=\"815\" height=\"640\" srcset=\"https:\/\/www.all-for-all.de\/wp-content\/uploads\/2011\/06\/Logger15.jpg 815w, https:\/\/www.all-for-all.de\/wp-content\/uploads\/2011\/06\/Logger15-300x235.jpg 300w, https:\/\/www.all-for-all.de\/wp-content\/uploads\/2011\/06\/Logger15-382x300.jpg 382w\" sizes=\"auto, (max-width: 815px) 100vw, 815px\" \/><\/p>\n<p style=\"text-align: center;\"><img loading=\"lazy\" decoding=\"async\" class=\"aligncenter  wp-image-2043\" title=\"GPS-Logger Ocracoke =&gt; Cedar Island\" alt=\"GPS-Logger Ocracoke =&gt; Cedar Island\" src=\"https:\/\/www.all-for-all.de\/wp-content\/uploads\/2011\/06\/Logger16.jpg\" width=\"854\" height=\"478\" srcset=\"https:\/\/www.all-for-all.de\/wp-content\/uploads\/2011\/06\/Logger16.jpg 854w, https:\/\/www.all-for-all.de\/wp-content\/uploads\/2011\/06\/Logger16-300x167.jpg 300w, https:\/\/www.all-for-all.de\/wp-content\/uploads\/2011\/06\/Logger16-500x279.jpg 500w\" sizes=\"auto, (max-width: 854px) 100vw, 854px\" \/><\/p>\n<p style=\"text-align: center;\"><img loading=\"lazy\" decoding=\"async\" class=\"aligncenter  wp-image-2044\" title=\"GPS-Logger Hatteras =&gt; Ocracoke\" alt=\"GPS-Logger Hatteras =&gt; Ocracoke\" src=\"https:\/\/www.all-for-all.de\/wp-content\/uploads\/2011\/06\/Logger17.jpg\" width=\"853\" height=\"339\" srcset=\"https:\/\/www.all-for-all.de\/wp-content\/uploads\/2011\/06\/Logger17.jpg 853w, https:\/\/www.all-for-all.de\/wp-content\/uploads\/2011\/06\/Logger17-300x119.jpg 300w, https:\/\/www.all-for-all.de\/wp-content\/uploads\/2011\/06\/Logger17-500x198.jpg 500w\" sizes=\"auto, (max-width: 853px) 100vw, 853px\" \/><\/p>\n<p style=\"text-align: center;\"><img loading=\"lazy\" decoding=\"async\" class=\"aligncenter  wp-image-2045\" title=\"GPS-Logger Wartereihen vor der F\u00e4hre\" alt=\"GPS-Logger Wartereihen vor der F\u00e4hre\" src=\"https:\/\/www.all-for-all.de\/wp-content\/uploads\/2011\/06\/Logger18.jpg\" width=\"636\" height=\"597\" srcset=\"https:\/\/www.all-for-all.de\/wp-content\/uploads\/2011\/06\/Logger18.jpg 636w, https:\/\/www.all-for-all.de\/wp-content\/uploads\/2011\/06\/Logger18-300x281.jpg 300w, https:\/\/www.all-for-all.de\/wp-content\/uploads\/2011\/06\/Logger18-319x300.jpg 319w\" sizes=\"auto, (max-width: 636px) 100vw, 636px\" \/><\/p>\n<p>Morgen geht es nach Charleston!<br \/>Und weil das Wochenende vor der T\u00fcr steht, haben wir uns heute noch um ein Zimmer gek\u00fcmmert. Die Hotels in der Altstadt von Charleston sind verflucht teuer. Meine Versuche ein Schn\u00e4ppchen \u00fcber Priceline zu schie\u00dfen schlugen leider fehl. Vielleicht habe ich einfach zu geizig geboten &#8230;\u00a0 \ud83d\ude00<br \/>Ein Holiday Inn in Charleston mit Balkon am Zimmer hat es uns dann angetan und wir haben eine Nacht gebucht.<\/p>\n<p>&nbsp;<\/p>\n<p>Viele Gr\u00fc\u00dfe<br \/>Joa<\/p>\n<p>Zur\u00fcck zu: <a title=\"22.06.2011, Auf die Outer Banks\" href=\"https:\/\/www.all-for-all.de\/?page_id=1958\">22.06.2011, Auf die Outer Banks<\/a><br \/>Weiter zu: <a title=\"24.06.2011, Von Wilmington nach Charleston\" href=\"https:\/\/www.all-for-all.de\/?page_id=2051\">24.06.2011, Von Wilmington nach Charleston<\/a><\/p>\n","protected":false},"excerpt":{"rendered":"<p>Mit dem Sonnenaufgang standen wir heute auf. Bis zur F\u00e4hre in Ocracoke waren es zwar nur knapp 150 km&#8230; aber wenn wir die aus irgendeinem Grund verpasst h\u00e4tten, w\u00e4re es\u00a0eine kleine Katastrophe gewesen.\u00a0Da\u00a0eine\u00a0\u00dcberfahrt 24h vorher reserviert werden muss, w\u00e4ren wir &hellip; <a href=\"https:\/\/www.all-for-all.de\/?page_id=1997\">Weiterlesen <span class=\"meta-nav\">&rarr;<\/span><\/a><\/p>\n","protected":false},"author":2,"featured_media":0,"parent":0,"menu_order":0,"comment_status":"closed","ping_status":"open","template":"","meta":{"footnotes":""},"class_list":["post-1997","page","type-page","status-publish","hentry"],"jetpack_sharing_enabled":true,"_links":{"self":[{"href":"https:\/\/www.all-for-all.de\/index.php?rest_route=\/wp\/v2\/pages\/1997","targetHints":{"allow":["GET"]}}],"collection":[{"href":"https:\/\/www.all-for-all.de\/index.php?rest_route=\/wp\/v2\/pages"}],"about":[{"href":"https:\/\/www.all-for-all.de\/index.php?rest_route=\/wp\/v2\/types\/page"}],"author":[{"embeddable":true,"href":"https:\/\/www.all-for-all.de\/index.php?rest_route=\/wp\/v2\/users\/2"}],"replies":[{"embeddable":true,"href":"https:\/\/www.all-for-all.de\/index.php?rest_route=%2Fwp%2Fv2%2Fcomments&post=1997"}],"version-history":[{"count":0,"href":"https:\/\/www.all-for-all.de\/index.php?rest_route=\/wp\/v2\/pages\/1997\/revisions"}],"wp:attachment":[{"href":"https:\/\/www.all-for-all.de\/index.php?rest_route=%2Fwp%2Fv2%2Fmedia&parent=1997"}],"curies":[{"name":"wp","href":"https:\/\/api.w.org\/{rel}","templated":true}]}}