{"id":1958,"date":"2011-06-22T23:59:21","date_gmt":"2011-06-22T23:59:21","guid":{"rendered":"http:\/\/www.all-for-all.de\/?page_id=1958"},"modified":"2013-04-14T20:46:58","modified_gmt":"2013-04-14T20:46:58","slug":"22-06-2013-auf-die-outer-banks","status":"publish","type":"page","link":"https:\/\/www.all-for-all.de\/?page_id=1958","title":{"rendered":"22.06.2011, Auf die Outer Banks"},"content":{"rendered":"<p>Noch vor dem Fr\u00fchst\u00fcck checkten wir aus dem Hotel aus.<br \/>Mhmm &#8230; im IHOP gab es wieder leckere Waffeln und Pancakes. Mit etwas auch nur ann\u00e4hernd \u00c4hnlichem wird es morgen ganz schlecht aussehen &#8230;<br \/>Interessant ist, dass wir ohne einen Tag Unterbrechung Abendessen =&gt; Fr\u00fchst\u00fcck =&gt; Abendessen und nochmals Fr\u00fchst\u00fcck dort hatten und es waren immer die gleichen Bedienungen, der gleiche Manager\u00a0und die gleiche Kassiererin im Dienst. <br \/>Seltsamer Schichtplan &#8230;\u00a0<\/p>\n<p>Der I95 war bis Richmond die &#8222;Unterlage&#8220; f\u00fcr den Escape. Dort\u00a0wechselten wir auf den I64\u00a0Richtung Norfolk und Virginia Beach. <br \/>An einem Parkplatz mit Strandblick in Virginia Beach g\u00f6nnten wir uns die\u00a0erste richtige Pause. Dort war in der Luft milit\u00e4rtechnisch einiges geboten. Alle paar Minuten flogen Helikopter oder Kampfflugzeuge in Zweier-Formation \u00fcber uns weg. Hier h\u00e4tten wir gerne noch eine Weile zugesehen aber wir mussten weiter weil wir gestern einen richtig dicken Fehler gemacht haben. Wir haben nicht daran gedacht, dass\u00a0Ferienzeit\u00a0ist\u00a0und die Outer Banks ein beliebtes Ziel sind. Die Hotels dort sind f\u00fcr US Verh\u00e4ltnisse recht d\u00fcnn ges\u00e4t&#8230;.\u00a0Bewusst wurde uns\u00a0das erst kurz vor Norfolk. <br \/>Wenn man hier nichts (bezahlbares) findet, dann muss ein richtig weites St\u00fcck zur\u00fcck gefahren werden. Das wiederum w\u00fcrde bedeuten, dass man verflucht fr\u00fch losfahren muss um die F\u00e4hre in Ocracoke nicht zu verpassen.<\/p>\n<p style=\"text-align: center;\"><img loading=\"lazy\" decoding=\"async\" class=\"aligncenter  wp-image-1973\" title=\"Interstate 64\" alt=\"Interstate 64\" src=\"https:\/\/www.all-for-all.de\/wp-content\/uploads\/2011\/06\/DSC01060_klein.jpg\" width=\"640\" height=\"480\" srcset=\"https:\/\/www.all-for-all.de\/wp-content\/uploads\/2011\/06\/DSC01060_klein.jpg 640w, https:\/\/www.all-for-all.de\/wp-content\/uploads\/2011\/06\/DSC01060_klein-300x225.jpg 300w, https:\/\/www.all-for-all.de\/wp-content\/uploads\/2011\/06\/DSC01060_klein-400x300.jpg 400w\" sizes=\"auto, (max-width: 640px) 100vw, 640px\" \/><\/p>\n<p style=\"text-align: center;\"><img loading=\"lazy\" decoding=\"async\" class=\"aligncenter  wp-image-1975\" title=\"Norfolk\" alt=\"Norfolk\" src=\"https:\/\/www.all-for-all.de\/wp-content\/uploads\/2011\/06\/DSC01066_klein.jpg\" width=\"640\" height=\"480\" srcset=\"https:\/\/www.all-for-all.de\/wp-content\/uploads\/2011\/06\/DSC01066_klein.jpg 640w, https:\/\/www.all-for-all.de\/wp-content\/uploads\/2011\/06\/DSC01066_klein-300x225.jpg 300w, https:\/\/www.all-for-all.de\/wp-content\/uploads\/2011\/06\/DSC01066_klein-400x300.jpg 400w\" sizes=\"auto, (max-width: 640px) 100vw, 640px\" \/><\/p>\n<p>Bereits einige Kilometer vor den Outer Banks roch es immer wieder nach Rauch. Nach der Grenze zu North Carolina wurde es richtig schlimm. Man konnte den Rauch zwar nicht direkt sehen aber die Luft war seltsam tr\u00fcb. Irgendwo musste es richtig heftig brennen. <br \/>In der Gegend vor den Outer Banks waren am Stra\u00dfenrand immer wieder Shops der \u00f6rtlichen Farmer die dort ihre Fr\u00fcchte verkauften. An einem hielten wir an und haben uns mit leckeren Pfirsichen und frischem Eis f\u00fcr die K\u00fchlbox eingedeckt.<\/p>\n<p style=\"text-align: center;\"><img loading=\"lazy\" decoding=\"async\" class=\"aligncenter  wp-image-1978\" title=\"North Carolina\" alt=\"North Carolina\" src=\"https:\/\/www.all-for-all.de\/wp-content\/uploads\/2011\/06\/DSC01070_klein.jpg\" width=\"640\" height=\"480\" srcset=\"https:\/\/www.all-for-all.de\/wp-content\/uploads\/2011\/06\/DSC01070_klein.jpg 640w, https:\/\/www.all-for-all.de\/wp-content\/uploads\/2011\/06\/DSC01070_klein-300x225.jpg 300w, https:\/\/www.all-for-all.de\/wp-content\/uploads\/2011\/06\/DSC01070_klein-400x300.jpg 400w\" sizes=\"auto, (max-width: 640px) 100vw, 640px\" \/><\/p>\n<p>Das erste Hotel das wir anfuhren war das Comfort Inn On The Ocean in Kill Devil Hills (cooler Name f\u00fcr eine Stadt \ud83d\ude00 ). Hier\u00a0fanden\u00a0wir den\u00a0Beweis, dass wir mit unserem Verdacht \u00fcber einen Brand nicht ganz falsch liegen.<\/p>\n<p style=\"text-align: center;\"><img loading=\"lazy\" decoding=\"async\" class=\"aligncenter  wp-image-1980\" title=\"Comfort Inn\" alt=\"Comfort Inn\" src=\"https:\/\/www.all-for-all.de\/wp-content\/uploads\/2011\/06\/DSC01078_klein.jpg\" width=\"640\" height=\"480\" srcset=\"https:\/\/www.all-for-all.de\/wp-content\/uploads\/2011\/06\/DSC01078_klein.jpg 640w, https:\/\/www.all-for-all.de\/wp-content\/uploads\/2011\/06\/DSC01078_klein-300x225.jpg 300w, https:\/\/www.all-for-all.de\/wp-content\/uploads\/2011\/06\/DSC01078_klein-400x300.jpg 400w\" sizes=\"auto, (max-width: 640px) 100vw, 640px\" \/><\/p>\n<p>Die Frage nach einem freien Zimmer wurde zuerst verneint. Als ich dann nach einem Oceanfront Room f\u00fcr nur eine Nacht fragte, bat man mich kurz zu warten. Die Dame hinter dem Tresen meinte nach einem Telefonat, dass sie uns ein Zimmer f\u00fcr eine Nacht geben k\u00f6nne. Der Preis war allerdings happig &#8230;<br \/>Aber die Gefahr am Ende gar kein Zimmer zu bekommen war uns zu hoch und wir haben zugegriffen. Nach dem Feuer habe ich auch gleich gefragt. Anscheinend brennt ein gr\u00f6\u00dferes &#8222;Wildfire&#8220; auf dem Festland.\u00a0Abh\u00e4ngig von der\u00a0Windrichtung ist der Rauch auf den Outerbanks mal mehr oder weniger vorhanden. Riechen kann man ihn aber die ganze Zeit. \ud83d\ude09<\/p>\n<p>Das Zimmer und die Aussicht waren spitze. <br \/>Auf der anschlie\u00dfenden Suche nach einem Supermarkt kamen wir am Wright Memorial vorbei. Hier werden die Gebr\u00fcder Wright und ihr erster motorisierter Flug der Menschheitsgeschichte, welcher auf den Outer Banks in Kitty Hawk statt fand, geehrt. Leider\u00a0waren die Eingangstore schon geschlossen. Naja, egal. Es gibt Schlimmeres. Z.B. hungrig zu Bett gehen&#8230;<br \/>In einem Food Lion (innen\u00a0exakt gleich wie ein\u00a0Publix eingerichtet und best\u00fcckt) haben wir uns mit Leckereien eingedeckt und auf dem Balkon mit Meerblick zu Abend gegessen. Das hat was&#8230; \ud83d\ude42<\/p>\n<p style=\"text-align: center;\"><img loading=\"lazy\" decoding=\"async\" class=\"aligncenter  wp-image-1986\" title=\"Aussicht\" alt=\"Aussicht\" src=\"https:\/\/www.all-for-all.de\/wp-content\/uploads\/2011\/06\/DSC01084_klein.jpg\" width=\"640\" height=\"480\" srcset=\"https:\/\/www.all-for-all.de\/wp-content\/uploads\/2011\/06\/DSC01084_klein.jpg 640w, https:\/\/www.all-for-all.de\/wp-content\/uploads\/2011\/06\/DSC01084_klein-300x225.jpg 300w, https:\/\/www.all-for-all.de\/wp-content\/uploads\/2011\/06\/DSC01084_klein-400x300.jpg 400w\" sizes=\"auto, (max-width: 640px) 100vw, 640px\" \/><\/p>\n<p>Ein kurzer Ausflug an den Strand musste auf jeden Fall auch noch drin sein.<\/p>\n<p style=\"text-align: center;\"><img loading=\"lazy\" decoding=\"async\" class=\"aligncenter  wp-image-1988\" title=\"Beach\" alt=\"Beach\" src=\"https:\/\/www.all-for-all.de\/wp-content\/uploads\/2011\/06\/DSC01107_klein.jpg\" width=\"640\" height=\"480\" srcset=\"https:\/\/www.all-for-all.de\/wp-content\/uploads\/2011\/06\/DSC01107_klein.jpg 640w, https:\/\/www.all-for-all.de\/wp-content\/uploads\/2011\/06\/DSC01107_klein-300x225.jpg 300w, https:\/\/www.all-for-all.de\/wp-content\/uploads\/2011\/06\/DSC01107_klein-400x300.jpg 400w\" sizes=\"auto, (max-width: 640px) 100vw, 640px\" \/><\/p>\n<p style=\"text-align: center;\"><img loading=\"lazy\" decoding=\"async\" class=\"aligncenter  wp-image-1990\" title=\"Comfort Inn\" alt=\"Comfort Inn\" src=\"https:\/\/www.all-for-all.de\/wp-content\/uploads\/2011\/06\/DSC01093_klein.jpg\" width=\"640\" height=\"480\" srcset=\"https:\/\/www.all-for-all.de\/wp-content\/uploads\/2011\/06\/DSC01093_klein.jpg 640w, https:\/\/www.all-for-all.de\/wp-content\/uploads\/2011\/06\/DSC01093_klein-300x225.jpg 300w, https:\/\/www.all-for-all.de\/wp-content\/uploads\/2011\/06\/DSC01093_klein-400x300.jpg 400w\" sizes=\"auto, (max-width: 640px) 100vw, 640px\" \/><\/p>\n<p>Laut GPS-Logger waren es bis zum Hotel 477,9 km.<\/p>\n<p style=\"text-align: left;\"><img loading=\"lazy\" decoding=\"async\" class=\"size-full wp-image-1993 aligncenter\" alt=\"Logger12\" src=\"https:\/\/www.all-for-all.de\/wp-content\/uploads\/2011\/06\/Logger12.jpg\" width=\"470\" height=\"592\" srcset=\"https:\/\/www.all-for-all.de\/wp-content\/uploads\/2011\/06\/Logger12.jpg 470w, https:\/\/www.all-for-all.de\/wp-content\/uploads\/2011\/06\/Logger12-238x300.jpg 238w\" sizes=\"auto, (max-width: 470px) 100vw, 470px\" \/><\/p>\n<p style=\"text-align: left;\"><img loading=\"lazy\" decoding=\"async\" class=\"size-full wp-image-1994 aligncenter\" alt=\"Logger13\" src=\"https:\/\/www.all-for-all.de\/wp-content\/uploads\/2011\/06\/Logger13.jpg\" width=\"445\" height=\"492\" srcset=\"https:\/\/www.all-for-all.de\/wp-content\/uploads\/2011\/06\/Logger13.jpg 445w, https:\/\/www.all-for-all.de\/wp-content\/uploads\/2011\/06\/Logger13-271x300.jpg 271w\" sizes=\"auto, (max-width: 445px) 100vw, 445px\" \/><\/p>\n<p>Viele Gr\u00fc\u00dfe<br \/>Joa<\/p>\n<p>Zur\u00fcck zu: <a title=\"21.06.2011, Sightseeing in und um Washington\" href=\"https:\/\/www.all-for-all.de\/?page_id=1876\">21.06.2011, Sightseeing in und um Washington<\/a><br \/>Weiter zu: <a title=\"23.06.2011, Von den Outer Banks nach Wilmington\" href=\"https:\/\/www.all-for-all.de\/?page_id=1997\">23.06.2011, Von den Outer Banks nach Wilmington<\/a><\/p>\n","protected":false},"excerpt":{"rendered":"<p>Noch vor dem Fr\u00fchst\u00fcck checkten wir aus dem Hotel aus.Mhmm &#8230; im IHOP gab es wieder leckere Waffeln und Pancakes. Mit etwas auch nur ann\u00e4hernd \u00c4hnlichem wird es morgen ganz schlecht aussehen &#8230;Interessant ist, dass wir ohne einen Tag Unterbrechung &hellip; <a href=\"https:\/\/www.all-for-all.de\/?page_id=1958\">Weiterlesen <span class=\"meta-nav\">&rarr;<\/span><\/a><\/p>\n","protected":false},"author":2,"featured_media":0,"parent":0,"menu_order":0,"comment_status":"closed","ping_status":"open","template":"","meta":{"footnotes":""},"class_list":["post-1958","page","type-page","status-publish","hentry"],"jetpack_sharing_enabled":true,"_links":{"self":[{"href":"https:\/\/www.all-for-all.de\/index.php?rest_route=\/wp\/v2\/pages\/1958","targetHints":{"allow":["GET"]}}],"collection":[{"href":"https:\/\/www.all-for-all.de\/index.php?rest_route=\/wp\/v2\/pages"}],"about":[{"href":"https:\/\/www.all-for-all.de\/index.php?rest_route=\/wp\/v2\/types\/page"}],"author":[{"embeddable":true,"href":"https:\/\/www.all-for-all.de\/index.php?rest_route=\/wp\/v2\/users\/2"}],"replies":[{"embeddable":true,"href":"https:\/\/www.all-for-all.de\/index.php?rest_route=%2Fwp%2Fv2%2Fcomments&post=1958"}],"version-history":[{"count":0,"href":"https:\/\/www.all-for-all.de\/index.php?rest_route=\/wp\/v2\/pages\/1958\/revisions"}],"wp:attachment":[{"href":"https:\/\/www.all-for-all.de\/index.php?rest_route=%2Fwp%2Fv2%2Fmedia&parent=1958"}],"curies":[{"name":"wp","href":"https:\/\/api.w.org\/{rel}","templated":true}]}}