{"id":1876,"date":"2011-06-21T23:59:09","date_gmt":"2011-06-21T23:59:09","guid":{"rendered":"http:\/\/www.all-for-all.de\/?page_id=1876"},"modified":"2013-04-14T20:44:37","modified_gmt":"2013-04-14T20:44:37","slug":"21-06-2011-sightseeing-in-und-um-washington","status":"publish","type":"page","link":"https:\/\/www.all-for-all.de\/?page_id=1876","title":{"rendered":"21.06.2011, Sightseeing in und um Washington"},"content":{"rendered":"<p>Das Klingeln eines Weckers im Urlaub\u00a0setze ich auf eine Stufe\u00a0mit Alufolie an Amalgamplomben &#8230; h\u00f6llisch!<br \/>Aber in Washington gibt es viel zu besichtigen und wir wollten das (falls m\u00f6glich) an einem Tag durchziehen.\u00a0Wir haben uns zwar offen gehalten einen Tag\u00a0l\u00e4nger zu bleiben aber das wollten wir kurzfristig entscheiden.<\/p>\n<p>Also fr\u00fch raus und ab zu IHOP!<br \/>Der Kaffee war wirklich gut aber die Waffeln und Pfannkuchen waren Spitzenklasse!<br \/>Obwohl es recht fr\u00fch und bew\u00f6lkt war, war es extrem schw\u00fcl. Das Au\u00dfenthermometer des Ford zeigte bereits um 07:00 Uhr 26\u00b0C an.<\/p>\n<p>Unser erstes Ziel war der Arlington National Cemetery. Der wohl bekannteste Friedhof in den USA.\u00a0Vielleicht sogar weltweit&#8230; <br \/>Hier\u00a0ist die letzte Ruhest\u00e4tte von John F. Kennedy, der Besatzung des beim Start explodierten Space Shuttle\u00a0&#8222;Challenger&#8220; und vielen anderen\u00a0ber\u00fchmten US Amerikanern &#8230; und von vielen tausend US Soldaten aus den verschiedensten Kriegen.\u00a0<br \/>Um etwa 07:30 Uhr kamen wir in Arlington an und mussten feststellen, dass die Tore erst um 08:00 Uhr ge\u00f6ffnet werden. Naja &#8230; nicht so schlimm. Lieber etwas fr\u00fcher als zu sp\u00e4t.\u00a0Die vielen vielen Schulbusse die ununterbrochen auf dem Parkplatz ankamen machten uns eher mehr Sorgen.<br \/>Als die Tore des Friedhofs ge\u00f6ffnet wurden, verteilten sich die Menschenmassen auf dem riesigen Gel\u00e4nde jedoch \u00fcberraschend gut.<\/p>\n<p style=\"text-align: center;\"><img loading=\"lazy\" decoding=\"async\" class=\"aligncenter  wp-image-1892\" title=\"Arlington National Cemetery\" alt=\"Arlington National Cemetery\" src=\"https:\/\/www.all-for-all.de\/wp-content\/uploads\/2011\/06\/DSC00828_klein.jpg\" width=\"640\" height=\"480\" srcset=\"https:\/\/www.all-for-all.de\/wp-content\/uploads\/2011\/06\/DSC00828_klein.jpg 640w, https:\/\/www.all-for-all.de\/wp-content\/uploads\/2011\/06\/DSC00828_klein-300x225.jpg 300w, https:\/\/www.all-for-all.de\/wp-content\/uploads\/2011\/06\/DSC00828_klein-400x300.jpg 400w\" sizes=\"auto, (max-width: 640px) 100vw, 640px\" \/><\/p>\n<p style=\"text-align: center;\"><img loading=\"lazy\" decoding=\"async\" class=\"aligncenter  wp-image-1893\" title=\"Arlington National Cemetery\" alt=\"Arlington National Cemetery\" src=\"https:\/\/www.all-for-all.de\/wp-content\/uploads\/2011\/06\/DSC00839_klein.jpg\" width=\"640\" height=\"480\" srcset=\"https:\/\/www.all-for-all.de\/wp-content\/uploads\/2011\/06\/DSC00839_klein.jpg 640w, https:\/\/www.all-for-all.de\/wp-content\/uploads\/2011\/06\/DSC00839_klein-300x225.jpg 300w, https:\/\/www.all-for-all.de\/wp-content\/uploads\/2011\/06\/DSC00839_klein-400x300.jpg 400w\" sizes=\"auto, (max-width: 640px) 100vw, 640px\" \/><\/p>\n<p style=\"text-align: center;\"><img loading=\"lazy\" decoding=\"async\" class=\"aligncenter  wp-image-1894\" title=\"Arlington National Cemetery\" alt=\"Arlington National Cemetery\" src=\"https:\/\/www.all-for-all.de\/wp-content\/uploads\/2011\/06\/DSC00840_klein.jpg\" width=\"640\" height=\"480\" srcset=\"https:\/\/www.all-for-all.de\/wp-content\/uploads\/2011\/06\/DSC00840_klein.jpg 640w, https:\/\/www.all-for-all.de\/wp-content\/uploads\/2011\/06\/DSC00840_klein-300x225.jpg 300w, https:\/\/www.all-for-all.de\/wp-content\/uploads\/2011\/06\/DSC00840_klein-400x300.jpg 400w\" sizes=\"auto, (max-width: 640px) 100vw, 640px\" \/><\/p>\n<p style=\"text-align: center;\"><img loading=\"lazy\" decoding=\"async\" class=\"aligncenter  wp-image-1895\" title=\"Arlington National Cemetery\" alt=\"Arlington National Cemetery\" src=\"https:\/\/www.all-for-all.de\/wp-content\/uploads\/2011\/06\/DSC00845_klein.jpg\" width=\"640\" height=\"480\" srcset=\"https:\/\/www.all-for-all.de\/wp-content\/uploads\/2011\/06\/DSC00845_klein.jpg 640w, https:\/\/www.all-for-all.de\/wp-content\/uploads\/2011\/06\/DSC00845_klein-300x225.jpg 300w, https:\/\/www.all-for-all.de\/wp-content\/uploads\/2011\/06\/DSC00845_klein-400x300.jpg 400w\" sizes=\"auto, (max-width: 640px) 100vw, 640px\" \/><\/p>\n<p>Am Arlington Friedhof kann man (gel\u00f6ste Fahrkarte vorausgesetzt) in die Tourmobile Busse einsteigen. Es gibt Touren \u00fcber den Friedhof oder Touren durch Washington zu den wichtigsten Sehensw\u00fcrdigkeiten. Die Fahrkarte nach Washington kostete 15 USD pro Person und war den ganzen Tag lang g\u00fcltig. Wie bei den Hop on hop off Bussen in New York kann man an allen Haltestellen ein- oder aussteigen. Wir fanden den Preis fair und sind eingestiegen.<br \/>Bei der immer schlimmer werdenden Schw\u00fcle tat der Fahrtwind richtig gut. \u00dcber den Potomac River, vorbei am Lincoln Memorial, ging es auf fast direktem Weg in die Innenstadt. Wir sind am White House Visitor Center ausgestiegen.<br \/>Zum wei\u00dfen Haus war es nur ein Katzensprung. Die Sicherheitsvorkehrungen hier sind schon enorm &#8230; \u00fcberall Sicherheitsbeamte, Stra\u00dfensperren und\u00a0Kontrollpunkte. Alles leider notwendig heutzutage.<\/p>\n<p style=\"text-align: center;\"><img loading=\"lazy\" decoding=\"async\" class=\"aligncenter  wp-image-1907\" title=\"Tourmobile\" alt=\"Tourmobile\" src=\"https:\/\/www.all-for-all.de\/wp-content\/uploads\/2011\/06\/DSC00848_klein.jpg\" width=\"640\" height=\"480\" srcset=\"https:\/\/www.all-for-all.de\/wp-content\/uploads\/2011\/06\/DSC00848_klein.jpg 640w, https:\/\/www.all-for-all.de\/wp-content\/uploads\/2011\/06\/DSC00848_klein-300x225.jpg 300w, https:\/\/www.all-for-all.de\/wp-content\/uploads\/2011\/06\/DSC00848_klein-400x300.jpg 400w\" sizes=\"auto, (max-width: 640px) 100vw, 640px\" \/><\/p>\n<p style=\"text-align: center;\"><img loading=\"lazy\" decoding=\"async\" class=\"aligncenter  wp-image-1908\" title=\"Washington Monument\" alt=\"Washington Monument\" src=\"https:\/\/www.all-for-all.de\/wp-content\/uploads\/2011\/06\/DSC00877_klein.jpg\" width=\"640\" height=\"480\" srcset=\"https:\/\/www.all-for-all.de\/wp-content\/uploads\/2011\/06\/DSC00877_klein.jpg 640w, https:\/\/www.all-for-all.de\/wp-content\/uploads\/2011\/06\/DSC00877_klein-300x225.jpg 300w, https:\/\/www.all-for-all.de\/wp-content\/uploads\/2011\/06\/DSC00877_klein-400x300.jpg 400w\" sizes=\"auto, (max-width: 640px) 100vw, 640px\" \/><\/p>\n<p style=\"text-align: center;\"><img loading=\"lazy\" decoding=\"async\" class=\"aligncenter  wp-image-1909\" title=\"White House Visitor Center\" alt=\"White House Visitor Center\" src=\"https:\/\/www.all-for-all.de\/wp-content\/uploads\/2011\/06\/DSC00884_klein.jpg\" width=\"640\" height=\"480\" srcset=\"https:\/\/www.all-for-all.de\/wp-content\/uploads\/2011\/06\/DSC00884_klein.jpg 640w, https:\/\/www.all-for-all.de\/wp-content\/uploads\/2011\/06\/DSC00884_klein-300x225.jpg 300w, https:\/\/www.all-for-all.de\/wp-content\/uploads\/2011\/06\/DSC00884_klein-400x300.jpg 400w\" sizes=\"auto, (max-width: 640px) 100vw, 640px\" \/><\/p>\n<p style=\"text-align: center;\"><img loading=\"lazy\" decoding=\"async\" class=\"aligncenter  wp-image-1905\" title=\"The White House\" alt=\"The White House\" src=\"https:\/\/www.all-for-all.de\/wp-content\/uploads\/2011\/06\/DSC00886_klein.jpg\" width=\"640\" height=\"480\" srcset=\"https:\/\/www.all-for-all.de\/wp-content\/uploads\/2011\/06\/DSC00886_klein.jpg 640w, https:\/\/www.all-for-all.de\/wp-content\/uploads\/2011\/06\/DSC00886_klein-300x225.jpg 300w, https:\/\/www.all-for-all.de\/wp-content\/uploads\/2011\/06\/DSC00886_klein-400x300.jpg 400w\" sizes=\"auto, (max-width: 640px) 100vw, 640px\" \/><\/p>\n<p style=\"text-align: center;\"><img loading=\"lazy\" decoding=\"async\" class=\"aligncenter  wp-image-1906\" title=\"The White House\" alt=\"The White House\" src=\"https:\/\/www.all-for-all.de\/wp-content\/uploads\/2011\/06\/DSC00888_klein.jpg\" width=\"640\" height=\"480\" srcset=\"https:\/\/www.all-for-all.de\/wp-content\/uploads\/2011\/06\/DSC00888_klein.jpg 640w, https:\/\/www.all-for-all.de\/wp-content\/uploads\/2011\/06\/DSC00888_klein-300x225.jpg 300w, https:\/\/www.all-for-all.de\/wp-content\/uploads\/2011\/06\/DSC00888_klein-400x300.jpg 400w\" sizes=\"auto, (max-width: 640px) 100vw, 640px\" \/><\/p>\n<p>Genau um 12:00 Uhr war pl\u00f6tzlich einiges los vor dem wei\u00dfen Haus. Alle mussten die Stra\u00dfe direkt vor dem wei\u00dfen Haus r\u00e4umen und hinter eine Absperrung gehen. Die Sicherheitsbeamten verstanden hier keinerlei Spa\u00df wie wir gesehen haben. Wenn die\u00a0sagen man soll hinter die Absperrung gehen, dann meinen die das auch so. Eine Asiatin\u00a0welche nochmal ein Foto machen wollte hat einen dicken Anpfiff kassiert. Was\u00a0genau hier los war\u00a0hat sich uns bis wir gingen nicht mehr erschlossen &#8230;<\/p>\n<p style=\"text-align: left;\">Vom wei\u00dfen Haus zum Washington Monument sind es etwa 500m Luftlinie. Trotz der Schw\u00fcle und der Hitze sind wir hin gelaufen. Der Weg kam mir endlos vor. <br \/>Auf dem H\u00fcgel des Monuments wehte wenigstens ein kleines L\u00fcftchen. Um diese Uhrzeit braucht man \u00fcbrigens nicht mehr versuchen ein Ticket f\u00fcr die Spitze des Washington Monument zu kaufen. Die sind sp\u00e4testens um 08:00 Uhr morgens ausverkauft.\u00a0<img loading=\"lazy\" decoding=\"async\" class=\"aligncenter  wp-image-1916\" title=\"Washington Monument\" alt=\"Washington Monument\" src=\"https:\/\/www.all-for-all.de\/wp-content\/uploads\/2011\/06\/DSC00911_klein.jpg\" width=\"640\" height=\"480\" srcset=\"https:\/\/www.all-for-all.de\/wp-content\/uploads\/2011\/06\/DSC00911_klein.jpg 640w, https:\/\/www.all-for-all.de\/wp-content\/uploads\/2011\/06\/DSC00911_klein-300x225.jpg 300w, https:\/\/www.all-for-all.de\/wp-content\/uploads\/2011\/06\/DSC00911_klein-400x300.jpg 400w\" sizes=\"auto, (max-width: 640px) 100vw, 640px\" \/><\/p>\n<p style=\"text-align: center;\"><img loading=\"lazy\" decoding=\"async\" class=\"aligncenter  wp-image-1915\" title=\"Washington Monument\" alt=\"Washington Monument\" src=\"https:\/\/www.all-for-all.de\/wp-content\/uploads\/2011\/06\/DSC00925_klein.jpg\" width=\"640\" height=\"480\" srcset=\"https:\/\/www.all-for-all.de\/wp-content\/uploads\/2011\/06\/DSC00925_klein.jpg 640w, https:\/\/www.all-for-all.de\/wp-content\/uploads\/2011\/06\/DSC00925_klein-300x225.jpg 300w, https:\/\/www.all-for-all.de\/wp-content\/uploads\/2011\/06\/DSC00925_klein-400x300.jpg 400w\" sizes=\"auto, (max-width: 640px) 100vw, 640px\" \/><\/p>\n<p>Von dem H\u00fcgel aus hat man einen guten Blick zum Lincoln Memorial. Und was mussten wir sehen? Das ber\u00fchmte Wasserbecken war eine Baustelle. Kein Wasser drin. Der Anblick war nicht gerade sch\u00f6n. Erst der Brunnen an der Unisphere und nun das &#8230; \ud83d\ude00<\/p>\n<p style=\"text-align: left;\"><img loading=\"lazy\" decoding=\"async\" class=\"aligncenter  wp-image-1920\" title=\"Blick auf Lincoln Memorial\" alt=\"Blick auf Lincoln Memorial\" src=\"https:\/\/www.all-for-all.de\/wp-content\/uploads\/2011\/06\/DSC00930_klein.jpg\" width=\"640\" height=\"480\" srcset=\"https:\/\/www.all-for-all.de\/wp-content\/uploads\/2011\/06\/DSC00930_klein.jpg 640w, https:\/\/www.all-for-all.de\/wp-content\/uploads\/2011\/06\/DSC00930_klein-300x225.jpg 300w, https:\/\/www.all-for-all.de\/wp-content\/uploads\/2011\/06\/DSC00930_klein-400x300.jpg 400w\" sizes=\"auto, (max-width: 640px) 100vw, 640px\" \/>Unterhalb des Washington Monuments sind wir wieder in\u00a0das Tourmobile eingestiegen um zum Lincoln Memorial zu gelangen. Zu Fu\u00df w\u00e4re das etwa 1km gewesen &#8230; bei der Hitze und Schw\u00fcle wollten wir uns das nicht antun.<\/p>\n<p style=\"text-align: center;\"><img loading=\"lazy\" decoding=\"async\" class=\"aligncenter  wp-image-1927\" title=\"Lincoln Memorial\" alt=\"Lincoln Memorial\" src=\"https:\/\/www.all-for-all.de\/wp-content\/uploads\/2011\/06\/DSC00955_klein.jpg\" width=\"640\" height=\"480\" srcset=\"https:\/\/www.all-for-all.de\/wp-content\/uploads\/2011\/06\/DSC00955_klein.jpg 640w, https:\/\/www.all-for-all.de\/wp-content\/uploads\/2011\/06\/DSC00955_klein-300x225.jpg 300w, https:\/\/www.all-for-all.de\/wp-content\/uploads\/2011\/06\/DSC00955_klein-400x300.jpg 400w\" sizes=\"auto, (max-width: 640px) 100vw, 640px\" \/><\/p>\n<p style=\"text-align: center;\"><img loading=\"lazy\" decoding=\"async\" class=\"aligncenter  wp-image-1926\" title=\"Kein Wasser!\" alt=\"Kein Wasser!\" src=\"https:\/\/www.all-for-all.de\/wp-content\/uploads\/2011\/06\/DSC00952_klein.jpg\" width=\"640\" height=\"480\" srcset=\"https:\/\/www.all-for-all.de\/wp-content\/uploads\/2011\/06\/DSC00952_klein.jpg 640w, https:\/\/www.all-for-all.de\/wp-content\/uploads\/2011\/06\/DSC00952_klein-300x225.jpg 300w, https:\/\/www.all-for-all.de\/wp-content\/uploads\/2011\/06\/DSC00952_klein-400x300.jpg 400w\" sizes=\"auto, (max-width: 640px) 100vw, 640px\" \/><\/p>\n<p><img loading=\"lazy\" decoding=\"async\" class=\"aligncenter size-full wp-image-1925\" alt=\"DSC00951_klein\" src=\"https:\/\/www.all-for-all.de\/wp-content\/uploads\/2011\/06\/DSC00951_klein.jpg\" width=\"640\" height=\"480\" srcset=\"https:\/\/www.all-for-all.de\/wp-content\/uploads\/2011\/06\/DSC00951_klein.jpg 640w, https:\/\/www.all-for-all.de\/wp-content\/uploads\/2011\/06\/DSC00951_klein-300x225.jpg 300w, https:\/\/www.all-for-all.de\/wp-content\/uploads\/2011\/06\/DSC00951_klein-400x300.jpg 400w\" sizes=\"auto, (max-width: 640px) 100vw, 640px\" \/><\/p>\n<p>Der offene &#8222;luftgek\u00fchlte&#8220; Bus fuhr uns vorbei am Smithonian und anderen Museen quer durch den Regierungsbezirk bis zum Capitol Square. Das war unser n\u00e4chster Halt.<\/p>\n<p style=\"text-align: center;\"><img loading=\"lazy\" decoding=\"async\" class=\"aligncenter  wp-image-1935\" title=\"Capitol\" alt=\"Capitol\" src=\"https:\/\/www.all-for-all.de\/wp-content\/uploads\/2011\/06\/DSC00967_klein.jpg\" width=\"640\" height=\"480\" srcset=\"https:\/\/www.all-for-all.de\/wp-content\/uploads\/2011\/06\/DSC00967_klein.jpg 640w, https:\/\/www.all-for-all.de\/wp-content\/uploads\/2011\/06\/DSC00967_klein-300x225.jpg 300w, https:\/\/www.all-for-all.de\/wp-content\/uploads\/2011\/06\/DSC00967_klein-400x300.jpg 400w\" sizes=\"auto, (max-width: 640px) 100vw, 640px\" \/><\/p>\n<p>Auf der gro\u00dfen Wiese spielte gerade eine Live-Band. Wir haben selten etwas Schlechteres geh\u00f6rt. \ud83d\ude00<br \/>Nach einer Weile sind wir auch hier wieder in den Bus gestiegen und quer durch Washington zur\u00fcck nach Arlington gefahren.<\/p>\n<p>Mit dem eigenen Auto ging es nun zum Pentagon. Nach 9\/11 war es sehr \u00fcberraschend, dass es dort die bislang geringsten Sicherheitskontrollen gab. Selbst vor der Staten Island Ferry wurde man mehr kontrolliert. Um es genau zu nehmen: Es gab keine einzige Kontrolle.<\/p>\n<p style=\"text-align: center;\"><img loading=\"lazy\" decoding=\"async\" class=\"aligncenter  wp-image-1941\" title=\"Pentagon\" alt=\"Pentagon\" src=\"https:\/\/www.all-for-all.de\/wp-content\/uploads\/2011\/06\/DSC01029_klein.jpg\" width=\"640\" height=\"480\" srcset=\"https:\/\/www.all-for-all.de\/wp-content\/uploads\/2011\/06\/DSC01029_klein.jpg 640w, https:\/\/www.all-for-all.de\/wp-content\/uploads\/2011\/06\/DSC01029_klein-300x225.jpg 300w, https:\/\/www.all-for-all.de\/wp-content\/uploads\/2011\/06\/DSC01029_klein-400x300.jpg 400w\" sizes=\"auto, (max-width: 640px) 100vw, 640px\" \/><\/p>\n<p style=\"text-align: center;\"><img loading=\"lazy\" decoding=\"async\" class=\"aligncenter  wp-image-1942\" title=\"Pentagon\" alt=\"Pentagon\" src=\"https:\/\/www.all-for-all.de\/wp-content\/uploads\/2011\/06\/DSC01031_klein.jpg\" width=\"640\" height=\"480\" srcset=\"https:\/\/www.all-for-all.de\/wp-content\/uploads\/2011\/06\/DSC01031_klein.jpg 640w, https:\/\/www.all-for-all.de\/wp-content\/uploads\/2011\/06\/DSC01031_klein-300x225.jpg 300w, https:\/\/www.all-for-all.de\/wp-content\/uploads\/2011\/06\/DSC01031_klein-400x300.jpg 400w\" sizes=\"auto, (max-width: 640px) 100vw, 640px\" \/><\/p>\n<p style=\"text-align: center;\"><img loading=\"lazy\" decoding=\"async\" class=\"aligncenter  wp-image-1940\" title=\"Pentagon\" alt=\"Pentagon\" src=\"https:\/\/www.all-for-all.de\/wp-content\/uploads\/2011\/06\/DSC01039_klein.jpg\" width=\"640\" height=\"480\" srcset=\"https:\/\/www.all-for-all.de\/wp-content\/uploads\/2011\/06\/DSC01039_klein.jpg 640w, https:\/\/www.all-for-all.de\/wp-content\/uploads\/2011\/06\/DSC01039_klein-300x225.jpg 300w, https:\/\/www.all-for-all.de\/wp-content\/uploads\/2011\/06\/DSC01039_klein-400x300.jpg 400w\" sizes=\"auto, (max-width: 640px) 100vw, 640px\" \/><\/p>\n<p>Wir haben uns hier nicht lange aufgehalten. M\u00e4chtiger Kohldampf und dicke F\u00fc\u00dfe\u00a0\u00fcberredeten uns dazu Richtung Hotel zu fahren.<\/p>\n<p>Nach einer kurzen Ruhepause und einem wieder sehr guten Burger im IHOP neben unserem Hotel, fuhren wir in der Abendd\u00e4mmerung ein paar abschlie\u00dfende gem\u00fctliche Runden durch den Regierungsbezirk. Dabei entstand eine recht gute Aufnahme aus dem Auto heraus:<\/p>\n<p style=\"text-align: center;\"><img loading=\"lazy\" decoding=\"async\" class=\"aligncenter  wp-image-1946\" title=\"Capitol\" alt=\"Capitol\" src=\"https:\/\/www.all-for-all.de\/wp-content\/uploads\/2011\/06\/DSC01053_klein.jpg\" width=\"640\" height=\"480\" srcset=\"https:\/\/www.all-for-all.de\/wp-content\/uploads\/2011\/06\/DSC01053_klein.jpg 640w, https:\/\/www.all-for-all.de\/wp-content\/uploads\/2011\/06\/DSC01053_klein-300x225.jpg 300w, https:\/\/www.all-for-all.de\/wp-content\/uploads\/2011\/06\/DSC01053_klein-400x300.jpg 400w\" sizes=\"auto, (max-width: 640px) 100vw, 640px\" \/><\/p>\n<p>Sp\u00e4t abends im Hotel beschlossen wir, dass wir morgen abreisen werden. Das waren genug St\u00e4dtetouren f\u00fcr einen Urlaub. <br \/>Unser n\u00e4chstes Ziel\u00a0sind die Outer Banks. \u00dcber den genauen Weg dorthin hatten wir uns noch keine genauen Gedanken gemacht. Also musste abends nochmal der gute Walmart Atlas aus dem Koffer geholt werden. <br \/>Beschluss: Wir fahren \u00fcber Norfolk und Virginia Beach auf die Outer Banks, \u00fcbernachten dort einmal in Kill Devil Hills\u00a0oder Nags Head\u00a0und nehmen \u00fcbermorgen die F\u00e4hre von Ocracoke nach Cedar Island. Da angeraten wird die F\u00e4hre zu reservieren habe ich online die \u00dcberfahrt f\u00fcr den 23.06. um 13:00 Uhr gebucht. Der Preis betr\u00e4gt 15 USD. Ein Zimmer werden wir uns vor Ort suchen.<\/p>\n<p>Laut GPS-Logger waren es heute nur 60,45km. Gef\u00fchlt waren es gute 1000. \ud83d\ude09<br \/>Achja: Laut Weather Channel hatte es heute 37\u00b0C in Washington. Das erkl\u00e4rt so einiges&#8230;<img loading=\"lazy\" decoding=\"async\" class=\"aligncenter size-full wp-image-1950\" alt=\"Logger11\" src=\"https:\/\/www.all-for-all.de\/wp-content\/uploads\/2011\/06\/Logger11.jpg\" width=\"903\" height=\"439\" srcset=\"https:\/\/www.all-for-all.de\/wp-content\/uploads\/2011\/06\/Logger11.jpg 903w, https:\/\/www.all-for-all.de\/wp-content\/uploads\/2011\/06\/Logger11-300x145.jpg 300w, https:\/\/www.all-for-all.de\/wp-content\/uploads\/2011\/06\/Logger11-500x243.jpg 500w\" sizes=\"auto, (max-width: 903px) 100vw, 903px\" \/><\/p>\n<p>Viele Gr\u00fc\u00dfe<br \/>Joa<\/p>\n<p>Zur\u00fcck zu: <a title=\"20.06.2011, Fahrt nach Washington D.C.\" href=\"https:\/\/www.all-for-all.de\/?page_id=1845\">20.06.2011, Fahrt nach Washington D.C<\/a><br \/>Weiter zu: <a title=\"22.06.2011, Auf die Outer Banks\" href=\"https:\/\/www.all-for-all.de\/?page_id=1958\">22.06.2011, Auf die Outer Banks<\/a>.<\/p>\n","protected":false},"excerpt":{"rendered":"<p>Das Klingeln eines Weckers im Urlaub\u00a0setze ich auf eine Stufe\u00a0mit Alufolie an Amalgamplomben &#8230; h\u00f6llisch!Aber in Washington gibt es viel zu besichtigen und wir wollten das (falls m\u00f6glich) an einem Tag durchziehen.\u00a0Wir haben uns zwar offen gehalten einen Tag\u00a0l\u00e4nger zu &hellip; <a href=\"https:\/\/www.all-for-all.de\/?page_id=1876\">Weiterlesen <span class=\"meta-nav\">&rarr;<\/span><\/a><\/p>\n","protected":false},"author":2,"featured_media":0,"parent":0,"menu_order":0,"comment_status":"closed","ping_status":"open","template":"","meta":{"footnotes":""},"class_list":["post-1876","page","type-page","status-publish","hentry"],"jetpack_sharing_enabled":true,"_links":{"self":[{"href":"https:\/\/www.all-for-all.de\/index.php?rest_route=\/wp\/v2\/pages\/1876","targetHints":{"allow":["GET"]}}],"collection":[{"href":"https:\/\/www.all-for-all.de\/index.php?rest_route=\/wp\/v2\/pages"}],"about":[{"href":"https:\/\/www.all-for-all.de\/index.php?rest_route=\/wp\/v2\/types\/page"}],"author":[{"embeddable":true,"href":"https:\/\/www.all-for-all.de\/index.php?rest_route=\/wp\/v2\/users\/2"}],"replies":[{"embeddable":true,"href":"https:\/\/www.all-for-all.de\/index.php?rest_route=%2Fwp%2Fv2%2Fcomments&post=1876"}],"version-history":[{"count":0,"href":"https:\/\/www.all-for-all.de\/index.php?rest_route=\/wp\/v2\/pages\/1876\/revisions"}],"wp:attachment":[{"href":"https:\/\/www.all-for-all.de\/index.php?rest_route=%2Fwp%2Fv2%2Fmedia&parent=1876"}],"curies":[{"name":"wp","href":"https:\/\/api.w.org\/{rel}","templated":true}]}}