{"id":1845,"date":"2011-06-20T23:59:18","date_gmt":"2011-06-20T23:59:18","guid":{"rendered":"http:\/\/www.all-for-all.de\/?page_id=1845"},"modified":"2013-04-14T20:42:00","modified_gmt":"2013-04-14T20:42:00","slug":"20-06-2011-fahrt-nach-washington-d-c","status":"publish","type":"page","link":"https:\/\/www.all-for-all.de\/?page_id=1845","title":{"rendered":"20.06.2011, Fahrt nach Washington D.C."},"content":{"rendered":"<p>Trotz der sehr kurzen Nacht waren wir bereits vor 08:00 Uhr im Fr\u00fchst\u00fccksraum des Hampton Inn. Nach dem ausgiebigen Fr\u00fchst\u00fcck checkten wir aus und\u00a0schleppten die Samsonite in den Escape. Die \u00fcblichen Vorbereitungen wie Navi montieren, K\u00fchlbox f\u00fcllen, usw. liefen wegen der M\u00fcdigkeit dann\u00a0doch nicht so fl\u00fcssig (deshalb habe ich auch vergessen den GPS-Logger einzuschalten. Maaaaaaan! Kopf =&gt; Tisch) <br \/>F\u00fcr die Fahrt aber hatten\u00a0wir Zeit. Der heutige Tag war\u00a0\u00fcberwiegend als\u00a0&#8222;Fahrtag&#8220; eingeplant.<\/p>\n<p>Alle Versuche vorab \u00fcber Priceline eines der Top-Hotels in der Innenstadt von Washington zu schie\u00dfen sind fehlgeschlagen. Wir haben deshalb ein wenig Hotelbewertungen ergoogelt und das Best Western \u00a0in Falls Church gefunden. Der Preis war absolut ok und das Hotel liegt sehr praktisch. Wir haben uns online f\u00fcr zwei N\u00e4chte ein Zimmer reserviert.<\/p>\n<p style=\"text-align: left;\">Die Strecke f\u00fchrte uns auf dem I95 vorbei an Philadelphia, \u00fcber Wilmington und Baltimore direkt bis zum Best Western. Auf eine Besichtigung von &#8222;Phili&#8220; haben wir verzichtet. Die Stadt selbst kann zwar nichts daf\u00fcr aber die Erlebnisse mit U.S. Airways am Philadelphia Airport in den Jahren zuvor bringe ich immer automatisch mit der Stadt in Verbindung. &#8222;Phili&#8220; rennt ja nicht weg &#8230; der richtige Zeitpunkt wird kommen. Vielleicht &#8230; \ud83d\ude00<br \/>TomTom hat f\u00fcr die gesamte Fahrt knapp 3 1\/2 Stunden veranschlagt. Wir haben 5 Stunden gebraucht. Nicht etwa weil viel Verkehr war &#8230; \ud83d\ude09<br \/>Unterwegs am Welcome Center von Delaware gab es sogar einen Starbucks. Wunderbar!<br \/><img loading=\"lazy\" decoding=\"async\" class=\"aligncenter size-full wp-image-1861\" title=\"Fahrt nach Washington\" alt=\"Fahrt nach Washington\" src=\"https:\/\/www.all-for-all.de\/wp-content\/uploads\/2011\/06\/DSC00791_klein.jpg\" width=\"640\" height=\"480\" srcset=\"https:\/\/www.all-for-all.de\/wp-content\/uploads\/2011\/06\/DSC00791_klein.jpg 640w, https:\/\/www.all-for-all.de\/wp-content\/uploads\/2011\/06\/DSC00791_klein-300x225.jpg 300w\" sizes=\"auto, (max-width: 640px) 100vw, 640px\" \/><\/p>\n<p style=\"text-align: left;\"><img loading=\"lazy\" decoding=\"async\" class=\"aligncenter size-full wp-image-1858\" title=\"Fahrt nach Washington\" alt=\"Fahrt nach Washington\" src=\"https:\/\/www.all-for-all.de\/wp-content\/uploads\/2011\/06\/DSC00806_klein.jpg\" width=\"640\" height=\"480\" srcset=\"https:\/\/www.all-for-all.de\/wp-content\/uploads\/2011\/06\/DSC00806_klein.jpg 640w, https:\/\/www.all-for-all.de\/wp-content\/uploads\/2011\/06\/DSC00806_klein-300x225.jpg 300w\" sizes=\"auto, (max-width: 640px) 100vw, 640px\" \/><\/p>\n<p style=\"text-align: left;\"><img loading=\"lazy\" decoding=\"async\" class=\"aligncenter size-full wp-image-1859\" title=\"Fahrt nach Washington\" alt=\"Fahrt nach Washington\" src=\"https:\/\/www.all-for-all.de\/wp-content\/uploads\/2011\/06\/DSC00811_klein.jpg\" width=\"640\" height=\"480\" srcset=\"https:\/\/www.all-for-all.de\/wp-content\/uploads\/2011\/06\/DSC00811_klein.jpg 640w, https:\/\/www.all-for-all.de\/wp-content\/uploads\/2011\/06\/DSC00811_klein-300x225.jpg 300w\" sizes=\"auto, (max-width: 640px) 100vw, 640px\" \/><\/p>\n<p style=\"text-align: left;\"><img loading=\"lazy\" decoding=\"async\" class=\"aligncenter size-full wp-image-1862\" title=\"Welcome Center Delaware\" alt=\"Welcome Center Delaware\" src=\"https:\/\/www.all-for-all.de\/wp-content\/uploads\/2011\/06\/DSC00796_klein.jpg\" width=\"640\" height=\"480\" srcset=\"https:\/\/www.all-for-all.de\/wp-content\/uploads\/2011\/06\/DSC00796_klein.jpg 640w, https:\/\/www.all-for-all.de\/wp-content\/uploads\/2011\/06\/DSC00796_klein-300x225.jpg 300w\" sizes=\"auto, (max-width: 640px) 100vw, 640px\" \/><\/p>\n<p style=\"text-align: left;\"><img loading=\"lazy\" decoding=\"async\" class=\"aligncenter size-full wp-image-1863\" title=\"Starbucks\" alt=\"Starbucks\" src=\"https:\/\/www.all-for-all.de\/wp-content\/uploads\/2011\/06\/DSC00799_klein.jpg\" width=\"640\" height=\"480\" srcset=\"https:\/\/www.all-for-all.de\/wp-content\/uploads\/2011\/06\/DSC00799_klein.jpg 640w, https:\/\/www.all-for-all.de\/wp-content\/uploads\/2011\/06\/DSC00799_klein-300x225.jpg 300w\" sizes=\"auto, (max-width: 640px) 100vw, 640px\" \/><\/p>\n<p style=\"text-align: center;\"><img loading=\"lazy\" decoding=\"async\" class=\"aligncenter size-full wp-image-1872\" title=\"Best Western\" alt=\"Best Western\" src=\"https:\/\/www.all-for-all.de\/wp-content\/uploads\/2011\/06\/DSC01054_klein.jpg\" width=\"640\" height=\"480\" srcset=\"https:\/\/www.all-for-all.de\/wp-content\/uploads\/2011\/06\/DSC01054_klein.jpg 640w, https:\/\/www.all-for-all.de\/wp-content\/uploads\/2011\/06\/DSC01054_klein-300x225.jpg 300w\" sizes=\"auto, (max-width: 640px) 100vw, 640px\" \/><\/p>\n<p style=\"text-align: left;\"><img loading=\"lazy\" decoding=\"async\" class=\"aligncenter size-full wp-image-1860\" title=\"Aussicht aus dem Best Western\" alt=\"Best Western\" src=\"https:\/\/www.all-for-all.de\/wp-content\/uploads\/2011\/06\/DSC00823_klein.jpg\" width=\"640\" height=\"480\" srcset=\"https:\/\/www.all-for-all.de\/wp-content\/uploads\/2011\/06\/DSC00823_klein.jpg 640w, https:\/\/www.all-for-all.de\/wp-content\/uploads\/2011\/06\/DSC00823_klein-300x225.jpg 300w\" sizes=\"auto, (max-width: 640px) 100vw, 640px\" \/><\/p>\n<p style=\"text-align: left;\">Nach einer kurzen Pause sind wir nochmal losgezogen. Der Inhalt unserer K\u00fchlbox war inklusive Eis so gut wie aufgebraucht. Das n\u00e4chste Walmart Supercenter war allerdings nicht gerade in der N\u00e4he. Deshalb haben wir uns an einer 7-Eleven Tanke mit Eis und Getr\u00e4nken versorgt.<br \/>Abends\u00a0hatten wir unsere pers\u00f6nliche Premiere in einem IHOP (International House Of Pancakes). Oft gesehen aber nie beachtet &#8230; zu Unrecht wie sich herausgestellt hat. <br \/>(Das IHOP war nur\u00a0drei Geh-Minuten vom Hotel weg)<br \/>Die Pfannkuchen und Waffeln auf der Karte sahen suuuuper lecker aus. Die haben wir uns aber f\u00fcr den n\u00e4chsten Morgen aufgespart. Heute war uns mehr nach Burgern. <br \/>Obwohl\u00a0man den Namen des Lokals nicht unbedingt\u00a0mit Burgern in Verbindung bringt, waren diese sehr gut!<br \/>Morgen steht ein dickes Programm auf dem Plan. Zeit f\u00fcrs Bett!<br \/>\ud83d\ude42<\/p>\n<p style=\"text-align: left;\">Mangels GPS-Logger &#8211; Daten kann ich die heute gefahrene Strecke nur absch\u00e4tzen.<br \/>Somit waren es dann <em>gesch\u00e4tzte<\/em> 300 Meilen oder 480 Kilometer.<\/p>\n<p style=\"text-align: left;\">Viele Gr\u00fc\u00dfe<br \/>Joa<\/p>\n<p style=\"text-align: left;\">Zur\u00fcck zu: <a title=\"19.06.2011, Manhattan mit dem eigenen Auto\" href=\"https:\/\/www.all-for-all.de\/?page_id=1766\">19.06.2011, Manhattan mit dem eigenen Auto<\/a><br \/>Weiter zu: <a title=\"21.06.2011, Sightseeing in und um Washington\" href=\"https:\/\/www.all-for-all.de\/?page_id=1876\">21.06.2011, Sightseeing in und um Washington<\/a><\/p>\n","protected":false},"excerpt":{"rendered":"<p>Trotz der sehr kurzen Nacht waren wir bereits vor 08:00 Uhr im Fr\u00fchst\u00fccksraum des Hampton Inn. Nach dem ausgiebigen Fr\u00fchst\u00fcck checkten wir aus und\u00a0schleppten die Samsonite in den Escape. Die \u00fcblichen Vorbereitungen wie Navi montieren, K\u00fchlbox f\u00fcllen, usw. liefen wegen &hellip; <a href=\"https:\/\/www.all-for-all.de\/?page_id=1845\">Weiterlesen <span class=\"meta-nav\">&rarr;<\/span><\/a><\/p>\n","protected":false},"author":2,"featured_media":0,"parent":0,"menu_order":0,"comment_status":"closed","ping_status":"open","template":"","meta":{"footnotes":""},"class_list":["post-1845","page","type-page","status-publish","hentry"],"jetpack_sharing_enabled":true,"_links":{"self":[{"href":"https:\/\/www.all-for-all.de\/index.php?rest_route=\/wp\/v2\/pages\/1845","targetHints":{"allow":["GET"]}}],"collection":[{"href":"https:\/\/www.all-for-all.de\/index.php?rest_route=\/wp\/v2\/pages"}],"about":[{"href":"https:\/\/www.all-for-all.de\/index.php?rest_route=\/wp\/v2\/types\/page"}],"author":[{"embeddable":true,"href":"https:\/\/www.all-for-all.de\/index.php?rest_route=\/wp\/v2\/users\/2"}],"replies":[{"embeddable":true,"href":"https:\/\/www.all-for-all.de\/index.php?rest_route=%2Fwp%2Fv2%2Fcomments&post=1845"}],"version-history":[{"count":0,"href":"https:\/\/www.all-for-all.de\/index.php?rest_route=\/wp\/v2\/pages\/1845\/revisions"}],"wp:attachment":[{"href":"https:\/\/www.all-for-all.de\/index.php?rest_route=%2Fwp%2Fv2%2Fmedia&parent=1845"}],"curies":[{"name":"wp","href":"https:\/\/api.w.org\/{rel}","templated":true}]}}