{"id":1766,"date":"2011-06-19T23:59:25","date_gmt":"2011-06-19T23:59:25","guid":{"rendered":"http:\/\/www.all-for-all.de\/?page_id=1766"},"modified":"2013-06-09T09:36:22","modified_gmt":"2013-06-09T09:36:22","slug":"19-06-2011-manhattan-mit-dem-eigenen-auto","status":"publish","type":"page","link":"https:\/\/www.all-for-all.de\/?page_id=1766","title":{"rendered":"19.06.2011, Manhattan mit dem eigenen Auto"},"content":{"rendered":"<p>Fr\u00fch morgens nach dem Fr\u00fchst\u00fcck im Hotel fuhren wir los. Es ging Richtung Staten Island und dann \u00fcber die Verrazano Narrows Bridge nach Brooklyn.<br \/>Unser erstes Ziel heute war der Flushing Meadows Corona Park.<br \/>Das Wetter war perfekt und das Navi hat uns ohne Probleme hingef\u00fchrt.<br \/>Obwohl keine Wolke am Himmel war, eine angenehme Temperatur herrschte und obendrein Father`s Day ist,\u00a0war der Park komplett leer. Der Park selbst ist sehr gepflegt, alles ist tiptop sauber aber leider ist das Wasserbecken unter\u00a0der ber\u00fchmten Unisphere\u00a0leer. <br \/>Obendrein sehen die Observatory Towers so aus als\u00a0wenn sie bald von selbst einst\u00fcrzen w\u00fcrden.\u00a0Komplett verrostet die Dinger. Aus der N\u00e4he kein sch\u00f6ner Anblick. Hier scheint das Geld f\u00fcr die Instandhaltung, bzw. Renovierung zu fehlen. Schade eigentlich&#8230; \ud83d\ude41<\/p>\n<p style=\"text-align: center;\"><img loading=\"lazy\" decoding=\"async\" class=\" wp-image-1773 aligncenter\" title=\"Flushing Meadows Corona Park\" alt=\"Flushing Meadows Corona Park\" src=\"https:\/\/www.all-for-all.de\/wp-content\/uploads\/2013\/03\/DSC00705_klein.jpg\" width=\"640\" height=\"480\" srcset=\"https:\/\/www.all-for-all.de\/wp-content\/uploads\/2013\/03\/DSC00705_klein.jpg 640w, https:\/\/www.all-for-all.de\/wp-content\/uploads\/2013\/03\/DSC00705_klein-300x225.jpg 300w\" sizes=\"auto, (max-width: 640px) 100vw, 640px\" \/><img loading=\"lazy\" decoding=\"async\" class=\"aligncenter size-full wp-image-1778\" title=\"Unisphere\" alt=\"Unisphere\" src=\"https:\/\/www.all-for-all.de\/wp-content\/uploads\/2013\/03\/DSC00711_klein.jpg\" width=\"640\" height=\"480\" srcset=\"https:\/\/www.all-for-all.de\/wp-content\/uploads\/2013\/03\/DSC00711_klein.jpg 640w, https:\/\/www.all-for-all.de\/wp-content\/uploads\/2013\/03\/DSC00711_klein-300x225.jpg 300w\" sizes=\"auto, (max-width: 640px) 100vw, 640px\" \/><img loading=\"lazy\" decoding=\"async\" class=\"aligncenter size-full wp-image-1784\" title=\"Observatory Towers\" alt=\"Observatory Towers\" src=\"https:\/\/www.all-for-all.de\/wp-content\/uploads\/2013\/03\/DSC00712_klein.jpg\" width=\"640\" height=\"480\" srcset=\"https:\/\/www.all-for-all.de\/wp-content\/uploads\/2013\/03\/DSC00712_klein.jpg 640w, https:\/\/www.all-for-all.de\/wp-content\/uploads\/2013\/03\/DSC00712_klein-300x225.jpg 300w\" sizes=\"auto, (max-width: 640px) 100vw, 640px\" \/><\/p>\n<p style=\"text-align: left;\">Gegen 10:30 Uhr sind wir mit dem Auto wieder aufgebrochen um nun endlich nach Manhattan zu fahren.<br \/>Da die Brooklyn Bridge bis zur H\u00e4lfte mit Planen verh\u00e4ngt war (Renovierungsarbeiten) legten wir keinen gro\u00dfen Wert darauf durch diese Baustelle zu fahren. Deshalb nahmen wir den Weg\u00a0welchen uns TomTom zugewiesen hat. Es ging durch den Queens Midtown Tunnel nach Manhattan.<br \/>Dort hatten wir kein bestimmtes Ziel. Einfach nur durch die Stadt cruisen &#8230; das war der Plan. &#8230; &#8222;war&#8220; &#8230;<br \/>Mit cruisen ist selbst an einem Sonntag nicht viel los. <br \/>New Yorker Autofahrer (speziell die Fahrer der Yellow Cabs) sind komplett wahnsinnig. \ud83d\ude00<br \/>Spurwechsel \u00fcber 2-3 Fahrbahnen, nat\u00fcrlich ohne Blinker aber daf\u00fcr mit Dauerhupe, war deren Ding. Nachdem ich mir das recht lange\u00a0gefallen lie\u00df\u00a0und dabei festgestellt habe, dass wir mit unseren passiven Fahrweise fast nicht vorw\u00e4rts kommen, habe ich das Spiel mitgespielt. Ich habe einfach draufgehalten. Die brauchen ihre Autos um Geld zu verdienen und wir haben eine dicke Versicherung. Mal sehen wer als erstes bremst. \ud83d\ude09<br \/>Auch wenn es manchmal mehr als knapp war &#8230; aber so ist anscheinend die richtige Fahrweise hier. Wild fluchende Taxifahrer und andere Verkehrsteilnehmer waren ab dem Zeitpunkt unsere Begleiter. Freundlich l\u00e4cheln und zur\u00fcck winken &#8230; \ud83d\ude00<br \/>F\u00fcr ein auf Sparmodus eingestelltes Urlaubshirn ist das aber alles nichts. <br \/>Nach knapp 5 Stunden kreuz und quer durch Manhatten, waren wir k\u00f6rperlich und nervlich platt. Am sp\u00e4ten Nachmittag fuhren wir also zur\u00fcck nach Linden in unser Hotel.<br \/><img loading=\"lazy\" decoding=\"async\" class=\"aligncenter size-full wp-image-1804\" title=\"Manhattan\" alt=\"Manhattan\" src=\"https:\/\/www.all-for-all.de\/wp-content\/uploads\/2011\/06\/DSC00731_klein.jpg\" width=\"640\" height=\"480\" srcset=\"https:\/\/www.all-for-all.de\/wp-content\/uploads\/2011\/06\/DSC00731_klein.jpg 640w, https:\/\/www.all-for-all.de\/wp-content\/uploads\/2011\/06\/DSC00731_klein-300x225.jpg 300w\" sizes=\"auto, (max-width: 640px) 100vw, 640px\" \/><\/p>\n<p style=\"text-align: center;\"><img loading=\"lazy\" decoding=\"async\" class=\"aligncenter size-full wp-image-1805\" title=\"Manhattan\" alt=\"Manhattan\" src=\"https:\/\/www.all-for-all.de\/wp-content\/uploads\/2011\/06\/DSC00739_klein.jpg\" width=\"640\" height=\"480\" srcset=\"https:\/\/www.all-for-all.de\/wp-content\/uploads\/2011\/06\/DSC00739_klein.jpg 640w, https:\/\/www.all-for-all.de\/wp-content\/uploads\/2011\/06\/DSC00739_klein-300x225.jpg 300w\" sizes=\"auto, (max-width: 640px) 100vw, 640px\" \/><\/p>\n<p style=\"text-align: center;\"><img loading=\"lazy\" decoding=\"async\" class=\"aligncenter size-full wp-image-1806\" title=\"Manhattan\" alt=\"Manhattan\" src=\"https:\/\/www.all-for-all.de\/wp-content\/uploads\/2011\/06\/DSC00741_klein.jpg\" width=\"640\" height=\"480\" srcset=\"https:\/\/www.all-for-all.de\/wp-content\/uploads\/2011\/06\/DSC00741_klein.jpg 640w, https:\/\/www.all-for-all.de\/wp-content\/uploads\/2011\/06\/DSC00741_klein-300x225.jpg 300w\" sizes=\"auto, (max-width: 640px) 100vw, 640px\" \/><\/p>\n<p style=\"text-align: center;\"><img loading=\"lazy\" decoding=\"async\" class=\"aligncenter size-full wp-image-1807\" title=\"Manhattan\" alt=\"Manhattan\" src=\"https:\/\/www.all-for-all.de\/wp-content\/uploads\/2011\/06\/DSC00744_klein.jpg\" width=\"640\" height=\"480\" srcset=\"https:\/\/www.all-for-all.de\/wp-content\/uploads\/2011\/06\/DSC00744_klein.jpg 640w, https:\/\/www.all-for-all.de\/wp-content\/uploads\/2011\/06\/DSC00744_klein-300x225.jpg 300w\" sizes=\"auto, (max-width: 640px) 100vw, 640px\" \/><\/p>\n<p style=\"text-align: center;\"><img loading=\"lazy\" decoding=\"async\" class=\"aligncenter size-full wp-image-1809\" title=\"Verrazano Narrows Bridge\" alt=\"Verrazano Narrows Bridge\" src=\"https:\/\/www.all-for-all.de\/wp-content\/uploads\/2011\/06\/DSC00751_klein.jpg\" width=\"640\" height=\"480\" srcset=\"https:\/\/www.all-for-all.de\/wp-content\/uploads\/2011\/06\/DSC00751_klein.jpg 640w, https:\/\/www.all-for-all.de\/wp-content\/uploads\/2011\/06\/DSC00751_klein-300x225.jpg 300w\" sizes=\"auto, (max-width: 640px) 100vw, 640px\" \/><\/p>\n<p style=\"text-align: left;\">Als wir uns ein wenig erholt und\u00a0zu abend\u00a0gegessen hatten, ging es ein letztes Mal mit dem Auto in Richtung Staten Island Ferry. Wir wollten unbedingt die Skyline von Manhattan bei Nacht sehen. Weil wir getr\u00f6delt haben wurde es dann aber richtig sp\u00e4t.<br \/>Wir kamen erst gegen 23:00 Uhr an der F\u00e4hre an. Bis wir &#8222;dr\u00fcben&#8220; in Manhattan waren war es schon 00:00 Uhr vorbei. \ud83d\ude42<br \/><img loading=\"lazy\" decoding=\"async\" class=\"size-full wp-image-1821 aligncenter\" title=\"Staten Island Ferry\" alt=\"Staten Island Ferry\" src=\"https:\/\/www.all-for-all.de\/wp-content\/uploads\/2011\/06\/DSC00768_klein.jpg\" width=\"640\" height=\"480\" srcset=\"https:\/\/www.all-for-all.de\/wp-content\/uploads\/2011\/06\/DSC00768_klein.jpg 640w, https:\/\/www.all-for-all.de\/wp-content\/uploads\/2011\/06\/DSC00768_klein-300x225.jpg 300w\" sizes=\"auto, (max-width: 640px) 100vw, 640px\" \/><\/p>\n<p style=\"text-align: center;\"><img loading=\"lazy\" decoding=\"async\" class=\"aligncenter size-full wp-image-1822\" title=\"Manhattan\" alt=\"Manhattan\" src=\"https:\/\/www.all-for-all.de\/wp-content\/uploads\/2011\/06\/DSC00770_klein.jpg\" width=\"640\" height=\"480\" srcset=\"https:\/\/www.all-for-all.de\/wp-content\/uploads\/2011\/06\/DSC00770_klein.jpg 640w, https:\/\/www.all-for-all.de\/wp-content\/uploads\/2011\/06\/DSC00770_klein-300x225.jpg 300w\" sizes=\"auto, (max-width: 640px) 100vw, 640px\" \/><\/p>\n<p style=\"text-align: left;\"><img loading=\"lazy\" decoding=\"async\" class=\"size-full wp-image-1824 aligncenter\" title=\"Manhattan\" alt=\"Manhattan\" src=\"https:\/\/www.all-for-all.de\/wp-content\/uploads\/2011\/06\/DSC00776_klein.jpg\" width=\"640\" height=\"480\" srcset=\"https:\/\/www.all-for-all.de\/wp-content\/uploads\/2011\/06\/DSC00776_klein.jpg 640w, https:\/\/www.all-for-all.de\/wp-content\/uploads\/2011\/06\/DSC00776_klein-300x225.jpg 300w\" sizes=\"auto, (max-width: 640px) 100vw, 640px\" \/><img loading=\"lazy\" decoding=\"async\" class=\"aligncenter size-full wp-image-1826\" title=\"One World Trade Center\" alt=\"One World Trade Center\" src=\"https:\/\/www.all-for-all.de\/wp-content\/uploads\/2011\/06\/DSC00782_klein.jpg\" width=\"640\" height=\"480\" srcset=\"https:\/\/www.all-for-all.de\/wp-content\/uploads\/2011\/06\/DSC00782_klein.jpg 640w, https:\/\/www.all-for-all.de\/wp-content\/uploads\/2011\/06\/DSC00782_klein-300x225.jpg 300w\" sizes=\"auto, (max-width: 640px) 100vw, 640px\" \/><\/p>\n<p style=\"text-align: center;\"><img loading=\"lazy\" decoding=\"async\" class=\"aligncenter size-full wp-image-1828\" title=\"South Ferry Station\" alt=\"South Ferry Station\" src=\"https:\/\/www.all-for-all.de\/wp-content\/uploads\/2011\/06\/DSC00786_klein.jpg\" width=\"640\" height=\"480\" srcset=\"https:\/\/www.all-for-all.de\/wp-content\/uploads\/2011\/06\/DSC00786_klein.jpg 640w, https:\/\/www.all-for-all.de\/wp-content\/uploads\/2011\/06\/DSC00786_klein-300x225.jpg 300w\" sizes=\"auto, (max-width: 640px) 100vw, 640px\" \/><\/p>\n<p style=\"text-align: left;\">Wir liefen bis Ground Zero und stellten fest, dass wir wirklich richtig fertig waren. Der R\u00fcckweg\u00a0ins Hotel zu Fu\u00df, mit der F\u00e4hre und dann mit dem Auto zog sich beinahe endlos. <br \/>Es war\u00a0fast 04:00 Uhr als wir ins Bett fielen &#8230;.\u00a0 \ud83d\ude00<\/p>\n<p style=\"text-align: left;\">Der GPS-logger sagt, dass es heute (ohne die n\u00e4chtliche Fahrt) insgesamt 289km waren. Klingt nicht nach sehr viel &#8230; war es aber!<br \/><img loading=\"lazy\" decoding=\"async\" class=\"aligncenter size-full wp-image-1840\" title=\"GPS-Logger\" alt=\"GPS-Logger\" src=\"https:\/\/www.all-for-all.de\/wp-content\/uploads\/2011\/06\/Logger10.jpg\" width=\"599\" height=\"426\" srcset=\"https:\/\/www.all-for-all.de\/wp-content\/uploads\/2011\/06\/Logger10.jpg 599w, https:\/\/www.all-for-all.de\/wp-content\/uploads\/2011\/06\/Logger10-300x213.jpg 300w\" sizes=\"auto, (max-width: 599px) 100vw, 599px\" \/><\/p>\n<p style=\"text-align: left;\">Viele Gr\u00fc\u00dfe<br \/>Joa<\/p>\n<p style=\"text-align: left;\">Zur\u00fcck zu: <a title=\"18.06.2011, 2. Tag in New York\" href=\"https:\/\/www.all-for-all.de\/?page_id=1660\">18.06.2011, 2. Tag in New York<\/a><br \/>Weiter zu: <a title=\"20.06.2011, Fahrt nach Washington D.C.\" href=\"https:\/\/www.all-for-all.de\/?page_id=1845\">20.06.2011, Fahrt nach Washington D.C.<\/a><\/p>\n","protected":false},"excerpt":{"rendered":"<p>Fr\u00fch morgens nach dem Fr\u00fchst\u00fcck im Hotel fuhren wir los. Es ging Richtung Staten Island und dann \u00fcber die Verrazano Narrows Bridge nach Brooklyn.Unser erstes Ziel heute war der Flushing Meadows Corona Park.Das Wetter war perfekt und das Navi hat &hellip; <a href=\"https:\/\/www.all-for-all.de\/?page_id=1766\">Weiterlesen <span class=\"meta-nav\">&rarr;<\/span><\/a><\/p>\n","protected":false},"author":2,"featured_media":0,"parent":0,"menu_order":0,"comment_status":"closed","ping_status":"open","template":"","meta":{"footnotes":""},"class_list":["post-1766","page","type-page","status-publish","hentry"],"jetpack_sharing_enabled":true,"_links":{"self":[{"href":"https:\/\/www.all-for-all.de\/index.php?rest_route=\/wp\/v2\/pages\/1766","targetHints":{"allow":["GET"]}}],"collection":[{"href":"https:\/\/www.all-for-all.de\/index.php?rest_route=\/wp\/v2\/pages"}],"about":[{"href":"https:\/\/www.all-for-all.de\/index.php?rest_route=\/wp\/v2\/types\/page"}],"author":[{"embeddable":true,"href":"https:\/\/www.all-for-all.de\/index.php?rest_route=\/wp\/v2\/users\/2"}],"replies":[{"embeddable":true,"href":"https:\/\/www.all-for-all.de\/index.php?rest_route=%2Fwp%2Fv2%2Fcomments&post=1766"}],"version-history":[{"count":0,"href":"https:\/\/www.all-for-all.de\/index.php?rest_route=\/wp\/v2\/pages\/1766\/revisions"}],"wp:attachment":[{"href":"https:\/\/www.all-for-all.de\/index.php?rest_route=%2Fwp%2Fv2%2Fmedia&parent=1766"}],"curies":[{"name":"wp","href":"https:\/\/api.w.org\/{rel}","templated":true}]}}