{"id":1660,"date":"2011-06-18T23:59:39","date_gmt":"2011-06-18T23:59:39","guid":{"rendered":"http:\/\/www.all-for-all.de\/?page_id=1660"},"modified":"2021-09-15T20:01:41","modified_gmt":"2021-09-15T19:01:41","slug":"18-06-2011-2-tag-in-new-york","status":"publish","type":"page","link":"https:\/\/www.all-for-all.de\/?page_id=1660","title":{"rendered":"18.06.2011, 2. Tag in New York"},"content":{"rendered":"<p>Komplett bis knapp 06:00 Uhr durchgeschlafen&#8230; die F\u00fc\u00dfe tun immer noch weh.<br \/>\nAber es freut uns schon wieder auf die tolle Stadt!<\/p>\n<p>Das Fr\u00fchst\u00fcck war wieder sehr gut und das Wetter sieht klasse aus. Fragt sich nur ob der strahlende Sonnenschein wirklich gut ist, wenn man eine Stadtbesichtigung macht&#8230; Das gestrige Wetter war eigentlich ideal.<\/p>\n<p style=\"text-align: left;\">Wir nahmen uns vor, heute unsere Bustickets ausgiebig zu nutzen. Deshalb liefen wir direkt nach der Ankunft unserer F\u00e4hre in New York direkt zum Battery Park. Dort stand zwar bereits ein Bus aber der war anscheinend defekt und wir mussten auf den n\u00e4chsten warten. Die Wartezeit verk\u00fcrzten wir uns mit leckerem Stoff von Starbucks. \ud83d\ude09<br \/>\nUm uns herum liefen die ganze Zeit breitschultrige Typen in schwarzen T-Shirts mit der Aufschrift &#8222;MIB3 Security&#8220;. Wir dachten uns nichts dabei &#8230; erst als wir ein paar Frauen kreischen h\u00f6rten, haben wir es kapiert.<br \/>\nWill Smith lief pl\u00f6tzlich \u00fcber die Stra\u00dfe. Im Battery Park wird eine Szene zu Man in black 3 gedreht (MIB3\u00a0 \ud83d\ude09\u00a0 ). Leider war der Fotoapparat nicht sofort griffbereit und wir &#8222;erwischten&#8220; ihn nur noch von hinten.<br \/>\n<img loading=\"lazy\" decoding=\"async\" class=\"wp-image-1663 aligncenter\" title=\"Will Smith MIB3\" src=\"https:\/\/www.all-for-all.de\/wp-content\/uploads\/2012\/04\/Will-Smith.jpg\" alt=\"Will Smith MIB3\" width=\"640\" height=\"480\" srcset=\"https:\/\/www.all-for-all.de\/wp-content\/uploads\/2012\/04\/Will-Smith.jpg 640w, https:\/\/www.all-for-all.de\/wp-content\/uploads\/2012\/04\/Will-Smith-300x225.jpg 300w\" sizes=\"auto, (max-width: 640px) 100vw, 640px\" \/><\/p>\n<p style=\"text-align: left;\">Als endlich ein fahrbereiter Bus zur Verf\u00fcgung stand, haben wir auf dem Oberdeck einen Sitz besetzt und es ging los. Heute hat alles gepasst. Toller Sitzplatz, herrliches Wetter und ein guter, verst\u00e4ndlicher Guide auf dem Bus.<br \/>\n<img loading=\"lazy\" decoding=\"async\" class=\"wp-image-1670 aligncenter\" title=\"New York\" src=\"https:\/\/www.all-for-all.de\/wp-content\/uploads\/2012\/04\/New-York-1.jpg\" alt=\"New York\" width=\"640\" height=\"480\" srcset=\"https:\/\/www.all-for-all.de\/wp-content\/uploads\/2012\/04\/New-York-1.jpg 640w, https:\/\/www.all-for-all.de\/wp-content\/uploads\/2012\/04\/New-York-1-300x225.jpg 300w\" sizes=\"auto, (max-width: 640px) 100vw, 640px\" \/><br \/>\n<img loading=\"lazy\" decoding=\"async\" class=\"wp-image-1675 aligncenter\" title=\"Brooklyn Bridge\" src=\"https:\/\/www.all-for-all.de\/wp-content\/uploads\/2012\/04\/Brooklyn-Bridge.jpg\" alt=\"Brooklyn Bridge\" width=\"640\" height=\"480\" srcset=\"https:\/\/www.all-for-all.de\/wp-content\/uploads\/2012\/04\/Brooklyn-Bridge.jpg 640w, https:\/\/www.all-for-all.de\/wp-content\/uploads\/2012\/04\/Brooklyn-Bridge-300x225.jpg 300w\" sizes=\"auto, (max-width: 640px) 100vw, 640px\" \/><br \/>\n<img loading=\"lazy\" decoding=\"async\" class=\"wp-image-1676 aligncenter\" title=\"China Town\" src=\"https:\/\/www.all-for-all.de\/wp-content\/uploads\/2012\/04\/China-Town.jpg\" alt=\"China Town\" width=\"640\" height=\"480\" srcset=\"https:\/\/www.all-for-all.de\/wp-content\/uploads\/2012\/04\/China-Town.jpg 640w, https:\/\/www.all-for-all.de\/wp-content\/uploads\/2012\/04\/China-Town-300x225.jpg 300w\" sizes=\"auto, (max-width: 640px) 100vw, 640px\" \/><br \/>\n<img loading=\"lazy\" decoding=\"async\" class=\"wp-image-1681 aligncenter\" title=\"Rockefeller Center\" src=\"https:\/\/www.all-for-all.de\/wp-content\/uploads\/2012\/04\/Rockefeller-Center.jpg\" alt=\"Rockefeller Center\" width=\"640\" height=\"480\" srcset=\"https:\/\/www.all-for-all.de\/wp-content\/uploads\/2012\/04\/Rockefeller-Center.jpg 640w, https:\/\/www.all-for-all.de\/wp-content\/uploads\/2012\/04\/Rockefeller-Center-300x225.jpg 300w\" sizes=\"auto, (max-width: 640px) 100vw, 640px\" \/><\/p>\n<p style=\"text-align: left;\">Am Empire State Building sind wir ausgestiegen. An der Ticketkasse war zum Gl\u00fcck wenig los und wir l\u00f6sten Karten f\u00fcr das Main Deck (86. Stock) und f\u00fcr das Top Deck (102. Stock). Zusammen mit einer Panoramakarte von New York hat alles insgesamt knapp 100 Dollar gekostet. Direkt hinter dem Ticketschalter gab es Gep\u00e4ckdurchsuchungen per R\u00f6ntgenger\u00e4t und ich musste mein kleines Stativ abgeben. Den Sinn habe ich wirklich nicht verstanden. So richtig konnte mir das die Dame auch nicht erkl\u00e4ren &#8230;<br \/>\nVor den Aufz\u00fcgen hat sich leider alles ziemlich gestaut und es hat recht lange gedauert bis wir im 86. Stock ankamen. Wir wollten dann gleich weiter auf das Top Deck aber auch hier gab es einen langen Stau. Es hat sicherlich 45 Minuten gedauert bis wir von ganz unten im 102. Stock ankamen. Oben war es dann meiner Meinung nach zu voll aber der Ausblick hat uns entsch\u00e4digt.<img loading=\"lazy\" decoding=\"async\" class=\"wp-image-1690 aligncenter\" title=\"Aussicht nach S\u00fcden\" src=\"https:\/\/www.all-for-all.de\/wp-content\/uploads\/2012\/04\/Aussicht-nach-S\u00fcden.jpg\" alt=\"Aussicht nach S\u00fcden\" width=\"640\" height=\"480\" srcset=\"https:\/\/www.all-for-all.de\/wp-content\/uploads\/2012\/04\/Aussicht-nach-S\u00fcden.jpg 640w, https:\/\/www.all-for-all.de\/wp-content\/uploads\/2012\/04\/Aussicht-nach-S\u00fcden-300x225.jpg 300w\" sizes=\"auto, (max-width: 640px) 100vw, 640px\" \/><br \/>\n<img loading=\"lazy\" decoding=\"async\" class=\"wp-image-1695 aligncenter\" title=\"Aussicht nach Westen auf den Hudson River\" src=\"https:\/\/www.all-for-all.de\/wp-content\/uploads\/2012\/04\/Aussicht-auf-den-Hudson-River.jpg\" alt=\"Aussicht nach Westen auf den Hudson River\" width=\"640\" height=\"480\" srcset=\"https:\/\/www.all-for-all.de\/wp-content\/uploads\/2012\/04\/Aussicht-auf-den-Hudson-River.jpg 640w, https:\/\/www.all-for-all.de\/wp-content\/uploads\/2012\/04\/Aussicht-auf-den-Hudson-River-300x225.jpg 300w\" sizes=\"auto, (max-width: 640px) 100vw, 640px\" \/><br \/>\n<img loading=\"lazy\" decoding=\"async\" class=\"wp-image-1700 aligncenter\" title=\"Aussicht nach Norden mit Central Park\" src=\"https:\/\/www.all-for-all.de\/wp-content\/uploads\/2012\/04\/Aussicht-nach-Norden-mit-Central-Park.jpg\" alt=\"Aussicht nach Norden mit Central Park\" width=\"640\" height=\"480\" srcset=\"https:\/\/www.all-for-all.de\/wp-content\/uploads\/2012\/04\/Aussicht-nach-Norden-mit-Central-Park.jpg 640w, https:\/\/www.all-for-all.de\/wp-content\/uploads\/2012\/04\/Aussicht-nach-Norden-mit-Central-Park-300x225.jpg 300w\" sizes=\"auto, (max-width: 640px) 100vw, 640px\" \/><br \/>\n<img loading=\"lazy\" decoding=\"async\" class=\"wp-image-1705 aligncenter\" title=\"Aussicht nach Osten auf den East River\" src=\"https:\/\/www.all-for-all.de\/wp-content\/uploads\/2012\/04\/Aussicht-nach-Osten-auf-den-East-River.jpg\" alt=\"Aussicht nach Osten auf den East River\" width=\"640\" height=\"480\" srcset=\"https:\/\/www.all-for-all.de\/wp-content\/uploads\/2012\/04\/Aussicht-nach-Osten-auf-den-East-River.jpg 640w, https:\/\/www.all-for-all.de\/wp-content\/uploads\/2012\/04\/Aussicht-nach-Osten-auf-den-East-River-300x225.jpg 300w\" sizes=\"auto, (max-width: 640px) 100vw, 640px\" \/><\/p>\n<p style=\"text-align: left;\">Um wieder in den Aufzug nach unten zum 86. Stock zu gelangen mussten wir erneut anstehen. Irgendwie hat mich das dann endlos genervt. Das geh\u00f6rt anders geregelt. Wie mag das erst sein, wenn hier hoher Andrang herrscht?<br \/>\n<img loading=\"lazy\" decoding=\"async\" class=\"wp-image-1714 aligncenter\" title=\"Blick nach oben\" src=\"https:\/\/www.all-for-all.de\/wp-content\/uploads\/2012\/04\/Blick-nach-oben.jpg\" alt=\"Blick nach oben\" width=\"640\" height=\"480\" srcset=\"https:\/\/www.all-for-all.de\/wp-content\/uploads\/2012\/04\/Blick-nach-oben.jpg 640w, https:\/\/www.all-for-all.de\/wp-content\/uploads\/2012\/04\/Blick-nach-oben-300x225.jpg 300w\" sizes=\"auto, (max-width: 640px) 100vw, 640px\" \/><br \/>\n<img loading=\"lazy\" decoding=\"async\" class=\"wp-image-1719 aligncenter\" title=\"Blick nach unten\" src=\"https:\/\/www.all-for-all.de\/wp-content\/uploads\/2012\/04\/Blick-nach-unten.jpg\" alt=\"Blick nach unten\" width=\"640\" height=\"480\" srcset=\"https:\/\/www.all-for-all.de\/wp-content\/uploads\/2012\/04\/Blick-nach-unten.jpg 640w, https:\/\/www.all-for-all.de\/wp-content\/uploads\/2012\/04\/Blick-nach-unten-300x225.jpg 300w\" sizes=\"auto, (max-width: 640px) 100vw, 640px\" \/><br \/>\n<img loading=\"lazy\" decoding=\"async\" class=\"wp-image-1724 aligncenter\" title=\"Empire State Building innen\" src=\"https:\/\/www.all-for-all.de\/wp-content\/uploads\/2012\/04\/Empire-State-Building-innen.jpg\" alt=\"Empire State Building innen\" width=\"640\" height=\"480\" srcset=\"https:\/\/www.all-for-all.de\/wp-content\/uploads\/2012\/04\/Empire-State-Building-innen.jpg 640w, https:\/\/www.all-for-all.de\/wp-content\/uploads\/2012\/04\/Empire-State-Building-innen-300x225.jpg 300w\" sizes=\"auto, (max-width: 640px) 100vw, 640px\" \/><\/p>\n<p style=\"text-align: left;\">Das dauernde Anstehen an den Aufz\u00fcgen hat uns viel Zeit gekostet. Als wir aus dem Geb\u00e4ude waren, war es bereits nach 14:00 Uhr und wir wollten heute noch so wahnsinnig viel ansehen.<br \/>\nDer Blick auf die Stadtkarte zeigte uns, dass es bis zum Grand Central Terminal nicht sehr weit war. Also machten wir uns zu Fu\u00df auf den Weg.<\/p>\n<p style=\"text-align: left;\"><img loading=\"lazy\" decoding=\"async\" class=\"wp-image-1727 aligncenter\" title=\"Grand Central Terminal\" src=\"https:\/\/www.all-for-all.de\/wp-content\/uploads\/2012\/04\/Grand-Central-Terminal.jpg\" alt=\"Grand Central Terminal\" width=\"640\" height=\"480\" srcset=\"https:\/\/www.all-for-all.de\/wp-content\/uploads\/2012\/04\/Grand-Central-Terminal.jpg 640w, https:\/\/www.all-for-all.de\/wp-content\/uploads\/2012\/04\/Grand-Central-Terminal-300x225.jpg 300w\" sizes=\"auto, (max-width: 640px) 100vw, 640px\" \/><\/p>\n<p style=\"text-align: left;\">Innen ist das Geb\u00e4ude wirklich beeindruckend. Dummerweise sind alle Bilder von innen entweder unterbelichtet oder unscharf geworden. Schade&#8230;<br \/>\nWir wollten ein Ticket zum Central Park\u00a0l\u00f6sen, jedoch wurden wir aus den Zugfahrpl\u00e4nen nicht schlau. Selbst der Mann am Infoschalter konnte keine genauen Angaben machen.<br \/>\nUm ehrlich zu sein hatte ich recht schnell keine Nerven mehr um weiter nach dem richtigen Zug zu suchen. Also sind wir wieder raus und haben uns ein Yellow Cab genommen. Der Fahrer sollte uns zum gr\u00f6ssten Spielzeugladen von New York fahren. FAO Schwarz. Der Laden liegt an der s\u00fcd-\u00f6stlichen Ecke des Central Parks. Es hat eine Weile gedauert bis uns der indische Fahrer verstanden hat. Er fuhr erst in die richtige Richtung nachdem ich mit dem Finger auf die Karte gedeutet habe. \ud83d\ude09<img loading=\"lazy\" decoding=\"async\" class=\"wp-image-1736 aligncenter\" title=\"FAO Schwarz\" src=\"https:\/\/www.all-for-all.de\/wp-content\/uploads\/2012\/04\/FAO-Schwarz.jpg\" alt=\"FAO Schwarz\" width=\"640\" height=\"480\" srcset=\"https:\/\/www.all-for-all.de\/wp-content\/uploads\/2012\/04\/FAO-Schwarz.jpg 640w, https:\/\/www.all-for-all.de\/wp-content\/uploads\/2012\/04\/FAO-Schwarz-300x225.jpg 300w\" sizes=\"auto, (max-width: 640px) 100vw, 640px\" \/><\/p>\n<p style=\"text-align: left;\">Der Laden ist wirklich riesig. Man k\u00f6nnte hier den ganzen Tag st\u00f6bern und schauen. Aber wir wollten ja noch mehr von New York sehen.<br \/>\nUm in oder durch den Central Park zu laufen waren wir jedoch schon zu m\u00fcde. Daher entschlossen wir uns in den entsprechenden Greyline Bus einzusteigen. Der sollte uns ganz gem\u00fctlich um den Central Park fahren. Das war eine gute Idee &#8230;<br \/>\nDer Bus fuhr an der Ostseite des Central Parks bis hinauf zur Bronx und dann auf der Westseite zur\u00fcck bis zum Times Square. Die Fahrt war klasse!<br \/>\n<img loading=\"lazy\" decoding=\"async\" class=\"wp-image-1737 aligncenter\" title=\"Central Park West\" src=\"https:\/\/www.all-for-all.de\/wp-content\/uploads\/2012\/04\/Central-Park-West.jpg\" alt=\"Central Park West\" width=\"640\" height=\"480\" srcset=\"https:\/\/www.all-for-all.de\/wp-content\/uploads\/2012\/04\/Central-Park-West.jpg 640w, https:\/\/www.all-for-all.de\/wp-content\/uploads\/2012\/04\/Central-Park-West-300x225.jpg 300w\" sizes=\"auto, (max-width: 640px) 100vw, 640px\" \/><br \/>\n<img loading=\"lazy\" decoding=\"async\" class=\"wp-image-1738 aligncenter\" title=\"Central Park West\" src=\"https:\/\/www.all-for-all.de\/wp-content\/uploads\/2012\/04\/Central-Park-West-2.jpg\" alt=\"Central Park West\" width=\"640\" height=\"480\" srcset=\"https:\/\/www.all-for-all.de\/wp-content\/uploads\/2012\/04\/Central-Park-West-2.jpg 640w, https:\/\/www.all-for-all.de\/wp-content\/uploads\/2012\/04\/Central-Park-West-2-300x225.jpg 300w\" sizes=\"auto, (max-width: 640px) 100vw, 640px\" \/><img loading=\"lazy\" decoding=\"async\" class=\"wp-image-1743 aligncenter\" title=\"Busfahrt\" src=\"https:\/\/www.all-for-all.de\/wp-content\/uploads\/2012\/04\/Busfahrt.jpg\" alt=\"Busfahrt\" width=\"640\" height=\"480\" srcset=\"https:\/\/www.all-for-all.de\/wp-content\/uploads\/2012\/04\/Busfahrt.jpg 640w, https:\/\/www.all-for-all.de\/wp-content\/uploads\/2012\/04\/Busfahrt-300x225.jpg 300w\" sizes=\"auto, (max-width: 640px) 100vw, 640px\" \/><\/p>\n<p style=\"text-align: left;\">Ab hier haben wir die Subway zur Staten Island Ferry genommen. Mit der Subway sollte man unbedingt gefahren sein. Leider sieht man\u00a0dort nichts von der Stadt. \ud83d\ude09<br \/>\n<img loading=\"lazy\" decoding=\"async\" class=\"aligncenter wp-image-1746\" title=\"Subway\" src=\"https:\/\/www.all-for-all.de\/wp-content\/uploads\/2012\/04\/Subway.jpg\" alt=\"Subway\" width=\"640\" height=\"480\" srcset=\"https:\/\/www.all-for-all.de\/wp-content\/uploads\/2012\/04\/Subway.jpg 640w, https:\/\/www.all-for-all.de\/wp-content\/uploads\/2012\/04\/Subway-300x225.jpg 300w\" sizes=\"auto, (max-width: 640px) 100vw, 640px\" \/><br \/>\n<img loading=\"lazy\" decoding=\"async\" class=\"aligncenter wp-image-1751\" title=\"Subway\" src=\"https:\/\/www.all-for-all.de\/wp-content\/uploads\/2012\/04\/Subway-2.jpg\" alt=\"Subway\" width=\"640\" height=\"480\" srcset=\"https:\/\/www.all-for-all.de\/wp-content\/uploads\/2012\/04\/Subway-2.jpg 640w, https:\/\/www.all-for-all.de\/wp-content\/uploads\/2012\/04\/Subway-2-300x225.jpg 300w\" sizes=\"auto, (max-width: 640px) 100vw, 640px\" \/><br \/>\nZum Sonnenuntergang waren wir zur\u00fcck auf Staten Island, schnappten unser Auto und fuhren zur\u00fcck zum Hampton Inn nach Linden.<br \/>\n<img loading=\"lazy\" decoding=\"async\" class=\"aligncenter wp-image-1752\" title=\"Skyline im Sonnenuntergang\" src=\"https:\/\/www.all-for-all.de\/wp-content\/uploads\/2012\/04\/Skyline-3.jpg\" alt=\"Skyline im Sonnenuntergang\" width=\"640\" height=\"480\" srcset=\"https:\/\/www.all-for-all.de\/wp-content\/uploads\/2012\/04\/Skyline-3.jpg 640w, https:\/\/www.all-for-all.de\/wp-content\/uploads\/2012\/04\/Skyline-3-300x225.jpg 300w\" sizes=\"auto, (max-width: 640px) 100vw, 640px\" \/><br \/>\nZum Ausklang des wirklich tollen Tages haben wir uns heute prima Burger bei Applebee`s gleich neben dem Hotel geg\u00f6nnt.<br \/>\nMal sehen wie es morgen wird wenn wir mit dem eigenen Auto durch New York fahren. Meine gro\u00dfe Hoffnung ist, dass am Sonntag weniger los ist. \ud83d\ude09<\/p>\n<p style=\"text-align: center;\"><img loading=\"lazy\" decoding=\"async\" class=\"aligncenter size-full wp-image-1753\" title=\"Logger\" src=\"https:\/\/www.all-for-all.de\/wp-content\/uploads\/2012\/04\/Logger9.jpg\" alt=\"Logger\" width=\"462\" height=\"683\" srcset=\"https:\/\/www.all-for-all.de\/wp-content\/uploads\/2012\/04\/Logger9.jpg 462w, https:\/\/www.all-for-all.de\/wp-content\/uploads\/2012\/04\/Logger9-202x300.jpg 202w\" sizes=\"auto, (max-width: 462px) 100vw, 462px\" \/><\/p>\n<p style=\"text-align: left;\">Viele Gr\u00fc\u00dfe<br \/>\nJoa<\/p>\n<p style=\"text-align: left;\">Zur\u00fcck zu: <a title=\"17.06.2011, 1. Tag in New York\" href=\"https:\/\/www.all-for-all.de\/?page_id=1546\">17.06.2011, 1. Tag in New York<\/a><br \/>\nWeiter zu: <a title=\"19.06.2011, Manhattan mit dem eigenen Auto\" href=\"https:\/\/www.all-for-all.de\/?page_id=1766\">19.06.2011, Manhattan mit dem eigenen Auto<\/a><\/p>\n","protected":false},"excerpt":{"rendered":"<p>Komplett bis knapp 06:00 Uhr durchgeschlafen&#8230; die F\u00fc\u00dfe tun immer noch weh. Aber es freut uns schon wieder auf die tolle Stadt! Das Fr\u00fchst\u00fcck war wieder sehr gut und das Wetter sieht klasse aus. Fragt sich nur ob der strahlende &hellip; <a href=\"https:\/\/www.all-for-all.de\/?page_id=1660\">Weiterlesen <span class=\"meta-nav\">&rarr;<\/span><\/a><\/p>\n","protected":false},"author":2,"featured_media":0,"parent":0,"menu_order":0,"comment_status":"closed","ping_status":"open","template":"","meta":{"footnotes":""},"class_list":["post-1660","page","type-page","status-publish","hentry"],"jetpack_sharing_enabled":true,"_links":{"self":[{"href":"https:\/\/www.all-for-all.de\/index.php?rest_route=\/wp\/v2\/pages\/1660","targetHints":{"allow":["GET"]}}],"collection":[{"href":"https:\/\/www.all-for-all.de\/index.php?rest_route=\/wp\/v2\/pages"}],"about":[{"href":"https:\/\/www.all-for-all.de\/index.php?rest_route=\/wp\/v2\/types\/page"}],"author":[{"embeddable":true,"href":"https:\/\/www.all-for-all.de\/index.php?rest_route=\/wp\/v2\/users\/2"}],"replies":[{"embeddable":true,"href":"https:\/\/www.all-for-all.de\/index.php?rest_route=%2Fwp%2Fv2%2Fcomments&post=1660"}],"version-history":[{"count":2,"href":"https:\/\/www.all-for-all.de\/index.php?rest_route=\/wp\/v2\/pages\/1660\/revisions"}],"predecessor-version":[{"id":4998,"href":"https:\/\/www.all-for-all.de\/index.php?rest_route=\/wp\/v2\/pages\/1660\/revisions\/4998"}],"wp:attachment":[{"href":"https:\/\/www.all-for-all.de\/index.php?rest_route=%2Fwp%2Fv2%2Fmedia&parent=1660"}],"curies":[{"name":"wp","href":"https:\/\/api.w.org\/{rel}","templated":true}]}}