{"id":1452,"date":"2011-06-16T23:59:27","date_gmt":"2011-06-16T23:59:27","guid":{"rendered":"http:\/\/www.all-for-all.de\/?page_id=1452"},"modified":"2021-09-15T20:03:35","modified_gmt":"2021-09-15T19:03:35","slug":"16-06-2011-anreisetag","status":"publish","type":"page","link":"https:\/\/www.all-for-all.de\/?page_id=1452","title":{"rendered":"16.06.2011, Anreisetag"},"content":{"rendered":"<p style=\"text-align: left;\">Nach einer eher unruhigen Nacht ging es nach einer Tasse Kaffe gegen 03:30 Uhr los. Wir haben unsere Koffer in den Leihwagen gepackt und fuhren zum Flughafen nach M\u00fcnchen. Die &#8222;Standardprozeduren&#8220; wie auftanken, Leihwagen abgeben, Bordkarte abholen und Koffer aufgeben waren schnell erledigt. Da war noch gen\u00fcgend Zeit f\u00fcr ein kleines Fr\u00fchst\u00fcck in einem der Restaurants.<br \/>\n<img loading=\"lazy\" decoding=\"async\" class=\"size-full wp-image-1453 aligncenter\" title=\"Leihwagen\" src=\"https:\/\/www.all-for-all.de\/wp-content\/uploads\/2012\/02\/Leihwagen.jpg\" alt=\"\" width=\"640\" height=\"480\" srcset=\"https:\/\/www.all-for-all.de\/wp-content\/uploads\/2012\/02\/Leihwagen.jpg 640w, https:\/\/www.all-for-all.de\/wp-content\/uploads\/2012\/02\/Leihwagen-300x225.jpg 300w\" sizes=\"auto, (max-width: 640px) 100vw, 640px\" \/><\/p>\n<p style=\"text-align: left;\">Ca. 1,5 Stunden vor dem Start gingen wir durch den Zoll und liessen die Sicherheitskontrollen \u00fcber uns ergehen. Wie letztes Jahr gab es f\u00fcr Fl\u00fcge in die USA noch eine weitere, zus\u00e4tzliche Kontrolle vor den Abfluggates. Die war wieder supergr\u00fcndlich. Dementsprechend war danach das Chaos in meinem &#8222;Elektronik Rucksack&#8220;. Da war alles drin &#8230; Laptop, Tom Tom, GPS-Logger, Handy, Video Kamera, s\u00e4mtliche Netzteile und Zubeh\u00f6r. Und alles das musste genauestens \u00fcberpr\u00fcft werden.<br \/>\nIch habe danach alles in Ruhe wieder sortiert und eingepackt. Wenigstens verging dadurch die Wartezeit bis zum boarding schneller.<br \/>\nDie dort aufgestellten Raucherkabinen sind wirklich fair.<br \/>\n<img loading=\"lazy\" decoding=\"async\" class=\"size-full wp-image-1464 aligncenter\" title=\"Raucherkabine\" src=\"https:\/\/www.all-for-all.de\/wp-content\/uploads\/2012\/02\/Raucherkabine.jpg\" alt=\"\" width=\"640\" height=\"480\" srcset=\"https:\/\/www.all-for-all.de\/wp-content\/uploads\/2012\/02\/Raucherkabine.jpg 640w, https:\/\/www.all-for-all.de\/wp-content\/uploads\/2012\/02\/Raucherkabine-300x225.jpg 300w\" sizes=\"auto, (max-width: 640px) 100vw, 640px\" \/><\/p>\n<p style=\"text-align: left;\">Das boarding und der Abflug waren p\u00fcnktlich. Nachdem wir uns auf unseren Sitzen eingerichtet hatten vertrieben wir uns die Zeit bis zur Landung in Newark mit dem &#8222;in seat entertainment&#8220;. Die angebotenen Filme waren zwar nicht zu 100% mein Geschmack aber die Hauptsache ist, dass man abgelenkt wird. \ud83d\ude09<br \/>\n<img loading=\"lazy\" decoding=\"async\" class=\"size-full wp-image-1471 aligncenter\" title=\"in seat entertainment 1\" src=\"https:\/\/www.all-for-all.de\/wp-content\/uploads\/2012\/02\/in-seat-entertainment-1.jpg\" alt=\"\" width=\"640\" height=\"480\" srcset=\"https:\/\/www.all-for-all.de\/wp-content\/uploads\/2012\/02\/in-seat-entertainment-1.jpg 640w, https:\/\/www.all-for-all.de\/wp-content\/uploads\/2012\/02\/in-seat-entertainment-1-300x225.jpg 300w\" sizes=\"auto, (max-width: 640px) 100vw, 640px\" \/><\/p>\n<p style=\"text-align: left;\">Die Landung in Newark erfolgte wie geplant um 12:05 Uhr Ortszeit bei tr\u00fcbem Wetter und 23\u00b0C.<br \/>\nWie immer war bei der Immigration eine gigantische Menschenschlange. Egal wann, egal wo &#8230; wir haben immer dieses Pech. Ich habe schon von Leuten geh\u00f6rt, dass sie innerhalb 30 Minuten alles erledigt hatten. Wir haben es noch nie unter 1,5 Stunden geschafft. \ud83d\ude41<\/p>\n<p>Mit unseren beiden Samsonite Koffern bepackt ging es\u00a0an einem \u00a0Zollbeamten vorbei. Da habe ich mir gleich einen R\u00fcffel eingefangen. Ich wollte einfach an\u00a0ihm vorbei und hab vergessen ihm das wei\u00dfe Formular auszuh\u00e4ndigen. Das fand er nicht wirklich witzig. Ich habe mich entschuldigt und damit war die Sache dann zum Gl\u00fcck erledigt.<\/p>\n<p>Mit der Flughafenbahn ging es direkt zur Mietwagenstation von National. Dort waren die Formalit\u00e4ten schnell erledigt und wir konnten unseren gebuchten Midsize SUV \u00fcbernehmen. Den Betrag f\u00fcr die Einwegmiete konnten wir von Deutschland aus nicht bezahlen. Deswegen wurden die 250 Dollar (zzgl. Tax) an Ort und Stelle von meiner Kreditkarte abgebucht. Zus\u00e4tzlich haben wir uns entschieden den EZ-Pass zu nehmen. Das ist ein kleiner Kasten der im Auto angebracht die Schranken an den Mautstationen automatisch \u00f6ffnet. Die Mautgeb\u00fchren werden dann von der Kreditkarte abgebucht. Leider funktioniert das nicht die gesamte Strecke bis runter nach Florida. Ab South Carolina ist damit Schlu\u00df. \ud83d\ude09<\/p>\n<p>Weil wir letztes Jahr mit der Wahl eines Ford Escape wirklich sehr zufrieden waren, entschieden wir uns wieder f\u00fcr dieses Modell. Der Wagen hatte noch keine 800 Meilen auf dem Tacho. Da werden wir einiges an Laufleistung draufpacken!\u00a0 \ud83d\ude00<\/p>\n<p style=\"text-align: center;\"><img loading=\"lazy\" decoding=\"async\" class=\"aligncenter size-full wp-image-1492\" title=\"Escape\" src=\"https:\/\/www.all-for-all.de\/wp-content\/uploads\/2012\/02\/Escape.jpg\" alt=\"\" width=\"640\" height=\"480\" srcset=\"https:\/\/www.all-for-all.de\/wp-content\/uploads\/2012\/02\/Escape.jpg 640w, https:\/\/www.all-for-all.de\/wp-content\/uploads\/2012\/02\/Escape-300x225.jpg 300w\" sizes=\"auto, (max-width: 640px) 100vw, 640px\" \/><\/p>\n<p style=\"text-align: left;\">Hinter der Ausfahrt aus der Mietwagenstation habe ich das Tom Tom montiert und unser gebuchtes Hampton Inn im Ortsteil Linden eingegeben. Entfernung: Knapp 13km. Sehr sch\u00f6n &#8230; ich war recht erledigt und das kam mir gerade recht. Ich\u00a0h\u00e4tte keine gro\u00dfe Strecke fahren k\u00f6nnen.<br \/>\nDer checkin im Hotel klappte reibungslos und unser Zimmer war, wie in allen Hampton Inn in denen wir bislang wohnten, sehr sch\u00f6n.<br \/>\nNach einer kurzen Pause haben wir uns auf den Weg in den benachbarten Walmart gemacht um uns mit den Wichtigsten Kleinigkeiten zu versorgen. Duschgel, Shampoo, Getr\u00e4nke, K\u00fchlbox f\u00fcrs Auto, Snacks, etc. etc. &#8230; Anschlie\u00dfend haben wir bei einem Starbucks unseren ersten Caramel Macchiato gekauft und mit dem Auto ein wenig die Gegend erkundet. Ein Fest!<br \/>\n<img loading=\"lazy\" decoding=\"async\" class=\"aligncenter size-full wp-image-1507\" title=\"Starbucks\" src=\"https:\/\/www.all-for-all.de\/wp-content\/uploads\/2012\/02\/Starbucks.jpg\" alt=\"\" width=\"640\" height=\"480\" srcset=\"https:\/\/www.all-for-all.de\/wp-content\/uploads\/2012\/02\/Starbucks.jpg 640w, https:\/\/www.all-for-all.de\/wp-content\/uploads\/2012\/02\/Starbucks-300x225.jpg 300w\" sizes=\"auto, (max-width: 640px) 100vw, 640px\" \/><\/p>\n<p>Die Umgebung des Hotels ist wenig einladend. Aber das wussten wir bereits vorab. Deshalb belastet uns das nicht sonderlich. Au\u00dferdem soll das hier nur unsere Basis f\u00fcr die Besichtigung von New York sein.<br \/>\nWeil wir so m\u00fcde waren, haben wir uns beim Burger King neben dem Hotel ein paar Burger gekauft und uns gegen 18:00 Uhr ins Hotel verzogen. Vor laufendem Fernseher sind wir dann beide sehr schnell eingeschlafen.<\/p>\n<p>Der GPS-Logger hat \u00fcbrigens dieses Mal die gesamte Strecke sauber aufgezeichnet. \ud83d\ude09<\/p>\n<p style=\"text-align: center;\"><img loading=\"lazy\" decoding=\"async\" class=\"aligncenter size-full wp-image-1516\" title=\"Logger1\" src=\"https:\/\/www.all-for-all.de\/wp-content\/uploads\/2012\/02\/Logger1.jpg\" alt=\"\" width=\"640\" height=\"480\" srcset=\"https:\/\/www.all-for-all.de\/wp-content\/uploads\/2012\/02\/Logger1.jpg 640w, https:\/\/www.all-for-all.de\/wp-content\/uploads\/2012\/02\/Logger1-300x225.jpg 300w\" sizes=\"auto, (max-width: 640px) 100vw, 640px\" \/><\/p>\n<p style=\"text-align: center;\"><img loading=\"lazy\" decoding=\"async\" class=\"aligncenter size-full wp-image-1517\" title=\"Logger2\" src=\"https:\/\/www.all-for-all.de\/wp-content\/uploads\/2012\/02\/Logger2.jpg\" alt=\"\" width=\"640\" height=\"409\" srcset=\"https:\/\/www.all-for-all.de\/wp-content\/uploads\/2012\/02\/Logger2.jpg 640w, https:\/\/www.all-for-all.de\/wp-content\/uploads\/2012\/02\/Logger2-300x191.jpg 300w\" sizes=\"auto, (max-width: 640px) 100vw, 640px\" \/><\/p>\n<p style=\"text-align: center;\"><img loading=\"lazy\" decoding=\"async\" class=\"aligncenter size-full wp-image-1518\" title=\"Logger3\" src=\"https:\/\/www.all-for-all.de\/wp-content\/uploads\/2012\/02\/Logger3.jpg\" alt=\"\" width=\"640\" height=\"372\" srcset=\"https:\/\/www.all-for-all.de\/wp-content\/uploads\/2012\/02\/Logger3.jpg 640w, https:\/\/www.all-for-all.de\/wp-content\/uploads\/2012\/02\/Logger3-300x174.jpg 300w\" sizes=\"auto, (max-width: 640px) 100vw, 640px\" \/><\/p>\n<p style=\"text-align: center;\"><img loading=\"lazy\" decoding=\"async\" class=\"aligncenter size-full wp-image-1519\" title=\"Logger4\" src=\"https:\/\/www.all-for-all.de\/wp-content\/uploads\/2012\/02\/Logger4.jpg\" alt=\"\" width=\"640\" height=\"441\" srcset=\"https:\/\/www.all-for-all.de\/wp-content\/uploads\/2012\/02\/Logger4.jpg 640w, https:\/\/www.all-for-all.de\/wp-content\/uploads\/2012\/02\/Logger4-300x206.jpg 300w\" sizes=\"auto, (max-width: 640px) 100vw, 640px\" \/><\/p>\n<p style=\"text-align: center;\"><img loading=\"lazy\" decoding=\"async\" class=\"aligncenter size-full wp-image-1520\" title=\"Logger5\" src=\"https:\/\/www.all-for-all.de\/wp-content\/uploads\/2012\/02\/Logger5.jpg\" alt=\"\" width=\"640\" height=\"365\" srcset=\"https:\/\/www.all-for-all.de\/wp-content\/uploads\/2012\/02\/Logger5.jpg 640w, https:\/\/www.all-for-all.de\/wp-content\/uploads\/2012\/02\/Logger5-300x171.jpg 300w\" sizes=\"auto, (max-width: 640px) 100vw, 640px\" \/><\/p>\n<p style=\"text-align: center;\"><img loading=\"lazy\" decoding=\"async\" class=\"aligncenter size-full wp-image-1525\" title=\"Logger6\" src=\"https:\/\/www.all-for-all.de\/wp-content\/uploads\/2012\/02\/Logger6.jpg\" alt=\"\" width=\"615\" height=\"480\" srcset=\"https:\/\/www.all-for-all.de\/wp-content\/uploads\/2012\/02\/Logger6.jpg 615w, https:\/\/www.all-for-all.de\/wp-content\/uploads\/2012\/02\/Logger6-300x234.jpg 300w\" sizes=\"auto, (max-width: 615px) 100vw, 615px\" \/><\/p>\n<p>Viele Gr\u00fc\u00dfe<br \/>\nJoa<\/p>\n<p>Zur\u00fcck zu: <a title=\"Von New York nach Florida mit dem Mietwagen\" href=\"https:\/\/www.all-for-all.de\/?page_id=1414\">Von New York nach Florida mit dem Mietwagen<\/a><br \/>\nWeiter zu: <a title=\"17.06.2011, 1. Tag in New York\" href=\"https:\/\/www.all-for-all.de\/?page_id=1546\">17.06.2011, 1. Tag in New York<\/a><\/p>\n","protected":false},"excerpt":{"rendered":"<p>Nach einer eher unruhigen Nacht ging es nach einer Tasse Kaffe gegen 03:30 Uhr los. Wir haben unsere Koffer in den Leihwagen gepackt und fuhren zum Flughafen nach M\u00fcnchen. Die &#8222;Standardprozeduren&#8220; wie auftanken, Leihwagen abgeben, Bordkarte abholen und Koffer aufgeben &hellip; <a href=\"https:\/\/www.all-for-all.de\/?page_id=1452\">Weiterlesen <span class=\"meta-nav\">&rarr;<\/span><\/a><\/p>\n","protected":false},"author":2,"featured_media":0,"parent":0,"menu_order":0,"comment_status":"closed","ping_status":"open","template":"","meta":{"footnotes":""},"class_list":["post-1452","page","type-page","status-publish","hentry"],"jetpack_sharing_enabled":true,"_links":{"self":[{"href":"https:\/\/www.all-for-all.de\/index.php?rest_route=\/wp\/v2\/pages\/1452","targetHints":{"allow":["GET"]}}],"collection":[{"href":"https:\/\/www.all-for-all.de\/index.php?rest_route=\/wp\/v2\/pages"}],"about":[{"href":"https:\/\/www.all-for-all.de\/index.php?rest_route=\/wp\/v2\/types\/page"}],"author":[{"embeddable":true,"href":"https:\/\/www.all-for-all.de\/index.php?rest_route=\/wp\/v2\/users\/2"}],"replies":[{"embeddable":true,"href":"https:\/\/www.all-for-all.de\/index.php?rest_route=%2Fwp%2Fv2%2Fcomments&post=1452"}],"version-history":[{"count":1,"href":"https:\/\/www.all-for-all.de\/index.php?rest_route=\/wp\/v2\/pages\/1452\/revisions"}],"predecessor-version":[{"id":4999,"href":"https:\/\/www.all-for-all.de\/index.php?rest_route=\/wp\/v2\/pages\/1452\/revisions\/4999"}],"wp:attachment":[{"href":"https:\/\/www.all-for-all.de\/index.php?rest_route=%2Fwp%2Fv2%2Fmedia&parent=1452"}],"curies":[{"name":"wp","href":"https:\/\/api.w.org\/{rel}","templated":true}]}}