{"id":1414,"date":"2011-06-15T23:59:09","date_gmt":"2011-06-15T23:59:09","guid":{"rendered":"http:\/\/www.all-for-all.de\/?page_id=1414"},"modified":"2013-05-19T13:52:52","modified_gmt":"2013-05-19T13:52:52","slug":"15-06-2011-nur-noch-eine-nacht","status":"publish","type":"page","link":"https:\/\/www.all-for-all.de\/?page_id=1414","title":{"rendered":"Von New York nach Florida"},"content":{"rendered":"<p>Die Planungszeit f\u00fcr diesen Urlaub fiel\u00a0recht knapp aus. Wir haben uns erst Anfang M\u00e4rz f\u00fcr diese Route entschieden und bereits zwei Wochen sp\u00e4ter die Fl\u00fcge gebucht. Da blieb nicht viel Luft f\u00fcr eine v\u00f6llig durchdachte Routenplanung &#8230;\u00a0 \ud83d\ude09<br \/>New York steht schon sehr lange auf der Liste unserer\u00a0Wunschziele und dieses Jahr wird es endlich so weit sein. Da die Hotels in Manhattan nicht gerade g\u00fcnstig sind, entschlossen wir uns in Newark zu wohnen und t\u00e4glich mit der F\u00e4hre von Staten Island nach Manhattan zu fahren.<br \/>F\u00fcr New York haben wir drei volle Tage eingeplant. Die ersten beiden Tage zu Fu\u00df, per U-Bahn und Bus und den letzten Tag selbst mit dem PKW soll das Wichtigste besichtigt werden.<br \/>Von New York wird die Reise weiter direkt nach Washington gehen. F\u00fcr Washington sind zwei volle Tage geplant. <br \/>Die weitere Route wird uns <span style=\"text-decoration: underline;\">vermutlich<\/span> \u00fcber Richmond, Virginia Beach, die Outer Banks, Wilmington, Charleston und Savannah nach Florida f\u00fchren. In Florida m\u00f6chten wir noch das letzte Space Shuttle besichtigen und dann in unser gemietetes Haus in Cape Coral einziehen. <br \/>Das Haus ist ab dem 30.06. f\u00fcr uns bezugsfertig. <br \/>F\u00fcr die Route ab Washington haben wir keinen exakten Reiseplan erstellt. Die Hauptsache ist, dass wir am 30.06. in Cape Coral sind. Dazwischen lassen wir uns treiben.<br \/>Eigentlich wollten wir unsere Mietvilla schon einen Tag fr\u00fcher beziehen und es war auch ein anderes Haus gebucht. Leider ging hier kurz vor knapp etwas furchtbar schief. Es lag eine Doppelbelegung vor und man wollte uns deswegen ein unserer Meinung nach schlechteres Haus geben. Wir haben uns dann mit der Maklerfirma schliesslich auf ein ganz anderes Haus einigen k\u00f6nnen. Zum Gl\u00fcck &#8230;<br \/>Der Heimflug wird\u00a0 am 09.07. von Fort Myers \u00fcber Charlotte nach M\u00fcnchen sein.<br \/>F\u00fcr die gesamte Zeit haben wir einen Midsize SUV von National gemietet. Der Preis ist ok, nur die happige Einwegmiete von Newark nach Fort Myers in H\u00f6he von 250 Dollar \u00e4rgert uns ein wenig.<\/p>\n<p>Der Leihwagen f\u00fcr die Fahrt zum Flughafen steht bereit, Die Koffer sind gepackt, es kann losgehen.<\/p>\n<p>Nur noch eine Nacht &#8230; \ud83d\ude42<\/p>\n<p>Viele Gr\u00fc\u00dfe<br \/>Joa<\/p>\n<p>Weiter zu: <a title=\"16.06.2011, Anreisetag\" href=\"https:\/\/www.all-for-all.de\/?page_id=1452\">16.06.2011, Anreisetag<\/a><\/p>\n","protected":false},"excerpt":{"rendered":"<p>Die Planungszeit f\u00fcr diesen Urlaub fiel\u00a0recht knapp aus. Wir haben uns erst Anfang M\u00e4rz f\u00fcr diese Route entschieden und bereits zwei Wochen sp\u00e4ter die Fl\u00fcge gebucht. Da blieb nicht viel Luft f\u00fcr eine v\u00f6llig durchdachte Routenplanung &#8230;\u00a0 \ud83d\ude09New York steht &hellip; <a href=\"https:\/\/www.all-for-all.de\/?page_id=1414\">Weiterlesen <span class=\"meta-nav\">&rarr;<\/span><\/a><\/p>\n","protected":false},"author":2,"featured_media":0,"parent":0,"menu_order":0,"comment_status":"closed","ping_status":"closed","template":"","meta":{"footnotes":""},"class_list":["post-1414","page","type-page","status-publish","hentry"],"jetpack_sharing_enabled":true,"_links":{"self":[{"href":"https:\/\/www.all-for-all.de\/index.php?rest_route=\/wp\/v2\/pages\/1414","targetHints":{"allow":["GET"]}}],"collection":[{"href":"https:\/\/www.all-for-all.de\/index.php?rest_route=\/wp\/v2\/pages"}],"about":[{"href":"https:\/\/www.all-for-all.de\/index.php?rest_route=\/wp\/v2\/types\/page"}],"author":[{"embeddable":true,"href":"https:\/\/www.all-for-all.de\/index.php?rest_route=\/wp\/v2\/users\/2"}],"replies":[{"embeddable":true,"href":"https:\/\/www.all-for-all.de\/index.php?rest_route=%2Fwp%2Fv2%2Fcomments&post=1414"}],"version-history":[{"count":0,"href":"https:\/\/www.all-for-all.de\/index.php?rest_route=\/wp\/v2\/pages\/1414\/revisions"}],"wp:attachment":[{"href":"https:\/\/www.all-for-all.de\/index.php?rest_route=%2Fwp%2Fv2%2Fmedia&parent=1414"}],"curies":[{"name":"wp","href":"https:\/\/api.w.org\/{rel}","templated":true}]}}