{"id":1387,"date":"2010-07-01T23:59:22","date_gmt":"2010-07-01T23:59:22","guid":{"rendered":"http:\/\/www.all-for-all.de\/?page_id=1387"},"modified":"2015-05-15T08:23:32","modified_gmt":"2015-05-15T07:23:32","slug":"vorwort","status":"publish","type":"page","link":"https:\/\/www.all-for-all.de\/","title":{"rendered":"Vorwort"},"content":{"rendered":"<p>Keine Ahnung wer es kann&#8230; wir k\u00f6nnen es nicht. Wir k\u00f6nnen uns nach Wochen, Monaten oder Jahren nicht mehr an alle Details eines Urlaubs erinnern.<\/p>\n<p>Deshalb gibt es diese Reiseberichte. Haupts\u00e4chlich f\u00fcr uns aber auch f\u00fcr alle die hierher eingeladen wurden. Nat\u00fcrlich auch f\u00fcr alle \u201cZufallsbesucher\u201d \ud83d\ude09<\/p>\n<p style=\"text-align: center;\"><img loading=\"lazy\" decoding=\"async\" class=\"aligncenter  wp-image-3029\" title=\"\u00dcber den Wolken...\" src=\"https:\/\/www.all-for-all.de\/wp-content\/uploads\/2010\/07\/DSC02989_klein.jpg\" alt=\"\u00dcber den Wolken...\" width=\"1024\" height=\"768\" srcset=\"https:\/\/www.all-for-all.de\/wp-content\/uploads\/2010\/07\/DSC02989_klein.jpg 1024w, https:\/\/www.all-for-all.de\/wp-content\/uploads\/2010\/07\/DSC02989_klein-300x225.jpg 300w, https:\/\/www.all-for-all.de\/wp-content\/uploads\/2010\/07\/DSC02989_klein-400x300.jpg 400w\" sizes=\"auto, (max-width: 1024px) 100vw, 1024px\" \/><\/p>\n<p>Viele Gr\u00fc\u00dfe<br \/>\nJoa<\/p>\n<p>P.S.: Da dieses &#8222;Tagebuch&#8220;\u00a0hier erst im Jahr 2010 entstanden ist, sind alle Berichte aus den Jahren zuvor nicht live und nicht direkt aus dem Urlaub erstellt worden. Diese werden aus dem Ged\u00e4chtnis und mit Hilfe aller Mitreisenden irgendwann hier nachgetragen. Alles ab dem Jahr 2010 wird, so weit wie m\u00f6glich, wie ein Tagebuch gef\u00fchrt werden. Viel viel viel Arbeit aber zumindest ist das der Plan. \ud83d\ude09<\/p>\n","protected":false},"excerpt":{"rendered":"<p>Keine Ahnung wer es kann&#8230; wir k\u00f6nnen es nicht. Wir k\u00f6nnen uns nach Wochen, Monaten oder Jahren nicht mehr an alle Details eines Urlaubs erinnern. Deshalb gibt es diese Reiseberichte. Haupts\u00e4chlich f\u00fcr uns aber auch f\u00fcr alle die hierher eingeladen &hellip; <a href=\"https:\/\/www.all-for-all.de\/\">Weiterlesen <span class=\"meta-nav\">&rarr;<\/span><\/a><\/p>\n","protected":false},"author":2,"featured_media":0,"parent":0,"menu_order":0,"comment_status":"closed","ping_status":"closed","template":"","meta":{"footnotes":""},"class_list":["post-1387","page","type-page","status-publish","hentry"],"jetpack_sharing_enabled":true,"_links":{"self":[{"href":"https:\/\/www.all-for-all.de\/index.php?rest_route=\/wp\/v2\/pages\/1387","targetHints":{"allow":["GET"]}}],"collection":[{"href":"https:\/\/www.all-for-all.de\/index.php?rest_route=\/wp\/v2\/pages"}],"about":[{"href":"https:\/\/www.all-for-all.de\/index.php?rest_route=\/wp\/v2\/types\/page"}],"author":[{"embeddable":true,"href":"https:\/\/www.all-for-all.de\/index.php?rest_route=\/wp\/v2\/users\/2"}],"replies":[{"embeddable":true,"href":"https:\/\/www.all-for-all.de\/index.php?rest_route=%2Fwp%2Fv2%2Fcomments&post=1387"}],"version-history":[{"count":0,"href":"https:\/\/www.all-for-all.de\/index.php?rest_route=\/wp\/v2\/pages\/1387\/revisions"}],"wp:attachment":[{"href":"https:\/\/www.all-for-all.de\/index.php?rest_route=%2Fwp%2Fv2%2Fmedia&parent=1387"}],"curies":[{"name":"wp","href":"https:\/\/api.w.org\/{rel}","templated":true}]}}