{"id":1384,"date":"2010-09-15T23:59:45","date_gmt":"2010-09-15T23:59:45","guid":{"rendered":"http:\/\/www.all-for-all.de\/?page_id=1384"},"modified":"2013-04-14T08:33:31","modified_gmt":"2013-04-14T08:33:31","slug":"15-09-2010-zusammenfassung","status":"publish","type":"page","link":"https:\/\/www.all-for-all.de\/?page_id=1384","title":{"rendered":"15.09.2010, Zusammenfassung"},"content":{"rendered":"<p>Die Kreditkartenabrechnungen sind mittlerweile alle eingetroffen. Alles stimmt so weit und ist in Ordnung. Der Alltag hat uns l\u00e4ngst wieder.<\/p>\n<p>Mit dem Jetlag hatten wir beide dieses Jahr h\u00e4rter wie sonst zu k\u00e4mpfen. Ich habe beinahe 2 Wochen gebraucht um wieder nachts durchschlafen zu k\u00f6nnen.<\/p>\n<p>Zusammengefasst war es ein supertoller Urlaub und unser &#8222;System&#8220; mit Rundfahrt und anschliessendem Ferienhaus mit Tagesausfl\u00fcgen hat sich zum zweiten Mal bew\u00e4hrt.<br \/>Darauf lassen sich weitere Reisen aufbauen &#8230;\u00a0 \ud83d\ude09<\/p>\n<p>Achja:<br \/>Gestern kamen 8 (!!!) Briefe von Alamo an. Ich muss insgesamt 27,50 Dollar Stra\u00dfenmaut nachbezahlen. 7,50 Dollar ist die tats\u00e4chliche Mautschuld und 20 Dollar ist die Bearbeitungsgeb\u00fchr. \ud83d\ude00<br \/>Zuerst hab ich \u00fcberhaupt nicht verstanden wie und wo und warum &#8230; Als ich das Datum n\u00e4her angesehen habe wurde es klarer.<br \/>Das war gleich am ersten Tag in Miami als wir bis Florida City gefahren sind. Da fuhren wir auf einer Mautstrasse und es gab jede Menge Schilder mit der Aufschrift &#8222;toll in progress&#8220; aber kein Kassenh\u00e4uschen um zu bezahlen. Die standen abgebaut neben der Strasse. Das geht da jetzt elektronisch und wir hatten keinen &#8222;Sunpass&#8220;.<br \/>Wieder was gelernt &#8230;. \ud83d\ude09<\/p>\n<p>Unser Laptop ist tats\u00e4chlich irreparabel defekt. Das Mainboard ist hin\u00fcber, eine Reparatur lohnt sich bei dem alten Ger\u00e4t nicht mehr. Aber immerhin bin ich noch an die Daten gekommen.<\/p>\n<p>Das Laptop das wir in den USA gekauft haben verrichtet jetzt seine Arbeit in Windhoek\/Namibia. Wir konnten uns mit dem Ger\u00e4t nie wirklich so ganz anfreunden. <br \/>Die US-Tastatur hat am meisten genervt. Ein guter Freund, der vor Jahren nach Namibia ausgewandert ist und im August zu Besuch in Deutschland war, hat es uns abgekauft.<\/p>\n<p>So viel also zum Abschlu\u00df.<\/p>\n<p>Mal sehen wann wir unseren n\u00e4chsten Urlaub planen und wohin es uns f\u00fchren wird.<br \/>\ud83d\ude09<\/p>\n<p>&nbsp;<\/p>\n<p>Viele Gr\u00fc\u00dfe<br \/>Joa<\/p>\n<p>Zur\u00fcck zu: <a title=\"19.08.2010, Landung, Heimfahrt\" href=\"https:\/\/www.all-for-all.de\/?page_id=1381\">19.08.2010, Landung, Heimfahrt<\/a><\/p>\n","protected":false},"excerpt":{"rendered":"<p>Die Kreditkartenabrechnungen sind mittlerweile alle eingetroffen. Alles stimmt so weit und ist in Ordnung. Der Alltag hat uns l\u00e4ngst wieder. Mit dem Jetlag hatten wir beide dieses Jahr h\u00e4rter wie sonst zu k\u00e4mpfen. Ich habe beinahe 2 Wochen gebraucht um &hellip; <a href=\"https:\/\/www.all-for-all.de\/?page_id=1384\">Weiterlesen <span class=\"meta-nav\">&rarr;<\/span><\/a><\/p>\n","protected":false},"author":2,"featured_media":0,"parent":0,"menu_order":0,"comment_status":"closed","ping_status":"closed","template":"","meta":{"footnotes":""},"class_list":["post-1384","page","type-page","status-publish","hentry"],"jetpack_sharing_enabled":true,"_links":{"self":[{"href":"https:\/\/www.all-for-all.de\/index.php?rest_route=\/wp\/v2\/pages\/1384","targetHints":{"allow":["GET"]}}],"collection":[{"href":"https:\/\/www.all-for-all.de\/index.php?rest_route=\/wp\/v2\/pages"}],"about":[{"href":"https:\/\/www.all-for-all.de\/index.php?rest_route=\/wp\/v2\/types\/page"}],"author":[{"embeddable":true,"href":"https:\/\/www.all-for-all.de\/index.php?rest_route=\/wp\/v2\/users\/2"}],"replies":[{"embeddable":true,"href":"https:\/\/www.all-for-all.de\/index.php?rest_route=%2Fwp%2Fv2%2Fcomments&post=1384"}],"version-history":[{"count":0,"href":"https:\/\/www.all-for-all.de\/index.php?rest_route=\/wp\/v2\/pages\/1384\/revisions"}],"wp:attachment":[{"href":"https:\/\/www.all-for-all.de\/index.php?rest_route=%2Fwp%2Fv2%2Fmedia&parent=1384"}],"curies":[{"name":"wp","href":"https:\/\/api.w.org\/{rel}","templated":true}]}}