{"id":1378,"date":"2010-08-18T23:59:04","date_gmt":"2010-08-18T23:59:04","guid":{"rendered":"http:\/\/www.all-for-all.de\/?page_id=1378"},"modified":"2021-09-16T12:17:29","modified_gmt":"2021-09-16T11:17:29","slug":"18-08-2010-heimflug","status":"publish","type":"page","link":"https:\/\/www.all-for-all.de\/?page_id=1378","title":{"rendered":"18.08.2010, Heimflug"},"content":{"rendered":"<p>Der letzte Sonnenaufgang &#8230;.<\/p>\n<p><img loading=\"lazy\" decoding=\"async\" class=\"aligncenter\" title=\"Letzter Sonnenaufgang\" src=\"https:\/\/www.all-for-all.de\/wp-content\/uploads\/2011\/06\/DSC01261_klein.jpg\" alt=\"\" width=\"640\" height=\"480\" \/><\/p>\n<p>Nach dem Aufstehen haben wir den restlichen Kleinkram in den Koffern verstaut.<br \/>\nDie darf tats\u00e4chlich keiner aufmachen. Die Schaumstoffteile springen einem wirklich entgegen. \ud83d\ude00<\/p>\n<p>Wir haben alles in unseren Ford gepackt, ich habe noch den Z\u00e4hlerstand vom Stromz\u00e4hler abfotografiert, das Auto aus der Garage gefahren und den Garagentor\u00f6ffner auf die K\u00fcchentheke gelegt. Gerade als wir gehen wollten l\u00e4utete das Telefon.<br \/>\nEs war die Hausverwaltung. Sie wollten wissen wann wir denn das Haus verlassen.<br \/>\nIch sagte, dass wir JETZT gehen und dass das so abgesprochen war. Leider wurde das wohl irgendwie verbummelt.<br \/>\nMan hat uns zugesagt, dass sofort jemand vorbei kommt und dass die Sache in maximal 5 Minuten erledigt sei. Wir m\u00f6chten doch bitte warten.<\/p>\n<p>Na gut &#8230; nach 15 Minuten kam dann tats\u00e4chlich die Hausverwalterin und wir konnten das Haus ordnungsgem\u00e4\u00df \u00fcbergeben. Ist mir so eigentlich auch lieber gewesen.<\/p>\n<p>Die Fahrt zum Flughafen in Fort Myers dauerte knapp 30 Minuten. Das Auto war schnell abgegeben und wir machten uns auf dem Weg zum Checkin von US Airways. Die waren daf\u00fcr verantwortlich, dass wir unseren Lufthansaflug in Charlotte erreichen.<\/p>\n<p>Vor dem Urlaub habe ich mich erkundigt was ein weiteres Gep\u00e4ckst\u00fcck kostet. Mir wurde gesagt, dass pro Person ein weiteres Gep\u00e4ckst\u00fcck mit max. 23kg Gewicht m\u00f6glich ist und dass dieses 50 Dollar kosten w\u00fcrde. Den Fall hatten wir ja jetzt. Der Trolley ist hinzu gekommen. Als wir das Gep\u00e4ck aufgegeben haben wollte aber keiner Geld oder Kreditkarte haben. Auch Recht &#8230; die werden sich schon melden.<\/p>\n<p>Der Flug startete p\u00fcnktlich in Fort Myers, wir landeten p\u00fcnktlich in Charlotte und auch der Anschlussflug nach M\u00fcnchen war &#8222;on time&#8220;.<\/p>\n<p><img loading=\"lazy\" decoding=\"async\" class=\"aligncenter\" title=\"US Airways\" src=\"https:\/\/www.all-for-all.de\/wp-content\/uploads\/2011\/06\/DSC01270_klein.jpg\" alt=\"\" width=\"640\" height=\"480\" \/><\/p>\n<p>Wir fliegen in die Nacht hinein.<br \/>\nFrust &#8230;. \ud83d\ude41<\/p>\n<p><img loading=\"lazy\" decoding=\"async\" class=\"aligncenter\" title=\"Heimflug\" src=\"https:\/\/www.all-for-all.de\/wp-content\/uploads\/2011\/06\/DSC01274_klein.jpg\" alt=\"\" width=\"640\" height=\"480\" \/><\/p>\n<p>&nbsp;<\/p>\n<p>Viele Gr\u00fc\u00dfe<br \/>\nJoa<\/p>\n<p>Zur\u00fcck zu: <a title=\"17.08.2010, den letzten Tag genie\u00dfen, Koffer packen :-(\" href=\"https:\/\/www.all-for-all.de\/?page_id=1375\">17.08.2010, den letzten Tag genie\u00dfen, Koffer packen \ud83d\ude41<\/a><br \/>\nWeiter zu: <a title=\"19.08.2010, Landung, Heimfahrt\" href=\"https:\/\/www.all-for-all.de\/?page_id=1381\">19.08.2010, Landung, Heimfahrt<\/a><\/p>\n","protected":false},"excerpt":{"rendered":"<p>Der letzte Sonnenaufgang &#8230;. Nach dem Aufstehen haben wir den restlichen Kleinkram in den Koffern verstaut. Die darf tats\u00e4chlich keiner aufmachen. Die Schaumstoffteile springen einem wirklich entgegen. \ud83d\ude00 Wir haben alles in unseren Ford gepackt, ich habe noch den Z\u00e4hlerstand &hellip; <a href=\"https:\/\/www.all-for-all.de\/?page_id=1378\">Weiterlesen <span class=\"meta-nav\">&rarr;<\/span><\/a><\/p>\n","protected":false},"author":2,"featured_media":0,"parent":0,"menu_order":0,"comment_status":"closed","ping_status":"closed","template":"","meta":{"footnotes":""},"class_list":["post-1378","page","type-page","status-publish","hentry"],"jetpack_sharing_enabled":true,"_links":{"self":[{"href":"https:\/\/www.all-for-all.de\/index.php?rest_route=\/wp\/v2\/pages\/1378","targetHints":{"allow":["GET"]}}],"collection":[{"href":"https:\/\/www.all-for-all.de\/index.php?rest_route=\/wp\/v2\/pages"}],"about":[{"href":"https:\/\/www.all-for-all.de\/index.php?rest_route=\/wp\/v2\/types\/page"}],"author":[{"embeddable":true,"href":"https:\/\/www.all-for-all.de\/index.php?rest_route=\/wp\/v2\/users\/2"}],"replies":[{"embeddable":true,"href":"https:\/\/www.all-for-all.de\/index.php?rest_route=%2Fwp%2Fv2%2Fcomments&post=1378"}],"version-history":[{"count":1,"href":"https:\/\/www.all-for-all.de\/index.php?rest_route=\/wp\/v2\/pages\/1378\/revisions"}],"predecessor-version":[{"id":5021,"href":"https:\/\/www.all-for-all.de\/index.php?rest_route=\/wp\/v2\/pages\/1378\/revisions\/5021"}],"wp:attachment":[{"href":"https:\/\/www.all-for-all.de\/index.php?rest_route=%2Fwp%2Fv2%2Fmedia&parent=1378"}],"curies":[{"name":"wp","href":"https:\/\/api.w.org\/{rel}","templated":true}]}}