{"id":1375,"date":"2010-08-17T23:59:00","date_gmt":"2010-08-17T23:59:00","guid":{"rendered":"http:\/\/www.all-for-all.de\/?page_id=1375"},"modified":"2021-09-16T12:16:47","modified_gmt":"2021-09-16T11:16:47","slug":"17-08-2010-den-letzten-tag-geniessen-koffer-packen","status":"publish","type":"page","link":"https:\/\/www.all-for-all.de\/?page_id=1375","title":{"rendered":"17.08.2010, den letzten Tag genie\u00dfen, Koffer packen :-("},"content":{"rendered":"<p>Es ist heute tats\u00e4chlich der letzte volle Urlaubstag in Florida. Wo ist nur die Zeit geblieben? Ich fasse es nicht &#8230;\u00a0\u00a0 \ud83d\ude41<\/p>\n<p>Wir haben uns noch einmal ein herrliches Fr\u00fchst\u00fcck am Pool geg\u00f6nnt und dabei so weit es m\u00f6glich war die &#8222;Reste&#8220; aus dem K\u00fchlschrank verwertet. Irgendwie kaufen wir immer zu viel ein. Das w\u00fcrde noch locker f\u00fcr 3 weitere Personen reichen. Und obwohl wir uns den ganzen Tag \u00fcber immer wieder an den Vorr\u00e4ten vergriffen haben, ist zu viel \u00fcbrig. Schade um die guten Sachen &#8230;<\/p>\n<p>Am sp\u00e4ten Nachmittag musste es dann sein &#8230; Koffer packen *nerv*<br \/>\nWir haben zwar kaum Klamotten, Schuhe, etc eingekauft aber zusammen mit dem Laptop wird es jetzt \u00fcbelst knapp mit der 430,-\u20ac Einfuhrgrenze. Also hiess es die Kreditkartenabrechnungen zu sortieren. Ich bin mir sicher, dass uns ausgerechnet dieses Mal der Zoll filzt. Am Ende mussten ein paar Quittungen leider in dem M\u00fclleimer wandern. Es waren umgerechnet ca. 50,-\u20ac aber ich liefere dem Zoll sicher nicht auch noch selbst den Beweis mit.<br \/>\nIch war noch lange am \u00fcberlegen ob ich das defekte Laptop hier wegwerfen soll. Aber vielleicht fehlt ja wirklich nur eine Kleinigkeit und dann w\u00e4re es schade drum. Genauer kann ich das erst zu Hause \u00fcberpr\u00fcfen. Also &#8230; dann geht das Ding eben wieder mit.<\/p>\n<p>Abgeflogen sind wir mit zwei gro\u00dfen Hartschalenkoffern. Nach Hause geht es mit einem zus\u00e4tzlichen Trolley. Der w\u00e4re aber gar nicht unbedingt n\u00f6tig gewesen.<br \/>\nDaf\u00fcr haben wir jetzt sogar noch Platz f\u00fcr unsere gekauften Schwimmhilfen aus Schaumstoff (kurz: &#8222;Schwimmw\u00fcrste&#8220; \ud83d\ude00 ).<br \/>\nEs darf nur keiner die Koffer \u00f6ffnen. Die Dinger springen sofort raus wie bei diesen Scherzartikeldosen mit den Springschlangen. Alleine der Gedanke bringt uns zum Lachen.<br \/>\nIch stelle mir vor wie jemand von der TSA in Panik auf unsere Koffer und\/oder die &#8222;Schwimmw\u00fcrste&#8220; schiesst &#8230; *gr\u00f6hl*<\/p>\n<p><img loading=\"lazy\" decoding=\"async\" class=\"aligncenter\" title=\"Schwimmw\u00fcrste\" src=\"https:\/\/www.all-for-all.de\/wp-content\/uploads\/2011\/06\/Schwimmw\u00fcrste.jpg\" alt=\"\" width=\"337\" height=\"280\" \/><\/p>\n<p>Von der Hausverwaltung hat sich allerdings niemand sehen lassen und ans Telefon geht auch niemand. Naja, kann ich nicht \u00e4ndern. Ich habe es gesagt. Dann lege ich morgen eben einen netten kleinen Brief hin, packe den Haust\u00fcrschl\u00fcssel wieder in den Schl\u00fcsselsafe und das wars. Wird schon klappen. Das Haus ist ja v\u00f6llig in Ordnung.<\/p>\n<p>Florida schenkte uns am letzten Abend noch einen wundersch\u00f6nen Sonnenuntergang.<img loading=\"lazy\" decoding=\"async\" class=\"aligncenter\" title=\"Letzter Sonnenuntergang\" src=\"https:\/\/www.all-for-all.de\/wp-content\/uploads\/2011\/06\/DSC01212_klein.jpg\" alt=\"\" width=\"640\" height=\"480\" \/><\/p>\n<p>&nbsp;<\/p>\n<p>Viele Gr\u00fc\u00dfe<br \/>\nJoa<\/p>\n<p>Zur\u00fcck zu: <a title=\"16.08.2010, Erholung pur\" href=\"https:\/\/www.all-for-all.de\/?page_id=1372\">16.08.2010, Erholung pur<\/a><br \/>\nWeiter zu: <a title=\"Heimflug\" href=\"https:\/\/www.all-for-all.de\/?page_id=1378\">18.08.2010, Heimflug<\/a><\/p>\n","protected":false},"excerpt":{"rendered":"<p>Es ist heute tats\u00e4chlich der letzte volle Urlaubstag in Florida. Wo ist nur die Zeit geblieben? Ich fasse es nicht &#8230;\u00a0\u00a0 \ud83d\ude41 Wir haben uns noch einmal ein herrliches Fr\u00fchst\u00fcck am Pool geg\u00f6nnt und dabei so weit es m\u00f6glich war &hellip; <a href=\"https:\/\/www.all-for-all.de\/?page_id=1375\">Weiterlesen <span class=\"meta-nav\">&rarr;<\/span><\/a><\/p>\n","protected":false},"author":2,"featured_media":0,"parent":0,"menu_order":0,"comment_status":"closed","ping_status":"closed","template":"","meta":{"footnotes":""},"class_list":["post-1375","page","type-page","status-publish","hentry"],"jetpack_sharing_enabled":true,"_links":{"self":[{"href":"https:\/\/www.all-for-all.de\/index.php?rest_route=\/wp\/v2\/pages\/1375","targetHints":{"allow":["GET"]}}],"collection":[{"href":"https:\/\/www.all-for-all.de\/index.php?rest_route=\/wp\/v2\/pages"}],"about":[{"href":"https:\/\/www.all-for-all.de\/index.php?rest_route=\/wp\/v2\/types\/page"}],"author":[{"embeddable":true,"href":"https:\/\/www.all-for-all.de\/index.php?rest_route=\/wp\/v2\/users\/2"}],"replies":[{"embeddable":true,"href":"https:\/\/www.all-for-all.de\/index.php?rest_route=%2Fwp%2Fv2%2Fcomments&post=1375"}],"version-history":[{"count":1,"href":"https:\/\/www.all-for-all.de\/index.php?rest_route=\/wp\/v2\/pages\/1375\/revisions"}],"predecessor-version":[{"id":5020,"href":"https:\/\/www.all-for-all.de\/index.php?rest_route=\/wp\/v2\/pages\/1375\/revisions\/5020"}],"wp:attachment":[{"href":"https:\/\/www.all-for-all.de\/index.php?rest_route=%2Fwp%2Fv2%2Fmedia&parent=1375"}],"curies":[{"name":"wp","href":"https:\/\/api.w.org\/{rel}","templated":true}]}}