{"id":1369,"date":"2010-08-15T23:59:46","date_gmt":"2010-08-15T23:59:46","guid":{"rendered":"http:\/\/www.all-for-all.de\/?page_id=1369"},"modified":"2013-04-14T08:52:58","modified_gmt":"2013-04-14T08:52:58","slug":"15-08-2010-best-buy-bass-pro-shop-pool","status":"publish","type":"page","link":"https:\/\/www.all-for-all.de\/?page_id=1369","title":{"rendered":"15.08.2010, Best Buy &#8211; Bass Pro Shop &#8211; Pool"},"content":{"rendered":"<p>Eigentlich wollten wir an unseren letzten Urlaubstagen gar nicht mehr aus dem Haus gehen. Einfach ein paar Tage am St\u00fcck gar nichts machen hat auch seinen Reiz.<br \/>Dann war da aber noch die Sache mit dem PATA-auf-USB-Adapter. Ich wollte an die Daten des defekten Laptops. Best Buy schien mir daf\u00fcr die richtige Adresse zu sein. Also auf nach Fort Myers in besagten shop.<br \/>Am Eingang haben wir noch schnell die ausgebaute HDU markieren lassen (zum Beweis dass es unsere ist) und sind dann durch die Regale geirrt. Es gab Adapter f\u00fcr so ziemlich alles &#8230; nur nicht den den wir ben\u00f6tigen. <br \/>Ein hilfsbereiter Mitarbeiter erkl\u00e4rte mir dann, dass sie so etwas nicht haben aber sie k\u00f6nnten es bestellen. Hmpf &#8230; wir haben dankend abgelehnt und sind wieder gegangen.<\/p>\n<p>Na gut &#8230; dann eben nicht. Zu Hause habe ich so einen Adapter. Dann muss ich eben so lange warten.<\/p>\n<p>Auf der Suche nach einem Starbucks kamen wir zuf\u00e4llig am Bass Pro Shop vorbei. Prima! Da wollte ich ja sowieso ein bisschen st\u00f6bern, hatte das aber v\u00f6llig vergessen.<\/p>\n<p>Die Zeit verging rasend schnell und bis wir wieder in unserem Haus in Cape Coral waren, war es schon wieder fast 15:00 Uhr.<\/p>\n<p>Ab auf die Terrasse &#8230; Urlaubstagebuch nochmals durchgehen, schwimmen, d\u00f6sen, Eis essen, nichts machen. Herrlich!<\/p>\n<p>&nbsp;<\/p>\n<p>Viele Gr\u00fc\u00dfe<br \/>Joa<\/p>\n<p>Zur\u00fcck zu: <a title=\"14.08.2010, Sanibel Thriller\" href=\"https:\/\/www.all-for-all.de\/?page_id=1366\">14.08.2010, Sanibel Thriller<\/a><br \/>Weiter zu: <a title=\"16.08.2010, Erholung pur\" href=\"https:\/\/www.all-for-all.de\/?page_id=1372\">16.08.2010, Erholung pur<\/a><\/p>\n","protected":false},"excerpt":{"rendered":"<p>Eigentlich wollten wir an unseren letzten Urlaubstagen gar nicht mehr aus dem Haus gehen. Einfach ein paar Tage am St\u00fcck gar nichts machen hat auch seinen Reiz.Dann war da aber noch die Sache mit dem PATA-auf-USB-Adapter. Ich wollte an die &hellip; <a href=\"https:\/\/www.all-for-all.de\/?page_id=1369\">Weiterlesen <span class=\"meta-nav\">&rarr;<\/span><\/a><\/p>\n","protected":false},"author":2,"featured_media":0,"parent":0,"menu_order":0,"comment_status":"closed","ping_status":"closed","template":"","meta":{"footnotes":""},"class_list":["post-1369","page","type-page","status-publish","hentry"],"jetpack_sharing_enabled":true,"_links":{"self":[{"href":"https:\/\/www.all-for-all.de\/index.php?rest_route=\/wp\/v2\/pages\/1369","targetHints":{"allow":["GET"]}}],"collection":[{"href":"https:\/\/www.all-for-all.de\/index.php?rest_route=\/wp\/v2\/pages"}],"about":[{"href":"https:\/\/www.all-for-all.de\/index.php?rest_route=\/wp\/v2\/types\/page"}],"author":[{"embeddable":true,"href":"https:\/\/www.all-for-all.de\/index.php?rest_route=\/wp\/v2\/users\/2"}],"replies":[{"embeddable":true,"href":"https:\/\/www.all-for-all.de\/index.php?rest_route=%2Fwp%2Fv2%2Fcomments&post=1369"}],"version-history":[{"count":0,"href":"https:\/\/www.all-for-all.de\/index.php?rest_route=\/wp\/v2\/pages\/1369\/revisions"}],"wp:attachment":[{"href":"https:\/\/www.all-for-all.de\/index.php?rest_route=%2Fwp%2Fv2%2Fmedia&parent=1369"}],"curies":[{"name":"wp","href":"https:\/\/api.w.org\/{rel}","templated":true}]}}