{"id":1366,"date":"2010-08-14T23:59:14","date_gmt":"2010-08-14T23:59:14","guid":{"rendered":"http:\/\/www.all-for-all.de\/?page_id=1366"},"modified":"2021-09-16T12:16:10","modified_gmt":"2021-09-16T11:16:10","slug":"14-08-2010-sanibel-thriller","status":"publish","type":"page","link":"https:\/\/www.all-for-all.de\/?page_id=1366","title":{"rendered":"14.08.2010, Sanibel Thriller"},"content":{"rendered":"<p>W\u00e4hrend des heutigen Fr\u00fchst\u00fccks hat uns der Weather Channel bestes Wetter f\u00fcr den ganzen Tag versprochen. Sehr sch\u00f6n! Auf nach Sanibel!!<\/p>\n<p>Gem\u00fctlich haben wir uns auf die Fahrt nach Sanibel gemacht und kamen dann aber trotzdem knapp zwei Stunden vor dem Abfahrtstermin am Hafen an. Unser Starttermin war f\u00fcr 13:00 Uhr festgesetzt.<br \/>\nWenigstens waren wir im Anmeldeb\u00fcro alleine und mussten nicht anstehen.<br \/>\n<img loading=\"lazy\" decoding=\"async\" class=\"aligncenter\" title=\"Sanibel Thriller\" src=\"https:\/\/www.all-for-all.de\/wp-content\/uploads\/2011\/04\/DSC00685_klein.jpg\" alt=\"\" width=\"640\" height=\"480\" \/><\/p>\n<p>Um die Wartezeit zu \u00fcberbr\u00fccken sind wir noch ein wenig durch den Hafen spaziert um die Boote zu betrachten. Da waren ganz nette Dinger dabei. \ud83d\ude09<\/p>\n<p>Als das &#8222;Thriller Boot&#8220; von der aktuellen Fahrt zur\u00fcck kam sind wir langsam wieder zum Anlegesteg gelaufen.<br \/>\n<img loading=\"lazy\" decoding=\"async\" class=\"aligncenter\" title=\"Sanibel Thriller\" src=\"https:\/\/www.all-for-all.de\/wp-content\/uploads\/2011\/04\/DSC00695_klein.jpg\" alt=\"\" width=\"640\" height=\"480\" \/><\/p>\n<p>Dort gab es Warteb\u00e4nke welchen durch Sonnenschirme etwas Schatten gespendet wurde. Dennoch war die Mittagshitze dort beinahe unertr\u00e4glich. W\u00e4hrend das Boot f\u00fcr unsere Fahrt vorbereitet wurde, wurden wir regelrecht gegart. \ud83d\ude00<br \/>\n<img loading=\"lazy\" decoding=\"async\" class=\"aligncenter\" title=\"Sanibel Thriller\" src=\"https:\/\/www.all-for-all.de\/wp-content\/uploads\/2011\/04\/DSC00683_klein.jpg\" alt=\"\" width=\"640\" height=\"480\" \/><\/p>\n<p><img loading=\"lazy\" decoding=\"async\" class=\"aligncenter\" title=\"Sanibel Thriller\" src=\"https:\/\/www.all-for-all.de\/wp-content\/uploads\/2011\/04\/DSC00682_klein.jpg\" alt=\"\" width=\"640\" height=\"480\" \/><\/p>\n<p><img loading=\"lazy\" decoding=\"async\" class=\"aligncenter\" title=\"Sanibel Thriller\" src=\"https:\/\/www.all-for-all.de\/wp-content\/uploads\/2011\/04\/DSC01160_klein.jpg\" alt=\"\" width=\"640\" height=\"480\" \/><\/p>\n<p>W\u00e4hrend der Fahrt aus dem Hafen hat sich uns die Crew vorgestellt und uns ganz kurz ein paar Sicherheitsanweisungen verpasst. Zu Michael Jackson`s &#8222;Thriller&#8220; gab unser Kapit\u00e4n dann Gas. 2x 440 V8-PS klingen herrlich. Klasse Show!<br \/>\n<img loading=\"lazy\" decoding=\"async\" class=\"aligncenter\" title=\"Sanibel Thriller\" src=\"https:\/\/www.all-for-all.de\/wp-content\/uploads\/2011\/04\/DSC00706_klein.jpg\" alt=\"\" width=\"640\" height=\"480\" \/><\/p>\n<p>Uns wurde \u00fcber Lautsprecher einiges zur Insel, zu diversen Geb\u00e4uden und Villen entlang unserer Route erz\u00e4hlt bis unser Kapit\u00e4n die Fahrt verlangsamte und einen weiten Bogen fuhr. Zuerst sah ich den Sinn des Man\u00f6vers nicht ganz. Als dann aber beinahe gleichzeitig den hinteren Reihen ein &#8222;AHHHH!&#8220; und &#8222;OHHHHHH&#8220; entfuhr verstand ich&#8230; Die ersten Delphine des Tages!<br \/>\nMan h\u00f6rte fast nur noch das Klicken von Kameras. Biggy hat es auch versucht aber die Tiere waren immer nur sehr kurz zu sehen. Einen der Delphine auf ein Bild zu bekommen gleicht einem Gl\u00fccksspiel. Ohne Digitalkamera w\u00e4re das Unterfangen eigentlich nicht bezahlbar. \ud83d\ude00<br \/>\nAuf ca. 500 geschossenen Bildern hatten wir dann doch ein paar Treffer.<br \/>\n<img loading=\"lazy\" decoding=\"async\" class=\"aligncenter\" title=\"Sanibel Thriller\" src=\"https:\/\/www.all-for-all.de\/wp-content\/uploads\/2011\/04\/DSC00721_klein.jpg\" alt=\"\" width=\"640\" height=\"480\" \/><\/p>\n<p><img loading=\"lazy\" decoding=\"async\" class=\"aligncenter\" title=\"Sanibel Thriller\" src=\"https:\/\/www.all-for-all.de\/wp-content\/uploads\/2011\/04\/DSC00725_klein.jpg\" alt=\"\" width=\"640\" height=\"480\" \/><\/p>\n<p><img loading=\"lazy\" decoding=\"async\" class=\"aligncenter\" title=\"Sanibel Thriller\" src=\"https:\/\/www.all-for-all.de\/wp-content\/uploads\/2011\/04\/DSC00930_klein.jpg\" alt=\"\" width=\"640\" height=\"480\" \/><\/p>\n<p><img loading=\"lazy\" decoding=\"async\" class=\"aligncenter\" title=\"Sanibel Thriller\" src=\"https:\/\/www.all-for-all.de\/wp-content\/uploads\/2011\/04\/DSC01003_klein.jpg\" alt=\"\" width=\"640\" height=\"480\" \/><\/p>\n<p><img loading=\"lazy\" decoding=\"async\" class=\"aligncenter\" title=\"Sanibel Thriller\" src=\"https:\/\/www.all-for-all.de\/wp-content\/uploads\/2011\/04\/DSC01054_klein.jpg\" alt=\"\" width=\"640\" height=\"480\" \/><\/p>\n<p>Immer wenn die Delphine genug von uns hatten und abdrehten, ging die Fahrt weiter bis zum n\u00e4chsten Punkt.<\/p>\n<p>Nach knapp zwei Stunden liefen wir wieder im Hafen ein. Die Fahrt war wirklich Spitzenklasse und f\u00fcr den Preis von schlappen $42\/Person mehr als lohnenswert.<br \/>\nBevor wir die Insel verlie\u00dfen, sind wir noch in &#8222;unseren&#8220; T-Shirt Shop shoppen gegangen. Im T-Shirt Hut gibt es immer tolle T-Shirts mit Top-Qualit\u00e4t. Sechs St\u00fcck haben wir eingesackt und dann ging es zur\u00fcck nach Cape Coral.<br \/>\nAbends beim Sprung in den Pool haben wir bemerkt, dass wir dummerweise doch zu viel Sonnencreme gespart haben. Besonders an den Knien. \ud83d\ude00<br \/>\nWar klar &#8230; jedes Jahr verbrennen wir uns auf Sanibel. Entweder am Bowmans Beach &#8230; oder eben dieses Mal auf dem Wasser.<\/p>\n<p>Erst beim Sichten der Fotos ist mir eingefallen, dass ich den GPS Logger mit aufs Boot h\u00e4tte nehmen k\u00f6nnen. Die Route w\u00e4re interessant gewesen.<br \/>\n*fluch*<\/p>\n<p>Viele Gr\u00fc\u00dfe<br \/>\nJoa<\/p>\n<p>Zur\u00fcck zu: <a title=\"13.08.2010, Loop Road!\" href=\"https:\/\/www.all-for-all.de\/?page_id=1363\">13.08.2010, Loop Road!<\/a><br \/>\nWeiter zu: <a title=\"15.08.2010, Best Buy \u2013 Bass Pro Shop \u2013 Pool\" href=\"https:\/\/www.all-for-all.de\/?page_id=1369\">15.08.2010, Best Buy \u2013 Bass Pro Shop \u2013 Pool<\/a><\/p>\n","protected":false},"excerpt":{"rendered":"<p>W\u00e4hrend des heutigen Fr\u00fchst\u00fccks hat uns der Weather Channel bestes Wetter f\u00fcr den ganzen Tag versprochen. Sehr sch\u00f6n! Auf nach Sanibel!! Gem\u00fctlich haben wir uns auf die Fahrt nach Sanibel gemacht und kamen dann aber trotzdem knapp zwei Stunden vor &hellip; <a href=\"https:\/\/www.all-for-all.de\/?page_id=1366\">Weiterlesen <span class=\"meta-nav\">&rarr;<\/span><\/a><\/p>\n","protected":false},"author":2,"featured_media":0,"parent":0,"menu_order":0,"comment_status":"closed","ping_status":"closed","template":"","meta":{"footnotes":""},"class_list":["post-1366","page","type-page","status-publish","hentry"],"jetpack_sharing_enabled":true,"_links":{"self":[{"href":"https:\/\/www.all-for-all.de\/index.php?rest_route=\/wp\/v2\/pages\/1366","targetHints":{"allow":["GET"]}}],"collection":[{"href":"https:\/\/www.all-for-all.de\/index.php?rest_route=\/wp\/v2\/pages"}],"about":[{"href":"https:\/\/www.all-for-all.de\/index.php?rest_route=\/wp\/v2\/types\/page"}],"author":[{"embeddable":true,"href":"https:\/\/www.all-for-all.de\/index.php?rest_route=\/wp\/v2\/users\/2"}],"replies":[{"embeddable":true,"href":"https:\/\/www.all-for-all.de\/index.php?rest_route=%2Fwp%2Fv2%2Fcomments&post=1366"}],"version-history":[{"count":1,"href":"https:\/\/www.all-for-all.de\/index.php?rest_route=\/wp\/v2\/pages\/1366\/revisions"}],"predecessor-version":[{"id":5019,"href":"https:\/\/www.all-for-all.de\/index.php?rest_route=\/wp\/v2\/pages\/1366\/revisions\/5019"}],"wp:attachment":[{"href":"https:\/\/www.all-for-all.de\/index.php?rest_route=%2Fwp%2Fv2%2Fmedia&parent=1366"}],"curies":[{"name":"wp","href":"https:\/\/api.w.org\/{rel}","templated":true}]}}