{"id":1363,"date":"2010-08-13T23:59:45","date_gmt":"2010-08-13T23:59:45","guid":{"rendered":"http:\/\/www.all-for-all.de\/?page_id=1363"},"modified":"2021-09-16T12:14:40","modified_gmt":"2021-09-16T11:14:40","slug":"13-08-2010-loop-road","status":"publish","type":"page","link":"https:\/\/www.all-for-all.de\/?page_id=1363","title":{"rendered":"13.08.2010, Loop Road!"},"content":{"rendered":"<p>Bestes Wetter heute! Keine Wolke am Himmel. Dieses Mal werden wir die sagenumwobene Loop Road in Angriff nehmen.<br \/>\nIn vielen USA-Internetforen kann man etwas \u00fcber die Strecke lesen. Sie liegt relativ gut versteckt am Highway 41 (Tamiami Trail) Zwischen Naples und Miami. Es handelt sich dabei um eine unbefestigte, ca. 40km lange Strecke durch die Everglades.<br \/>\nEs wird sehr empfohlen einen Offroader zu fahren.<\/p>\n<p>Vor dem Fr\u00fchst\u00fcck habe ich zuerst nach dem Rasensprenger gesehen. Das Ding lief immer noch. Hinter dem Haus hatten sich ganze Seenlandschaften gebildet. Also schnell die Hausverwaltung angerufen und das Problem geschildert. Man werde sich darum k\u00fcmmern&#8230;<\/p>\n<p>Nach dem ausgiebigen Fr\u00fchst\u00fcck sind wir ins Auto gestiegen und zuerst Richtung Naples und Naples Beach gefahren. Einfach mal ein wenig die Stadt und die H\u00e4user dort ansehen. F\u00fcr Naples sollte man sich etwas mehr Zeit nehmen aber die hatten wir heute leider nicht. Einmal nur durchfahren wird der Stadt nicht gerecht.<br \/>\n<img loading=\"lazy\" decoding=\"async\" class=\"aligncenter\" title=\"Anfahrt auf Naples\" src=\"https:\/\/www.all-for-all.de\/wp-content\/uploads\/2011\/04\/DSC00615_klein.jpg\" alt=\"\" width=\"640\" height=\"480\" \/><\/p>\n<p><img loading=\"lazy\" decoding=\"async\" class=\"aligncenter\" title=\"Ortsschild Naples\" src=\"https:\/\/www.all-for-all.de\/wp-content\/uploads\/2011\/04\/DSC00622_klein.jpg\" alt=\"\" width=\"640\" height=\"480\" \/><\/p>\n<p><img loading=\"lazy\" decoding=\"async\" class=\"aligncenter\" title=\"Ortsschild Naples Beach\" src=\"https:\/\/www.all-for-all.de\/wp-content\/uploads\/2011\/04\/DSC00617_klein.jpg\" alt=\"\" width=\"640\" height=\"480\" \/><\/p>\n<p><img loading=\"lazy\" decoding=\"async\" class=\"aligncenter\" title=\"Naples Beach\" src=\"https:\/\/www.all-for-all.de\/wp-content\/uploads\/2011\/04\/DSC00618_klein.jpg\" alt=\"\" width=\"640\" height=\"480\" \/><\/p>\n<p><img loading=\"lazy\" decoding=\"async\" class=\"aligncenter\" title=\"Naples\" src=\"https:\/\/www.all-for-all.de\/wp-content\/uploads\/2011\/04\/DSC00620_klein.jpg\" alt=\"\" width=\"640\" height=\"480\" \/><\/p>\n<p>Lange haben wir uns nicht in Naples und Naples Beach aufgehalten. Da es noch fr\u00fcher Vormittag war, beschlossen wir noch einen Abstecher nach Marco Island einzulegen. Auf der Fahrt aus Naples heraus kamen wir noch an einem echten &#8222;Br\u00fcller&#8220; vorbei.<br \/>\nBei Walgreens kann man zu seiner Grippeimpfung gleich noch ein kaltes Bier bekommen. \ud83d\ude00<br \/>\n<img loading=\"lazy\" decoding=\"async\" class=\"aligncenter\" title=\"Grippeimpfung mit Bier\" src=\"https:\/\/www.all-for-all.de\/wp-content\/uploads\/2011\/04\/DSC00624_klein.jpg\" alt=\"\" width=\"640\" height=\"480\" \/><\/p>\n<p>Marco Island empfanden wir als ein mit Villen und Hotels zugepflastertes St\u00fcck Land das nicht besonders sehenswert war.<br \/>\n<img loading=\"lazy\" decoding=\"async\" class=\"aligncenter\" title=\"Marco Island\" src=\"https:\/\/www.all-for-all.de\/wp-content\/uploads\/2011\/04\/DSC00628_klein.jpg\" alt=\"\" width=\"640\" height=\"480\" \/><\/p>\n<p><img loading=\"lazy\" decoding=\"async\" class=\"aligncenter\" title=\"Marco Island Beach\" src=\"https:\/\/www.all-for-all.de\/wp-content\/uploads\/2011\/04\/DSC00632_klein.jpg\" alt=\"\" width=\"640\" height=\"480\" \/><\/p>\n<p>Auf dem weiteren Weg Richtung Loop Road sind wir noch nach Everglades City in den National Park abgebogen.<br \/>\n<img loading=\"lazy\" decoding=\"async\" class=\"aligncenter\" title=\"Everglades National Park\" src=\"https:\/\/www.all-for-all.de\/wp-content\/uploads\/2011\/04\/DSC00636_klein.jpg\" alt=\"\" width=\"640\" height=\"480\" \/><\/p>\n<p>Dort wurden an jeder Ecke sogenannte Airboat Touren angeboten. Gereizt h\u00e4tte mich das schon aber wir hatten heute ja etwas anderes vor. Wir werden uns das auf jeden Fall vormerken. Vielleicht im n\u00e4chsten Urlaub.<br \/>\n<img loading=\"lazy\" decoding=\"async\" class=\"aligncenter\" title=\"Everglades City\" src=\"https:\/\/www.all-for-all.de\/wp-content\/uploads\/2011\/04\/DSC00639_klein.jpg\" alt=\"\" width=\"640\" height=\"480\" \/><\/p>\n<p><img loading=\"lazy\" decoding=\"async\" class=\"aligncenter\" title=\"Byebye National Park\" src=\"https:\/\/www.all-for-all.de\/wp-content\/uploads\/2011\/04\/DSC00642_klein.jpg\" alt=\"\" width=\"640\" height=\"480\" \/><\/p>\n<p>Irgendwie habe ich es nicht geschafft die Loop Road ins TomTom zu programmieren. Es musste also wieder die gute alte Landkarte herhalten. Die nutzt einem aber nicht viel wenn man die genaue Lage des Ziels nicht kennt. Rein gef\u00fchlsm\u00e4\u00dfig konnte die Einfahrt aber nicht mehr weit sein.<br \/>\nSchlie\u00dflich haben wir die Einfahrt dann doch noch gefunden. Die Loop Road beginnt direkt an der mittlerweile geschlossenen Monroe Station. Dort ist absolut Nichts in Sachen &#8222;Loop Road&#8220; angeschrieben. Es gibt dort aber nur einen einzigen ungepflasterten Weg der wegf\u00fchrt. Das ist die Loop Road.<\/p>\n<p>Direkt an der Einfahrt steht dieses Warnschild:<br \/>\n<img loading=\"lazy\" decoding=\"async\" class=\"aligncenter\" title=\"Warnschild\" src=\"https:\/\/www.all-for-all.de\/wp-content\/uploads\/2011\/04\/DSC00643_klein.jpg\" alt=\"\" width=\"640\" height=\"480\" \/><\/p>\n<p>Anfangs sah die &#8222;Stra\u00dfe&#8220; gar nicht so schlimm aus.<br \/>\n<img loading=\"lazy\" decoding=\"async\" class=\"aligncenter\" title=\"Loop Road\" src=\"https:\/\/www.all-for-all.de\/wp-content\/uploads\/2011\/04\/DSC00644_klein.jpg\" alt=\"\" width=\"640\" height=\"480\" \/><\/p>\n<p>Ach was &#8230; pl\u00f6tzlich w\u00fcrde man die Loop Road kennen?<br \/>\n<img loading=\"lazy\" decoding=\"async\" class=\"aligncenter\" title=\"TomTom kennt alles ... wenn es will\" src=\"https:\/\/www.all-for-all.de\/wp-content\/uploads\/2011\/04\/DSC00645_klein.jpg\" alt=\"\" width=\"640\" height=\"480\" \/><\/p>\n<p>Wir haben den Fehler gemacht, direkt nach der Einfahrt am Gator Hook Trailhead aus dem Auto auszusteigen. Wir kamen keine 100m weit. Trotz massivem Einsatz von M\u00fcckenschutz wurden wir fast aufgefressen.<br \/>\n<img loading=\"lazy\" decoding=\"async\" class=\"aligncenter\" title=\"Gator Hook Trailhead\" src=\"https:\/\/www.all-for-all.de\/wp-content\/uploads\/2011\/04\/DSC00647_klein.jpg\" alt=\"\" width=\"640\" height=\"480\" \/><\/p>\n<p>Wir sind panisch zur\u00fcck ins Auto gerannt. Idiotischerweise bin ich gleich losgefahren und musste im Auto noch ein paar M\u00fccken w\u00e4hrend der Fahrt t\u00f6ten. Dabei habe ich die Fahrbahn nicht mehr so richtig im Blick gehabt. Ein Schrei neben mir l\u00f6ste eine Notbremsung aus. Gerade noch rechtzeitig &#8230; ich h\u00e4tte beinahe einen etwa 1,50m Gator \u00fcberfahren. \ud83d\ude2e<br \/>\nDer hatte es dann aber eilig von der Stra\u00dfe zu kommen. F\u00fcr ein Foto hat es nicht mehr gereicht. Also Augen auf der Stra\u00dfe halten!<\/p>\n<p>Das n\u00e4chste Schild ging mir dann w\u00e4hrend der gesamten Fahrt auf der Loop Road nicht mehr aus dem Kopf. Ich habe mich immer wieder gefragt ob ich diese letzte Chance nicht besser genutzt h\u00e4tte. \ud83d\ude00<br \/>\n<img loading=\"lazy\" decoding=\"async\" class=\"aligncenter\" title=\"Dreh lieber um!\" src=\"https:\/\/www.all-for-all.de\/wp-content\/uploads\/2011\/04\/DSC00646_klein.jpg\" alt=\"\" width=\"640\" height=\"480\" \/><\/p>\n<p>Der Zustand der Strasse \u00e4nderte sich schlagartig dramatisch. Wasserpf\u00fctzen darf man das eigentlich gar nicht mehr nennen. Die Dinger waren zum Teil so tief, dass uns das dreckige Wasser manchmal von vorn \u00fcber die Motorhaube lief. Ich hatte immer wieder das Bild eines tauchenden U-Boots vor Augen. \ud83d\ude00<br \/>\nDie Tiefe ist auf den Fotos gar nicht zu erkennen. Obendrein waren diese &#8222;Pf\u00fctzen&#8220; mit gro\u00dfen Steinen gespickt. Hier ist wirklich extrem langsames Fahren angesagt. Eine Reifenpanne w\u00e4re der Horror.<br \/>\n<img loading=\"lazy\" decoding=\"async\" class=\"aligncenter\" title=\"Armes Auto\" src=\"https:\/\/www.all-for-all.de\/wp-content\/uploads\/2011\/04\/DSC00655_klein.jpg\" alt=\"\" width=\"640\" height=\"480\" \/><\/p>\n<p><img loading=\"lazy\" decoding=\"async\" class=\"aligncenter\" title=\"Tauchen!\" src=\"https:\/\/www.all-for-all.de\/wp-content\/uploads\/2011\/04\/DSC00665_klein.jpg\" alt=\"\" width=\"640\" height=\"480\" \/><\/p>\n<p>Trotzdem gab es nat\u00fcrlich auch einiges von der Sumpflandschaft der Everglades zu sehen. Allerdings nur aus dem Auto heraus. Raus zu den blutsaugenden Bestien wollten wir nicht mehr \ud83d\ude09<br \/>\n<img loading=\"lazy\" decoding=\"async\" class=\"aligncenter\" title=\"Everglades\" src=\"https:\/\/www.all-for-all.de\/wp-content\/uploads\/2011\/04\/DSC00659_klein.jpg\" alt=\"\" width=\"640\" height=\"480\" \/><\/p>\n<p><img loading=\"lazy\" decoding=\"async\" class=\"aligncenter\" title=\"Everglades\" src=\"https:\/\/www.all-for-all.de\/wp-content\/uploads\/2011\/04\/DSC00660_klein.jpg\" alt=\"\" width=\"640\" height=\"480\" \/><\/p>\n<p><img loading=\"lazy\" decoding=\"async\" class=\"aligncenter\" title=\"Everglades\" src=\"https:\/\/www.all-for-all.de\/wp-content\/uploads\/2011\/04\/DSC00661_klein.jpg\" alt=\"\" width=\"640\" height=\"480\" \/><\/p>\n<p><img loading=\"lazy\" decoding=\"async\" class=\"aligncenter\" title=\"Everglades\" src=\"https:\/\/www.all-for-all.de\/wp-content\/uploads\/2011\/04\/DSC00662_klein.jpg\" alt=\"\" width=\"640\" height=\"480\" \/><\/p>\n<p>Ich bin kein Offroadfahrer und daher sehe ich das vielleicht \u00fcbertrieben. Aber obwohl wir hier im Urlaub einen Ford Escape (Crossover, kein 4&#215;4!) fahren, dachte ich die Kiste bricht auseinander. Die Fahrt war definitiv eine Tortur f\u00fcr das Auto.<br \/>\nAm Ende der Loop Road steht dann tats\u00e4chlich sogar ein Hinweisschild.<br \/>\n<img loading=\"lazy\" decoding=\"async\" class=\"aligncenter\" title=\"Hinweisschild Loop Road\" src=\"https:\/\/www.all-for-all.de\/wp-content\/uploads\/2011\/04\/DSC00667_klein.jpg\" alt=\"\" width=\"640\" height=\"480\" \/><\/p>\n<p>Au\u00dfer Alligatoren haben wir noch Rehe, jede Menge verschiedene V\u00f6gel und Schmetterlinge sowie ein G\u00fcrteltier gesehen.<br \/>\nW\u00e4hrend der gesamten Fahrt haben wir kein anderes Fahrzeug vor oder hinter uns gehabt. Entgegen kam uns auch nichts. Anscheinend waren wir heute die einzigen Verr\u00fcckten.<br \/>\nIm Nachhinein betrachtet lohnt sich die Fahrt. Aber das Auto tat mir echt leid. Man sollte auf jeden Fall bedenken, dass solche Fahrten strikt im Mietvertrag verboten werden. Bei einer Panne m\u00f6chte ich das der Mietwagenfirma nicht erkl\u00e4ren m\u00fcssen. \ud83d\ude00<\/p>\n<p>F\u00fcr die R\u00fcckfahrt nach Cape Coral wollten wir den direkten Weg nehmen. Unterwegs l\u00e4utete dann aber das Handy. Der Bobcat Dealer war dran. Die bestellten Decals k\u00f6nnen abgeholt werden.<br \/>\nIrgendwo auf der Strecke wurden wir vor Panthern gewarnt. Mal was Neues &#8230;\u00a0 \ud83d\ude00<br \/>\n<img decoding=\"async\" class=\"aligncenter\" src=\"https:\/\/www.all-for-all.de\/wp-content\/uploads\/2011\/04\/DSC00673_klein.jpg\" alt=\"Panther Crossing\" \/><\/p>\n<p>Die Sache mit den Decals hat bestens geklappt und es gab sogar ein Bobcat Basecap als Zugabe.<\/p>\n<p>Gerade als wir in die Garage fuhren ging der heutige Wolkenbruch los. Aber wenigstens war der Rasensprenger repariert. \ud83d\ude09<\/p>\n<p>Nach dem langen Tag gab es wieder leckere selbstgebaute Burger<br \/>\n<img loading=\"lazy\" decoding=\"async\" class=\"aligncenter\" title=\"Leckere Burger\" src=\"https:\/\/www.all-for-all.de\/wp-content\/uploads\/2011\/04\/DSC00678_klein.jpg\" alt=\"\" width=\"640\" height=\"480\" \/><\/p>\n<p>Der gesamte Trip diesmal auf Google Earth:<br \/>\n<img loading=\"lazy\" decoding=\"async\" class=\"aligncenter\" title=\"Loop Road Trip\" src=\"https:\/\/www.all-for-all.de\/wp-content\/uploads\/2011\/04\/Loop-Road-Trip.jpg\" alt=\"\" width=\"875\" height=\"690\" \/><\/p>\n<p>Und als Zoom mit Google Maps auf die Loop Road:<br \/>\n<img loading=\"lazy\" decoding=\"async\" class=\"aligncenter\" title=\"Loop Road Zoom\" src=\"https:\/\/www.all-for-all.de\/wp-content\/uploads\/2011\/04\/Loop-Road-Trip-Zoom.jpg\" alt=\"\" width=\"996\" height=\"433\" \/> Insgesamt waren es laut GPS-Logger an diesem Tag 438,75km<\/p>\n<p>Viele Gr\u00fc\u00dfe<br \/>\nJoa<\/p>\n<p>Zur\u00fcck zu: <a title=\"12.08.2010, nochmal Nichts :-D\" href=\"https:\/\/www.all-for-all.de\/?page_id=1359\">12.08.2010, nochmal Nichts \ud83d\ude00<\/a><br \/>\nWeiter zu: <a title=\"14.08.2010, Sanibel Thriller\" href=\"https:\/\/www.all-for-all.de\/?page_id=1366\">14.08.2010, Sanibel Thriller<\/a><\/p>\n","protected":false},"excerpt":{"rendered":"<p>Bestes Wetter heute! Keine Wolke am Himmel. Dieses Mal werden wir die sagenumwobene Loop Road in Angriff nehmen. In vielen USA-Internetforen kann man etwas \u00fcber die Strecke lesen. Sie liegt relativ gut versteckt am Highway 41 (Tamiami Trail) Zwischen Naples &hellip; <a href=\"https:\/\/www.all-for-all.de\/?page_id=1363\">Weiterlesen <span class=\"meta-nav\">&rarr;<\/span><\/a><\/p>\n","protected":false},"author":2,"featured_media":0,"parent":0,"menu_order":0,"comment_status":"closed","ping_status":"closed","template":"","meta":{"footnotes":""},"class_list":["post-1363","page","type-page","status-publish","hentry"],"jetpack_sharing_enabled":true,"_links":{"self":[{"href":"https:\/\/www.all-for-all.de\/index.php?rest_route=\/wp\/v2\/pages\/1363","targetHints":{"allow":["GET"]}}],"collection":[{"href":"https:\/\/www.all-for-all.de\/index.php?rest_route=\/wp\/v2\/pages"}],"about":[{"href":"https:\/\/www.all-for-all.de\/index.php?rest_route=\/wp\/v2\/types\/page"}],"author":[{"embeddable":true,"href":"https:\/\/www.all-for-all.de\/index.php?rest_route=\/wp\/v2\/users\/2"}],"replies":[{"embeddable":true,"href":"https:\/\/www.all-for-all.de\/index.php?rest_route=%2Fwp%2Fv2%2Fcomments&post=1363"}],"version-history":[{"count":2,"href":"https:\/\/www.all-for-all.de\/index.php?rest_route=\/wp\/v2\/pages\/1363\/revisions"}],"predecessor-version":[{"id":5018,"href":"https:\/\/www.all-for-all.de\/index.php?rest_route=\/wp\/v2\/pages\/1363\/revisions\/5018"}],"wp:attachment":[{"href":"https:\/\/www.all-for-all.de\/index.php?rest_route=%2Fwp%2Fv2%2Fmedia&parent=1363"}],"curies":[{"name":"wp","href":"https:\/\/api.w.org\/{rel}","templated":true}]}}