{"id":1359,"date":"2010-08-12T23:59:40","date_gmt":"2010-08-12T23:59:40","guid":{"rendered":"http:\/\/www.all-for-all.de\/?page_id=1359"},"modified":"2013-04-14T09:01:48","modified_gmt":"2013-04-14T09:01:48","slug":"12-08-2010-nochmal-nichts-d","status":"publish","type":"page","link":"https:\/\/www.all-for-all.de\/?page_id=1359","title":{"rendered":"12.08.2010, nochmal Nichts :-D"},"content":{"rendered":"<p>Am Morgen war es zwar angenehm warm aber bew\u00f6lkt. Es sah schon wieder nach Regen aus.<br \/> Also heute keinen Stress &#8230; entspannen, entspannen, entspannen.<\/p>\n<p>Der Weather Channel hat uns dann auch verraten was an dem komischen Wetter schuld ist.<br \/> Ein tropisches Tief hatte sich irgendwo im Golf festgesetzt. Die Wetterfr\u00f6sche waren sich noch nicht schl\u00fcssig ob sich das zu etwas Gr\u00f6\u00dferem entwickelt. Und weil sich das Ding seit gestern nicht wirklich bewegt hat, ist das Wetter in SW Florida eher ungew\u00f6hnlich. Aber angeblich soll es morgen damit vorbei sein.<\/p>\n<p>Der Tag verlief bis zum fr\u00fchen Abend unspektakul\u00e4r &#8230; dann zog vom Westen her eine m\u00e4chtige schwarze Gewitterwand auf. Es dauerte nicht lange bis uns das Teil erreicht hatte. Schlagartig wurde es dunkel. Starkregen (sehr untertrieben) und heftige Donnerschl\u00e4ge. Mit dem Unwetter nahm auch die Schw\u00fcle exponential zu. Noch ein m\u00e4chtiges Blitzen und einen Donnerschlag sp\u00e4ter war es dann wirklich dunkel &#8230; Stromausfall. Alles aus. Poolpumpe, Klimaanlage, K\u00fchlschrank, einfach alles.<\/p>\n<p>Da es Zeit f\u00fcr das Abendessen war, sind wir ins Haus und haben uns auf kalte K\u00fcche eingestellt. Salat, Schinken Sandwiches, etc&#8230;<\/p>\n<p>Es dauerte beinahe 2 Stunden bis der Strom wieder da war. In dieser relativ kurzen Zeit wurde es sogar im Haus fast unertr\u00e4glich. Wenn die Klimaanlage nicht arbeitet geht es recht schnell. &#8222;Gut isoliert&#8220; darf man das echt nicht nennen. \ud83d\ude00<br \/> Die Klimaanlage und der Rest liefen dann wieder und es sah zun\u00e4chst alles gut aus. Am sp\u00e4ten Abend habe ich dann aber bemerkt, dass der Rasensprenger vor dem Haus l\u00e4uft. Den vielen Seen vor dem Haus nach zu urteilen lief das Ding schon recht lange. Der Stromausfall hat da wohl etwas durcheinander gebracht.<br \/> Die Hausverwaltung wollte ich um diese Uhrzeit aber nicht mehr anrufen (ca. 22:30 Uhr).<\/p>\n<p>Falls das Ding morgen immer noch l\u00e4uft, wird das meine erste Tat nach dem Aufstehen sein.<br \/> \ud83d\ude09<\/p>\n<p>Viele Gr\u00fc\u00dfe<br \/> Joa<\/p>\n<p>Zur\u00fcck zu: <a title=\"11.08.2010, Loop Road (geplant, aber dann doch nicht)\" href=\"https:\/\/www.all-for-all.de\/?page_id=1354\">11.08.2010, Loop Road (geplant, aber dann doch nicht)<\/a><br \/>Weiter zu: <a title=\"13.08.2010, Loop Road!\" href=\"https:\/\/www.all-for-all.de\/?page_id=1363\">13.08.2010, Loop Road!<\/a><\/p>\n","protected":false},"excerpt":{"rendered":"<p>Am Morgen war es zwar angenehm warm aber bew\u00f6lkt. Es sah schon wieder nach Regen aus. Also heute keinen Stress &#8230; entspannen, entspannen, entspannen. Der Weather Channel hat uns dann auch verraten was an dem komischen Wetter schuld ist. Ein &hellip; <a href=\"https:\/\/www.all-for-all.de\/?page_id=1359\">Weiterlesen <span class=\"meta-nav\">&rarr;<\/span><\/a><\/p>\n","protected":false},"author":2,"featured_media":0,"parent":0,"menu_order":0,"comment_status":"closed","ping_status":"closed","template":"","meta":{"footnotes":""},"class_list":["post-1359","page","type-page","status-publish","hentry"],"jetpack_sharing_enabled":true,"_links":{"self":[{"href":"https:\/\/www.all-for-all.de\/index.php?rest_route=\/wp\/v2\/pages\/1359","targetHints":{"allow":["GET"]}}],"collection":[{"href":"https:\/\/www.all-for-all.de\/index.php?rest_route=\/wp\/v2\/pages"}],"about":[{"href":"https:\/\/www.all-for-all.de\/index.php?rest_route=\/wp\/v2\/types\/page"}],"author":[{"embeddable":true,"href":"https:\/\/www.all-for-all.de\/index.php?rest_route=\/wp\/v2\/users\/2"}],"replies":[{"embeddable":true,"href":"https:\/\/www.all-for-all.de\/index.php?rest_route=%2Fwp%2Fv2%2Fcomments&post=1359"}],"version-history":[{"count":0,"href":"https:\/\/www.all-for-all.de\/index.php?rest_route=\/wp\/v2\/pages\/1359\/revisions"}],"wp:attachment":[{"href":"https:\/\/www.all-for-all.de\/index.php?rest_route=%2Fwp%2Fv2%2Fmedia&parent=1359"}],"curies":[{"name":"wp","href":"https:\/\/api.w.org\/{rel}","templated":true}]}}