{"id":1354,"date":"2010-08-11T23:59:59","date_gmt":"2010-08-11T23:59:59","guid":{"rendered":"http:\/\/www.all-for-all.de\/?page_id=1354"},"modified":"2013-04-14T09:09:27","modified_gmt":"2013-04-14T09:09:27","slug":"11-08-2010-loop-road-geplant-aber-dann-doch-nicht","status":"publish","type":"page","link":"https:\/\/www.all-for-all.de\/?page_id=1354","title":{"rendered":"11.08.2010, Loop Road (geplant, aber dann doch nicht)"},"content":{"rendered":"<p>Aufgestanden, die Schiebet\u00fcr zum Pool ge\u00f6ffnet &#8230; immer noch nicht die gewohnten Temperaturen.<br \/>Nicht wirklich k\u00fchl oder gar kalt. Aber nicht das was ich erwarte. Ausserdem sieht es nach Regen aus.<br \/>W\u00e4hrend wir das Fr\u00fchst\u00fcck vorbereitet haben begann es tats\u00e4chlich zu regnen.<\/p>\n<p>Das Vorhaben &#8222;Loop Road&#8220; war somit gestrichen. Diese Strecke ist um diese Jahreszeit (Regenzeit) wegen den riesigen Wasserpf\u00fctzen schwierig zu befahren. Wenn es w\u00e4hrend der Fahrt dann wirklich noch regnet (wom\u00f6glich heftig), kann das sehr schnell ganz \u00fcbel enden.\u00a0 Schlauerweise hatten wir f\u00fcr heute keinen Ersatzplan &#8230;<br \/>*wilde Fl\u00fcche*<\/p>\n<p>Nachdem das Fr\u00fchst\u00fcck aufger\u00e4umt war, beschlossen wir uns mit neuen Leckereien aus dem Publix und dem WalMart zu versorgen.<\/p>\n<p>Das Einkaufen zog sich. Ich k\u00f6nnte in diesen riesigen Superm\u00e4rkten ewig durch die Regale schlendern. Es gibt immer wieder etwas Neues zu entdecken. Dementsprechend viele gef\u00fcllte Einkaufst\u00fcten fanden dann auch den Weg in unser Auto. \ud83d\ude42<\/p>\n<p>Am fr\u00fchen Nachmittag verzogen sich die Wolken und es wurde schlagartig schw\u00fcl\/heiss.<br \/>Um noch gro\u00dfe Pl\u00e4ne zu verwirklichen war es f\u00fcr heute zu sp\u00e4t.<br \/>Ab nach Hause und pr\u00fcfen ob der Pool noch funktioniert. \ud83d\ude09<\/p>\n<p>Den Rest des Tages haben wir wieder am oder im Pool verbracht. Endlich kam ich dazu unser bisheriges Fotomaterial genauer zu sichten. Dabei fanden einige unscharfe oder verwackelte Bilder den Weg ins Datennirvana.<\/p>\n<p>Es fand sich obendrein noch Zeit an unserm Auto den Luftdruck der Reifen und den \u00d6lstand zu pr\u00fcfen. Das Thema &#8222;Loop Road&#8220; ist ja noch nicht ganz vom Tisch. \ud83d\ude09<\/p>\n<p>Der Tag verging wie im Flug &#8230;<br \/>(Total d\u00e4mliche Redensart! Irgendwie vergeht die Zeit beim Fliegen \u00fcberhaupt nicht)<\/p>\n<p>Viele Gr\u00fc\u00dfe<br \/>Joa<\/p>\n<p>Zur\u00fcck zu: <a title=\"10.08.2010, ab in die Outlets\" href=\"https:\/\/www.all-for-all.de\/?page_id=1349\">10.08.2010, ab in die Outlets<\/a><br \/>Weiter zu: <a title=\"12.08.2010, nochmal Nichts :-D\" href=\"https:\/\/www.all-for-all.de\/?page_id=1359\">12.08.2010, nochmal Nichts \ud83d\ude00<\/a><\/p>\n","protected":false},"excerpt":{"rendered":"<p>Aufgestanden, die Schiebet\u00fcr zum Pool ge\u00f6ffnet &#8230; immer noch nicht die gewohnten Temperaturen.Nicht wirklich k\u00fchl oder gar kalt. Aber nicht das was ich erwarte. Ausserdem sieht es nach Regen aus.W\u00e4hrend wir das Fr\u00fchst\u00fcck vorbereitet haben begann es tats\u00e4chlich zu regnen. &hellip; <a href=\"https:\/\/www.all-for-all.de\/?page_id=1354\">Weiterlesen <span class=\"meta-nav\">&rarr;<\/span><\/a><\/p>\n","protected":false},"author":2,"featured_media":0,"parent":0,"menu_order":0,"comment_status":"closed","ping_status":"closed","template":"","meta":{"footnotes":""},"class_list":["post-1354","page","type-page","status-publish","hentry"],"jetpack_sharing_enabled":true,"_links":{"self":[{"href":"https:\/\/www.all-for-all.de\/index.php?rest_route=\/wp\/v2\/pages\/1354","targetHints":{"allow":["GET"]}}],"collection":[{"href":"https:\/\/www.all-for-all.de\/index.php?rest_route=\/wp\/v2\/pages"}],"about":[{"href":"https:\/\/www.all-for-all.de\/index.php?rest_route=\/wp\/v2\/types\/page"}],"author":[{"embeddable":true,"href":"https:\/\/www.all-for-all.de\/index.php?rest_route=\/wp\/v2\/users\/2"}],"replies":[{"embeddable":true,"href":"https:\/\/www.all-for-all.de\/index.php?rest_route=%2Fwp%2Fv2%2Fcomments&post=1354"}],"version-history":[{"count":0,"href":"https:\/\/www.all-for-all.de\/index.php?rest_route=\/wp\/v2\/pages\/1354\/revisions"}],"wp:attachment":[{"href":"https:\/\/www.all-for-all.de\/index.php?rest_route=%2Fwp%2Fv2%2Fmedia&parent=1354"}],"curies":[{"name":"wp","href":"https:\/\/api.w.org\/{rel}","templated":true}]}}