{"id":1346,"date":"2010-08-09T23:59:27","date_gmt":"2010-08-09T23:59:27","guid":{"rendered":"http:\/\/www.all-for-all.de\/?page_id=1346"},"modified":"2021-09-16T12:12:28","modified_gmt":"2021-09-16T11:12:28","slug":"09-08-2010-nichts-d","status":"publish","type":"page","link":"https:\/\/www.all-for-all.de\/?page_id=1346","title":{"rendered":"09.08.2010, Nichts :-D"},"content":{"rendered":"<div>\n<div>Heute gibt es keine lange Story, keine Reiseroute, und keine Bilder &#8230;<\/div>\n<div>Wir haben den Tag komplett zur Erholung genutzt.<\/div>\n<\/div>\n<div>Begonnen mit einem ausgiebigen Fr\u00fchst\u00fcck, eisgek\u00fchlten Getr\u00e4nken und leckeren Snacks \u00fcber den ganzen Tag verteilt haben wir die Zeit am und im Pool verbracht.<\/div>\n<div>Am Sp\u00e4tnachmittag brach dann wieder ein m\u00e4chtiger Wolkenbruch \u00fcber uns herein.<br \/>\nUnter dem Screen des Pools kommt das dann richtig lustig r\u00fcber. Dieser zerst\u00e4ubt den Regen und man steht in einem gro\u00dfen Wassernebler. \ud83d\ude00<\/div>\n<div>Achja: Irgendwann im Lauf des Tages kam noch die Hausverwaltung zur Haus\u00fcbergabe vorbei. Die ganze Prozedur hat keine 15 Minuten gedauert.<\/div>\n<div>Abends gabs wieder leckere selbstgebaute Burger.<\/div>\n<div><img decoding=\"async\" class=\"aligncenter\" src=\"https:\/\/www.all-for-all.de\/wp-content\/uploads\/2011\/04\/DSC00613_klein.jpg\" alt=\"Noch ein Burger...\" \/><\/div>\n<div>Viele Gr\u00fc\u00dfe<br \/>\nJoa<\/div>\n<div><\/div>\n<div>Zur\u00fcck zu: <a title=\"08.08.2010, \u00dcbernahme der Villa\" href=\"https:\/\/www.all-for-all.de\/?page_id=1340\">08.08.2010, \u00dcbernahme der Villa<\/a><br \/>\nWeiter zu: <a title=\"10.08.2010, ab in die Outlets\" href=\"https:\/\/www.all-for-all.de\/?page_id=1349\">10.08.2010, ab in die Outlets<\/a><\/div>\n","protected":false},"excerpt":{"rendered":"<p>Heute gibt es keine lange Story, keine Reiseroute, und keine Bilder &#8230; Wir haben den Tag komplett zur Erholung genutzt. Begonnen mit einem ausgiebigen Fr\u00fchst\u00fcck, eisgek\u00fchlten Getr\u00e4nken und leckeren Snacks \u00fcber den ganzen Tag verteilt haben wir die Zeit am &hellip; <a href=\"https:\/\/www.all-for-all.de\/?page_id=1346\">Weiterlesen <span class=\"meta-nav\">&rarr;<\/span><\/a><\/p>\n","protected":false},"author":2,"featured_media":0,"parent":0,"menu_order":0,"comment_status":"closed","ping_status":"closed","template":"","meta":{"footnotes":""},"class_list":["post-1346","page","type-page","status-publish","hentry"],"jetpack_sharing_enabled":true,"_links":{"self":[{"href":"https:\/\/www.all-for-all.de\/index.php?rest_route=\/wp\/v2\/pages\/1346","targetHints":{"allow":["GET"]}}],"collection":[{"href":"https:\/\/www.all-for-all.de\/index.php?rest_route=\/wp\/v2\/pages"}],"about":[{"href":"https:\/\/www.all-for-all.de\/index.php?rest_route=\/wp\/v2\/types\/page"}],"author":[{"embeddable":true,"href":"https:\/\/www.all-for-all.de\/index.php?rest_route=\/wp\/v2\/users\/2"}],"replies":[{"embeddable":true,"href":"https:\/\/www.all-for-all.de\/index.php?rest_route=%2Fwp%2Fv2%2Fcomments&post=1346"}],"version-history":[{"count":1,"href":"https:\/\/www.all-for-all.de\/index.php?rest_route=\/wp\/v2\/pages\/1346\/revisions"}],"predecessor-version":[{"id":5016,"href":"https:\/\/www.all-for-all.de\/index.php?rest_route=\/wp\/v2\/pages\/1346\/revisions\/5016"}],"wp:attachment":[{"href":"https:\/\/www.all-for-all.de\/index.php?rest_route=%2Fwp%2Fv2%2Fmedia&parent=1346"}],"curies":[{"name":"wp","href":"https:\/\/api.w.org\/{rel}","templated":true}]}}